{"id":182,"date":"2018-04-09T12:02:36","date_gmt":"2018-04-09T12:02:36","guid":{"rendered":"http:\/\/grupomagma.com.ar\/ensayos\/?page_id=182"},"modified":"2026-03-26T18:45:00","modified_gmt":"2026-03-26T18:45:00","slug":"fecha-ensayos-de-aptitud","status":"publish","type":"page","link":"https:\/\/fundacionquimica.org.ar\/ea\/fecha-ensayos-de-aptitud\/","title":{"rendered":"FECHA ENSAYOS DE APTITUD"},"content":{"rendered":"<p>[et_pb_section fb_built=\u00bb1&#8243; admin_label=\u00bbCourse Hero\u00bb module_id=\u00bbuno\u00bb _builder_version=\u00bb4.16&#8243; use_background_color_gradient=\u00bbon\u00bb background_color_gradient_stops=\u00bb#474ab6 0%|#9271f6 100%\u00bb background_color_gradient_start=\u00bb#474ab6&#8243; background_color_gradient_end=\u00bb#9271f6&#8243; background_image=\u00bbhttps:\/\/fundacionquimica.org.ar\/ea\/wp-content\/uploads\/2018\/04\/coding-background-texture.jpg\u00bb background_blend=\u00bboverlay\u00bb custom_padding=\u00bb28px|0px|0|0px\u00bb animation_style=\u00bbslide\u00bb animation_direction=\u00bbtop\u00bb animation_intensity_slide=\u00bb2%\u00bb custom_css_main_element=\u00bbheight: 300px;\u00bb saved_tabs=\u00bball\u00bb locked=\u00bboff\u00bb global_colors_info=\u00bb{}\u00bb][et_pb_row _builder_version=\u00bb4.16&#8243; background_size=\u00bbinitial\u00bb background_position=\u00bbtop_left\u00bb background_repeat=\u00bbrepeat\u00bb module_alignment=\u00bbcenter\u00bb custom_margin=\u00bb|||\u00bb custom_padding=\u00bb0px|0px|6px|0px\u00bb custom_width_px=\u00bb1280px\u00bb global_colors_info=\u00bb{}\u00bb][et_pb_column type=\u00bb4_4&#8243; _builder_version=\u00bb4.16&#8243; custom_padding=\u00bb|||\u00bb global_colors_info=\u00bb{}\u00bb custom_padding__hover=\u00bb|||\u00bb][et_pb_text _builder_version=\u00bb4.16&#8243; text_font=\u00bb||||||||\u00bb text_line_height=\u00bb2em\u00bb header_font=\u00bb|700|||||||\u00bb header_font_size=\u00bb36px\u00bb background_size=\u00bbinitial\u00bb background_position=\u00bbtop_left\u00bb background_repeat=\u00bbrepeat\u00bb background_layout=\u00bbdark\u00bb custom_padding=\u00bb|||\u00bb header_font_size_tablet=\u00bb\u00bb header_font_size_phone=\u00bb\u00bb header_font_size_last_edited=\u00bbon|desktop\u00bb locked=\u00bboff\u00bb global_colors_info=\u00bb{}\u00bb]<\/p>\n<h1 style=\"text-align: center;\"><span style=\"font-size: xx-large;\"><strong>ENSAYOS DE APTITUD<\/strong><\/span><\/h1>\n<p>[\/et_pb_text][et_pb_text _builder_version=\u00bb4.16&#8243; text_font=\u00bb||||||||\u00bb text_text_color=\u00bb#d4ccff\u00bb text_font_size=\u00bb16px\u00bb text_line_height=\u00bb1.9em\u00bb header_font=\u00bb||||||||\u00bb header_line_height=\u00bb0.9em\u00bb custom_margin=\u00bb-30px||10px|||\u00bb custom_padding=\u00bb|||\u00bb locked=\u00bboff\u00bb global_colors_info=\u00bb{}\u00bb]<\/p>\n<p style=\"text-align: center;\"><span><b>La Fundaci\u00f3n Qu\u00edmica Argentina<\/b>\u00a0promueve la excelencia mediante los Ensayos de Aptitud implementados\u00a0<br \/>por su Comit\u00e9 de Ensayos de Aptitud.<\/span><\/p>\n<p>[\/et_pb_text][\/et_pb_column][\/et_pb_row][\/et_pb_section][et_pb_section fb_built=\u00bb1&#8243; _builder_version=\u00bb4.16&#8243; custom_padding=\u00bb22px|0px|0|0px\u00bb global_colors_info=\u00bb{}\u00bb][et_pb_row make_equal=\u00bbon\u00bb _builder_version=\u00bb4.25.0&#8243; background_size=\u00bbinitial\u00bb background_position=\u00bbtop_left\u00bb background_repeat=\u00bbrepeat\u00bb width_tablet=\u00bb\u00bb width_phone=\u00bb90%\u00bb width_last_edited=\u00bbon|phone\u00bb custom_margin=\u00bb-80px|||\u00bb custom_padding=\u00bb1px|0px|15px|0px\u00bb saved_tabs=\u00bball\u00bb global_colors_info=\u00bb{}\u00bb][et_pb_column type=\u00bb4_4&#8243; _builder_version=\u00bb4.16&#8243; custom_padding=\u00bb|||\u00bb global_colors_info=\u00bb{}\u00bb custom_padding__hover=\u00bb|||\u00bb][et_pb_blurb icon_placement=\u00bbleft\u00bb content_max_width=\u00bb1100px\u00bb content_max_width_tablet=\u00bb1100px\u00bb content_max_width_phone=\u00bb1100px\u00bb content_max_width_last_edited=\u00bbon|phone\u00bb _builder_version=\u00bb4.27.4&#8243; header_font=\u00bbPoppins|600|||||||\u00bb header_text_color=\u00bb#009D53&#8243; header_line_height=\u00bb1.5em\u00bb body_font=\u00bb||||||||\u00bb body_text_color=\u00bb#8585bd\u00bb body_font_size=\u00bb13px\u00bb body_line_height=\u00bb1.8em\u00bb background_color=\u00bb#ffffff\u00bb module_alignment=\u00bbcenter\u00bb custom_margin=\u00bb-80px|||\u00bb custom_margin_tablet=\u00bb0px|||\u00bb custom_margin_phone=\u00bb|||\u00bb custom_margin_last_edited=\u00bbon|phone\u00bb custom_padding=\u00bb30px|10px||10px\u00bb animation_style=\u00bbzoom\u00bb animation_direction=\u00bbbottom\u00bb animation_delay=\u00bb100ms\u00bb animation_intensity_zoom=\u00bb20%\u00bb animation_starting_opacity=\u00bb100%\u00bb body_font_size_tablet=\u00bb\u00bb body_font_size_phone=\u00bb13px\u00bb body_font_size_last_edited=\u00bbon|desktop\u00bb locked=\u00bboff\u00bb global_colors_info=\u00bb{}\u00bb]<\/p>\n<p><span style=\"font-size: large;\"><span>El Comit\u00e9 de Ensayos de Aptitud (CEA) de la Fundaci\u00f3n Qu\u00edmica Argentina (FQA) les comunica que se encuentra abierta la inscripci\u00f3n para participar en el Ensayo de Aptitud:\u00a0\u00a0<\/span><\/span><\/p>\n<p>&nbsp;<\/p>\n<p style=\"font-weight: 400; text-align: center;\"><span style=\"font-size: large;\"> <span>\u00a0<\/span><strong><span>\u00abAP-01\/1,\u00a0abril 2026,\u00a0Caracterizaci\u00f3n de aguas para el consumo humano,\u00a065to.\u00bb\u00a0<b>(ID: EA17165)<\/b>,<\/span><\/strong><\/span><\/p>\n<p><b> <\/b><\/p>\n<p><b><\/b><\/p>\n<p style=\"font-weight: 400;\"><span style=\"font-size: large;\">Su participaci\u00f3n consiste en la determinaci\u00f3n\u00a0de alguna\u00a0o la totalidad de las siguientes caracter\u00edsticas:\u00a0<strong>pH, Conductividad, Alcalinidad total, Dureza total, Calcio, Cloruro, Fluoruro, Sulfato, Nitrato y S\u00f3lidos Disueltos Totales<\/strong>, en dos muestras de agua con diferentes niveles de concentraci\u00f3n.<\/span><\/p>\n<p style=\"font-weight: 400;\"><span style=\"font-size: large;\">La invitaci\u00f3n a participar est\u00e1 abierta para los Laboratorios Certificados por el\u00a0Consejo de Fiscalizaci\u00f3n de Laboratorios\u00a0(COFILAB) y para Laboratorios externos (no miembros del COFILAB), que est\u00e9n en capacidad y disposici\u00f3n de cumplir con los lineamientos explicitados en el \u201cProtocolo T\u00e9cnico\u201d del EA.<\/span><\/p>\n<p>[\/et_pb_blurb][\/et_pb_column][\/et_pb_row][et_pb_row _builder_version=\u00bb4.25.0&#8243; _module_preset=\u00bbdefault\u00bb width_tablet=\u00bb\u00bb width_phone=\u00bb90%\u00bb width_last_edited=\u00bbon|phone\u00bb custom_padding=\u00bb0px|||||\u00bb global_colors_info=\u00bb{}\u00bb][et_pb_column type=\u00bb4_4&#8243; _builder_version=\u00bb4.25.0&#8243; _module_preset=\u00bbdefault\u00bb global_colors_info=\u00bb{}\u00bb][et_pb_text _builder_version=\u00bb4.25.0&#8243; _module_preset=\u00bbdefault\u00bb background_color=\u00bb#cae4ff\u00bb custom_margin=\u00bb||||false|false\u00bb custom_padding=\u00bb10px|10px|10px|10px|false|false\u00bb global_colors_info=\u00bb{}\u00bb]<\/p>\n<p><span><span style=\"color: #0c71c3; font-size: medium;\"><span face=\"Verdana\" style=\"font-family: Verdana;\"><strong>Los aranceles para la participaci\u00f3n son los siguientes:<\/strong><\/span><\/span><\/span><strong style=\"font-size: 13px;\"><\/strong><\/p>\n<p>[\/et_pb_text][et_pb_text _builder_version=\u00bb4.27.5&#8243; _module_preset=\u00bbdefault\u00bb min_height=\u00bb153px\u00bb custom_padding=\u00bb||7px|||\u00bb hover_enabled=\u00bb0&#8243; global_colors_info=\u00bb{}\u00bb sticky_enabled=\u00bb0&#8243;]<\/p>\n<ul style=\"font-weight: 400;\">\n<li><span style=\"font-size: large;\">Laboratorios Miembros del COFILAB: Sin cargo (solo se facturar\u00e1 el costo de env\u00edo de la encomienda por Correo Argentino; o se acordar\u00e1 retirar las muestras personalmente de ser posible).<\/span><\/li>\n<li><span style=\"font-size: large;\">Laboratorios externos (territorio nacional): $\u00a0390.000.\u00a0<\/span><\/li>\n<li><span style=\"font-size: large;\">Laboratorios pertenecientes a organismos oficiales (territorio nacional): $\u00a0312.000.<\/span><\/li>\n<li><span style=\"font-size: large;\">Laboratorios externos (otros pa\u00edses):\u00a0U$S\u00a0350\u00a0+ CEM.\u00a0\u00a0<\/span><\/li>\n<\/ul>\n<p><b style=\"font-size: 16px;\"><span style=\"color: #006699;\">Nota: <\/span><\/b><span style=\"color: #8585bd;\"><span style=\"font-size: 16px;\">CEM = <\/span><span style=\"font-size: large;\">Costo de env\u00edo de muestras (dependiente del pa\u00eds de destino; consultar).<\/span><\/span><\/p>\n<p style=\"font-weight: 400;\"><span style=\"font-size: large; color: #8585bd;\"><span>Se adjuntan al presente: El \u00abProtocolo T\u00e9cnico\u00bb del EA, el documento MCEA72005 \u00abGu\u00eda para el desarrollo y funcionamiento de los Ensayos de Aptitud\u00bb y la Ficha de Inscripci\u00f3n respectiva (para completar y reenviar, hasta el\u00a0<b>10 de abril de 2026).<\/b><\/span><\/span><\/p>\n<p><span style=\"font-size: large;\"><a href=\"https:\/\/fundacionquimica.org.ar\/ea\/wp-content\/uploads\/2026\/03\/Ficha-de-inscripcion-EA-AP-01_1_abril-2026.doc\" rel=\"attachment noopener wp-att-1298\" target=\"_blank\">Ficha de inscripci\u00f3n EA AP-01_1_abril 2026 <span style=\"color: #0c71c3;\">(DOC)<\/span><\/a><br \/><a href=\"https:\/\/fundacionquimica.org.ar\/ea\/wp-content\/uploads\/2026\/03\/MCEA72005_Guia-para-el-desarrollo-y-funcionamiento-de-los-ensayos-de-aptitud_rev.8.pdf\" rel=\"attachment noopener wp-att-1299\" target=\"_blank\">MCEA72005_Gu\u00eda para el desarrollo y funcionamiento de los ensayos de aptitud_rev.8 <span style=\"color: #e02b20;\">(PDF)<\/span><\/a><br \/><a href=\"https:\/\/fundacionquimica.org.ar\/ea\/wp-content\/uploads\/2026\/03\/Protocolo-Tecnico-EA-AP-01_1_abril-2026.pdf\" rel=\"attachment noopener wp-att-1300\" target=\"_blank\">Protocolo T\u00e9cnico EA AP-01_1_abril 2026 <span style=\"color: #e02b20;\">(PDF)<\/span><\/a><\/span><\/p>\n<p>[\/et_pb_text][et_pb_text _builder_version=\u00bb4.25.0&#8243; _module_preset=\u00bbdefault\u00bb background_color=\u00bb#cae4ff\u00bb custom_padding=\u00bb10px|10px|10px|10px|false|false\u00bb global_colors_info=\u00bb{}\u00bb]<\/p>\n<p><span><span style=\"color: #0c71c3; font-size: medium;\"><span face=\"Verdana\" style=\"font-family: Verdana;\"><b>La Fundaci\u00f3n Qu\u00edmica Argentina les comunica que, con su inscripci\u00f3n a cada ronda de ensayos de aptitud, los participantes tienen derecho a solicitar una bonificaci\u00f3n para acceder a los cursos de capacitaci\u00f3n dictados por la FQA y auspiciados por el CPQ. La descripci\u00f3n de cada curso se encuentra en el sitio<\/b><b>:<\/b><b>\u00a0<u><a href=\"https:\/\/fundacionquimica.org.ar\/cursos\/\" target=\"_blank\" data-saferedirecturl=\"https:\/\/www.google.com\/url?q=https:\/\/fundacionquimica.org.ar\/cursos\/&amp;source=gmail&amp;ust=1740056471269000&amp;usg=AOvVaw14TXBqZAB9Z90v2Lyvmoxt\" rel=\"noopener\">https:\/\/fundacionquimica.org.<wbr \/>ar\/cursos\/<\/a><\/u><\/b><\/span><\/span><\/span><\/p>\n<p>[\/et_pb_text][et_pb_text _builder_version=\u00bb4.25.0&#8243; _module_preset=\u00bbdefault\u00bb global_colors_info=\u00bb{}\u00bb]<\/p>\n<p><span style=\"font-size: large; color: #8585bd;\">Cordialmente,<strong><br \/>Dra. Mercedes Valerga<br \/><\/strong>Coordinadora de Ensayos de Aptitud<\/span><br \/><span style=\"font-size: large; color: #8585bd;\">Fundaci\u00f3n Qu\u00edmica Argentina\u00a0<\/span><br \/><span style=\"font-size: large;\"><span style=\"color: #8585bd;\">(54-11)\u00a04483 5621\u00a0<\/span><strong><br \/><\/strong><a href=\"mailto:interlaboratorios@cofilab.org.ar\">interlaboratorios@cofilab.org.ar <\/a><\/span><br \/><span style=\"font-size: large;\"><a href=\"mailto:interlaboratoriosfqa@gmail.com\">interlaboratoriosfqa@gmail.com<\/a><\/span><\/p>\n<p>[\/et_pb_text][\/et_pb_column][\/et_pb_row][\/et_pb_section][et_pb_section fb_built=\u00bb1&#8243; _builder_version=\u00bb4.16&#8243; custom_padding=\u00bb0|0px|0|0px\u00bb global_colors_info=\u00bb{}\u00bb][\/et_pb_section]<\/p>\n","protected":false},"excerpt":{"rendered":"<p>ENSAYOS DE APTITUDLa Fundaci\u00f3n Qu\u00edmica Argentina\u00a0promueve la excelencia mediante los Ensayos de Aptitud implementados\u00a0por su Comit\u00e9 de Ensayos de Aptitud.El Comit\u00e9 de Ensayos de Aptitud (CEA) de la Fundaci\u00f3n Qu\u00edmica Argentina (FQA) les comunica que se encuentra abierta la inscripci\u00f3n para participar en el Ensayo de Aptitud:\u00a0\u00a0 &nbsp; \u00a0\u00abAP-01\/1,\u00a0abril 2026,\u00a0Caracterizaci\u00f3n de aguas para el consumo [&hellip;]<\/p>\n","protected":false},"author":1,"featured_media":0,"parent":0,"menu_order":0,"comment_status":"closed","ping_status":"closed","template":"","meta":{"_et_pb_use_builder":"on","_et_pb_old_content":"","_et_gb_content_width":"","footnotes":""},"class_list":["post-182","page","type-page","status-publish","hentry"],"_links":{"self":[{"href":"https:\/\/fundacionquimica.org.ar\/ea\/wp-json\/wp\/v2\/pages\/182","targetHints":{"allow":["GET"]}}],"collection":[{"href":"https:\/\/fundacionquimica.org.ar\/ea\/wp-json\/wp\/v2\/pages"}],"about":[{"href":"https:\/\/fundacionquimica.org.ar\/ea\/wp-json\/wp\/v2\/types\/page"}],"author":[{"embeddable":true,"href":"https:\/\/fundacionquimica.org.ar\/ea\/wp-json\/wp\/v2\/users\/1"}],"replies":[{"embeddable":true,"href":"https:\/\/fundacionquimica.org.ar\/ea\/wp-json\/wp\/v2\/comments?post=182"}],"version-history":[{"count":318,"href":"https:\/\/fundacionquimica.org.ar\/ea\/wp-json\/wp\/v2\/pages\/182\/revisions"}],"predecessor-version":[{"id":1301,"href":"https:\/\/fundacionquimica.org.ar\/ea\/wp-json\/wp\/v2\/pages\/182\/revisions\/1301"}],"wp:attachment":[{"href":"https:\/\/fundacionquimica.org.ar\/ea\/wp-json\/wp\/v2\/media?parent=182"}],"curies":[{"name":"wp","href":"https:\/\/api.w.org\/{rel}","templated":true}]}}