{"id":17,"date":"2018-04-07T14:06:15","date_gmt":"2018-04-07T14:06:15","guid":{"rendered":"http:\/\/grupomagma.com.ar\/ensayos\/?page_id=17"},"modified":"2024-01-09T20:44:56","modified_gmt":"2024-01-09T20:44:56","slug":"f-a-q","status":"publish","type":"page","link":"https:\/\/fundacionquimica.org.ar\/ea\/f-a-q\/","title":{"rendered":"F.A.Q"},"content":{"rendered":"<p>[et_pb_section fb_built=\u00bb1&#8243; admin_label=\u00bbCourse Hero\u00bb module_id=\u00bbuno\u00bb _builder_version=\u00bb4.16&#8243; use_background_color_gradient=\u00bbon\u00bb background_color_gradient_stops=\u00bb#474ab6 0%|#9271f6 100%\u00bb background_color_gradient_start=\u00bb#474ab6&#8243; background_color_gradient_end=\u00bb#9271f6&#8243; background_image=\u00bbhttps:\/\/fundacionquimica.org.ar\/ea\/wp-content\/uploads\/2018\/04\/coding-background-texture.jpg\u00bb background_blend=\u00bboverlay\u00bb custom_padding=\u00bb28px|0px|0|0px\u00bb animation_style=\u00bbslide\u00bb animation_direction=\u00bbtop\u00bb animation_intensity_slide=\u00bb2%\u00bb custom_css_main_element=\u00bbheight: 300px;\u00bb saved_tabs=\u00bball\u00bb locked=\u00bboff\u00bb global_colors_info=\u00bb{}\u00bb][et_pb_row _builder_version=\u00bb4.16&#8243; background_size=\u00bbinitial\u00bb background_position=\u00bbtop_left\u00bb background_repeat=\u00bbrepeat\u00bb module_alignment=\u00bbcenter\u00bb custom_margin=\u00bb|||\u00bb custom_padding=\u00bb0px|0px|6px|0px\u00bb custom_width_px=\u00bb1280px\u00bb global_colors_info=\u00bb{}\u00bb][et_pb_column type=\u00bb4_4&#8243; _builder_version=\u00bb4.16&#8243; custom_padding=\u00bb|||\u00bb global_colors_info=\u00bb{}\u00bb custom_padding__hover=\u00bb|||\u00bb][et_pb_text _builder_version=\u00bb4.16&#8243; text_font=\u00bb||||||||\u00bb text_line_height=\u00bb2em\u00bb header_font=\u00bb|700|||||||\u00bb header_font_size=\u00bb36px\u00bb background_size=\u00bbinitial\u00bb background_position=\u00bbtop_left\u00bb background_repeat=\u00bbrepeat\u00bb background_layout=\u00bbdark\u00bb custom_padding=\u00bb|||\u00bb header_font_size_tablet=\u00bb\u00bb header_font_size_phone=\u00bb\u00bb header_font_size_last_edited=\u00bbon|desktop\u00bb locked=\u00bboff\u00bb global_colors_info=\u00bb{}\u00bb]<\/p>\n<h1 style=\"text-align: center;\"><span style=\"font-size: xx-large;\"><strong>F.A.Q. Preguntas Frecuentes<\/strong><\/span><\/h1>\n<p>[\/et_pb_text][et_pb_text _builder_version=\u00bb4.16&#8243; text_font=\u00bb||||||||\u00bb text_text_color=\u00bb#d4ccff\u00bb text_font_size=\u00bb16px\u00bb text_line_height=\u00bb1.9em\u00bb header_font=\u00bb||||||||\u00bb header_line_height=\u00bb0.9em\u00bb custom_margin=\u00bb-30px|||\u00bb custom_padding=\u00bb|||\u00bb locked=\u00bboff\u00bb global_colors_info=\u00bb{}\u00bb]<\/p>\n<p style=\"text-align: center;\"><span><b>La Fundaci\u00f3n Qu\u00edmica Argentina<\/b>\u00a0promueve la excelencia mediante los Ensayos de Aptitud <br \/>implementados por su Comit\u00e9 de Ensayos de Aptitud.<\/span><\/p>\n<p>[\/et_pb_text][\/et_pb_column][\/et_pb_row][\/et_pb_section][et_pb_section fb_built=\u00bb1&#8243; _builder_version=\u00bb4.16&#8243; custom_padding=\u00bb22px|0px|0|0px\u00bb global_colors_info=\u00bb{}\u00bb][et_pb_row make_equal=\u00bbon\u00bb _builder_version=\u00bb4.16&#8243; background_size=\u00bbinitial\u00bb background_position=\u00bbtop_left\u00bb background_repeat=\u00bbrepeat\u00bb custom_margin=\u00bb-80px|||\u00bb custom_padding=\u00bb1px|0px|15px|0px\u00bb saved_tabs=\u00bball\u00bb global_colors_info=\u00bb{}\u00bb][et_pb_column type=\u00bb4_4&#8243; _builder_version=\u00bb4.16&#8243; custom_padding=\u00bb|||\u00bb global_colors_info=\u00bb{}\u00bb custom_padding__hover=\u00bb|||\u00bb][et_pb_blurb icon_placement=\u00bbleft\u00bb content_max_width=\u00bb1100px\u00bb _builder_version=\u00bb4.16&#8243; header_font=\u00bbPoppins|600|||||||\u00bb header_text_color=\u00bb#009D53&#8243; header_line_height=\u00bb1.5em\u00bb body_text_color=\u00bb#8585bd\u00bb body_line_height=\u00bb1.9em\u00bb background_color=\u00bb#ffffff\u00bb custom_margin=\u00bb-80px|||\u00bb custom_margin_tablet=\u00bb0px|||\u00bb custom_margin_phone=\u00bb\u00bb custom_margin_last_edited=\u00bbon|phone\u00bb custom_padding=\u00bb30px|40px|30px|40px\u00bb animation_style=\u00bbzoom\u00bb animation_direction=\u00bbbottom\u00bb animation_delay=\u00bb100ms\u00bb animation_intensity_zoom=\u00bb20%\u00bb animation_starting_opacity=\u00bb100%\u00bb box_shadow_style=\u00bbpreset2&#8243; box_shadow_color=\u00bbrgba(71,74,182,0.12)\u00bb locked=\u00bboff\u00bb global_colors_info=\u00bb{}\u00bb]<\/p>\n<p style=\"text-align: left;\"><span color=\"#006699\" style=\"color: #006699; font-size: medium;\"><b>P: \u00bfCu\u00e1l es el est\u00e1ndar internacional utilizado en los EA?<\/b><\/span><br \/><span style=\"font-size: medium;\"><b><span color=\"#800000\" style=\"color: #800000;\">R:<\/span><\/b> Todos los programas de ensayos de aptitud que ofrece el CEA de la FQA operan conforme al est\u00e1ndar internacional ISO\/IEC 17043. El an\u00e1lisis estad\u00edstico de los resultados se lleva a cabo conforme al est\u00e1ndar internacional ISO 13528.\u00a0<\/span><span style=\"font-size: medium;\"><br \/><\/span><\/p>\n<p style=\"text-align: left;\"><span style=\"font-size: medium;\"><\/span><\/p>\n<p>[\/et_pb_blurb][\/et_pb_column][\/et_pb_row][\/et_pb_section][et_pb_section fb_built=\u00bb1&#8243; _builder_version=\u00bb4.16&#8243; custom_padding=\u00bb0|0px|0|0px\u00bb global_colors_info=\u00bb{}\u00bb][et_pb_row _builder_version=\u00bb4.16&#8243; custom_padding=\u00bb70px|0px|94px|0px\u00bb global_colors_info=\u00bb{}\u00bb][et_pb_column type=\u00bb4_4&#8243; _builder_version=\u00bb4.16&#8243; custom_padding=\u00bb|||\u00bb global_colors_info=\u00bb{}\u00bb custom_padding__hover=\u00bb|||\u00bb][et_pb_blurb icon_placement=\u00bbleft\u00bb content_max_width=\u00bb1100px\u00bb _builder_version=\u00bb4.16&#8243; header_font=\u00bbPoppins|600|||||||\u00bb header_text_color=\u00bb#009D53&#8243; header_line_height=\u00bb1.5em\u00bb body_text_color=\u00bb#8585bd\u00bb body_line_height=\u00bb1.9em\u00bb background_color=\u00bb#ffffff\u00bb custom_margin=\u00bb-80px|||\u00bb custom_margin_tablet=\u00bb0px|||\u00bb custom_margin_phone=\u00bb\u00bb custom_margin_last_edited=\u00bbon|phone\u00bb custom_padding=\u00bb30px|40px|30px|40px\u00bb animation_style=\u00bbzoom\u00bb animation_direction=\u00bbbottom\u00bb animation_delay=\u00bb100ms\u00bb animation_intensity_zoom=\u00bb20%\u00bb animation_starting_opacity=\u00bb100%\u00bb box_shadow_style=\u00bbpreset2&#8243; box_shadow_color=\u00bbrgba(71,74,182,0.12)\u00bb locked=\u00bboff\u00bb global_colors_info=\u00bb{}\u00bb]<\/p>\n<p><span style=\"font-size: medium;\"><b><span color=\"#006699\" style=\"color: #006699;\">P: \u00bfC\u00f3mo est\u00e1n organizados los programas?<\/span><\/b><\/span><br \/><span style=\"font-size: medium;\"><b><span color=\"#800000\" style=\"color: #800000;\">R:<\/span><\/b>\u00a0La operaci\u00f3n d\u00eda a d\u00eda de cada programa est\u00e1 bajo la responsabilidad del CEA de la FQA a trav\u00e9s de un equipo t\u00e9cnico para cubrir todas las funciones operativas para la preparaci\u00f3n y validaci\u00f3n de los \u00edtems de ensayo a distribuir, la evaluaci\u00f3n estad\u00edstica y redacci\u00f3n de informes y la coordinaci\u00f3n con los participantes.<\/span><\/p>\n<p>[\/et_pb_blurb][et_pb_blurb icon_placement=\u00bbleft\u00bb content_max_width=\u00bb1100px\u00bb _builder_version=\u00bb4.16&#8243; header_font=\u00bbPoppins|600|||||||\u00bb header_text_color=\u00bb#009D53&#8243; header_line_height=\u00bb1.5em\u00bb body_text_color=\u00bb#8585bd\u00bb body_line_height=\u00bb1.9em\u00bb background_color=\u00bb#ffffff\u00bb custom_margin=\u00bb0px|||\u00bb custom_margin_tablet=\u00bb0px|||\u00bb custom_margin_phone=\u00bb\u00bb custom_margin_last_edited=\u00bbon|phone\u00bb custom_padding=\u00bb30px|40px|30px|40px\u00bb animation_style=\u00bbzoom\u00bb animation_direction=\u00bbbottom\u00bb animation_delay=\u00bb100ms\u00bb animation_intensity_zoom=\u00bb20%\u00bb animation_starting_opacity=\u00bb100%\u00bb box_shadow_style=\u00bbpreset2&#8243; box_shadow_color=\u00bbrgba(71,74,182,0.12)\u00bb locked=\u00bboff\u00bb global_colors_info=\u00bb{}\u00bb]<\/p>\n<p><span style=\"font-size: medium;\"><b><span color=\"#006699\" style=\"color: #006699;\">P: \u00bfC\u00f3mo hago para participar en un programa?<\/span><\/b><\/span><br \/><span style=\"font-size: medium;\"><b><span color=\"#800000\" style=\"color: #800000;\">R:<\/span><\/b>\u00a0Los potenciales participantes son invitados a participar en los programas que mejor se adecuan a sus necesidades. Para cada programa, una descripci\u00f3n con toda la informaci\u00f3n relevante incluyendo el cronograma de actividades se adjunta a la invitaci\u00f3n a participar.\u00a0<\/span><\/p>\n<p>[\/et_pb_blurb][et_pb_blurb icon_placement=\u00bbleft\u00bb content_max_width=\u00bb1100px\u00bb _builder_version=\u00bb4.16&#8243; header_font=\u00bbPoppins|600|||||||\u00bb header_text_color=\u00bb#009D53&#8243; header_line_height=\u00bb1.5em\u00bb body_text_color=\u00bb#8585bd\u00bb body_line_height=\u00bb1.9em\u00bb background_color=\u00bb#ffffff\u00bb custom_margin=\u00bb0px|||\u00bb custom_margin_tablet=\u00bb0px|||\u00bb custom_margin_phone=\u00bb\u00bb custom_margin_last_edited=\u00bbon|phone\u00bb custom_padding=\u00bb30px|40px|30px|40px\u00bb animation_style=\u00bbzoom\u00bb animation_direction=\u00bbbottom\u00bb animation_delay=\u00bb100ms\u00bb animation_intensity_zoom=\u00bb20%\u00bb animation_starting_opacity=\u00bb100%\u00bb box_shadow_style=\u00bbpreset2&#8243; box_shadow_color=\u00bbrgba(71,74,182,0.12)\u00bb locked=\u00bboff\u00bb global_colors_info=\u00bb{}\u00bb]<\/p>\n<p><b><span color=\"#006699\" style=\"color: #006699;\">P: \u00bfPueden garantizar la confidencialidad de los resultados de mi laboratorio?<\/span><\/b><br \/><b><span color=\"#800000\" style=\"color: #800000;\">R:<\/span><\/b><span>\u00a0Para garantizar la confidencialidad de la identidad de los participantes respecto a sus resultados, los laboratorios participantes se identifican con un \u00fanico n\u00famero de c\u00f3digo. Este n\u00famero permite informar los resultados sin divulgar la identidad de los laboratorios participantes.\u00a0<\/span><\/p>\n<p>[\/et_pb_blurb][et_pb_blurb icon_placement=\u00bbleft\u00bb content_max_width=\u00bb1100px\u00bb _builder_version=\u00bb4.16&#8243; header_font=\u00bbPoppins|600|||||||\u00bb header_text_color=\u00bb#009D53&#8243; header_line_height=\u00bb1.5em\u00bb body_text_color=\u00bb#8585bd\u00bb body_line_height=\u00bb1.9em\u00bb background_color=\u00bb#ffffff\u00bb custom_margin=\u00bb0px|||\u00bb custom_margin_tablet=\u00bb0px|||\u00bb custom_margin_phone=\u00bb\u00bb custom_margin_last_edited=\u00bbon|phone\u00bb custom_padding=\u00bb30px|40px|30px|40px\u00bb animation_style=\u00bbzoom\u00bb animation_direction=\u00bbbottom\u00bb animation_delay=\u00bb100ms\u00bb animation_intensity_zoom=\u00bb20%\u00bb animation_starting_opacity=\u00bb100%\u00bb box_shadow_style=\u00bbpreset2&#8243; box_shadow_color=\u00bbrgba(71,74,182,0.12)\u00bb locked=\u00bboff\u00bb global_colors_info=\u00bb{}\u00bb]<\/p>\n<p><b><span color=\"#006699\" style=\"color: #006699;\">P: \u00bfCon qu\u00e9 frecuencia deber\u00eda participar?<\/span><\/b><br \/><b><span color=\"#800000\" style=\"color: #800000;\">R:<\/span><\/b><span>\u00a0La frecuencia con que un laboratorio deber\u00eda participar en rondas de EA depende de una serie de factores individuales. Los programas del CEA de la FQA son por ello flexibles a cada necesidad. Sin embargo, para lograr m\u00e1ximo beneficio en cuanto a evaluaci\u00f3n de tendencias, se recomienda un m\u00ednimo de cuatro rondas de un programa en el a\u00f1o.\u00a0<\/span><\/p>\n<p>[\/et_pb_blurb][et_pb_blurb icon_placement=\u00bbleft\u00bb content_max_width=\u00bb1100px\u00bb _builder_version=\u00bb4.16&#8243; header_font=\u00bbPoppins|600|||||||\u00bb header_text_color=\u00bb#009D53&#8243; header_line_height=\u00bb1.5em\u00bb body_text_color=\u00bb#8585bd\u00bb body_line_height=\u00bb1.9em\u00bb background_color=\u00bb#ffffff\u00bb custom_margin=\u00bb0px|||\u00bb custom_margin_tablet=\u00bb0px|||\u00bb custom_margin_phone=\u00bb\u00bb custom_margin_last_edited=\u00bbon|phone\u00bb custom_padding=\u00bb30px|40px|30px|40px\u00bb animation_style=\u00bbzoom\u00bb animation_direction=\u00bbbottom\u00bb animation_delay=\u00bb100ms\u00bb animation_intensity_zoom=\u00bb20%\u00bb animation_starting_opacity=\u00bb100%\u00bb box_shadow_style=\u00bbpreset2&#8243; box_shadow_color=\u00bbrgba(71,74,182,0.12)\u00bb locked=\u00bboff\u00bb global_colors_info=\u00bb{}\u00bb]<\/p>\n<p><span style=\"font-size: medium;\"><b><span color=\"#006699\" style=\"color: #006699;\">P: \u00bfCu\u00e1les son los aranceles para participar?<\/span><\/b><\/span><br \/><span style=\"font-size: medium;\"><b><span color=\"#800000\" style=\"color: #800000;\">R:<\/span><\/b>\u00a0Los aranceles son revisados anualmente para cada programa y se comunican cada vez que se env\u00edan las invitaciones a participar.<\/span><\/p>\n<p>[\/et_pb_blurb][et_pb_blurb icon_placement=\u00bbleft\u00bb content_max_width=\u00bb1100px\u00bb _builder_version=\u00bb4.16&#8243; header_font=\u00bbPoppins|600|||||||\u00bb header_text_color=\u00bb#009D53&#8243; header_line_height=\u00bb1.5em\u00bb body_text_color=\u00bb#8585bd\u00bb body_line_height=\u00bb1.9em\u00bb background_color=\u00bb#ffffff\u00bb custom_margin=\u00bb0px|||\u00bb custom_margin_tablet=\u00bb0px|||\u00bb custom_margin_phone=\u00bb\u00bb custom_margin_last_edited=\u00bbon|phone\u00bb custom_padding=\u00bb30px|40px|30px|40px\u00bb animation_style=\u00bbzoom\u00bb animation_direction=\u00bbbottom\u00bb animation_delay=\u00bb100ms\u00bb animation_intensity_zoom=\u00bb20%\u00bb animation_starting_opacity=\u00bb100%\u00bb box_shadow_style=\u00bbpreset2&#8243; box_shadow_color=\u00bbrgba(71,74,182,0.12)\u00bb locked=\u00bboff\u00bb global_colors_info=\u00bb{}\u00bb]<\/p>\n<p><b><span color=\"#006699\" style=\"color: #006699;\">P: \u00bfDe d\u00f3nde obtienen los materiales de ensayo?<\/span><\/b><br \/><b><span color=\"#800000\" style=\"color: #800000;\">R:<\/span><\/b><span>\u00a0Los materiales (\u00edtems) de ensayo se preparan en laboratorios propios, tendiendo a obtener la mayor semejanza posible a las muestras reales que los laboratorios participantes tratan en sus rutinas. Los \u00edtems de ensayo una vez envasados e identificados se someten a un muestreo aleatorio y posterior an\u00e1lisis para probar su homogeneidad y estabilidad conforme a los est\u00e1ndares internacionales citados.<\/span><\/p>\n<p>[\/et_pb_blurb][et_pb_blurb icon_placement=\u00bbleft\u00bb content_max_width=\u00bb1100px\u00bb _builder_version=\u00bb4.16&#8243; header_font=\u00bbPoppins|600|||||||\u00bb header_text_color=\u00bb#009D53&#8243; header_line_height=\u00bb1.5em\u00bb body_text_color=\u00bb#8585bd\u00bb body_line_height=\u00bb1.9em\u00bb background_color=\u00bb#ffffff\u00bb custom_margin=\u00bb0px|||\u00bb custom_margin_tablet=\u00bb0px|||\u00bb custom_margin_phone=\u00bb\u00bb custom_margin_last_edited=\u00bbon|phone\u00bb custom_padding=\u00bb30px|40px|30px|40px\u00bb animation_style=\u00bbzoom\u00bb animation_direction=\u00bbbottom\u00bb animation_delay=\u00bb100ms\u00bb animation_intensity_zoom=\u00bb20%\u00bb animation_starting_opacity=\u00bb100%\u00bb box_shadow_style=\u00bbpreset2&#8243; box_shadow_color=\u00bbrgba(71,74,182,0.12)\u00bb locked=\u00bboff\u00bb global_colors_info=\u00bb{}\u00bb]<\/p>\n<p><span style=\"font-size: medium;\"><b><span color=\"#006699\" style=\"color: #006699;\">P: \u00bfC\u00f3mo se empacan y transportan los \u00edtems de ensayo?<\/span><\/b><\/span><br \/><span style=\"font-size: medium;\"><b><span color=\"#800000\" style=\"color: #800000;\">R:<\/span><\/b>\u00a0Los \u00edtems de ensayo se empacan conforme a los requerimientos legales y aplicables a las regulaciones de transporte y bajo condiciones que aseguren la protecci\u00f3n de su contenido durante el tr\u00e1nsito. Los participantes de otros pa\u00edses reciben toda la documentaci\u00f3n necesaria para prevenir demoras en aduanas.<\/span><br \/><span style=\"font-size: medium;\">Los participantes son aconsejados para que controlen los contenidos inmediatamente de recibidos y contactar con el coordinador del CEA de la FQA cualquier problema con la condici\u00f3n de las muestras o documentaci\u00f3n que las acompa\u00f1a.<\/span><\/p>\n<p>[\/et_pb_blurb][et_pb_blurb icon_placement=\u00bbleft\u00bb content_max_width=\u00bb1100px\u00bb _builder_version=\u00bb4.16&#8243; header_font=\u00bbPoppins|600|||||||\u00bb header_text_color=\u00bb#009D53&#8243; header_line_height=\u00bb1.5em\u00bb body_text_color=\u00bb#8585bd\u00bb body_line_height=\u00bb1.9em\u00bb background_color=\u00bb#ffffff\u00bb custom_margin=\u00bb0px|||\u00bb custom_margin_tablet=\u00bb0px|||\u00bb custom_margin_phone=\u00bb\u00bb custom_margin_last_edited=\u00bbon|phone\u00bb custom_padding=\u00bb30px|40px|30px|40px\u00bb animation_style=\u00bbzoom\u00bb animation_direction=\u00bbbottom\u00bb animation_delay=\u00bb100ms\u00bb animation_intensity_zoom=\u00bb20%\u00bb animation_starting_opacity=\u00bb100%\u00bb box_shadow_style=\u00bbpreset2&#8243; box_shadow_color=\u00bbrgba(71,74,182,0.12)\u00bb locked=\u00bboff\u00bb global_colors_info=\u00bb{}\u00bb]<\/p>\n<p><b><span color=\"#006699\" style=\"color: #006699;\">P: \u00bfDe qu\u00e9 manera pueden afectarse los \u00edtems de ensayo con el tiempo de tr\u00e1nsito y las temperaturas?<\/span><\/b><br \/><b><span color=\"#800000\" style=\"color: #800000;\">R:<\/span><\/b><span>\u00a0Los ensayos de estabilidad que se realizan sobre los \u00edtems de ensayo tienen en cuenta tiempos y temperaturas extremas durante el transporte, de tal forma de garantizar la estabilidad durante el per\u00edodo definido para los ensayos.<\/span><\/p>\n<p>[\/et_pb_blurb][et_pb_blurb icon_placement=\u00bbleft\u00bb content_max_width=\u00bb1100px\u00bb _builder_version=\u00bb4.16&#8243; header_font=\u00bbPoppins|600|||||||\u00bb header_text_color=\u00bb#009D53&#8243; header_line_height=\u00bb1.5em\u00bb body_text_color=\u00bb#8585bd\u00bb body_line_height=\u00bb1.9em\u00bb background_color=\u00bb#ffffff\u00bb custom_margin=\u00bb0px|||\u00bb custom_margin_tablet=\u00bb0px|||\u00bb custom_margin_phone=\u00bb\u00bb custom_margin_last_edited=\u00bbon|phone\u00bb custom_padding=\u00bb30px|40px|30px|40px\u00bb animation_style=\u00bbzoom\u00bb animation_direction=\u00bbbottom\u00bb animation_delay=\u00bb100ms\u00bb animation_intensity_zoom=\u00bb20%\u00bb animation_starting_opacity=\u00bb100%\u00bb box_shadow_style=\u00bbpreset2&#8243; box_shadow_color=\u00bbrgba(71,74,182,0.12)\u00bb locked=\u00bboff\u00bb global_colors_info=\u00bb{}\u00bb]<\/p>\n<p><span style=\"font-size: medium;\"><b><span color=\"#006699\" style=\"color: #006699;\">P: \u00bfC\u00f3mo debo tratar los \u00edtems de ensayo?<\/span><\/b><\/span><br \/><span style=\"font-size: medium;\"><b><span color=\"#800000\" style=\"color: #800000;\">R:\u00a0<\/span><\/b>Es importante que los laboratorios comprendan c\u00f3mo obtener el m\u00e1ximo beneficio de los EA. Para ello, el laboratorio debe participar franca y honesta, considerando que, en ocasiones, puede ser evaluado insatisfactoriamente. Para que el EA logre su prop\u00f3sito, los laboratorios necesitan tratar los \u00edtems de ensayo de la misma forma que tratan sus muestras de rutina y los analistas deber\u00edan ser motivados para esto para aprender de sus resultados de una forma constructiva.<\/span><br \/><span style=\"font-size: medium;\">Los laboratorios aprender\u00edan muy poco acerca de la calidad de sus resultados de rutina si dan tratamiento especial a los \u00edtems de ensayo del EA, como por ejemplo mayor cantidad de r\u00e9plicas, para lograr resultados satisfactorios. De hecho se compromete la calidad de las mediciones de rutina al utilizar un desproporcionado nivel de esfuerzo en los \u00edtems de ensayo del EA.<\/span><\/p>\n<p>[\/et_pb_blurb][et_pb_blurb icon_placement=\u00bbleft\u00bb content_max_width=\u00bb1100px\u00bb _builder_version=\u00bb4.16&#8243; header_font=\u00bbPoppins|600|||||||\u00bb header_text_color=\u00bb#009D53&#8243; header_line_height=\u00bb1.5em\u00bb body_text_color=\u00bb#8585bd\u00bb body_line_height=\u00bb1.9em\u00bb background_color=\u00bb#ffffff\u00bb custom_margin=\u00bb0px|||\u00bb custom_margin_tablet=\u00bb0px|||\u00bb custom_margin_phone=\u00bb\u00bb custom_margin_last_edited=\u00bbon|phone\u00bb custom_padding=\u00bb30px|40px|30px|40px\u00bb animation_style=\u00bbzoom\u00bb animation_direction=\u00bbbottom\u00bb animation_delay=\u00bb100ms\u00bb animation_intensity_zoom=\u00bb20%\u00bb animation_starting_opacity=\u00bb100%\u00bb box_shadow_style=\u00bbpreset2&#8243; box_shadow_color=\u00bbrgba(71,74,182,0.12)\u00bb locked=\u00bboff\u00bb global_colors_info=\u00bb{}\u00bb]<\/p>\n<p><b><span color=\"#006699\" style=\"color: #006699;\">P: \u00bfQu\u00e9 m\u00e9todo anal\u00edtico debo utilizar?<\/span><\/b><br \/><b><span color=\"#800000\" style=\"color: #800000;\">R:<span>\u00a0<\/span><\/span><\/b><span>Para analizar los \u00edtems de ensayo del EA, los participantes deber\u00edan utilizar el mismo m\u00e9todo y n\u00famero de r\u00e9plicas que utilizan en sus an\u00e1lisis de rutina.<\/span><\/p>\n<p>[\/et_pb_blurb][et_pb_blurb icon_placement=\u00bbleft\u00bb content_max_width=\u00bb1100px\u00bb _builder_version=\u00bb4.16&#8243; header_font=\u00bbPoppins|600|||||||\u00bb header_text_color=\u00bb#009D53&#8243; header_line_height=\u00bb1.5em\u00bb body_text_color=\u00bb#8585bd\u00bb body_line_height=\u00bb1.9em\u00bb background_color=\u00bb#ffffff\u00bb custom_margin=\u00bb0px|||\u00bb custom_margin_tablet=\u00bb0px|||\u00bb custom_margin_phone=\u00bb\u00bb custom_margin_last_edited=\u00bbon|phone\u00bb custom_padding=\u00bb30px|40px|30px|40px\u00bb animation_style=\u00bbzoom\u00bb animation_direction=\u00bbbottom\u00bb animation_delay=\u00bb100ms\u00bb animation_intensity_zoom=\u00bb20%\u00bb animation_starting_opacity=\u00bb100%\u00bb box_shadow_style=\u00bbpreset2&#8243; box_shadow_color=\u00bbrgba(71,74,182,0.12)\u00bb locked=\u00bboff\u00bb global_colors_info=\u00bb{}\u00bb]<\/p>\n<p><b><span color=\"#006699\" style=\"color: #006699;\">P: \u00bfQu\u00e9 tiempo dispongo para enviar los resultados?<\/span><\/b><br \/><b><span color=\"#800000\" style=\"color: #800000;\">R:<\/span><\/b><span>\u00a0Para cada ronda se establece un periodo de tiempo suficiente con una fecha tope para que los participantes env\u00eden sus informes de resultados.<\/span><\/p>\n<p><span color=\"#800000\" style=\"color: #800000;\"><b>NOTA:<span>\u00a0<\/span><\/b><\/span><span>Juntamente con los \u00edtems de ensayo del EA los participantes reciben un Protocolo T\u00e9cnico con todas las indicaciones pertinentes al ensayo.<\/span><\/p>\n<p>[\/et_pb_blurb][\/et_pb_column][\/et_pb_row][\/et_pb_section]<\/p>\n","protected":false},"excerpt":{"rendered":"<p>F.A.Q. Preguntas FrecuentesLa Fundaci\u00f3n Qu\u00edmica Argentina\u00a0promueve la excelencia mediante los Ensayos de Aptitud implementados por su Comit\u00e9 de Ensayos de Aptitud.P: \u00bfCu\u00e1l es el est\u00e1ndar internacional utilizado en los EA?R: Todos los programas de ensayos de aptitud que ofrece el CEA de la FQA operan conforme al est\u00e1ndar internacional ISO\/IEC 17043. El an\u00e1lisis estad\u00edstico de [&hellip;]<\/p>\n","protected":false},"author":1,"featured_media":0,"parent":0,"menu_order":0,"comment_status":"closed","ping_status":"closed","template":"","meta":{"_et_pb_use_builder":"on","_et_pb_old_content":"","_et_gb_content_width":"","footnotes":""},"class_list":["post-17","page","type-page","status-publish","hentry"],"_links":{"self":[{"href":"https:\/\/fundacionquimica.org.ar\/ea\/wp-json\/wp\/v2\/pages\/17","targetHints":{"allow":["GET"]}}],"collection":[{"href":"https:\/\/fundacionquimica.org.ar\/ea\/wp-json\/wp\/v2\/pages"}],"about":[{"href":"https:\/\/fundacionquimica.org.ar\/ea\/wp-json\/wp\/v2\/types\/page"}],"author":[{"embeddable":true,"href":"https:\/\/fundacionquimica.org.ar\/ea\/wp-json\/wp\/v2\/users\/1"}],"replies":[{"embeddable":true,"href":"https:\/\/fundacionquimica.org.ar\/ea\/wp-json\/wp\/v2\/comments?post=17"}],"version-history":[{"count":4,"href":"https:\/\/fundacionquimica.org.ar\/ea\/wp-json\/wp\/v2\/pages\/17\/revisions"}],"predecessor-version":[{"id":1011,"href":"https:\/\/fundacionquimica.org.ar\/ea\/wp-json\/wp\/v2\/pages\/17\/revisions\/1011"}],"wp:attachment":[{"href":"https:\/\/fundacionquimica.org.ar\/ea\/wp-json\/wp\/v2\/media?parent=17"}],"curies":[{"name":"wp","href":"https:\/\/api.w.org\/{rel}","templated":true}]}}