{"id":15,"date":"2018-04-07T13:55:19","date_gmt":"2018-04-07T13:55:19","guid":{"rendered":"http:\/\/grupomagma.com.ar\/ensayos\/?page_id=15"},"modified":"2024-01-09T20:50:26","modified_gmt":"2024-01-09T20:50:26","slug":"proveedor-de-ea-acreditaciones","status":"publish","type":"page","link":"https:\/\/fundacionquimica.org.ar\/ea\/proveedor-de-ea-acreditaciones\/","title":{"rendered":"PROVEEDOR DE EA <br \/>ACREDITACIONES"},"content":{"rendered":"<p>[et_pb_section fb_built=\u00bb1&#8243; admin_label=\u00bbCourse Hero\u00bb module_id=\u00bbuno\u00bb _builder_version=\u00bb4.16&#8243; use_background_color_gradient=\u00bbon\u00bb background_color_gradient_stops=\u00bb#474ab6 0%|#9271f6 100%\u00bb background_color_gradient_start=\u00bb#474ab6&#8243; background_color_gradient_end=\u00bb#9271f6&#8243; background_image=\u00bbhttps:\/\/fundacionquimica.org.ar\/ea\/wp-content\/uploads\/2018\/04\/coding-background-texture.jpg\u00bb background_blend=\u00bboverlay\u00bb custom_padding=\u00bb28px|0px|0|0px\u00bb animation_style=\u00bbslide\u00bb animation_direction=\u00bbtop\u00bb animation_intensity_slide=\u00bb2%\u00bb custom_css_main_element=\u00bbheight: 300px;\u00bb saved_tabs=\u00bball\u00bb locked=\u00bboff\u00bb global_colors_info=\u00bb{}\u00bb][et_pb_row _builder_version=\u00bb4.16&#8243; background_size=\u00bbinitial\u00bb background_position=\u00bbtop_left\u00bb background_repeat=\u00bbrepeat\u00bb module_alignment=\u00bbcenter\u00bb custom_margin=\u00bb|||\u00bb custom_padding=\u00bb0px|0px|6px|0px\u00bb custom_width_px=\u00bb1280px\u00bb global_colors_info=\u00bb{}\u00bb][et_pb_column type=\u00bb4_4&#8243; _builder_version=\u00bb4.16&#8243; custom_padding=\u00bb|||\u00bb global_colors_info=\u00bb{}\u00bb custom_padding__hover=\u00bb|||\u00bb][et_pb_text _builder_version=\u00bb4.16&#8243; text_font=\u00bb||||||||\u00bb text_line_height=\u00bb2em\u00bb header_font=\u00bb|700|||||||\u00bb header_font_size=\u00bb36px\u00bb background_size=\u00bbinitial\u00bb background_position=\u00bbtop_left\u00bb background_repeat=\u00bbrepeat\u00bb background_layout=\u00bbdark\u00bb custom_padding=\u00bb|||\u00bb header_font_size_tablet=\u00bb\u00bb header_font_size_phone=\u00bb\u00bb header_font_size_last_edited=\u00bbon|desktop\u00bb locked=\u00bboff\u00bb global_colors_info=\u00bb{}\u00bb]<\/p>\n<h1 style=\"text-align: center;\"><span style=\"font-size: xx-large;\"><strong>PROVEEDOR DE ENSAYOS DE APTITUD &#8211; ACREDITACIONES<\/strong><\/span><\/h1>\n<p>[\/et_pb_text][et_pb_text _builder_version=\u00bb4.22.1&#8243; text_font=\u00bb||||||||\u00bb text_text_color=\u00bb#d4ccff\u00bb text_font_size=\u00bb16px\u00bb text_line_height=\u00bb1.9em\u00bb header_font=\u00bb||||||||\u00bb header_line_height=\u00bb0.9em\u00bb custom_margin=\u00bb-30px|||\u00bb custom_padding=\u00bb|||\u00bb hover_enabled=\u00bb0&#8243; locked=\u00bboff\u00bb global_colors_info=\u00bb{}\u00bb sticky_enabled=\u00bb0&#8243;]<\/p>\n<p style=\"text-align: center;\">A partir de noviembre del 2010, el Comit\u00e9 de Ensayos de Aptitud (CEA) de la FQA se ocupa de implementar programas de ensayos de aptitud, continuando la actividad que ven\u00eda desarrollando el COFILAB (Consejo de Fiscalizaci\u00f3n de Laboratorios, dependiente de la FQA) desde 1999.<\/p>\n<p>[\/et_pb_text][\/et_pb_column][\/et_pb_row][\/et_pb_section][et_pb_section fb_built=\u00bb1&#8243; _builder_version=\u00bb4.16&#8243; custom_padding=\u00bb22px|0px|0|0px\u00bb global_colors_info=\u00bb{}\u00bb][et_pb_row make_equal=\u00bbon\u00bb _builder_version=\u00bb4.16&#8243; background_size=\u00bbinitial\u00bb background_position=\u00bbtop_left\u00bb background_repeat=\u00bbrepeat\u00bb custom_margin=\u00bb-80px|||\u00bb custom_padding=\u00bb1px|0px|15px|0px\u00bb saved_tabs=\u00bball\u00bb global_colors_info=\u00bb{}\u00bb][et_pb_column type=\u00bb4_4&#8243; _builder_version=\u00bb4.16&#8243; custom_padding=\u00bb|||\u00bb global_colors_info=\u00bb{}\u00bb custom_padding__hover=\u00bb|||\u00bb][et_pb_blurb icon_placement=\u00bbleft\u00bb content_max_width=\u00bb1100px\u00bb _builder_version=\u00bb4.16&#8243; header_font=\u00bbPoppins|600|||||||\u00bb header_text_color=\u00bb#009D53&#8243; header_line_height=\u00bb1.5em\u00bb body_text_color=\u00bb#8585bd\u00bb body_line_height=\u00bb1.9em\u00bb background_color=\u00bb#ffffff\u00bb custom_margin=\u00bb-80px|||\u00bb custom_margin_tablet=\u00bb0px|||\u00bb custom_margin_phone=\u00bb\u00bb custom_margin_last_edited=\u00bbon|phone\u00bb custom_padding=\u00bb30px|40px|30px|40px\u00bb animation_style=\u00bbzoom\u00bb animation_direction=\u00bbbottom\u00bb animation_delay=\u00bb100ms\u00bb animation_intensity_zoom=\u00bb20%\u00bb animation_starting_opacity=\u00bb100%\u00bb box_shadow_style=\u00bbpreset2&#8243; box_shadow_color=\u00bbrgba(71,74,182,0.12)\u00bb locked=\u00bboff\u00bb global_colors_info=\u00bb{}\u00bb]<\/p>\n<p>En octubre del 2012, el CEA obtuvo para su programa de EA \u201cAP-01\u201d, la acreditaci\u00f3n del Organismo Argentino de Acreditaci\u00f3n (OAA) como Proveedor de Ensayos de Aptitud, bajo la Norma internacional ISO\/IEC 17043, extendiendo el alcance en octubre del 2016 a los programas \u201cEL-01\u201d y \u201cEL-02\u201d.<\/p>\n<p>La acreditaci\u00f3n del OAA se mantuvo ininterrumpidamente hasta fines del a\u00f1o 2023. Recientemente, por razones presupuestarias y mantener aranceles accesibles a nuestros clientes, el\u00a0 CEA decidi\u00f3 suspender los servicios de acreditaci\u00f3n que ven\u00eda brindando el OAA. No obstante, todos los programas de ensayos de aptitud seguir\u00e1n siendo conformes a las Normas Internacionales vigentes: IRAM-ISO\/IEC 17043 (\u201cEvaluaci\u00f3n de la conformidad \u2013 Requisitos generales para los ensayos de aptitud\u201d) e \u00a0ISO 13528 (\u201cStatistical methods for use in proficiency testing by interlaboratory comparison\u201d). \u00a0\u00a0\u00a0<\/p>\n<p>[\/et_pb_blurb][\/et_pb_column][\/et_pb_row][\/et_pb_section][et_pb_section fb_built=\u00bb1&#8243; _builder_version=\u00bb4.16&#8243; custom_padding=\u00bb0|0px|0|0px\u00bb global_colors_info=\u00bb{}\u00bb][et_pb_row _builder_version=\u00bb4.16&#8243; custom_padding=\u00bb27px|0px|94px|0px\u00bb global_colors_info=\u00bb{}\u00bb][et_pb_column type=\u00bb4_4&#8243; _builder_version=\u00bb4.16&#8243; custom_padding=\u00bb|||\u00bb global_colors_info=\u00bb{}\u00bb custom_padding__hover=\u00bb|||\u00bb][\/et_pb_column][\/et_pb_row][\/et_pb_section]<\/p>\n","protected":false},"excerpt":{"rendered":"<p>PROVEEDOR DE ENSAYOS DE APTITUD &#8211; ACREDITACIONES A partir de noviembre del 2010, el Comit\u00e9 de Ensayos de Aptitud (CEA) de la FQA se ocupa de implementar programas de ensayos de aptitud, continuando la actividad que ven\u00eda desarrollando el COFILAB (Consejo de Fiscalizaci\u00f3n de Laboratorios, dependiente de la FQA) desde 1999.En octubre del 2012, el [&hellip;]<\/p>\n","protected":false},"author":1,"featured_media":0,"parent":0,"menu_order":0,"comment_status":"closed","ping_status":"closed","template":"","meta":{"_et_pb_use_builder":"on","_et_pb_old_content":"","_et_gb_content_width":"","footnotes":""},"class_list":["post-15","page","type-page","status-publish","hentry"],"_links":{"self":[{"href":"https:\/\/fundacionquimica.org.ar\/ea\/wp-json\/wp\/v2\/pages\/15","targetHints":{"allow":["GET"]}}],"collection":[{"href":"https:\/\/fundacionquimica.org.ar\/ea\/wp-json\/wp\/v2\/pages"}],"about":[{"href":"https:\/\/fundacionquimica.org.ar\/ea\/wp-json\/wp\/v2\/types\/page"}],"author":[{"embeddable":true,"href":"https:\/\/fundacionquimica.org.ar\/ea\/wp-json\/wp\/v2\/users\/1"}],"replies":[{"embeddable":true,"href":"https:\/\/fundacionquimica.org.ar\/ea\/wp-json\/wp\/v2\/comments?post=15"}],"version-history":[{"count":9,"href":"https:\/\/fundacionquimica.org.ar\/ea\/wp-json\/wp\/v2\/pages\/15\/revisions"}],"predecessor-version":[{"id":1012,"href":"https:\/\/fundacionquimica.org.ar\/ea\/wp-json\/wp\/v2\/pages\/15\/revisions\/1012"}],"wp:attachment":[{"href":"https:\/\/fundacionquimica.org.ar\/ea\/wp-json\/wp\/v2\/media?parent=15"}],"curies":[{"name":"wp","href":"https:\/\/api.w.org\/{rel}","templated":true}]}}