{"id":77,"date":"2024-03-16T20:34:40","date_gmt":"2024-03-16T20:34:40","guid":{"rendered":"https:\/\/fundacionquimica.org.ar\/cursos-nuevo\/?post_type=product&#038;p=77"},"modified":"2026-01-13T19:13:55","modified_gmt":"2026-01-13T19:13:55","slug":"curso-ecotoxicologia-y-delitos-ambientales","status":"publish","type":"product","link":"https:\/\/fundacionquimica.org.ar\/cursos\/cursos\/curso-ecotoxicologia-y-delitos-ambientales\/","title":{"rendered":"Ecotoxicolog\u00eda y delitos ambientales"},"content":{"rendered":"<h2><strong>Curso Ecotoxicolog\u00eda y Delitos Ambientales<\/strong><\/h2>\n<p><strong>Organizado por:<\/strong>\u00a0<a href=\"https:\/\/www.fundacionquimica.org.ar\/\">Fundaci\u00f3n Qu\u00edmica Argentina.<\/a><br \/>\n<strong>Auspiciado por:<\/strong>\u00a0<a href=\"https:\/\/www.quimica.org.ar\/\">Consejo Profesional de Qu\u00edmica.<\/a><\/p>\n<p><strong>Modalidad:<\/strong>\u00a0A distancia en el\u00a0<a href=\"https:\/\/www.cursosfqa.org.ar\/cursos\">campus virtual<\/a><\/p>\n<p><strong>Fundamentaci\u00f3n:<br \/>\n<\/strong>El uso indiscriminado de sustancias qu\u00edmicas, provocan un impacto en el medio ambiente de suma importancia, maximizando el hecho la falta de conocimiento de las modificaciones de las sustancias en el ambiente y la forma en que provocar\u00e1n impactos en medios y receptores.<\/p>\n<p>El conocimiento y la identificaci\u00f3n del da\u00f1o ambiental constituyen herramientas que ayudar\u00e1n a la tarea preventiva y que adem\u00e1s servir\u00e1n para evaluar el perjuicio generado e interpretar los da\u00f1os ocasionados considerando los alcances dentro de cada titulaci\u00f3n que posea el cursante, ya que el delito ambiental se nutre por sus caracter\u00edsticas de un grupo de profesiones que act\u00faan en forma conjunta para la evaluaci\u00f3n multi y pluridisciplinaria.<\/p>\n<p>La formaci\u00f3n que se brinda curso de Ecotoxicog\u00eda y delitos ambientales\u00a0 colabora a cubrir un aspecto faltante en la sociedad que es la identificaci\u00f3n del da\u00f1o ambiental y por ende del delito provocado, pudiendo como unos de los principales ejes de trabajo, desarrollarse en peritajes ambientales.<\/p>\n<p>El curso se nutre de varios conocimientos, como ser Qu\u00edmica, Toxicolog\u00eda, Ecolog\u00eda, Criminal\u00edstica, Derecho, entre otros.<\/p>\n<h4><strong>Objetivos<\/strong><\/h4>\n<ul>\n<li>\u00a0Introducir a los conceptos b\u00e1sicos de ecotoxicolog\u00eda y su aplicabilidad como ciencia interdisciplinaria.<\/li>\n<li>Capacitarse en las aplicaciones de la ecotoxicolog\u00eda.<\/li>\n<li>Introducir en los principales m\u00e9todos y procedimientos en la investigaci\u00f3n ecotoxicol\u00f3gica.<\/li>\n<li>Analizar las principales afectaciones al ambiente en sus diferentes medios.<\/li>\n<li>Realizar an\u00e1lisis de casos para complementar la extensi\u00f3n pr\u00e1ctica del curso.<\/li>\n<\/ul>\n<p><strong>Certificaci\u00f3n:\u00a0<\/strong>Certificado de aprobaci\u00f3n del curso de Ecotoxicolog\u00eda y delitos ambientales en formato digital emitido por la Fundaci\u00f3n Qu\u00edmica Argentina.<\/p>\n","protected":false},"excerpt":{"rendered":"<p>Curso Ecotoxicolog\u00eda y delitos ambientales. Modalidad Virtual. Certificado por la Fundaci\u00f3n Qu\u00edmica Argentina. Capacitate manejando tus propios tiempos.<\/p>\n","protected":false},"featured_media":79,"comment_status":"open","ping_status":"closed","template":"","meta":{"_acf_changed":false},"product_brand":[],"product_cat":[18],"product_tag":[26],"class_list":{"0":"post-77","1":"product","2":"type-product","3":"status-publish","4":"has-post-thumbnail","6":"product_cat-ambiente","7":"product_tag-tipo-3","9":"first","10":"instock","11":"shipping-taxable","12":"purchasable","13":"product-type-variable"},"acf":[],"yoast_head":"<!-- This site is optimized with the Yoast SEO Premium plugin v24.7 (Yoast SEO v26.3) - https:\/\/yoast.com\/wordpress\/plugins\/seo\/ -->\n<title>Ecotoxicolog\u00eda y delitos ambientales - Cursos Fundaci\u00f3n Qu\u00edmica Argentina<\/title>\n<meta name=\"description\" content=\"Curso Ecotoxicolog\u00eda y delitos ambientales. Modalidad Virtual. Certificado por la Fundaci\u00f3n Qu\u00edmica Argentina. Capacitate manejando tus propios tiempos.\" \/>\n<meta name=\"robots\" content=\"index, follow, max-snippet:-1, max-image-preview:large, max-video-preview:-1\" \/>\n<link rel=\"canonical\" href=\"https:\/\/fundacionquimica.org.ar\/cursos\/cursos\/curso-ecotoxicologia-y-delitos-ambientales\/\" \/>\n<meta property=\"og:locale\" content=\"es_ES\" \/>\n<meta property=\"og:type\" content=\"article\" \/>\n<meta property=\"og:title\" content=\"Ecotoxicolog\u00eda y delitos ambientales\" \/>\n<meta property=\"og:description\" content=\"Curso Ecotoxicolog\u00eda y delitos ambientales. Modalidad Virtual. Certificado por la Fundaci\u00f3n Qu\u00edmica Argentina. Capacitate manejando tus propios tiempos.\" \/>\n<meta property=\"og:url\" content=\"https:\/\/fundacionquimica.org.ar\/cursos\/cursos\/curso-ecotoxicologia-y-delitos-ambientales\/\" \/>\n<meta property=\"og:site_name\" content=\"Cursos Fundaci\u00f3n Qu\u00edmica Argentina\" \/>\n<meta property=\"article:publisher\" content=\"https:\/\/www.facebook.com\/FundacionQuimicaArgentina\" \/>\n<meta property=\"article:modified_time\" content=\"2026-01-13T19:13:55+00:00\" \/>\n<meta property=\"og:image\" content=\"https:\/\/fundacionquimica.org.ar\/cursos\/wp-content\/uploads\/2024\/03\/amb3.jpg\" \/>\n\t<meta property=\"og:image:width\" content=\"400\" \/>\n\t<meta property=\"og:image:height\" content=\"250\" \/>\n\t<meta property=\"og:image:type\" content=\"image\/jpeg\" \/>\n<meta name=\"twitter:card\" content=\"summary_large_image\" \/>\n<meta name=\"twitter:label1\" content=\"Disponibilidad\" \/>\n\t<meta name=\"twitter:data1\" content=\"Disponible\" \/>\n<script type=\"application\/ld+json\" class=\"yoast-schema-graph\">{\"@context\":\"https:\/\/schema.org\",\"@graph\":[{\"@type\":\"WebPage\",\"@id\":\"https:\/\/fundacionquimica.org.ar\/cursos\/cursos\/curso-ecotoxicologia-y-delitos-ambientales\/\",\"url\":\"https:\/\/fundacionquimica.org.ar\/cursos\/cursos\/curso-ecotoxicologia-y-delitos-ambientales\/\",\"name\":\"Ecotoxicolog\u00eda y delitos ambientales - Cursos Fundaci\u00f3n Qu\u00edmica Argentina\",\"isPartOf\":{\"@id\":\"https:\/\/fundacionquimica.org.ar\/cursos\/#website\"},\"primaryImageOfPage\":{\"@id\":\"https:\/\/fundacionquimica.org.ar\/cursos\/cursos\/curso-ecotoxicologia-y-delitos-ambientales\/#primaryimage\"},\"image\":{\"@id\":\"https:\/\/fundacionquimica.org.ar\/cursos\/cursos\/curso-ecotoxicologia-y-delitos-ambientales\/#primaryimage\"},\"thumbnailUrl\":\"https:\/\/fundacionquimica.org.ar\/cursos\/wp-content\/uploads\/2024\/03\/amb3.jpg\",\"datePublished\":\"2024-03-16T20:34:40+00:00\",\"dateModified\":\"2026-01-13T19:13:55+00:00\",\"description\":\"Curso Ecotoxicolog\u00eda y delitos ambientales. Modalidad Virtual. Certificado por la Fundaci\u00f3n Qu\u00edmica Argentina. Capacitate manejando tus propios tiempos.\",\"breadcrumb\":{\"@id\":\"https:\/\/fundacionquimica.org.ar\/cursos\/cursos\/curso-ecotoxicologia-y-delitos-ambientales\/#breadcrumb\"},\"inLanguage\":\"es\",\"potentialAction\":[{\"@type\":\"ReadAction\",\"target\":[\"https:\/\/fundacionquimica.org.ar\/cursos\/cursos\/curso-ecotoxicologia-y-delitos-ambientales\/\"]}]},{\"@type\":\"ImageObject\",\"inLanguage\":\"es\",\"@id\":\"https:\/\/fundacionquimica.org.ar\/cursos\/cursos\/curso-ecotoxicologia-y-delitos-ambientales\/#primaryimage\",\"url\":\"https:\/\/fundacionquimica.org.ar\/cursos\/wp-content\/uploads\/2024\/03\/amb3.jpg\",\"contentUrl\":\"https:\/\/fundacionquimica.org.ar\/cursos\/wp-content\/uploads\/2024\/03\/amb3.jpg\",\"width\":400,\"height\":250,\"caption\":\"Evaluaci\u00f3n de Impacto ambiental\"},{\"@type\":\"BreadcrumbList\",\"@id\":\"https:\/\/fundacionquimica.org.ar\/cursos\/cursos\/curso-ecotoxicologia-y-delitos-ambientales\/#breadcrumb\",\"itemListElement\":[{\"@type\":\"ListItem\",\"position\":1,\"name\":\"Home\",\"item\":\"https:\/\/fundacionquimica.org.ar\/cursos\/\"},{\"@type\":\"ListItem\",\"position\":2,\"name\":\"Todos los Cursos\",\"item\":\"https:\/\/fundacionquimica.org.ar\/cursos\/cursos\/\"},{\"@type\":\"ListItem\",\"position\":3,\"name\":\"Ecotoxicolog\u00eda y delitos ambientales\"}]},{\"@type\":\"WebSite\",\"@id\":\"https:\/\/fundacionquimica.org.ar\/cursos\/#website\",\"url\":\"https:\/\/fundacionquimica.org.ar\/cursos\/\",\"name\":\"Cursos Fundaci\u00f3n Qu\u00edmica Argentina\",\"description\":\"\",\"publisher\":{\"@id\":\"https:\/\/fundacionquimica.org.ar\/cursos\/#organization\"},\"potentialAction\":[{\"@type\":\"SearchAction\",\"target\":{\"@type\":\"EntryPoint\",\"urlTemplate\":\"https:\/\/fundacionquimica.org.ar\/cursos\/?s={search_term_string}\"},\"query-input\":{\"@type\":\"PropertyValueSpecification\",\"valueRequired\":true,\"valueName\":\"search_term_string\"}}],\"inLanguage\":\"es\"},{\"@type\":\"Organization\",\"@id\":\"https:\/\/fundacionquimica.org.ar\/cursos\/#organization\",\"name\":\"Fundaci\u00f3n Qu\u00edmica Argentina\",\"url\":\"https:\/\/fundacionquimica.org.ar\/cursos\/\",\"logo\":{\"@type\":\"ImageObject\",\"inLanguage\":\"es\",\"@id\":\"https:\/\/fundacionquimica.org.ar\/cursos\/#\/schema\/logo\/image\/\",\"url\":\"https:\/\/fundacionquimica.org.ar\/cursos-nuevo\/wp-content\/uploads\/2024\/06\/cropped-f-1-32x32-1.jpg\",\"contentUrl\":\"https:\/\/fundacionquimica.org.ar\/cursos-nuevo\/wp-content\/uploads\/2024\/06\/cropped-f-1-32x32-1.jpg\",\"width\":32,\"height\":32,\"caption\":\"Fundaci\u00f3n Qu\u00edmica Argentina\"},\"image\":{\"@id\":\"https:\/\/fundacionquimica.org.ar\/cursos\/#\/schema\/logo\/image\/\"},\"sameAs\":[\"https:\/\/www.facebook.com\/FundacionQuimicaArgentina\",\"https:\/\/www.linkedin.com\/company\/cursosfqa\"]}]}<\/script>\n<meta property=\"og:availability\" content=\"instock\" \/>\n<meta property=\"product:availability\" content=\"instock\" \/>\n<meta property=\"product:condition\" content=\"new\" \/>\n<!-- \/ Yoast SEO Premium plugin. -->","yoast_head_json":{"title":"Ecotoxicolog\u00eda y delitos ambientales - Cursos Fundaci\u00f3n Qu\u00edmica Argentina","description":"Curso Ecotoxicolog\u00eda y delitos ambientales. Modalidad Virtual. Certificado por la Fundaci\u00f3n Qu\u00edmica Argentina. Capacitate manejando tus propios tiempos.","robots":{"index":"index","follow":"follow","max-snippet":"max-snippet:-1","max-image-preview":"max-image-preview:large","max-video-preview":"max-video-preview:-1"},"canonical":"https:\/\/fundacionquimica.org.ar\/cursos\/cursos\/curso-ecotoxicologia-y-delitos-ambientales\/","og_locale":"es_ES","og_type":"article","og_title":"Ecotoxicolog\u00eda y delitos ambientales","og_description":"Curso Ecotoxicolog\u00eda y delitos ambientales. Modalidad Virtual. Certificado por la Fundaci\u00f3n Qu\u00edmica Argentina. Capacitate manejando tus propios tiempos.","og_url":"https:\/\/fundacionquimica.org.ar\/cursos\/cursos\/curso-ecotoxicologia-y-delitos-ambientales\/","og_site_name":"Cursos Fundaci\u00f3n Qu\u00edmica Argentina","article_publisher":"https:\/\/www.facebook.com\/FundacionQuimicaArgentina","article_modified_time":"2026-01-13T19:13:55+00:00","og_image":[{"width":400,"height":250,"url":"https:\/\/fundacionquimica.org.ar\/cursos\/wp-content\/uploads\/2024\/03\/amb3.jpg","type":"image\/jpeg"}],"twitter_card":"summary_large_image","twitter_misc":{"Disponibilidad":"Disponible"},"schema":{"@context":"https:\/\/schema.org","@graph":[{"@type":"WebPage","@id":"https:\/\/fundacionquimica.org.ar\/cursos\/cursos\/curso-ecotoxicologia-y-delitos-ambientales\/","url":"https:\/\/fundacionquimica.org.ar\/cursos\/cursos\/curso-ecotoxicologia-y-delitos-ambientales\/","name":"Ecotoxicolog\u00eda y delitos ambientales - Cursos Fundaci\u00f3n Qu\u00edmica Argentina","isPartOf":{"@id":"https:\/\/fundacionquimica.org.ar\/cursos\/#website"},"primaryImageOfPage":{"@id":"https:\/\/fundacionquimica.org.ar\/cursos\/cursos\/curso-ecotoxicologia-y-delitos-ambientales\/#primaryimage"},"image":{"@id":"https:\/\/fundacionquimica.org.ar\/cursos\/cursos\/curso-ecotoxicologia-y-delitos-ambientales\/#primaryimage"},"thumbnailUrl":"https:\/\/fundacionquimica.org.ar\/cursos\/wp-content\/uploads\/2024\/03\/amb3.jpg","datePublished":"2024-03-16T20:34:40+00:00","dateModified":"2026-01-13T19:13:55+00:00","description":"Curso Ecotoxicolog\u00eda y delitos ambientales. Modalidad Virtual. Certificado por la Fundaci\u00f3n Qu\u00edmica Argentina. Capacitate manejando tus propios tiempos.","breadcrumb":{"@id":"https:\/\/fundacionquimica.org.ar\/cursos\/cursos\/curso-ecotoxicologia-y-delitos-ambientales\/#breadcrumb"},"inLanguage":"es","potentialAction":[{"@type":"ReadAction","target":["https:\/\/fundacionquimica.org.ar\/cursos\/cursos\/curso-ecotoxicologia-y-delitos-ambientales\/"]}]},{"@type":"ImageObject","inLanguage":"es","@id":"https:\/\/fundacionquimica.org.ar\/cursos\/cursos\/curso-ecotoxicologia-y-delitos-ambientales\/#primaryimage","url":"https:\/\/fundacionquimica.org.ar\/cursos\/wp-content\/uploads\/2024\/03\/amb3.jpg","contentUrl":"https:\/\/fundacionquimica.org.ar\/cursos\/wp-content\/uploads\/2024\/03\/amb3.jpg","width":400,"height":250,"caption":"Evaluaci\u00f3n de Impacto ambiental"},{"@type":"BreadcrumbList","@id":"https:\/\/fundacionquimica.org.ar\/cursos\/cursos\/curso-ecotoxicologia-y-delitos-ambientales\/#breadcrumb","itemListElement":[{"@type":"ListItem","position":1,"name":"Home","item":"https:\/\/fundacionquimica.org.ar\/cursos\/"},{"@type":"ListItem","position":2,"name":"Todos los Cursos","item":"https:\/\/fundacionquimica.org.ar\/cursos\/cursos\/"},{"@type":"ListItem","position":3,"name":"Ecotoxicolog\u00eda y delitos ambientales"}]},{"@type":"WebSite","@id":"https:\/\/fundacionquimica.org.ar\/cursos\/#website","url":"https:\/\/fundacionquimica.org.ar\/cursos\/","name":"Cursos Fundaci\u00f3n Qu\u00edmica Argentina","description":"","publisher":{"@id":"https:\/\/fundacionquimica.org.ar\/cursos\/#organization"},"potentialAction":[{"@type":"SearchAction","target":{"@type":"EntryPoint","urlTemplate":"https:\/\/fundacionquimica.org.ar\/cursos\/?s={search_term_string}"},"query-input":{"@type":"PropertyValueSpecification","valueRequired":true,"valueName":"search_term_string"}}],"inLanguage":"es"},{"@type":"Organization","@id":"https:\/\/fundacionquimica.org.ar\/cursos\/#organization","name":"Fundaci\u00f3n Qu\u00edmica Argentina","url":"https:\/\/fundacionquimica.org.ar\/cursos\/","logo":{"@type":"ImageObject","inLanguage":"es","@id":"https:\/\/fundacionquimica.org.ar\/cursos\/#\/schema\/logo\/image\/","url":"https:\/\/fundacionquimica.org.ar\/cursos-nuevo\/wp-content\/uploads\/2024\/06\/cropped-f-1-32x32-1.jpg","contentUrl":"https:\/\/fundacionquimica.org.ar\/cursos-nuevo\/wp-content\/uploads\/2024\/06\/cropped-f-1-32x32-1.jpg","width":32,"height":32,"caption":"Fundaci\u00f3n Qu\u00edmica Argentina"},"image":{"@id":"https:\/\/fundacionquimica.org.ar\/cursos\/#\/schema\/logo\/image\/"},"sameAs":["https:\/\/www.facebook.com\/FundacionQuimicaArgentina","https:\/\/www.linkedin.com\/company\/cursosfqa"]}]},"og_availability":"instock","product_availability":"instock","product_condition":"new"},"_links":{"self":[{"href":"https:\/\/fundacionquimica.org.ar\/cursos\/wp-json\/wp\/v2\/product\/77","targetHints":{"allow":["GET"]}}],"collection":[{"href":"https:\/\/fundacionquimica.org.ar\/cursos\/wp-json\/wp\/v2\/product"}],"about":[{"href":"https:\/\/fundacionquimica.org.ar\/cursos\/wp-json\/wp\/v2\/types\/product"}],"replies":[{"embeddable":true,"href":"https:\/\/fundacionquimica.org.ar\/cursos\/wp-json\/wp\/v2\/comments?post=77"}],"wp:featuredmedia":[{"embeddable":true,"href":"https:\/\/fundacionquimica.org.ar\/cursos\/wp-json\/wp\/v2\/media\/79"}],"wp:attachment":[{"href":"https:\/\/fundacionquimica.org.ar\/cursos\/wp-json\/wp\/v2\/media?parent=77"}],"wp:term":[{"taxonomy":"product_brand","embeddable":true,"href":"https:\/\/fundacionquimica.org.ar\/cursos\/wp-json\/wp\/v2\/product_brand?post=77"},{"taxonomy":"product_cat","embeddable":true,"href":"https:\/\/fundacionquimica.org.ar\/cursos\/wp-json\/wp\/v2\/product_cat?post=77"},{"taxonomy":"product_tag","embeddable":true,"href":"https:\/\/fundacionquimica.org.ar\/cursos\/wp-json\/wp\/v2\/product_tag?post=77"}],"curies":[{"name":"wp","href":"https:\/\/api.w.org\/{rel}","templated":true}]}}