{"id":744,"date":"2026-04-08T15:41:54","date_gmt":"2026-04-08T15:41:54","guid":{"rendered":"https:\/\/fundacionquimica.org.ar\/cursos-nuevo\/?post_type=product&#038;p=744"},"modified":"2026-04-14T14:56:55","modified_gmt":"2026-04-14T14:56:55","slug":"curso-especialista-en-quimica-laboral","status":"publish","type":"product","link":"https:\/\/fundacionquimica.org.ar\/cursos\/cursos\/curso-especialista-en-quimica-laboral\/","title":{"rendered":"Especialista en Qu\u00edmica Laboral"},"content":{"rendered":"<div id=\"learn-press-course-tabs\" class=\"course-tabs\">\n<div id=\"tab-overview\" class=\"course-tab-panel-overview course-tab-panel active\">\n<div id=\"learn-press-course-description\" class=\"course-description\">\n<div class=\"col-lg-8 col-md-12 contents-sticky\">\n<div class=\"theiaStickySidebar\">\n<div id=\"learn-press-course\" class=\"course-summary learn-press\">\n<div class=\"course-summary\">\n<div class=\"course-landing-summary\">\n<div id=\"learn-press-course-tabs\" class=\"course-tabs\">\n<div id=\"tab-overview\" class=\"course-tab-panel-overview course-tab-panel active\">\n<div id=\"learn-press-course-description\" class=\"course-description\">\n<h2><strong>Curso Especialista en Qu\u00edmica Laboral<\/strong><\/h2>\n<p>Especialidad en qu\u00edmica laboral reconocida por el Consejo Profesional de Qu\u00edmica de la Pcia de Bs. As.<\/p>\n<p><strong>Organizado por:<\/strong>\u00a0<a href=\"https:\/\/www.fundacionquimica.org.ar\/\">Fundaci\u00f3n Qu\u00edmica Argentina<\/a><br \/>\n<strong>Auspicia: <\/strong>\u00a0<a href=\"https:\/\/www.quimica.org.ar\/\">Consejo Profesional de Qu\u00edmica<\/a><br \/>\n<strong>Modalidad:<\/strong>\u00a0A distancia \u2013 Asincr\u00f3nica.<\/p>\n<p><strong>Carga horaria<\/strong><br \/>\n70 horas de clases y\u00a0 25 horas para realizar todos los ex\u00e1menes de cada m\u00f3dulo, sumando 80 horas para el desarrollo del trabajo individual final.<\/p>\n<p><strong>Dirigido a:<\/strong><br \/>\nProfesionales con t\u00edtulo de Licenciados, T\u00e9cnicos y Especialistas en Higiene y Seguridad en el Trabajo, y Profesionales Qu\u00edmicos. Pudiendo adem\u00e1s tomar el curso, todo aquel profesional y t\u00e9cnico que por necesidades laborales o de formaci\u00f3n deseen realizarlo.<\/p>\n<p><strong>Fundamentos<br \/>\n<\/strong>El uso sin un debido conocimiento de las sustancias qu\u00edmicas, provocan un impacto en el medio ambiente y en el \u00e1mbito laboral ante exposiciones durante la manipulaci\u00f3n de las mismas de suma importancia.<\/p>\n<ul>\n<li>Con una mirada en este \u00faltimo punto, se ha pensado en un curso de\u00a0<strong>Qu\u00edmica Laboral<\/strong>\u00a0que involucre aspectos b\u00e1sicos de la misma con temas como: sustancia qu\u00edmicas aspectos introductorios, concepto de gases, sistema de unidades, manipulaci\u00f3n de sustancias qu\u00edmicas, equipos de protecci\u00f3n personal, aspectos toxicol\u00f3gicos de las sustancias qu\u00edmicas, control de derrames, transporte, residuos, entre otros tantos temas a los efectos de lograr un equilibrio en el conocimiento general de la qu\u00edmica especialmente dise\u00f1ada en el \u00e1mbito laboral.<\/li>\n<li>El curso se nutre de varios conocimientos, como ser Qu\u00edmica, Toxicolog\u00eda, Derecho, entre otros, involucra temas de importancia en lo laboral como Saneamiento de los alimentos, radiaciones ionizantes, impacto de las sustancias qu\u00edmicas en el ambiente, entre otros temas.<\/li>\n<\/ul>\n<p><strong>Objetivos<\/strong><\/p>\n<ul>\n<li>Repasar conceptos b\u00e1sicos sobre sustancias qu\u00edmicas y de caracter\u00edsticas de los gases.<\/li>\n<li>Afianzar bases en los sistemas de unidades.<\/li>\n<li>Adquirir conocimientos b\u00e1sicos de toxicolog\u00eda como nociones de patolog\u00edas d\u00e9rmicas y de neumoconiosis.<\/li>\n<li>Entender como se monitorean las sustancias qu\u00edmicas y se entienda la importancia del uso de equipos de protecci\u00f3n personal ante el manejo de sustancias qu\u00edmicas.<\/li>\n<li>Aprender a utilizar las hojas de seguridad de la informaci\u00f3n que brindan y su manipulaci\u00f3n.<\/li>\n<li>Conocer c\u00f3mo se implementa el SGA.<\/li>\n<li>Identificar que es un residuo peligroso.<\/li>\n<li>Entiender como manipular sustancias qu\u00edmicas en base a las incompatibilidades.<\/li>\n<li>Identificar y comprender que es una sustancia cancer\u00edgena.<\/li>\n<li>Adquier nociones sobre el transporte de sustancias qu\u00edmicas como del control de derrames.<\/li>\n<li>Entiender la relaci\u00f3n de la actividad industrial y su impacto al medio ambiente.<\/li>\n<li>Incorporar conocimientos sobre la calidad del agua y los an\u00e1lisis a practicar para considerar a un agua como potable.<\/li>\n<li>Incorporar bases de naturaleza jur\u00eddica a la problem\u00e1tica del curso.<\/li>\n<li>Familiarizarse con el tema de nanomateriales.<\/li>\n<li>Adquirir nociones de radiaciones ionizantes.<\/li>\n<li>Repasar nociones de qu\u00edmica del fuego.<\/li>\n<li>Adquirir elementos anal\u00edticos abocados al an\u00e1lisis qu\u00edmico gravim\u00e9trico e instrumental b\u00e1sico.<\/li>\n<li>Incorporar elementos relacionados con la Seguridad Alimentaria.<\/li>\n<\/ul>\n<p><strong>Certificaci\u00f3n: <\/strong>Con la aprobaci\u00f3n de todas las instancias propuestas se emitir\u00e1 el T\u00edtulo Certificado por la Fundaci\u00f3n Qu\u00edmica Argentina. ESPECIALISTA EN QU\u00cdMICA LABORAL, seg\u00fan el Reglamento vigente de Especialidades del Consejo Profesional de Qu\u00edmica de la Pcia de Bs. As.<\/p>\n<p>&nbsp;<\/p>\n<\/div>\n<\/div>\n<\/div>\n<\/div>\n<\/div>\n<\/div>\n<\/div>\n<\/div>\n<div class=\"col-lg-4 col-md-12 sticky-sidebar\">\n<div class=\"theiaStickySidebar\">\n<div class=\"inner-column sticky-top\">\n<div class=\"intro-video\"><\/div>\n<\/div>\n<\/div>\n<\/div>\n<\/div>\n<\/div>\n<\/div>\n","protected":false},"excerpt":{"rendered":"<p>Especialidad en qu\u00edmica laboral. Certificada por la Fundaci\u00f3n Qu\u00edmica Argentina. Reconocida por el Consejo Profesional de Qu\u00edmica de la Pcia de Bs. As.<\/p>\n","protected":false},"featured_media":747,"comment_status":"open","ping_status":"closed","template":"","meta":{"_acf_changed":false},"product_brand":[],"product_cat":[22],"product_tag":[27],"class_list":{"0":"post-744","1":"product","2":"type-product","3":"status-publish","4":"has-post-thumbnail","6":"product_cat-quimica-general","7":"product_tag-tipo-irregular","9":"first","10":"instock","11":"shipping-taxable","12":"purchasable","13":"product-type-variable"},"acf":[],"yoast_head":"<!-- This site is optimized with the Yoast SEO Premium plugin v24.7 (Yoast SEO v26.3) - https:\/\/yoast.com\/wordpress\/plugins\/seo\/ -->\n<title>Especialidad en qu\u00edmica laboral - Cursos Fundaci\u00f3n Qu\u00edmica Argentina<\/title>\n<meta name=\"description\" content=\"Especialidad en qu\u00edmica laboral. Certificada por la Fundaci\u00f3n Qu\u00edmica Argentina. Reconocida por el Consejo Profesional de Qu\u00edmica de la Pcia de Bs. As.\" \/>\n<meta name=\"robots\" content=\"index, follow, max-snippet:-1, max-image-preview:large, max-video-preview:-1\" \/>\n<link rel=\"canonical\" href=\"https:\/\/fundacionquimica.org.ar\/cursos\/cursos\/curso-especialista-en-quimica-laboral\/\" \/>\n<meta property=\"og:locale\" content=\"es_ES\" \/>\n<meta property=\"og:type\" content=\"article\" \/>\n<meta property=\"og:title\" content=\"Especialista en Qu\u00edmica Laboral\" \/>\n<meta property=\"og:description\" content=\"Especialidad en qu\u00edmica laboral. Certificada por la Fundaci\u00f3n Qu\u00edmica Argentina. Reconocida por el Consejo Profesional de Qu\u00edmica de la Pcia de Bs. As.\" \/>\n<meta property=\"og:url\" content=\"https:\/\/fundacionquimica.org.ar\/cursos\/cursos\/curso-especialista-en-quimica-laboral\/\" \/>\n<meta property=\"og:site_name\" content=\"Cursos Fundaci\u00f3n Qu\u00edmica Argentina\" \/>\n<meta property=\"article:publisher\" content=\"https:\/\/www.facebook.com\/FundacionQuimicaArgentina\" \/>\n<meta property=\"article:modified_time\" content=\"2026-04-14T14:56:55+00:00\" \/>\n<meta property=\"og:image\" content=\"https:\/\/fundacionquimica.org.ar\/cursos\/wp-content\/uploads\/2024\/06\/especialidad.png\" \/>\n\t<meta property=\"og:image:width\" content=\"887\" \/>\n\t<meta property=\"og:image:height\" content=\"625\" \/>\n\t<meta property=\"og:image:type\" content=\"image\/png\" \/>\n<meta name=\"twitter:card\" content=\"summary_large_image\" \/>\n<meta name=\"twitter:label1\" content=\"Disponibilidad\" \/>\n\t<meta name=\"twitter:data1\" content=\"Disponible\" \/>\n<script type=\"application\/ld+json\" class=\"yoast-schema-graph\">{\"@context\":\"https:\/\/schema.org\",\"@graph\":[{\"@type\":\"WebPage\",\"@id\":\"https:\/\/fundacionquimica.org.ar\/cursos\/cursos\/curso-especialista-en-quimica-laboral\/\",\"url\":\"https:\/\/fundacionquimica.org.ar\/cursos\/cursos\/curso-especialista-en-quimica-laboral\/\",\"name\":\"Especialidad en qu\u00edmica laboral - Cursos Fundaci\u00f3n Qu\u00edmica Argentina\",\"isPartOf\":{\"@id\":\"https:\/\/fundacionquimica.org.ar\/cursos\/#website\"},\"primaryImageOfPage\":{\"@id\":\"https:\/\/fundacionquimica.org.ar\/cursos\/cursos\/curso-especialista-en-quimica-laboral\/#primaryimage\"},\"image\":{\"@id\":\"https:\/\/fundacionquimica.org.ar\/cursos\/cursos\/curso-especialista-en-quimica-laboral\/#primaryimage\"},\"thumbnailUrl\":\"https:\/\/fundacionquimica.org.ar\/cursos\/wp-content\/uploads\/2024\/06\/especialidad.png\",\"datePublished\":\"2026-04-08T15:41:54+00:00\",\"dateModified\":\"2026-04-14T14:56:55+00:00\",\"description\":\"Especialidad en qu\u00edmica laboral. Certificada por la Fundaci\u00f3n Qu\u00edmica Argentina. Reconocida por el Consejo Profesional de Qu\u00edmica de la Pcia de Bs. As.\",\"breadcrumb\":{\"@id\":\"https:\/\/fundacionquimica.org.ar\/cursos\/cursos\/curso-especialista-en-quimica-laboral\/#breadcrumb\"},\"inLanguage\":\"es\",\"potentialAction\":[{\"@type\":\"ReadAction\",\"target\":[\"https:\/\/fundacionquimica.org.ar\/cursos\/cursos\/curso-especialista-en-quimica-laboral\/\"]}]},{\"@type\":\"ImageObject\",\"inLanguage\":\"es\",\"@id\":\"https:\/\/fundacionquimica.org.ar\/cursos\/cursos\/curso-especialista-en-quimica-laboral\/#primaryimage\",\"url\":\"https:\/\/fundacionquimica.org.ar\/cursos\/wp-content\/uploads\/2024\/06\/especialidad.png\",\"contentUrl\":\"https:\/\/fundacionquimica.org.ar\/cursos\/wp-content\/uploads\/2024\/06\/especialidad.png\",\"width\":887,\"height\":625,\"caption\":\"especialidad en qu\u00edmica laboral\"},{\"@type\":\"BreadcrumbList\",\"@id\":\"https:\/\/fundacionquimica.org.ar\/cursos\/cursos\/curso-especialista-en-quimica-laboral\/#breadcrumb\",\"itemListElement\":[{\"@type\":\"ListItem\",\"position\":1,\"name\":\"Home\",\"item\":\"https:\/\/fundacionquimica.org.ar\/cursos\/\"},{\"@type\":\"ListItem\",\"position\":2,\"name\":\"Todos los Cursos\",\"item\":\"https:\/\/fundacionquimica.org.ar\/cursos\/cursos\/\"},{\"@type\":\"ListItem\",\"position\":3,\"name\":\"Especialista en Qu\u00edmica Laboral\"}]},{\"@type\":\"WebSite\",\"@id\":\"https:\/\/fundacionquimica.org.ar\/cursos\/#website\",\"url\":\"https:\/\/fundacionquimica.org.ar\/cursos\/\",\"name\":\"Cursos Fundaci\u00f3n Qu\u00edmica Argentina\",\"description\":\"\",\"publisher\":{\"@id\":\"https:\/\/fundacionquimica.org.ar\/cursos\/#organization\"},\"potentialAction\":[{\"@type\":\"SearchAction\",\"target\":{\"@type\":\"EntryPoint\",\"urlTemplate\":\"https:\/\/fundacionquimica.org.ar\/cursos\/?s={search_term_string}\"},\"query-input\":{\"@type\":\"PropertyValueSpecification\",\"valueRequired\":true,\"valueName\":\"search_term_string\"}}],\"inLanguage\":\"es\"},{\"@type\":\"Organization\",\"@id\":\"https:\/\/fundacionquimica.org.ar\/cursos\/#organization\",\"name\":\"Fundaci\u00f3n Qu\u00edmica Argentina\",\"url\":\"https:\/\/fundacionquimica.org.ar\/cursos\/\",\"logo\":{\"@type\":\"ImageObject\",\"inLanguage\":\"es\",\"@id\":\"https:\/\/fundacionquimica.org.ar\/cursos\/#\/schema\/logo\/image\/\",\"url\":\"https:\/\/fundacionquimica.org.ar\/cursos-nuevo\/wp-content\/uploads\/2024\/06\/cropped-f-1-32x32-1.jpg\",\"contentUrl\":\"https:\/\/fundacionquimica.org.ar\/cursos-nuevo\/wp-content\/uploads\/2024\/06\/cropped-f-1-32x32-1.jpg\",\"width\":32,\"height\":32,\"caption\":\"Fundaci\u00f3n Qu\u00edmica Argentina\"},\"image\":{\"@id\":\"https:\/\/fundacionquimica.org.ar\/cursos\/#\/schema\/logo\/image\/\"},\"sameAs\":[\"https:\/\/www.facebook.com\/FundacionQuimicaArgentina\",\"https:\/\/www.linkedin.com\/company\/cursosfqa\"]}]}<\/script>\n<meta property=\"og:availability\" content=\"instock\" \/>\n<meta property=\"product:availability\" content=\"instock\" \/>\n<meta property=\"product:condition\" content=\"new\" \/>\n<!-- \/ Yoast SEO Premium plugin. -->","yoast_head_json":{"title":"Especialidad en qu\u00edmica laboral - Cursos Fundaci\u00f3n Qu\u00edmica Argentina","description":"Especialidad en qu\u00edmica laboral. Certificada por la Fundaci\u00f3n Qu\u00edmica Argentina. Reconocida por el Consejo Profesional de Qu\u00edmica de la Pcia de Bs. As.","robots":{"index":"index","follow":"follow","max-snippet":"max-snippet:-1","max-image-preview":"max-image-preview:large","max-video-preview":"max-video-preview:-1"},"canonical":"https:\/\/fundacionquimica.org.ar\/cursos\/cursos\/curso-especialista-en-quimica-laboral\/","og_locale":"es_ES","og_type":"article","og_title":"Especialista en Qu\u00edmica Laboral","og_description":"Especialidad en qu\u00edmica laboral. Certificada por la Fundaci\u00f3n Qu\u00edmica Argentina. Reconocida por el Consejo Profesional de Qu\u00edmica de la Pcia de Bs. As.","og_url":"https:\/\/fundacionquimica.org.ar\/cursos\/cursos\/curso-especialista-en-quimica-laboral\/","og_site_name":"Cursos Fundaci\u00f3n Qu\u00edmica Argentina","article_publisher":"https:\/\/www.facebook.com\/FundacionQuimicaArgentina","article_modified_time":"2026-04-14T14:56:55+00:00","og_image":[{"url":"https:\/\/fundacionquimica.org.ar\/cursos\/wp-content\/uploads\/2024\/06\/especialidad.png","width":887,"height":625,"type":"image\/png"}],"twitter_card":"summary_large_image","twitter_misc":{"Disponibilidad":"Disponible"},"schema":{"@context":"https:\/\/schema.org","@graph":[{"@type":"WebPage","@id":"https:\/\/fundacionquimica.org.ar\/cursos\/cursos\/curso-especialista-en-quimica-laboral\/","url":"https:\/\/fundacionquimica.org.ar\/cursos\/cursos\/curso-especialista-en-quimica-laboral\/","name":"Especialidad en qu\u00edmica laboral - Cursos Fundaci\u00f3n Qu\u00edmica Argentina","isPartOf":{"@id":"https:\/\/fundacionquimica.org.ar\/cursos\/#website"},"primaryImageOfPage":{"@id":"https:\/\/fundacionquimica.org.ar\/cursos\/cursos\/curso-especialista-en-quimica-laboral\/#primaryimage"},"image":{"@id":"https:\/\/fundacionquimica.org.ar\/cursos\/cursos\/curso-especialista-en-quimica-laboral\/#primaryimage"},"thumbnailUrl":"https:\/\/fundacionquimica.org.ar\/cursos\/wp-content\/uploads\/2024\/06\/especialidad.png","datePublished":"2026-04-08T15:41:54+00:00","dateModified":"2026-04-14T14:56:55+00:00","description":"Especialidad en qu\u00edmica laboral. Certificada por la Fundaci\u00f3n Qu\u00edmica Argentina. Reconocida por el Consejo Profesional de Qu\u00edmica de la Pcia de Bs. As.","breadcrumb":{"@id":"https:\/\/fundacionquimica.org.ar\/cursos\/cursos\/curso-especialista-en-quimica-laboral\/#breadcrumb"},"inLanguage":"es","potentialAction":[{"@type":"ReadAction","target":["https:\/\/fundacionquimica.org.ar\/cursos\/cursos\/curso-especialista-en-quimica-laboral\/"]}]},{"@type":"ImageObject","inLanguage":"es","@id":"https:\/\/fundacionquimica.org.ar\/cursos\/cursos\/curso-especialista-en-quimica-laboral\/#primaryimage","url":"https:\/\/fundacionquimica.org.ar\/cursos\/wp-content\/uploads\/2024\/06\/especialidad.png","contentUrl":"https:\/\/fundacionquimica.org.ar\/cursos\/wp-content\/uploads\/2024\/06\/especialidad.png","width":887,"height":625,"caption":"especialidad en qu\u00edmica laboral"},{"@type":"BreadcrumbList","@id":"https:\/\/fundacionquimica.org.ar\/cursos\/cursos\/curso-especialista-en-quimica-laboral\/#breadcrumb","itemListElement":[{"@type":"ListItem","position":1,"name":"Home","item":"https:\/\/fundacionquimica.org.ar\/cursos\/"},{"@type":"ListItem","position":2,"name":"Todos los Cursos","item":"https:\/\/fundacionquimica.org.ar\/cursos\/cursos\/"},{"@type":"ListItem","position":3,"name":"Especialista en Qu\u00edmica Laboral"}]},{"@type":"WebSite","@id":"https:\/\/fundacionquimica.org.ar\/cursos\/#website","url":"https:\/\/fundacionquimica.org.ar\/cursos\/","name":"Cursos Fundaci\u00f3n Qu\u00edmica Argentina","description":"","publisher":{"@id":"https:\/\/fundacionquimica.org.ar\/cursos\/#organization"},"potentialAction":[{"@type":"SearchAction","target":{"@type":"EntryPoint","urlTemplate":"https:\/\/fundacionquimica.org.ar\/cursos\/?s={search_term_string}"},"query-input":{"@type":"PropertyValueSpecification","valueRequired":true,"valueName":"search_term_string"}}],"inLanguage":"es"},{"@type":"Organization","@id":"https:\/\/fundacionquimica.org.ar\/cursos\/#organization","name":"Fundaci\u00f3n Qu\u00edmica Argentina","url":"https:\/\/fundacionquimica.org.ar\/cursos\/","logo":{"@type":"ImageObject","inLanguage":"es","@id":"https:\/\/fundacionquimica.org.ar\/cursos\/#\/schema\/logo\/image\/","url":"https:\/\/fundacionquimica.org.ar\/cursos-nuevo\/wp-content\/uploads\/2024\/06\/cropped-f-1-32x32-1.jpg","contentUrl":"https:\/\/fundacionquimica.org.ar\/cursos-nuevo\/wp-content\/uploads\/2024\/06\/cropped-f-1-32x32-1.jpg","width":32,"height":32,"caption":"Fundaci\u00f3n Qu\u00edmica Argentina"},"image":{"@id":"https:\/\/fundacionquimica.org.ar\/cursos\/#\/schema\/logo\/image\/"},"sameAs":["https:\/\/www.facebook.com\/FundacionQuimicaArgentina","https:\/\/www.linkedin.com\/company\/cursosfqa"]}]},"og_availability":"instock","product_availability":"instock","product_condition":"new"},"_links":{"self":[{"href":"https:\/\/fundacionquimica.org.ar\/cursos\/wp-json\/wp\/v2\/product\/744","targetHints":{"allow":["GET"]}}],"collection":[{"href":"https:\/\/fundacionquimica.org.ar\/cursos\/wp-json\/wp\/v2\/product"}],"about":[{"href":"https:\/\/fundacionquimica.org.ar\/cursos\/wp-json\/wp\/v2\/types\/product"}],"replies":[{"embeddable":true,"href":"https:\/\/fundacionquimica.org.ar\/cursos\/wp-json\/wp\/v2\/comments?post=744"}],"wp:featuredmedia":[{"embeddable":true,"href":"https:\/\/fundacionquimica.org.ar\/cursos\/wp-json\/wp\/v2\/media\/747"}],"wp:attachment":[{"href":"https:\/\/fundacionquimica.org.ar\/cursos\/wp-json\/wp\/v2\/media?parent=744"}],"wp:term":[{"taxonomy":"product_brand","embeddable":true,"href":"https:\/\/fundacionquimica.org.ar\/cursos\/wp-json\/wp\/v2\/product_brand?post=744"},{"taxonomy":"product_cat","embeddable":true,"href":"https:\/\/fundacionquimica.org.ar\/cursos\/wp-json\/wp\/v2\/product_cat?post=744"},{"taxonomy":"product_tag","embeddable":true,"href":"https:\/\/fundacionquimica.org.ar\/cursos\/wp-json\/wp\/v2\/product_tag?post=744"}],"curies":[{"name":"wp","href":"https:\/\/api.w.org\/{rel}","templated":true}]}}