{"id":732,"date":"2024-06-19T16:00:14","date_gmt":"2024-06-19T16:00:14","guid":{"rendered":"https:\/\/fundacionquimica.org.ar\/cursos-nuevo\/?post_type=product&#038;p=732"},"modified":"2026-01-13T19:20:00","modified_gmt":"2026-01-13T19:20:00","slug":"asesor-genetico","status":"publish","type":"product","link":"https:\/\/fundacionquimica.org.ar\/cursos\/cursos\/asesor-genetico\/","title":{"rendered":"Asesor gen\u00e9tico"},"content":{"rendered":"<div class=\"col-lg-8 col-md-12 contents-sticky\">\n<div class=\"theiaStickySidebar\">\n<div id=\"learn-press-course\" class=\"course-summary learn-press\">\n<div class=\"course-summary\">\n<div class=\"course-landing-summary\">\n<div id=\"learn-press-course-tabs\" class=\"course-tabs\">\n<div id=\"tab-overview\" class=\"course-tab-panel-overview course-tab-panel active\">\n<div id=\"learn-press-course-description\" class=\"course-description\">\n<div id=\"learn-press-course-tabs\" class=\"course-tabs\">\n<div id=\"tab-overview\" class=\"course-tab-panel-overview course-tab-panel active\">\n<div id=\"learn-press-course-description\" class=\"course-description\">\n<div id=\"learn-press-course-tabs\" class=\"course-tabs\">\n<div id=\"tab-overview\" class=\"course-tab-panel-overview course-tab-panel active\">\n<div id=\"learn-press-course-description\" class=\"course-description\">\n<h2 class=\"et_pb_module_header\"><strong>Curso asesor gen\u00e9tico<\/strong><\/h2>\n<div class=\"et_pb_blurb_description\">\n<p><strong>Organizado por:<\/strong>\u00a0<a href=\"http:\/\/www.fundacionquimica.org.ar\/\">Fundaci\u00f3n Qu\u00edmica Argentina<\/a><br \/>\n<strong>Auspiciado por:<\/strong>\u00a0<a href=\"http:\/\/www.quimica.org.ar\/\">Consejo Profesional de Qu\u00edmica<\/a><\/p>\n<p><strong>Duraci\u00f3n:<\/strong>\u00a05 meses<\/p>\n<p><strong>Desarrollo:<\/strong> Se dar\u00e1 acceso al curso de asesor gen\u00e9tico en el\u00a0 <a href=\"http:\/\/www.cursosfqa.org.ar\/cursos\">campus virtual<\/a>\u00a0una vez formalizada la inscripci\u00f3n.\u00a0 La cursada es con m\u00f3dulos semanales con posibilidad de consultas y trato con el\u00a0docente\u00a0a trav\u00e9s del foro y servicio de mensajer\u00eda interno. Cada m\u00f3dulo cuenta con un cuestionario para su aprobaci\u00f3n.<\/p>\n<p><strong>OBJETIVOS DEL CURSO:<\/strong><\/p>\n<ul>\n<li>Profundizar en Conocimientos Gen\u00e9ticos: Proporcionar una comprensi\u00f3n avanzada de los principios gen\u00e9ticos, incluyendo mecanismos moleculares, herencia mendeliana y no mendeliana, y la influencia de la epigen\u00e9tica en la expresi\u00f3n g\u00e9nica.<\/li>\n<li>Especializaci\u00f3n en Asesoramiento Gen\u00e9tico: Desarrollar habilidades especializadas en asesoramiento gen\u00e9tico, centradas en la comunicaci\u00f3n efectiva con pacientes y futuros padres. Proporcionar conocimientos pr\u00e1cticos para abordar las preocupaciones y preguntas de los pacientes sobre enfermedades gen\u00e9ticas.<\/li>\n<li>Diagn\u00f3stico y Prevenci\u00f3n: Capacitar a los profesionales para realizar diagn\u00f3sticos gen\u00e9ticos, o conducir al mismo con la intervenci\u00f3n multidisciplinaria. Evaluar el riesgo de enfermedades gen\u00e9ticas.\u00a0 Examinar estrategias de prevenci\u00f3n y manejo de enfermedades gen\u00e9ticas en pacientes y futuros padres.<\/li>\n<li>Colaboraci\u00f3n Interdisciplinaria: Fomentar la colaboraci\u00f3n entre profesionales m\u00e9dicos, bioqu\u00edmicos, bi\u00f3logos, psic\u00f3logos, nutri\u00f3logos y genetistas para ofrecer una atenci\u00f3n integral y personalizada a los pacientes.\u00a0 Desarrollar habilidades de trabajo en equipo y comunicaci\u00f3n interprofesional.<\/li>\n<li>\u00c9tica y Confidencialidad: Abordar cuestiones \u00e9ticas en el asesoramiento gen\u00e9tico, incluyendo la confidencialidad, el consentimiento informado y la toma de decisiones compartida con los pacientes.<\/li>\n<\/ul>\n<p><strong>Certificaci\u00f3n:\u00a0<\/strong>Certificado de aprobaci\u00f3n en formato digital emitido por la Fundaci\u00f3n Qu\u00edmica Argentina.<\/p>\n<\/div>\n<\/div>\n<\/div>\n<\/div>\n<div class=\"elementor elementor-13095\" data-elementor-type=\"wp-post\" data-elementor-id=\"13095\">\n<section class=\"elementor-section elementor-top-section elementor-element elementor-element-8a78692 elementor-section-boxed elementor-section-height-default elementor-section-height-default\" data-id=\"8a78692\" data-element_type=\"section\">\n<div class=\"elementor-container elementor-column-gap-default\">\n<div class=\"elementor-column elementor-col-100 elementor-top-column elementor-element elementor-element-fab5c85\" data-id=\"fab5c85\" data-element_type=\"column\">\n<div class=\"elementor-widget-wrap elementor-element-populated\">\n<div class=\"elementor-element elementor-element-094950f elementor-widget elementor-widget-heading\" data-id=\"094950f\" data-element_type=\"widget\" data-widget_type=\"heading.default\">\n<div class=\"elementor-widget-container\"><\/div>\n<\/div>\n<\/div>\n<\/div>\n<\/div>\n<\/section>\n<\/div>\n<\/div>\n<\/div>\n<\/div>\n<\/div>\n<\/div>\n<\/div>\n<\/div>\n<\/div>\n<\/div>\n<\/div>\n<\/div>\n","protected":false},"excerpt":{"rendered":"<p>Curso Asesor gen\u00e9tico. Modalidad Virtual. Certificado por a Fundaci\u00f3n Qu\u00edmica Argentina. Capacitate manejando tus propios tiempos.<\/p>\n","protected":false},"featured_media":1216,"comment_status":"open","ping_status":"closed","template":"","meta":{"_acf_changed":false},"product_brand":[],"product_cat":[19],"product_tag":[27],"class_list":{"0":"post-732","1":"product","2":"type-product","3":"status-publish","4":"has-post-thumbnail","6":"product_cat-biologia-molecular","7":"product_tag-tipo-irregular","9":"first","10":"instock","11":"shipping-taxable","12":"purchasable","13":"product-type-variable"},"acf":[],"yoast_head":"<!-- This site is optimized with the Yoast SEO Premium plugin v24.7 (Yoast SEO v26.3) - https:\/\/yoast.com\/wordpress\/plugins\/seo\/ -->\n<title>Curso asesor gen\u00e9tico - Cursos Fundaci\u00f3n Qu\u00edmica Argentina<\/title>\n<meta name=\"description\" content=\"Curso Asesor gen\u00e9tico. Modalidad Virtual. Certificado por a Fundaci\u00f3n Qu\u00edmica Argentina. Capacitate manejando tus propios tiempos.\" \/>\n<meta name=\"robots\" content=\"index, follow, max-snippet:-1, max-image-preview:large, max-video-preview:-1\" \/>\n<link rel=\"canonical\" href=\"https:\/\/fundacionquimica.org.ar\/cursos\/cursos\/asesor-genetico\/\" \/>\n<meta property=\"og:locale\" content=\"es_ES\" \/>\n<meta property=\"og:type\" content=\"article\" \/>\n<meta property=\"og:title\" content=\"Asesor gen\u00e9tico\" \/>\n<meta property=\"og:description\" content=\"Curso Asesor gen\u00e9tico. Modalidad Virtual. Certificado por a Fundaci\u00f3n Qu\u00edmica Argentina. Capacitate manejando tus propios tiempos.\" \/>\n<meta property=\"og:url\" content=\"https:\/\/fundacionquimica.org.ar\/cursos\/cursos\/asesor-genetico\/\" \/>\n<meta property=\"og:site_name\" content=\"Cursos Fundaci\u00f3n Qu\u00edmica Argentina\" \/>\n<meta property=\"article:publisher\" content=\"https:\/\/www.facebook.com\/FundacionQuimicaArgentina\" \/>\n<meta property=\"article:modified_time\" content=\"2026-01-13T19:20:00+00:00\" \/>\n<meta property=\"og:image\" content=\"https:\/\/fundacionquimica.org.ar\/cursos\/wp-content\/uploads\/2024\/06\/multi-ethnic-research-team-studying-dna-mutations-female-doctor-in-picture-id1224202684-1-480x270-1.webp\" \/>\n\t<meta property=\"og:image:width\" content=\"480\" \/>\n\t<meta property=\"og:image:height\" content=\"270\" \/>\n\t<meta property=\"og:image:type\" content=\"image\/webp\" \/>\n<meta name=\"twitter:card\" content=\"summary_large_image\" \/>\n<meta name=\"twitter:label1\" content=\"Disponibilidad\" \/>\n\t<meta name=\"twitter:data1\" content=\"Disponible\" \/>\n<script type=\"application\/ld+json\" class=\"yoast-schema-graph\">{\"@context\":\"https:\/\/schema.org\",\"@graph\":[{\"@type\":\"WebPage\",\"@id\":\"https:\/\/fundacionquimica.org.ar\/cursos\/cursos\/asesor-genetico\/\",\"url\":\"https:\/\/fundacionquimica.org.ar\/cursos\/cursos\/asesor-genetico\/\",\"name\":\"Curso asesor gen\u00e9tico - Cursos Fundaci\u00f3n Qu\u00edmica Argentina\",\"isPartOf\":{\"@id\":\"https:\/\/fundacionquimica.org.ar\/cursos\/#website\"},\"primaryImageOfPage\":{\"@id\":\"https:\/\/fundacionquimica.org.ar\/cursos\/cursos\/asesor-genetico\/#primaryimage\"},\"image\":{\"@id\":\"https:\/\/fundacionquimica.org.ar\/cursos\/cursos\/asesor-genetico\/#primaryimage\"},\"thumbnailUrl\":\"https:\/\/fundacionquimica.org.ar\/cursos\/wp-content\/uploads\/2024\/06\/multi-ethnic-research-team-studying-dna-mutations-female-doctor-in-picture-id1224202684-1-480x270-1.webp\",\"datePublished\":\"2024-06-19T16:00:14+00:00\",\"dateModified\":\"2026-01-13T19:20:00+00:00\",\"description\":\"Curso Asesor gen\u00e9tico. Modalidad Virtual. Certificado por a Fundaci\u00f3n Qu\u00edmica Argentina. Capacitate manejando tus propios tiempos.\",\"breadcrumb\":{\"@id\":\"https:\/\/fundacionquimica.org.ar\/cursos\/cursos\/asesor-genetico\/#breadcrumb\"},\"inLanguage\":\"es\",\"potentialAction\":[{\"@type\":\"ReadAction\",\"target\":[\"https:\/\/fundacionquimica.org.ar\/cursos\/cursos\/asesor-genetico\/\"]}]},{\"@type\":\"ImageObject\",\"inLanguage\":\"es\",\"@id\":\"https:\/\/fundacionquimica.org.ar\/cursos\/cursos\/asesor-genetico\/#primaryimage\",\"url\":\"https:\/\/fundacionquimica.org.ar\/cursos\/wp-content\/uploads\/2024\/06\/multi-ethnic-research-team-studying-dna-mutations-female-doctor-in-picture-id1224202684-1-480x270-1.webp\",\"contentUrl\":\"https:\/\/fundacionquimica.org.ar\/cursos\/wp-content\/uploads\/2024\/06\/multi-ethnic-research-team-studying-dna-mutations-female-doctor-in-picture-id1224202684-1-480x270-1.webp\",\"width\":480,\"height\":270},{\"@type\":\"BreadcrumbList\",\"@id\":\"https:\/\/fundacionquimica.org.ar\/cursos\/cursos\/asesor-genetico\/#breadcrumb\",\"itemListElement\":[{\"@type\":\"ListItem\",\"position\":1,\"name\":\"Home\",\"item\":\"https:\/\/fundacionquimica.org.ar\/cursos\/\"},{\"@type\":\"ListItem\",\"position\":2,\"name\":\"Todos los Cursos\",\"item\":\"https:\/\/fundacionquimica.org.ar\/cursos\/cursos\/\"},{\"@type\":\"ListItem\",\"position\":3,\"name\":\"Asesor gen\u00e9tico\"}]},{\"@type\":\"WebSite\",\"@id\":\"https:\/\/fundacionquimica.org.ar\/cursos\/#website\",\"url\":\"https:\/\/fundacionquimica.org.ar\/cursos\/\",\"name\":\"Cursos Fundaci\u00f3n Qu\u00edmica Argentina\",\"description\":\"\",\"publisher\":{\"@id\":\"https:\/\/fundacionquimica.org.ar\/cursos\/#organization\"},\"potentialAction\":[{\"@type\":\"SearchAction\",\"target\":{\"@type\":\"EntryPoint\",\"urlTemplate\":\"https:\/\/fundacionquimica.org.ar\/cursos\/?s={search_term_string}\"},\"query-input\":{\"@type\":\"PropertyValueSpecification\",\"valueRequired\":true,\"valueName\":\"search_term_string\"}}],\"inLanguage\":\"es\"},{\"@type\":\"Organization\",\"@id\":\"https:\/\/fundacionquimica.org.ar\/cursos\/#organization\",\"name\":\"Fundaci\u00f3n Qu\u00edmica Argentina\",\"url\":\"https:\/\/fundacionquimica.org.ar\/cursos\/\",\"logo\":{\"@type\":\"ImageObject\",\"inLanguage\":\"es\",\"@id\":\"https:\/\/fundacionquimica.org.ar\/cursos\/#\/schema\/logo\/image\/\",\"url\":\"https:\/\/fundacionquimica.org.ar\/cursos-nuevo\/wp-content\/uploads\/2024\/06\/cropped-f-1-32x32-1.jpg\",\"contentUrl\":\"https:\/\/fundacionquimica.org.ar\/cursos-nuevo\/wp-content\/uploads\/2024\/06\/cropped-f-1-32x32-1.jpg\",\"width\":32,\"height\":32,\"caption\":\"Fundaci\u00f3n Qu\u00edmica Argentina\"},\"image\":{\"@id\":\"https:\/\/fundacionquimica.org.ar\/cursos\/#\/schema\/logo\/image\/\"},\"sameAs\":[\"https:\/\/www.facebook.com\/FundacionQuimicaArgentina\",\"https:\/\/www.linkedin.com\/company\/cursosfqa\"]}]}<\/script>\n<meta property=\"og:availability\" content=\"instock\" \/>\n<meta property=\"product:availability\" content=\"instock\" \/>\n<meta property=\"product:condition\" content=\"new\" \/>\n<!-- \/ Yoast SEO Premium plugin. -->","yoast_head_json":{"title":"Curso asesor gen\u00e9tico - Cursos Fundaci\u00f3n Qu\u00edmica Argentina","description":"Curso Asesor gen\u00e9tico. Modalidad Virtual. Certificado por a Fundaci\u00f3n Qu\u00edmica Argentina. Capacitate manejando tus propios tiempos.","robots":{"index":"index","follow":"follow","max-snippet":"max-snippet:-1","max-image-preview":"max-image-preview:large","max-video-preview":"max-video-preview:-1"},"canonical":"https:\/\/fundacionquimica.org.ar\/cursos\/cursos\/asesor-genetico\/","og_locale":"es_ES","og_type":"article","og_title":"Asesor gen\u00e9tico","og_description":"Curso Asesor gen\u00e9tico. Modalidad Virtual. Certificado por a Fundaci\u00f3n Qu\u00edmica Argentina. Capacitate manejando tus propios tiempos.","og_url":"https:\/\/fundacionquimica.org.ar\/cursos\/cursos\/asesor-genetico\/","og_site_name":"Cursos Fundaci\u00f3n Qu\u00edmica Argentina","article_publisher":"https:\/\/www.facebook.com\/FundacionQuimicaArgentina","article_modified_time":"2026-01-13T19:20:00+00:00","og_image":[{"width":480,"height":270,"url":"https:\/\/fundacionquimica.org.ar\/cursos\/wp-content\/uploads\/2024\/06\/multi-ethnic-research-team-studying-dna-mutations-female-doctor-in-picture-id1224202684-1-480x270-1.webp","type":"image\/webp"}],"twitter_card":"summary_large_image","twitter_misc":{"Disponibilidad":"Disponible"},"schema":{"@context":"https:\/\/schema.org","@graph":[{"@type":"WebPage","@id":"https:\/\/fundacionquimica.org.ar\/cursos\/cursos\/asesor-genetico\/","url":"https:\/\/fundacionquimica.org.ar\/cursos\/cursos\/asesor-genetico\/","name":"Curso asesor gen\u00e9tico - Cursos Fundaci\u00f3n Qu\u00edmica Argentina","isPartOf":{"@id":"https:\/\/fundacionquimica.org.ar\/cursos\/#website"},"primaryImageOfPage":{"@id":"https:\/\/fundacionquimica.org.ar\/cursos\/cursos\/asesor-genetico\/#primaryimage"},"image":{"@id":"https:\/\/fundacionquimica.org.ar\/cursos\/cursos\/asesor-genetico\/#primaryimage"},"thumbnailUrl":"https:\/\/fundacionquimica.org.ar\/cursos\/wp-content\/uploads\/2024\/06\/multi-ethnic-research-team-studying-dna-mutations-female-doctor-in-picture-id1224202684-1-480x270-1.webp","datePublished":"2024-06-19T16:00:14+00:00","dateModified":"2026-01-13T19:20:00+00:00","description":"Curso Asesor gen\u00e9tico. Modalidad Virtual. Certificado por a Fundaci\u00f3n Qu\u00edmica Argentina. Capacitate manejando tus propios tiempos.","breadcrumb":{"@id":"https:\/\/fundacionquimica.org.ar\/cursos\/cursos\/asesor-genetico\/#breadcrumb"},"inLanguage":"es","potentialAction":[{"@type":"ReadAction","target":["https:\/\/fundacionquimica.org.ar\/cursos\/cursos\/asesor-genetico\/"]}]},{"@type":"ImageObject","inLanguage":"es","@id":"https:\/\/fundacionquimica.org.ar\/cursos\/cursos\/asesor-genetico\/#primaryimage","url":"https:\/\/fundacionquimica.org.ar\/cursos\/wp-content\/uploads\/2024\/06\/multi-ethnic-research-team-studying-dna-mutations-female-doctor-in-picture-id1224202684-1-480x270-1.webp","contentUrl":"https:\/\/fundacionquimica.org.ar\/cursos\/wp-content\/uploads\/2024\/06\/multi-ethnic-research-team-studying-dna-mutations-female-doctor-in-picture-id1224202684-1-480x270-1.webp","width":480,"height":270},{"@type":"BreadcrumbList","@id":"https:\/\/fundacionquimica.org.ar\/cursos\/cursos\/asesor-genetico\/#breadcrumb","itemListElement":[{"@type":"ListItem","position":1,"name":"Home","item":"https:\/\/fundacionquimica.org.ar\/cursos\/"},{"@type":"ListItem","position":2,"name":"Todos los Cursos","item":"https:\/\/fundacionquimica.org.ar\/cursos\/cursos\/"},{"@type":"ListItem","position":3,"name":"Asesor gen\u00e9tico"}]},{"@type":"WebSite","@id":"https:\/\/fundacionquimica.org.ar\/cursos\/#website","url":"https:\/\/fundacionquimica.org.ar\/cursos\/","name":"Cursos Fundaci\u00f3n Qu\u00edmica Argentina","description":"","publisher":{"@id":"https:\/\/fundacionquimica.org.ar\/cursos\/#organization"},"potentialAction":[{"@type":"SearchAction","target":{"@type":"EntryPoint","urlTemplate":"https:\/\/fundacionquimica.org.ar\/cursos\/?s={search_term_string}"},"query-input":{"@type":"PropertyValueSpecification","valueRequired":true,"valueName":"search_term_string"}}],"inLanguage":"es"},{"@type":"Organization","@id":"https:\/\/fundacionquimica.org.ar\/cursos\/#organization","name":"Fundaci\u00f3n Qu\u00edmica Argentina","url":"https:\/\/fundacionquimica.org.ar\/cursos\/","logo":{"@type":"ImageObject","inLanguage":"es","@id":"https:\/\/fundacionquimica.org.ar\/cursos\/#\/schema\/logo\/image\/","url":"https:\/\/fundacionquimica.org.ar\/cursos-nuevo\/wp-content\/uploads\/2024\/06\/cropped-f-1-32x32-1.jpg","contentUrl":"https:\/\/fundacionquimica.org.ar\/cursos-nuevo\/wp-content\/uploads\/2024\/06\/cropped-f-1-32x32-1.jpg","width":32,"height":32,"caption":"Fundaci\u00f3n Qu\u00edmica Argentina"},"image":{"@id":"https:\/\/fundacionquimica.org.ar\/cursos\/#\/schema\/logo\/image\/"},"sameAs":["https:\/\/www.facebook.com\/FundacionQuimicaArgentina","https:\/\/www.linkedin.com\/company\/cursosfqa"]}]},"og_availability":"instock","product_availability":"instock","product_condition":"new"},"_links":{"self":[{"href":"https:\/\/fundacionquimica.org.ar\/cursos\/wp-json\/wp\/v2\/product\/732","targetHints":{"allow":["GET"]}}],"collection":[{"href":"https:\/\/fundacionquimica.org.ar\/cursos\/wp-json\/wp\/v2\/product"}],"about":[{"href":"https:\/\/fundacionquimica.org.ar\/cursos\/wp-json\/wp\/v2\/types\/product"}],"replies":[{"embeddable":true,"href":"https:\/\/fundacionquimica.org.ar\/cursos\/wp-json\/wp\/v2\/comments?post=732"}],"wp:featuredmedia":[{"embeddable":true,"href":"https:\/\/fundacionquimica.org.ar\/cursos\/wp-json\/wp\/v2\/media\/1216"}],"wp:attachment":[{"href":"https:\/\/fundacionquimica.org.ar\/cursos\/wp-json\/wp\/v2\/media?parent=732"}],"wp:term":[{"taxonomy":"product_brand","embeddable":true,"href":"https:\/\/fundacionquimica.org.ar\/cursos\/wp-json\/wp\/v2\/product_brand?post=732"},{"taxonomy":"product_cat","embeddable":true,"href":"https:\/\/fundacionquimica.org.ar\/cursos\/wp-json\/wp\/v2\/product_cat?post=732"},{"taxonomy":"product_tag","embeddable":true,"href":"https:\/\/fundacionquimica.org.ar\/cursos\/wp-json\/wp\/v2\/product_tag?post=732"}],"curies":[{"name":"wp","href":"https:\/\/api.w.org\/{rel}","templated":true}]}}