{"id":496,"date":"2024-04-09T16:13:05","date_gmt":"2024-04-09T16:13:05","guid":{"rendered":"https:\/\/fundacionquimica.org.ar\/cursos-nuevo\/?post_type=product&#038;p=496"},"modified":"2026-01-13T18:49:12","modified_gmt":"2026-01-13T18:49:12","slug":"analisis-drogas-de-abuso-en-laboratorios-de-baja-complejidad","status":"publish","type":"product","link":"https:\/\/fundacionquimica.org.ar\/cursos\/cursos\/analisis-drogas-de-abuso-en-laboratorios-de-baja-complejidad\/","title":{"rendered":"An\u00e1lisis de algunas drogas de abuso en laboratorios de baja complejidad"},"content":{"rendered":"<div id=\"learn-press-course-tabs\" class=\"course-tabs\">\n<div id=\"tab-overview\" class=\"course-tab-panel-overview course-tab-panel active\">\n<div id=\"learn-press-course-description\" class=\"course-description\">\n<div id=\"learn-press-course-tabs\" class=\"course-tabs\">\n<div id=\"tab-overview\" class=\"course-tab-panel-overview course-tab-panel active\">\n<div id=\"learn-press-course-description\" class=\"course-description\">\n<div id=\"learn-press-course-tabs\" class=\"course-tabs\">\n<div id=\"tab-overview\" class=\"course-tab-panel-overview course-tab-panel active\">\n<div id=\"learn-press-course-description\" class=\"course-description\">\n<div id=\"learn-press-course-tabs\" class=\"course-tabs\">\n<div id=\"tab-overview\" class=\"course-tab-panel-overview course-tab-panel active\">\n<div id=\"learn-press-course-description\" class=\"course-description\">\n<h2>Curso an\u00e1lisis de algunas\u00a0 drogas de abuso en Laboratorios de Baja Complejidad<\/h2>\n<p><strong>Organizado por:<\/strong>\u00a0<a href=\"http:\/\/www.fundacionquimica.org.ar\/\">Fundaci\u00f3n Qu\u00edmica Argentina<\/a><br \/>\n<strong>Auspiciado por:<\/strong>\u00a0<a href=\"http:\/\/www.quimica.org.ar\/\">Consejo Profesional de Qu\u00edmica<\/a><\/p>\n<p><strong>Duraci\u00f3n<\/strong>: 4 semanas<\/p>\n<p><strong>Cantidad de horas<\/strong>: 20<\/p>\n<p><strong>Capacidades que otorga.<\/strong> Que el cursante pueda realizar el an\u00e1lisis de las drogas de abuso\u00a0 m\u00e1s comunes con m\u00e9todos de an\u00e1lisis sencillos.<\/p>\n<p><strong>Car\u00e1cter del curso:<\/strong>\u00a0Te\u00f3rico\/ \u00a0Nivel\u00a0Introductorio<\/p>\n<p><strong>Desarrollo:<\/strong><br \/>\nSe dar\u00e1 acceso al campus virtual una vez formalizada la inscripci\u00f3n, en la siguiente fecha de inicio disponible.\u00a0 La cursada es con m\u00f3dulos semanales con posibilidad de consultas y trato con el\u00a0docente\u00a0a trav\u00e9s del foro y servicio de mensajer\u00eda interno. Cada m\u00f3dulo cuenta con un cuestionario para su aprobaci\u00f3n.<\/p>\n<div class=\"et_pb_blurb_description\"><strong>Certificaci\u00f3n:<\/strong><br \/>\nSe otorgar\u00e1 certificado de aprobaci\u00f3n del curso de An\u00e1lisis de algunas drogas de abuso en laboratorios de baja complejidad, emitido por la Fundaci\u00f3n Qu\u00edmica Argentina, en formato digital, a quienes hayan aprobado las actividades propuestas en la totalidad de los m\u00f3dulos.<\/div>\n<\/div>\n<\/div>\n<\/div>\n<div class=\"elementor elementor-11976\" data-elementor-type=\"wp-post\" data-elementor-id=\"11976\">\n<section class=\"elementor-section elementor-top-section elementor-element elementor-element-8a78692 elementor-section-boxed elementor-section-height-default elementor-section-height-default\" data-id=\"8a78692\" data-element_type=\"section\">\n<div class=\"elementor-container elementor-column-gap-default\">\n<div class=\"elementor-column elementor-col-100 elementor-top-column elementor-element elementor-element-fab5c85\" data-id=\"fab5c85\" data-element_type=\"column\">\n<div class=\"elementor-widget-wrap elementor-element-populated\">\n<div class=\"elementor-element elementor-element-094950f elementor-widget elementor-widget-heading\" data-id=\"094950f\" data-element_type=\"widget\" data-widget_type=\"heading.default\">\n<div class=\"elementor-widget-container\"><\/div>\n<\/div>\n<\/div>\n<\/div>\n<\/div>\n<\/section>\n<\/div>\n<\/div>\n<\/div>\n<\/div>\n<\/div>\n<\/div>\n<\/div>\n<\/div>\n<\/div>\n<\/div>\n","protected":false},"excerpt":{"rendered":"<p>Curso An\u00e1lisis de algunas drogas de abuso en laboratorios de baja complejidad. Modalidad virtual. Certificado por la Fundaci\u00f3n Qu\u00edmica Argentina.<\/p>\n","protected":false},"featured_media":499,"comment_status":"open","ping_status":"closed","template":"","meta":{"_acf_changed":false},"product_brand":[],"product_cat":[22],"product_tag":[26],"class_list":{"0":"post-496","1":"product","2":"type-product","3":"status-publish","4":"has-post-thumbnail","6":"product_cat-quimica-general","7":"product_tag-tipo-3","9":"first","10":"instock","11":"shipping-taxable","12":"purchasable","13":"product-type-variable"},"acf":[],"yoast_head":"<!-- This site is optimized with the Yoast SEO Premium plugin v24.7 (Yoast SEO v26.3) - https:\/\/yoast.com\/wordpress\/plugins\/seo\/ -->\n<title>Curso analisis drogas de abuso en laboratoios de baja complejidad<\/title>\n<meta name=\"description\" content=\"Curso An\u00e1lisis de algunas drogas de abuso en laboratorios de baja complejidad. Modalidad virtual. Certificado por la Fundaci\u00f3n Qu\u00edmica Argentina.\" \/>\n<meta name=\"robots\" content=\"index, follow, max-snippet:-1, max-image-preview:large, max-video-preview:-1\" \/>\n<link rel=\"canonical\" href=\"https:\/\/fundacionquimica.org.ar\/cursos\/cursos\/analisis-drogas-de-abuso-en-laboratorios-de-baja-complejidad\/\" \/>\n<meta property=\"og:locale\" content=\"es_ES\" \/>\n<meta property=\"og:type\" content=\"article\" \/>\n<meta property=\"og:title\" content=\"An\u00e1lisis de algunas drogas de abuso en laboratorios de baja complejidad\" \/>\n<meta property=\"og:description\" content=\"Curso An\u00e1lisis de algunas drogas de abuso en laboratorios de baja complejidad. Modalidad virtual. Certificado por la Fundaci\u00f3n Qu\u00edmica Argentina.\" \/>\n<meta property=\"og:url\" content=\"https:\/\/fundacionquimica.org.ar\/cursos\/cursos\/analisis-drogas-de-abuso-en-laboratorios-de-baja-complejidad\/\" \/>\n<meta property=\"og:site_name\" content=\"Cursos Fundaci\u00f3n Qu\u00edmica Argentina\" \/>\n<meta property=\"article:publisher\" content=\"https:\/\/www.facebook.com\/FundacionQuimicaArgentina\" \/>\n<meta property=\"article:modified_time\" content=\"2026-01-13T18:49:12+00:00\" \/>\n<meta property=\"og:image\" content=\"https:\/\/fundacionquimica.org.ar\/cursos\/wp-content\/uploads\/2024\/04\/AnalisisDrogasCurso.png\" \/>\n\t<meta property=\"og:image:width\" content=\"450\" \/>\n\t<meta property=\"og:image:height\" content=\"250\" \/>\n\t<meta property=\"og:image:type\" content=\"image\/png\" \/>\n<meta name=\"twitter:card\" content=\"summary_large_image\" \/>\n<meta name=\"twitter:label1\" content=\"Disponibilidad\" \/>\n\t<meta name=\"twitter:data1\" content=\"Disponible\" \/>\n<script type=\"application\/ld+json\" class=\"yoast-schema-graph\">{\"@context\":\"https:\/\/schema.org\",\"@graph\":[{\"@type\":\"WebPage\",\"@id\":\"https:\/\/fundacionquimica.org.ar\/cursos\/cursos\/analisis-drogas-de-abuso-en-laboratorios-de-baja-complejidad\/\",\"url\":\"https:\/\/fundacionquimica.org.ar\/cursos\/cursos\/analisis-drogas-de-abuso-en-laboratorios-de-baja-complejidad\/\",\"name\":\"Curso analisis drogas de abuso en laboratoios de baja complejidad\",\"isPartOf\":{\"@id\":\"https:\/\/fundacionquimica.org.ar\/cursos\/#website\"},\"primaryImageOfPage\":{\"@id\":\"https:\/\/fundacionquimica.org.ar\/cursos\/cursos\/analisis-drogas-de-abuso-en-laboratorios-de-baja-complejidad\/#primaryimage\"},\"image\":{\"@id\":\"https:\/\/fundacionquimica.org.ar\/cursos\/cursos\/analisis-drogas-de-abuso-en-laboratorios-de-baja-complejidad\/#primaryimage\"},\"thumbnailUrl\":\"https:\/\/fundacionquimica.org.ar\/cursos\/wp-content\/uploads\/2024\/04\/AnalisisDrogasCurso.png\",\"datePublished\":\"2024-04-09T16:13:05+00:00\",\"dateModified\":\"2026-01-13T18:49:12+00:00\",\"description\":\"Curso An\u00e1lisis de algunas drogas de abuso en laboratorios de baja complejidad. Modalidad virtual. Certificado por la Fundaci\u00f3n Qu\u00edmica Argentina.\",\"breadcrumb\":{\"@id\":\"https:\/\/fundacionquimica.org.ar\/cursos\/cursos\/analisis-drogas-de-abuso-en-laboratorios-de-baja-complejidad\/#breadcrumb\"},\"inLanguage\":\"es\",\"potentialAction\":[{\"@type\":\"ReadAction\",\"target\":[\"https:\/\/fundacionquimica.org.ar\/cursos\/cursos\/analisis-drogas-de-abuso-en-laboratorios-de-baja-complejidad\/\"]}]},{\"@type\":\"ImageObject\",\"inLanguage\":\"es\",\"@id\":\"https:\/\/fundacionquimica.org.ar\/cursos\/cursos\/analisis-drogas-de-abuso-en-laboratorios-de-baja-complejidad\/#primaryimage\",\"url\":\"https:\/\/fundacionquimica.org.ar\/cursos\/wp-content\/uploads\/2024\/04\/AnalisisDrogasCurso.png\",\"contentUrl\":\"https:\/\/fundacionquimica.org.ar\/cursos\/wp-content\/uploads\/2024\/04\/AnalisisDrogasCurso.png\",\"width\":450,\"height\":250,\"caption\":\"curso an\u00e1lisis de algunas drogas de abuso\"},{\"@type\":\"BreadcrumbList\",\"@id\":\"https:\/\/fundacionquimica.org.ar\/cursos\/cursos\/analisis-drogas-de-abuso-en-laboratorios-de-baja-complejidad\/#breadcrumb\",\"itemListElement\":[{\"@type\":\"ListItem\",\"position\":1,\"name\":\"Home\",\"item\":\"https:\/\/fundacionquimica.org.ar\/cursos\/\"},{\"@type\":\"ListItem\",\"position\":2,\"name\":\"Todos los Cursos\",\"item\":\"https:\/\/fundacionquimica.org.ar\/cursos\/cursos\/\"},{\"@type\":\"ListItem\",\"position\":3,\"name\":\"An\u00e1lisis de algunas drogas de abuso en laboratorios de baja complejidad\"}]},{\"@type\":\"WebSite\",\"@id\":\"https:\/\/fundacionquimica.org.ar\/cursos\/#website\",\"url\":\"https:\/\/fundacionquimica.org.ar\/cursos\/\",\"name\":\"Cursos Fundaci\u00f3n Qu\u00edmica Argentina\",\"description\":\"\",\"publisher\":{\"@id\":\"https:\/\/fundacionquimica.org.ar\/cursos\/#organization\"},\"potentialAction\":[{\"@type\":\"SearchAction\",\"target\":{\"@type\":\"EntryPoint\",\"urlTemplate\":\"https:\/\/fundacionquimica.org.ar\/cursos\/?s={search_term_string}\"},\"query-input\":{\"@type\":\"PropertyValueSpecification\",\"valueRequired\":true,\"valueName\":\"search_term_string\"}}],\"inLanguage\":\"es\"},{\"@type\":\"Organization\",\"@id\":\"https:\/\/fundacionquimica.org.ar\/cursos\/#organization\",\"name\":\"Fundaci\u00f3n Qu\u00edmica Argentina\",\"url\":\"https:\/\/fundacionquimica.org.ar\/cursos\/\",\"logo\":{\"@type\":\"ImageObject\",\"inLanguage\":\"es\",\"@id\":\"https:\/\/fundacionquimica.org.ar\/cursos\/#\/schema\/logo\/image\/\",\"url\":\"https:\/\/fundacionquimica.org.ar\/cursos-nuevo\/wp-content\/uploads\/2024\/06\/cropped-f-1-32x32-1.jpg\",\"contentUrl\":\"https:\/\/fundacionquimica.org.ar\/cursos-nuevo\/wp-content\/uploads\/2024\/06\/cropped-f-1-32x32-1.jpg\",\"width\":32,\"height\":32,\"caption\":\"Fundaci\u00f3n Qu\u00edmica Argentina\"},\"image\":{\"@id\":\"https:\/\/fundacionquimica.org.ar\/cursos\/#\/schema\/logo\/image\/\"},\"sameAs\":[\"https:\/\/www.facebook.com\/FundacionQuimicaArgentina\",\"https:\/\/www.linkedin.com\/company\/cursosfqa\"]}]}<\/script>\n<meta property=\"og:availability\" content=\"instock\" \/>\n<meta property=\"product:availability\" content=\"instock\" \/>\n<meta property=\"product:condition\" content=\"new\" \/>\n<!-- \/ Yoast SEO Premium plugin. -->","yoast_head_json":{"title":"Curso analisis drogas de abuso en laboratoios de baja complejidad","description":"Curso An\u00e1lisis de algunas drogas de abuso en laboratorios de baja complejidad. Modalidad virtual. Certificado por la Fundaci\u00f3n Qu\u00edmica Argentina.","robots":{"index":"index","follow":"follow","max-snippet":"max-snippet:-1","max-image-preview":"max-image-preview:large","max-video-preview":"max-video-preview:-1"},"canonical":"https:\/\/fundacionquimica.org.ar\/cursos\/cursos\/analisis-drogas-de-abuso-en-laboratorios-de-baja-complejidad\/","og_locale":"es_ES","og_type":"article","og_title":"An\u00e1lisis de algunas drogas de abuso en laboratorios de baja complejidad","og_description":"Curso An\u00e1lisis de algunas drogas de abuso en laboratorios de baja complejidad. Modalidad virtual. Certificado por la Fundaci\u00f3n Qu\u00edmica Argentina.","og_url":"https:\/\/fundacionquimica.org.ar\/cursos\/cursos\/analisis-drogas-de-abuso-en-laboratorios-de-baja-complejidad\/","og_site_name":"Cursos Fundaci\u00f3n Qu\u00edmica Argentina","article_publisher":"https:\/\/www.facebook.com\/FundacionQuimicaArgentina","article_modified_time":"2026-01-13T18:49:12+00:00","og_image":[{"width":450,"height":250,"url":"https:\/\/fundacionquimica.org.ar\/cursos\/wp-content\/uploads\/2024\/04\/AnalisisDrogasCurso.png","type":"image\/png"}],"twitter_card":"summary_large_image","twitter_misc":{"Disponibilidad":"Disponible"},"schema":{"@context":"https:\/\/schema.org","@graph":[{"@type":"WebPage","@id":"https:\/\/fundacionquimica.org.ar\/cursos\/cursos\/analisis-drogas-de-abuso-en-laboratorios-de-baja-complejidad\/","url":"https:\/\/fundacionquimica.org.ar\/cursos\/cursos\/analisis-drogas-de-abuso-en-laboratorios-de-baja-complejidad\/","name":"Curso analisis drogas de abuso en laboratoios de baja complejidad","isPartOf":{"@id":"https:\/\/fundacionquimica.org.ar\/cursos\/#website"},"primaryImageOfPage":{"@id":"https:\/\/fundacionquimica.org.ar\/cursos\/cursos\/analisis-drogas-de-abuso-en-laboratorios-de-baja-complejidad\/#primaryimage"},"image":{"@id":"https:\/\/fundacionquimica.org.ar\/cursos\/cursos\/analisis-drogas-de-abuso-en-laboratorios-de-baja-complejidad\/#primaryimage"},"thumbnailUrl":"https:\/\/fundacionquimica.org.ar\/cursos\/wp-content\/uploads\/2024\/04\/AnalisisDrogasCurso.png","datePublished":"2024-04-09T16:13:05+00:00","dateModified":"2026-01-13T18:49:12+00:00","description":"Curso An\u00e1lisis de algunas drogas de abuso en laboratorios de baja complejidad. Modalidad virtual. Certificado por la Fundaci\u00f3n Qu\u00edmica Argentina.","breadcrumb":{"@id":"https:\/\/fundacionquimica.org.ar\/cursos\/cursos\/analisis-drogas-de-abuso-en-laboratorios-de-baja-complejidad\/#breadcrumb"},"inLanguage":"es","potentialAction":[{"@type":"ReadAction","target":["https:\/\/fundacionquimica.org.ar\/cursos\/cursos\/analisis-drogas-de-abuso-en-laboratorios-de-baja-complejidad\/"]}]},{"@type":"ImageObject","inLanguage":"es","@id":"https:\/\/fundacionquimica.org.ar\/cursos\/cursos\/analisis-drogas-de-abuso-en-laboratorios-de-baja-complejidad\/#primaryimage","url":"https:\/\/fundacionquimica.org.ar\/cursos\/wp-content\/uploads\/2024\/04\/AnalisisDrogasCurso.png","contentUrl":"https:\/\/fundacionquimica.org.ar\/cursos\/wp-content\/uploads\/2024\/04\/AnalisisDrogasCurso.png","width":450,"height":250,"caption":"curso an\u00e1lisis de algunas drogas de abuso"},{"@type":"BreadcrumbList","@id":"https:\/\/fundacionquimica.org.ar\/cursos\/cursos\/analisis-drogas-de-abuso-en-laboratorios-de-baja-complejidad\/#breadcrumb","itemListElement":[{"@type":"ListItem","position":1,"name":"Home","item":"https:\/\/fundacionquimica.org.ar\/cursos\/"},{"@type":"ListItem","position":2,"name":"Todos los Cursos","item":"https:\/\/fundacionquimica.org.ar\/cursos\/cursos\/"},{"@type":"ListItem","position":3,"name":"An\u00e1lisis de algunas drogas de abuso en laboratorios de baja complejidad"}]},{"@type":"WebSite","@id":"https:\/\/fundacionquimica.org.ar\/cursos\/#website","url":"https:\/\/fundacionquimica.org.ar\/cursos\/","name":"Cursos Fundaci\u00f3n Qu\u00edmica Argentina","description":"","publisher":{"@id":"https:\/\/fundacionquimica.org.ar\/cursos\/#organization"},"potentialAction":[{"@type":"SearchAction","target":{"@type":"EntryPoint","urlTemplate":"https:\/\/fundacionquimica.org.ar\/cursos\/?s={search_term_string}"},"query-input":{"@type":"PropertyValueSpecification","valueRequired":true,"valueName":"search_term_string"}}],"inLanguage":"es"},{"@type":"Organization","@id":"https:\/\/fundacionquimica.org.ar\/cursos\/#organization","name":"Fundaci\u00f3n Qu\u00edmica Argentina","url":"https:\/\/fundacionquimica.org.ar\/cursos\/","logo":{"@type":"ImageObject","inLanguage":"es","@id":"https:\/\/fundacionquimica.org.ar\/cursos\/#\/schema\/logo\/image\/","url":"https:\/\/fundacionquimica.org.ar\/cursos-nuevo\/wp-content\/uploads\/2024\/06\/cropped-f-1-32x32-1.jpg","contentUrl":"https:\/\/fundacionquimica.org.ar\/cursos-nuevo\/wp-content\/uploads\/2024\/06\/cropped-f-1-32x32-1.jpg","width":32,"height":32,"caption":"Fundaci\u00f3n Qu\u00edmica Argentina"},"image":{"@id":"https:\/\/fundacionquimica.org.ar\/cursos\/#\/schema\/logo\/image\/"},"sameAs":["https:\/\/www.facebook.com\/FundacionQuimicaArgentina","https:\/\/www.linkedin.com\/company\/cursosfqa"]}]},"og_availability":"instock","product_availability":"instock","product_condition":"new"},"_links":{"self":[{"href":"https:\/\/fundacionquimica.org.ar\/cursos\/wp-json\/wp\/v2\/product\/496","targetHints":{"allow":["GET"]}}],"collection":[{"href":"https:\/\/fundacionquimica.org.ar\/cursos\/wp-json\/wp\/v2\/product"}],"about":[{"href":"https:\/\/fundacionquimica.org.ar\/cursos\/wp-json\/wp\/v2\/types\/product"}],"replies":[{"embeddable":true,"href":"https:\/\/fundacionquimica.org.ar\/cursos\/wp-json\/wp\/v2\/comments?post=496"}],"wp:featuredmedia":[{"embeddable":true,"href":"https:\/\/fundacionquimica.org.ar\/cursos\/wp-json\/wp\/v2\/media\/499"}],"wp:attachment":[{"href":"https:\/\/fundacionquimica.org.ar\/cursos\/wp-json\/wp\/v2\/media?parent=496"}],"wp:term":[{"taxonomy":"product_brand","embeddable":true,"href":"https:\/\/fundacionquimica.org.ar\/cursos\/wp-json\/wp\/v2\/product_brand?post=496"},{"taxonomy":"product_cat","embeddable":true,"href":"https:\/\/fundacionquimica.org.ar\/cursos\/wp-json\/wp\/v2\/product_cat?post=496"},{"taxonomy":"product_tag","embeddable":true,"href":"https:\/\/fundacionquimica.org.ar\/cursos\/wp-json\/wp\/v2\/product_tag?post=496"}],"curies":[{"name":"wp","href":"https:\/\/api.w.org\/{rel}","templated":true}]}}