{"id":492,"date":"2024-04-09T16:08:34","date_gmt":"2024-04-09T16:08:34","guid":{"rendered":"https:\/\/fundacionquimica.org.ar\/cursos-nuevo\/?post_type=product&#038;p=492"},"modified":"2026-01-13T18:49:15","modified_gmt":"2026-01-13T18:49:15","slug":"seguridad-quimica","status":"publish","type":"product","link":"https:\/\/fundacionquimica.org.ar\/cursos\/cursos\/seguridad-quimica\/","title":{"rendered":"Seguridad Qu\u00edmica"},"content":{"rendered":"<div id=\"learn-press-course-tabs\" class=\"course-tabs\">\n<div id=\"tab-overview\" class=\"course-tab-panel-overview course-tab-panel active\">\n<div id=\"learn-press-course-description\" class=\"course-description\">\n<div id=\"learn-press-course-tabs\" class=\"course-tabs\">\n<div id=\"tab-overview\" class=\"course-tab-panel-overview course-tab-panel active\">\n<div id=\"learn-press-course-description\" class=\"course-description\">\n<div id=\"learn-press-course-tabs\" class=\"course-tabs\">\n<div id=\"tab-overview\" class=\"course-tab-panel-overview course-tab-panel active\">\n<div id=\"learn-press-course-description\" class=\"course-description\">\n<h2 class=\"et_pb_module_header\">Curso Seguridad Qu\u00edmica<\/h2>\n<p><strong>Organizado por:<\/strong>\u00a0<a href=\"http:\/\/www.fundacionquimica.org.ar\/\">Fundaci\u00f3n Qu\u00edmica Argentina.<\/a><br \/>\n<strong>Auspiciado por:<\/strong>\u00a0<a href=\"http:\/\/www.quimica.org.ar\/\">Consejo Profesional de Qu\u00edmica.<\/a><br \/>\n<strong><br \/>\nModalidad:<\/strong>\u00a0A distancia<br \/>\n<strong>Inicio:<\/strong>\u00a0Semanalmente.<\/p>\n<p><strong>Dirigido a:<\/strong><\/p>\n<ul>\n<li>Profesionales t\u00e9cnicos y personal de laboratorios de an\u00e1lisis qu\u00edmicos, f\u00edsicos, fisicoqu\u00edmicos, biol\u00f3gicos, microbiol\u00f3gicos, ambientales, periciales y toxicol\u00f3gicos. Involucrados directa o indirectamente en manipulaci\u00f3n de sustancias qu\u00edmicas.<\/li>\n<li>Extensivo al personal de reparticiones oficiales, poder judicial, fuerzas armadas, gendarmer\u00eda, prefectura, polic\u00eda cient\u00edfica y otras que involucren manipulaci\u00f3n de sustancias qu\u00edmicas en sus diversas formas.<\/li>\n<\/ul>\n<p><strong>Desarrollo:<\/strong> Se dar\u00e1 acceso al curso de Seguridad qu\u00edmica en el campus virtual una vez formalizada la inscripci\u00f3n, en la pr\u00f3xima fecha disponible de inicio.\u00a0 La cursada es con m\u00f3dulos semanales con posibilidad de consultas y trato con el docente a trav\u00e9s del foro y servicio de mensajer\u00eda interno. Cada m\u00f3dulo cuenta con un cuestionario para su aprobaci\u00f3n.<\/p>\n<p><strong>Objetivos:<\/strong><\/p>\n<ul>\n<li class=\"et_pb_blurb_description\">Conocer los riesgos qu\u00edmicos y toxicol\u00f3gicos que surgen de la manipulaci\u00f3n de sustancias qu\u00edmicas.<\/li>\n<li class=\"et_pb_blurb_description\">Concientizar acerca de la importancia de la manipulaci\u00f3n segura de sustancias qu\u00edmicas en diferentes \u00e1mbitos de trabajo.<\/li>\n<li class=\"et_pb_blurb_description\">Minimizar los riesgos personales y colectivos por el manejo incorrecto de las sustancias qu\u00edmicas.<\/li>\n<li class=\"et_pb_blurb_description\">Conocer las medidas de higiene y seguridad a aplicar en materia de almacenamiento e incompatibilidades, en el uso de recipientes de las diferentes sustancias qu\u00edmicas.<\/li>\n<\/ul>\n<p><strong>Certificaci\u00f3n:<\/strong> Se otorgar\u00e1 certificado de aprobaci\u00f3n, del Curso de Seguridad Qu\u00edmica, emitido por la Fundaci\u00f3n Qu\u00edmica Argentina, en formato digital a quienes hayan cumplimentado y aprobado las actividades propuestas en la totalidad de los m\u00f3dulos del curso.<\/p>\n<\/div>\n<\/div>\n<\/div>\n<div class=\"elementor elementor-11976\" data-elementor-type=\"wp-post\" data-elementor-id=\"11976\">\n<section class=\"elementor-section elementor-top-section elementor-element elementor-element-8a78692 elementor-section-boxed elementor-section-height-default elementor-section-height-default\" data-id=\"8a78692\" data-element_type=\"section\">\n<div class=\"elementor-container elementor-column-gap-default\">\n<div class=\"elementor-column elementor-col-100 elementor-top-column elementor-element elementor-element-fab5c85\" data-id=\"fab5c85\" data-element_type=\"column\">\n<div class=\"elementor-widget-wrap elementor-element-populated\">\n<div class=\"elementor-element elementor-element-094950f elementor-widget elementor-widget-heading\" data-id=\"094950f\" data-element_type=\"widget\" data-widget_type=\"heading.default\">\n<div class=\"elementor-widget-container\"><\/div>\n<\/div>\n<\/div>\n<\/div>\n<\/div>\n<\/section>\n<\/div>\n<\/div>\n<\/div>\n<\/div>\n<\/div>\n<\/div>\n<\/div>\n","protected":false},"excerpt":{"rendered":"<p>Curso Seguridad Qu\u00edmica Organizado por:\u00a0Fundaci\u00f3n Qu\u00edmica Argentina. Auspiciado por:\u00a0Consejo Profesional de Qu\u00edmica. Modalidad:\u00a0A distancia Inicio:\u00a0Semanalmente. Dirigido a: Profesionales t\u00e9cnicos y personal de laboratorios de an\u00e1lisis qu\u00edmicos, f\u00edsicos, fisicoqu\u00edmicos, biol\u00f3gicos, microbiol\u00f3gicos, ambientales, periciales y toxicol\u00f3gicos. Involucrados directa o indirectamente en manipulaci\u00f3n de sustancias qu\u00edmicas. Extensivo al personal de reparticiones oficiales, poder judicial, fuerzas armadas, gendarmer\u00eda, prefectura, [&hellip;]<\/p>\n","protected":false},"featured_media":495,"comment_status":"open","ping_status":"closed","template":"","meta":{"_acf_changed":false},"product_brand":[],"product_cat":[22],"product_tag":[26],"class_list":{"0":"post-492","1":"product","2":"type-product","3":"status-publish","4":"has-post-thumbnail","6":"product_cat-quimica-general","7":"product_tag-tipo-3","9":"first","10":"instock","11":"shipping-taxable","12":"purchasable","13":"product-type-variable"},"acf":[],"yoast_head":"<!-- This site is optimized with the Yoast SEO Premium plugin v24.7 (Yoast SEO v26.3) - https:\/\/yoast.com\/wordpress\/plugins\/seo\/ -->\n<title>Curso Seguridad Qu\u00edmica<\/title>\n<meta name=\"description\" content=\"Curso Seguridad Qu\u00edmica. Modalidad Virtual. Certificado por la Fundaci\u00f3n Qu\u00edmica Argentina. Capacitate manejando tus propios tiempos.\" \/>\n<meta name=\"robots\" content=\"index, follow, max-snippet:-1, max-image-preview:large, max-video-preview:-1\" \/>\n<link rel=\"canonical\" href=\"https:\/\/fundacionquimica.org.ar\/cursos\/cursos\/seguridad-quimica\/\" \/>\n<meta property=\"og:locale\" content=\"es_ES\" \/>\n<meta property=\"og:type\" content=\"article\" \/>\n<meta property=\"og:title\" content=\"Seguridad Qu\u00edmica\" \/>\n<meta property=\"og:description\" content=\"Curso Seguridad Qu\u00edmica. Modalidad Virtual. Certificado por la Fundaci\u00f3n Qu\u00edmica Argentina. Capacitate manejando tus propios tiempos.\" \/>\n<meta property=\"og:url\" content=\"https:\/\/fundacionquimica.org.ar\/cursos\/cursos\/seguridad-quimica\/\" \/>\n<meta property=\"og:site_name\" content=\"Cursos Fundaci\u00f3n Qu\u00edmica Argentina\" \/>\n<meta property=\"article:publisher\" content=\"https:\/\/www.facebook.com\/FundacionQuimicaArgentina\" \/>\n<meta property=\"article:modified_time\" content=\"2026-01-13T18:49:15+00:00\" \/>\n<meta property=\"og:image\" content=\"https:\/\/fundacionquimica.org.ar\/cursos\/wp-content\/uploads\/2024\/04\/SeguridadQuimica.png\" \/>\n\t<meta property=\"og:image:width\" content=\"450\" \/>\n\t<meta property=\"og:image:height\" content=\"250\" \/>\n\t<meta property=\"og:image:type\" content=\"image\/png\" \/>\n<meta name=\"twitter:card\" content=\"summary_large_image\" \/>\n<meta name=\"twitter:label1\" content=\"Disponibilidad\" \/>\n\t<meta name=\"twitter:data1\" content=\"Disponible\" \/>\n<script type=\"application\/ld+json\" class=\"yoast-schema-graph\">{\"@context\":\"https:\/\/schema.org\",\"@graph\":[{\"@type\":\"WebPage\",\"@id\":\"https:\/\/fundacionquimica.org.ar\/cursos\/cursos\/seguridad-quimica\/\",\"url\":\"https:\/\/fundacionquimica.org.ar\/cursos\/cursos\/seguridad-quimica\/\",\"name\":\"Curso Seguridad Qu\u00edmica\",\"isPartOf\":{\"@id\":\"https:\/\/fundacionquimica.org.ar\/cursos\/#website\"},\"primaryImageOfPage\":{\"@id\":\"https:\/\/fundacionquimica.org.ar\/cursos\/cursos\/seguridad-quimica\/#primaryimage\"},\"image\":{\"@id\":\"https:\/\/fundacionquimica.org.ar\/cursos\/cursos\/seguridad-quimica\/#primaryimage\"},\"thumbnailUrl\":\"https:\/\/fundacionquimica.org.ar\/cursos\/wp-content\/uploads\/2024\/04\/SeguridadQuimica.png\",\"datePublished\":\"2024-04-09T16:08:34+00:00\",\"dateModified\":\"2026-01-13T18:49:15+00:00\",\"description\":\"Curso Seguridad Qu\u00edmica. Modalidad Virtual. Certificado por la Fundaci\u00f3n Qu\u00edmica Argentina. Capacitate manejando tus propios tiempos.\",\"breadcrumb\":{\"@id\":\"https:\/\/fundacionquimica.org.ar\/cursos\/cursos\/seguridad-quimica\/#breadcrumb\"},\"inLanguage\":\"es\",\"potentialAction\":[{\"@type\":\"ReadAction\",\"target\":[\"https:\/\/fundacionquimica.org.ar\/cursos\/cursos\/seguridad-quimica\/\"]}]},{\"@type\":\"ImageObject\",\"inLanguage\":\"es\",\"@id\":\"https:\/\/fundacionquimica.org.ar\/cursos\/cursos\/seguridad-quimica\/#primaryimage\",\"url\":\"https:\/\/fundacionquimica.org.ar\/cursos\/wp-content\/uploads\/2024\/04\/SeguridadQuimica.png\",\"contentUrl\":\"https:\/\/fundacionquimica.org.ar\/cursos\/wp-content\/uploads\/2024\/04\/SeguridadQuimica.png\",\"width\":450,\"height\":250,\"caption\":\"Curso Seguridad Qu\u00edmica\"},{\"@type\":\"BreadcrumbList\",\"@id\":\"https:\/\/fundacionquimica.org.ar\/cursos\/cursos\/seguridad-quimica\/#breadcrumb\",\"itemListElement\":[{\"@type\":\"ListItem\",\"position\":1,\"name\":\"Home\",\"item\":\"https:\/\/fundacionquimica.org.ar\/cursos\/\"},{\"@type\":\"ListItem\",\"position\":2,\"name\":\"Todos los Cursos\",\"item\":\"https:\/\/fundacionquimica.org.ar\/cursos\/cursos\/\"},{\"@type\":\"ListItem\",\"position\":3,\"name\":\"Seguridad Qu\u00edmica\"}]},{\"@type\":\"WebSite\",\"@id\":\"https:\/\/fundacionquimica.org.ar\/cursos\/#website\",\"url\":\"https:\/\/fundacionquimica.org.ar\/cursos\/\",\"name\":\"Cursos Fundaci\u00f3n Qu\u00edmica Argentina\",\"description\":\"\",\"publisher\":{\"@id\":\"https:\/\/fundacionquimica.org.ar\/cursos\/#organization\"},\"potentialAction\":[{\"@type\":\"SearchAction\",\"target\":{\"@type\":\"EntryPoint\",\"urlTemplate\":\"https:\/\/fundacionquimica.org.ar\/cursos\/?s={search_term_string}\"},\"query-input\":{\"@type\":\"PropertyValueSpecification\",\"valueRequired\":true,\"valueName\":\"search_term_string\"}}],\"inLanguage\":\"es\"},{\"@type\":\"Organization\",\"@id\":\"https:\/\/fundacionquimica.org.ar\/cursos\/#organization\",\"name\":\"Fundaci\u00f3n Qu\u00edmica Argentina\",\"url\":\"https:\/\/fundacionquimica.org.ar\/cursos\/\",\"logo\":{\"@type\":\"ImageObject\",\"inLanguage\":\"es\",\"@id\":\"https:\/\/fundacionquimica.org.ar\/cursos\/#\/schema\/logo\/image\/\",\"url\":\"https:\/\/fundacionquimica.org.ar\/cursos-nuevo\/wp-content\/uploads\/2024\/06\/cropped-f-1-32x32-1.jpg\",\"contentUrl\":\"https:\/\/fundacionquimica.org.ar\/cursos-nuevo\/wp-content\/uploads\/2024\/06\/cropped-f-1-32x32-1.jpg\",\"width\":32,\"height\":32,\"caption\":\"Fundaci\u00f3n Qu\u00edmica Argentina\"},\"image\":{\"@id\":\"https:\/\/fundacionquimica.org.ar\/cursos\/#\/schema\/logo\/image\/\"},\"sameAs\":[\"https:\/\/www.facebook.com\/FundacionQuimicaArgentina\",\"https:\/\/www.linkedin.com\/company\/cursosfqa\"]}]}<\/script>\n<meta property=\"og:availability\" content=\"instock\" \/>\n<meta property=\"product:availability\" content=\"instock\" \/>\n<meta property=\"product:condition\" content=\"new\" \/>\n<!-- \/ Yoast SEO Premium plugin. -->","yoast_head_json":{"title":"Curso Seguridad Qu\u00edmica","description":"Curso Seguridad Qu\u00edmica. Modalidad Virtual. Certificado por la Fundaci\u00f3n Qu\u00edmica Argentina. Capacitate manejando tus propios tiempos.","robots":{"index":"index","follow":"follow","max-snippet":"max-snippet:-1","max-image-preview":"max-image-preview:large","max-video-preview":"max-video-preview:-1"},"canonical":"https:\/\/fundacionquimica.org.ar\/cursos\/cursos\/seguridad-quimica\/","og_locale":"es_ES","og_type":"article","og_title":"Seguridad Qu\u00edmica","og_description":"Curso Seguridad Qu\u00edmica. Modalidad Virtual. Certificado por la Fundaci\u00f3n Qu\u00edmica Argentina. Capacitate manejando tus propios tiempos.","og_url":"https:\/\/fundacionquimica.org.ar\/cursos\/cursos\/seguridad-quimica\/","og_site_name":"Cursos Fundaci\u00f3n Qu\u00edmica Argentina","article_publisher":"https:\/\/www.facebook.com\/FundacionQuimicaArgentina","article_modified_time":"2026-01-13T18:49:15+00:00","og_image":[{"width":450,"height":250,"url":"https:\/\/fundacionquimica.org.ar\/cursos\/wp-content\/uploads\/2024\/04\/SeguridadQuimica.png","type":"image\/png"}],"twitter_card":"summary_large_image","twitter_misc":{"Disponibilidad":"Disponible"},"schema":{"@context":"https:\/\/schema.org","@graph":[{"@type":"WebPage","@id":"https:\/\/fundacionquimica.org.ar\/cursos\/cursos\/seguridad-quimica\/","url":"https:\/\/fundacionquimica.org.ar\/cursos\/cursos\/seguridad-quimica\/","name":"Curso Seguridad Qu\u00edmica","isPartOf":{"@id":"https:\/\/fundacionquimica.org.ar\/cursos\/#website"},"primaryImageOfPage":{"@id":"https:\/\/fundacionquimica.org.ar\/cursos\/cursos\/seguridad-quimica\/#primaryimage"},"image":{"@id":"https:\/\/fundacionquimica.org.ar\/cursos\/cursos\/seguridad-quimica\/#primaryimage"},"thumbnailUrl":"https:\/\/fundacionquimica.org.ar\/cursos\/wp-content\/uploads\/2024\/04\/SeguridadQuimica.png","datePublished":"2024-04-09T16:08:34+00:00","dateModified":"2026-01-13T18:49:15+00:00","description":"Curso Seguridad Qu\u00edmica. Modalidad Virtual. Certificado por la Fundaci\u00f3n Qu\u00edmica Argentina. Capacitate manejando tus propios tiempos.","breadcrumb":{"@id":"https:\/\/fundacionquimica.org.ar\/cursos\/cursos\/seguridad-quimica\/#breadcrumb"},"inLanguage":"es","potentialAction":[{"@type":"ReadAction","target":["https:\/\/fundacionquimica.org.ar\/cursos\/cursos\/seguridad-quimica\/"]}]},{"@type":"ImageObject","inLanguage":"es","@id":"https:\/\/fundacionquimica.org.ar\/cursos\/cursos\/seguridad-quimica\/#primaryimage","url":"https:\/\/fundacionquimica.org.ar\/cursos\/wp-content\/uploads\/2024\/04\/SeguridadQuimica.png","contentUrl":"https:\/\/fundacionquimica.org.ar\/cursos\/wp-content\/uploads\/2024\/04\/SeguridadQuimica.png","width":450,"height":250,"caption":"Curso Seguridad Qu\u00edmica"},{"@type":"BreadcrumbList","@id":"https:\/\/fundacionquimica.org.ar\/cursos\/cursos\/seguridad-quimica\/#breadcrumb","itemListElement":[{"@type":"ListItem","position":1,"name":"Home","item":"https:\/\/fundacionquimica.org.ar\/cursos\/"},{"@type":"ListItem","position":2,"name":"Todos los Cursos","item":"https:\/\/fundacionquimica.org.ar\/cursos\/cursos\/"},{"@type":"ListItem","position":3,"name":"Seguridad Qu\u00edmica"}]},{"@type":"WebSite","@id":"https:\/\/fundacionquimica.org.ar\/cursos\/#website","url":"https:\/\/fundacionquimica.org.ar\/cursos\/","name":"Cursos Fundaci\u00f3n Qu\u00edmica Argentina","description":"","publisher":{"@id":"https:\/\/fundacionquimica.org.ar\/cursos\/#organization"},"potentialAction":[{"@type":"SearchAction","target":{"@type":"EntryPoint","urlTemplate":"https:\/\/fundacionquimica.org.ar\/cursos\/?s={search_term_string}"},"query-input":{"@type":"PropertyValueSpecification","valueRequired":true,"valueName":"search_term_string"}}],"inLanguage":"es"},{"@type":"Organization","@id":"https:\/\/fundacionquimica.org.ar\/cursos\/#organization","name":"Fundaci\u00f3n Qu\u00edmica Argentina","url":"https:\/\/fundacionquimica.org.ar\/cursos\/","logo":{"@type":"ImageObject","inLanguage":"es","@id":"https:\/\/fundacionquimica.org.ar\/cursos\/#\/schema\/logo\/image\/","url":"https:\/\/fundacionquimica.org.ar\/cursos-nuevo\/wp-content\/uploads\/2024\/06\/cropped-f-1-32x32-1.jpg","contentUrl":"https:\/\/fundacionquimica.org.ar\/cursos-nuevo\/wp-content\/uploads\/2024\/06\/cropped-f-1-32x32-1.jpg","width":32,"height":32,"caption":"Fundaci\u00f3n Qu\u00edmica Argentina"},"image":{"@id":"https:\/\/fundacionquimica.org.ar\/cursos\/#\/schema\/logo\/image\/"},"sameAs":["https:\/\/www.facebook.com\/FundacionQuimicaArgentina","https:\/\/www.linkedin.com\/company\/cursosfqa"]}]},"og_availability":"instock","product_availability":"instock","product_condition":"new"},"_links":{"self":[{"href":"https:\/\/fundacionquimica.org.ar\/cursos\/wp-json\/wp\/v2\/product\/492","targetHints":{"allow":["GET"]}}],"collection":[{"href":"https:\/\/fundacionquimica.org.ar\/cursos\/wp-json\/wp\/v2\/product"}],"about":[{"href":"https:\/\/fundacionquimica.org.ar\/cursos\/wp-json\/wp\/v2\/types\/product"}],"replies":[{"embeddable":true,"href":"https:\/\/fundacionquimica.org.ar\/cursos\/wp-json\/wp\/v2\/comments?post=492"}],"wp:featuredmedia":[{"embeddable":true,"href":"https:\/\/fundacionquimica.org.ar\/cursos\/wp-json\/wp\/v2\/media\/495"}],"wp:attachment":[{"href":"https:\/\/fundacionquimica.org.ar\/cursos\/wp-json\/wp\/v2\/media?parent=492"}],"wp:term":[{"taxonomy":"product_brand","embeddable":true,"href":"https:\/\/fundacionquimica.org.ar\/cursos\/wp-json\/wp\/v2\/product_brand?post=492"},{"taxonomy":"product_cat","embeddable":true,"href":"https:\/\/fundacionquimica.org.ar\/cursos\/wp-json\/wp\/v2\/product_cat?post=492"},{"taxonomy":"product_tag","embeddable":true,"href":"https:\/\/fundacionquimica.org.ar\/cursos\/wp-json\/wp\/v2\/product_tag?post=492"}],"curies":[{"name":"wp","href":"https:\/\/api.w.org\/{rel}","templated":true}]}}