{"id":474,"date":"2024-04-09T15:21:13","date_gmt":"2024-04-09T15:21:13","guid":{"rendered":"https:\/\/fundacionquimica.org.ar\/cursos-nuevo\/?post_type=product&#038;p=474"},"modified":"2026-01-13T19:03:54","modified_gmt":"2026-01-13T19:03:54","slug":"pericias","status":"publish","type":"product","link":"https:\/\/fundacionquimica.org.ar\/cursos\/cursos\/pericias\/","title":{"rendered":"Pericias, informes y otras cuestiones de la actividad pericial"},"content":{"rendered":"<div class=\"col-lg-8 col-md-12 contents-sticky\">\n<div class=\"theiaStickySidebar\">\n<div id=\"learn-press-course\" class=\"course-summary learn-press\">\n<div class=\"course-summary\">\n<div class=\"course-landing-summary\">\n<div id=\"learn-press-course-tabs\" class=\"course-tabs\">\n<div id=\"tab-overview\" class=\"course-tab-panel-overview course-tab-panel active\">\n<div id=\"learn-press-course-description\" class=\"course-description\">\n<div id=\"learn-press-course-tabs\" class=\"course-tabs\">\n<div id=\"tab-overview\" class=\"course-tab-panel-overview course-tab-panel active\">\n<div id=\"learn-press-course-description\" class=\"course-description\">\n<div id=\"learn-press-course-tabs\" class=\"course-tabs\">\n<div id=\"tab-overview\" class=\"course-tab-panel-overview course-tab-panel active\">\n<div id=\"learn-press-course-description\" class=\"course-description\">\n<div id=\"learn-press-course-tabs\" class=\"course-tabs\">\n<div id=\"tab-overview\" class=\"course-tab-panel-overview course-tab-panel active\">\n<div id=\"learn-press-course-description\" class=\"course-description\">\n<div id=\"learn-press-course-tabs\" class=\"course-tabs\">\n<div id=\"tab-overview\" class=\"course-tab-panel-overview course-tab-panel active\">\n<div id=\"learn-press-course-description\" class=\"course-description\">\n<div id=\"learn-press-course-tabs\" class=\"course-tabs\">\n<div id=\"tab-overview\" class=\"course-tab-panel-overview course-tab-panel active\">\n<div id=\"learn-press-course-description\" class=\"course-description\">\n<div id=\"learn-press-course-tabs\" class=\"course-tabs\">\n<div id=\"tab-overview\" class=\"course-tab-panel-overview course-tab-panel active\">\n<div id=\"learn-press-course-description\" class=\"course-description\">\n<h2><strong>Pericias, informes y otras cuestiones de la actividad pericial<\/strong><\/h2>\n<p><strong>Organizado por:\u00a0<\/strong><a href=\"http:\/\/www.fundacionquimica.org.ar\/\">Fundaci\u00f3n Qu\u00edmica Argentina<\/a><br \/>\n<strong>Auspiciado por:<\/strong>\u00a0<a href=\"http:\/\/www.quimica.org.ar\/\">Consejo Profesional de Qu\u00edmica<\/a><br \/>\n<strong>Modalidad:<\/strong>\u00a0A distancia.<\/p>\n<p><strong>Inicios:<\/strong>\u00a0Semanalmente<\/p>\n<p><strong>Dirigido a: <\/strong>Este curso de pericias esta orientado a profesionales del \u00e1rea de la qu\u00edmica , medio ambiente, higiene y seguridad en el trabajo. Extensivo al personal de reparticiones oficiales, poder judicial, fuerzas armadas, gendarmer\u00eda, prefectura, polic\u00eda cient\u00edfica y otras que involucren\u00a0 tareas o intereses afines a la tem\u00e1tica del Curso.<\/p>\n<p><strong>Desarrollo:<\/strong><br \/>\nSe dar\u00e1 acceso al campus virtual una vez formalizada la inscripci\u00f3n, de acuerdo a la siguiente fecha de inicio disponible.\u00a0 La cursada es con m\u00f3dulos semanales con posibilidad de consultas y trato con el\u00a0docente\u00a0a trav\u00e9s del foro y servicio de mensajer\u00eda interno. La metodolog\u00eda de evaluaci\u00f3n es a trav\u00e9s de un trabajo practico final.<\/p>\n<p><strong>Objetivos:<\/strong><\/p>\n<ul>\n<li>Este curso pretende implementar las herramientas necesarias para el desarrollo de pericias desde la asignaci\u00f3n de una pericia, interpretar los puntos requeridos de contestaci\u00f3n, implementar las pr\u00e1cticas a realizar, elaborar el\u00a0 informe pericial y las conclusiones, desde la \u00f3ptica del Perito Qu\u00edmico involucrado en el \u00e1rea forense y ambiental.<\/li>\n<\/ul>\n<p><strong>Certificaci\u00f3n:\u00a0<\/strong>Se expedir\u00e1n certificados de aprobaci\u00f3n del curso emitido por la Fundaci\u00f3n Qu\u00edmica Argentina, a quienes hayan superado satisfactoriamente las evaluaci\u00f3n final.<\/p>\n<\/div>\n<\/div>\n<\/div>\n<div class=\"elementor elementor-13118\" data-elementor-type=\"wp-post\" data-elementor-id=\"13118\">\n<section class=\"elementor-section elementor-top-section elementor-element elementor-element-8a78692 elementor-section-boxed elementor-section-height-default elementor-section-height-default\" data-id=\"8a78692\" data-element_type=\"section\">\n<div class=\"elementor-container elementor-column-gap-default\">\n<div class=\"elementor-column elementor-col-100 elementor-top-column elementor-element elementor-element-fab5c85\" data-id=\"fab5c85\" data-element_type=\"column\">\n<div class=\"elementor-widget-wrap elementor-element-populated\">\n<div class=\"elementor-element elementor-element-094950f elementor-widget elementor-widget-heading\" data-id=\"094950f\" data-element_type=\"widget\" data-widget_type=\"heading.default\">\n<div class=\"elementor-widget-container\"><\/div>\n<\/div>\n<\/div>\n<\/div>\n<\/div>\n<\/section>\n<\/div>\n<\/div>\n<\/div>\n<\/div>\n<\/div>\n<\/div>\n<\/div>\n<\/div>\n<\/div>\n<\/div>\n<\/div>\n<\/div>\n<\/div>\n<\/div>\n<\/div>\n<\/div>\n<\/div>\n<\/div>\n<\/div>\n<\/div>\n<\/div>\n<\/div>\n<\/div>\n<\/div>\n","protected":false},"excerpt":{"rendered":"<p>Curso Pericias, informes y otras cuestiones de la actividad pericial. Modalidad virtual asincr\u00f3nica. Certificado por la Fundaci\u00f3n Qu\u00edmica Argentina.<\/p>\n","protected":false},"featured_media":477,"comment_status":"open","ping_status":"closed","template":"","meta":{"_acf_changed":false},"product_brand":[],"product_cat":[16],"product_tag":[26],"class_list":{"0":"post-474","1":"product","2":"type-product","3":"status-publish","4":"has-post-thumbnail","6":"product_cat-toxicologia","7":"product_tag-tipo-3","9":"first","10":"instock","11":"shipping-taxable","12":"purchasable","13":"product-type-variable"},"acf":[],"yoast_head":"<!-- This site is optimized with the Yoast SEO Premium plugin v24.7 (Yoast SEO v26.3) - https:\/\/yoast.com\/wordpress\/plugins\/seo\/ -->\n<title>curso pericias - Cursos Fundaci\u00f3n Qu\u00edmica Argentina<\/title>\n<meta name=\"description\" content=\"Curso Pericias, informes y otras cuestiones de la actividad pericial. Modalidad virtual asincr\u00f3nica. Certificado por la Fundaci\u00f3n Qu\u00edmica Argentina.\" \/>\n<meta name=\"robots\" content=\"index, follow, max-snippet:-1, max-image-preview:large, max-video-preview:-1\" \/>\n<link rel=\"canonical\" href=\"https:\/\/fundacionquimica.org.ar\/cursos\/cursos\/pericias\/\" \/>\n<meta property=\"og:locale\" content=\"es_ES\" \/>\n<meta property=\"og:type\" content=\"article\" \/>\n<meta property=\"og:title\" content=\"Pericias, informes y otras cuestiones de la actividad pericial\" \/>\n<meta property=\"og:description\" content=\"Curso Pericias, informes y otras cuestiones de la actividad pericial. Modalidad virtual asincr\u00f3nica. Certificado por la Fundaci\u00f3n Qu\u00edmica Argentina.\" \/>\n<meta property=\"og:url\" content=\"https:\/\/fundacionquimica.org.ar\/cursos\/cursos\/pericias\/\" \/>\n<meta property=\"og:site_name\" content=\"Cursos Fundaci\u00f3n Qu\u00edmica Argentina\" \/>\n<meta property=\"article:publisher\" content=\"https:\/\/www.facebook.com\/FundacionQuimicaArgentina\" \/>\n<meta property=\"article:modified_time\" content=\"2026-01-13T19:03:54+00:00\" \/>\n<meta property=\"og:image\" content=\"https:\/\/fundacionquimica.org.ar\/cursos\/wp-content\/uploads\/2024\/04\/toxi.jpg\" \/>\n\t<meta property=\"og:image:width\" content=\"400\" \/>\n\t<meta property=\"og:image:height\" content=\"250\" \/>\n\t<meta property=\"og:image:type\" content=\"image\/jpeg\" \/>\n<meta name=\"twitter:card\" content=\"summary_large_image\" \/>\n<meta name=\"twitter:label1\" content=\"Disponibilidad\" \/>\n\t<meta name=\"twitter:data1\" content=\"Disponible\" \/>\n<script type=\"application\/ld+json\" class=\"yoast-schema-graph\">{\"@context\":\"https:\/\/schema.org\",\"@graph\":[{\"@type\":\"WebPage\",\"@id\":\"https:\/\/fundacionquimica.org.ar\/cursos\/cursos\/pericias\/\",\"url\":\"https:\/\/fundacionquimica.org.ar\/cursos\/cursos\/pericias\/\",\"name\":\"curso pericias - Cursos Fundaci\u00f3n Qu\u00edmica Argentina\",\"isPartOf\":{\"@id\":\"https:\/\/fundacionquimica.org.ar\/cursos\/#website\"},\"primaryImageOfPage\":{\"@id\":\"https:\/\/fundacionquimica.org.ar\/cursos\/cursos\/pericias\/#primaryimage\"},\"image\":{\"@id\":\"https:\/\/fundacionquimica.org.ar\/cursos\/cursos\/pericias\/#primaryimage\"},\"thumbnailUrl\":\"https:\/\/fundacionquimica.org.ar\/cursos\/wp-content\/uploads\/2024\/04\/toxi.jpg\",\"datePublished\":\"2024-04-09T15:21:13+00:00\",\"dateModified\":\"2026-01-13T19:03:54+00:00\",\"description\":\"Curso Pericias, informes y otras cuestiones de la actividad pericial. Modalidad virtual asincr\u00f3nica. Certificado por la Fundaci\u00f3n Qu\u00edmica Argentina.\",\"breadcrumb\":{\"@id\":\"https:\/\/fundacionquimica.org.ar\/cursos\/cursos\/pericias\/#breadcrumb\"},\"inLanguage\":\"es\",\"potentialAction\":[{\"@type\":\"ReadAction\",\"target\":[\"https:\/\/fundacionquimica.org.ar\/cursos\/cursos\/pericias\/\"]}]},{\"@type\":\"ImageObject\",\"inLanguage\":\"es\",\"@id\":\"https:\/\/fundacionquimica.org.ar\/cursos\/cursos\/pericias\/#primaryimage\",\"url\":\"https:\/\/fundacionquimica.org.ar\/cursos\/wp-content\/uploads\/2024\/04\/toxi.jpg\",\"contentUrl\":\"https:\/\/fundacionquimica.org.ar\/cursos\/wp-content\/uploads\/2024\/04\/toxi.jpg\",\"width\":400,\"height\":250,\"caption\":\"cursos pericias\"},{\"@type\":\"BreadcrumbList\",\"@id\":\"https:\/\/fundacionquimica.org.ar\/cursos\/cursos\/pericias\/#breadcrumb\",\"itemListElement\":[{\"@type\":\"ListItem\",\"position\":1,\"name\":\"Home\",\"item\":\"https:\/\/fundacionquimica.org.ar\/cursos\/\"},{\"@type\":\"ListItem\",\"position\":2,\"name\":\"Todos los Cursos\",\"item\":\"https:\/\/fundacionquimica.org.ar\/cursos\/cursos\/\"},{\"@type\":\"ListItem\",\"position\":3,\"name\":\"Pericias, informes y otras cuestiones de la actividad pericial\"}]},{\"@type\":\"WebSite\",\"@id\":\"https:\/\/fundacionquimica.org.ar\/cursos\/#website\",\"url\":\"https:\/\/fundacionquimica.org.ar\/cursos\/\",\"name\":\"Cursos Fundaci\u00f3n Qu\u00edmica Argentina\",\"description\":\"\",\"publisher\":{\"@id\":\"https:\/\/fundacionquimica.org.ar\/cursos\/#organization\"},\"potentialAction\":[{\"@type\":\"SearchAction\",\"target\":{\"@type\":\"EntryPoint\",\"urlTemplate\":\"https:\/\/fundacionquimica.org.ar\/cursos\/?s={search_term_string}\"},\"query-input\":{\"@type\":\"PropertyValueSpecification\",\"valueRequired\":true,\"valueName\":\"search_term_string\"}}],\"inLanguage\":\"es\"},{\"@type\":\"Organization\",\"@id\":\"https:\/\/fundacionquimica.org.ar\/cursos\/#organization\",\"name\":\"Fundaci\u00f3n Qu\u00edmica Argentina\",\"url\":\"https:\/\/fundacionquimica.org.ar\/cursos\/\",\"logo\":{\"@type\":\"ImageObject\",\"inLanguage\":\"es\",\"@id\":\"https:\/\/fundacionquimica.org.ar\/cursos\/#\/schema\/logo\/image\/\",\"url\":\"https:\/\/fundacionquimica.org.ar\/cursos-nuevo\/wp-content\/uploads\/2024\/06\/cropped-f-1-32x32-1.jpg\",\"contentUrl\":\"https:\/\/fundacionquimica.org.ar\/cursos-nuevo\/wp-content\/uploads\/2024\/06\/cropped-f-1-32x32-1.jpg\",\"width\":32,\"height\":32,\"caption\":\"Fundaci\u00f3n Qu\u00edmica Argentina\"},\"image\":{\"@id\":\"https:\/\/fundacionquimica.org.ar\/cursos\/#\/schema\/logo\/image\/\"},\"sameAs\":[\"https:\/\/www.facebook.com\/FundacionQuimicaArgentina\",\"https:\/\/www.linkedin.com\/company\/cursosfqa\"]}]}<\/script>\n<meta property=\"og:availability\" content=\"instock\" \/>\n<meta property=\"product:availability\" content=\"instock\" \/>\n<meta property=\"product:condition\" content=\"new\" \/>\n<!-- \/ Yoast SEO Premium plugin. -->","yoast_head_json":{"title":"curso pericias - Cursos Fundaci\u00f3n Qu\u00edmica Argentina","description":"Curso Pericias, informes y otras cuestiones de la actividad pericial. Modalidad virtual asincr\u00f3nica. Certificado por la Fundaci\u00f3n Qu\u00edmica Argentina.","robots":{"index":"index","follow":"follow","max-snippet":"max-snippet:-1","max-image-preview":"max-image-preview:large","max-video-preview":"max-video-preview:-1"},"canonical":"https:\/\/fundacionquimica.org.ar\/cursos\/cursos\/pericias\/","og_locale":"es_ES","og_type":"article","og_title":"Pericias, informes y otras cuestiones de la actividad pericial","og_description":"Curso Pericias, informes y otras cuestiones de la actividad pericial. Modalidad virtual asincr\u00f3nica. Certificado por la Fundaci\u00f3n Qu\u00edmica Argentina.","og_url":"https:\/\/fundacionquimica.org.ar\/cursos\/cursos\/pericias\/","og_site_name":"Cursos Fundaci\u00f3n Qu\u00edmica Argentina","article_publisher":"https:\/\/www.facebook.com\/FundacionQuimicaArgentina","article_modified_time":"2026-01-13T19:03:54+00:00","og_image":[{"width":400,"height":250,"url":"https:\/\/fundacionquimica.org.ar\/cursos\/wp-content\/uploads\/2024\/04\/toxi.jpg","type":"image\/jpeg"}],"twitter_card":"summary_large_image","twitter_misc":{"Disponibilidad":"Disponible"},"schema":{"@context":"https:\/\/schema.org","@graph":[{"@type":"WebPage","@id":"https:\/\/fundacionquimica.org.ar\/cursos\/cursos\/pericias\/","url":"https:\/\/fundacionquimica.org.ar\/cursos\/cursos\/pericias\/","name":"curso pericias - Cursos Fundaci\u00f3n Qu\u00edmica Argentina","isPartOf":{"@id":"https:\/\/fundacionquimica.org.ar\/cursos\/#website"},"primaryImageOfPage":{"@id":"https:\/\/fundacionquimica.org.ar\/cursos\/cursos\/pericias\/#primaryimage"},"image":{"@id":"https:\/\/fundacionquimica.org.ar\/cursos\/cursos\/pericias\/#primaryimage"},"thumbnailUrl":"https:\/\/fundacionquimica.org.ar\/cursos\/wp-content\/uploads\/2024\/04\/toxi.jpg","datePublished":"2024-04-09T15:21:13+00:00","dateModified":"2026-01-13T19:03:54+00:00","description":"Curso Pericias, informes y otras cuestiones de la actividad pericial. Modalidad virtual asincr\u00f3nica. Certificado por la Fundaci\u00f3n Qu\u00edmica Argentina.","breadcrumb":{"@id":"https:\/\/fundacionquimica.org.ar\/cursos\/cursos\/pericias\/#breadcrumb"},"inLanguage":"es","potentialAction":[{"@type":"ReadAction","target":["https:\/\/fundacionquimica.org.ar\/cursos\/cursos\/pericias\/"]}]},{"@type":"ImageObject","inLanguage":"es","@id":"https:\/\/fundacionquimica.org.ar\/cursos\/cursos\/pericias\/#primaryimage","url":"https:\/\/fundacionquimica.org.ar\/cursos\/wp-content\/uploads\/2024\/04\/toxi.jpg","contentUrl":"https:\/\/fundacionquimica.org.ar\/cursos\/wp-content\/uploads\/2024\/04\/toxi.jpg","width":400,"height":250,"caption":"cursos pericias"},{"@type":"BreadcrumbList","@id":"https:\/\/fundacionquimica.org.ar\/cursos\/cursos\/pericias\/#breadcrumb","itemListElement":[{"@type":"ListItem","position":1,"name":"Home","item":"https:\/\/fundacionquimica.org.ar\/cursos\/"},{"@type":"ListItem","position":2,"name":"Todos los Cursos","item":"https:\/\/fundacionquimica.org.ar\/cursos\/cursos\/"},{"@type":"ListItem","position":3,"name":"Pericias, informes y otras cuestiones de la actividad pericial"}]},{"@type":"WebSite","@id":"https:\/\/fundacionquimica.org.ar\/cursos\/#website","url":"https:\/\/fundacionquimica.org.ar\/cursos\/","name":"Cursos Fundaci\u00f3n Qu\u00edmica Argentina","description":"","publisher":{"@id":"https:\/\/fundacionquimica.org.ar\/cursos\/#organization"},"potentialAction":[{"@type":"SearchAction","target":{"@type":"EntryPoint","urlTemplate":"https:\/\/fundacionquimica.org.ar\/cursos\/?s={search_term_string}"},"query-input":{"@type":"PropertyValueSpecification","valueRequired":true,"valueName":"search_term_string"}}],"inLanguage":"es"},{"@type":"Organization","@id":"https:\/\/fundacionquimica.org.ar\/cursos\/#organization","name":"Fundaci\u00f3n Qu\u00edmica Argentina","url":"https:\/\/fundacionquimica.org.ar\/cursos\/","logo":{"@type":"ImageObject","inLanguage":"es","@id":"https:\/\/fundacionquimica.org.ar\/cursos\/#\/schema\/logo\/image\/","url":"https:\/\/fundacionquimica.org.ar\/cursos-nuevo\/wp-content\/uploads\/2024\/06\/cropped-f-1-32x32-1.jpg","contentUrl":"https:\/\/fundacionquimica.org.ar\/cursos-nuevo\/wp-content\/uploads\/2024\/06\/cropped-f-1-32x32-1.jpg","width":32,"height":32,"caption":"Fundaci\u00f3n Qu\u00edmica Argentina"},"image":{"@id":"https:\/\/fundacionquimica.org.ar\/cursos\/#\/schema\/logo\/image\/"},"sameAs":["https:\/\/www.facebook.com\/FundacionQuimicaArgentina","https:\/\/www.linkedin.com\/company\/cursosfqa"]}]},"og_availability":"instock","product_availability":"instock","product_condition":"new"},"_links":{"self":[{"href":"https:\/\/fundacionquimica.org.ar\/cursos\/wp-json\/wp\/v2\/product\/474","targetHints":{"allow":["GET"]}}],"collection":[{"href":"https:\/\/fundacionquimica.org.ar\/cursos\/wp-json\/wp\/v2\/product"}],"about":[{"href":"https:\/\/fundacionquimica.org.ar\/cursos\/wp-json\/wp\/v2\/types\/product"}],"replies":[{"embeddable":true,"href":"https:\/\/fundacionquimica.org.ar\/cursos\/wp-json\/wp\/v2\/comments?post=474"}],"wp:featuredmedia":[{"embeddable":true,"href":"https:\/\/fundacionquimica.org.ar\/cursos\/wp-json\/wp\/v2\/media\/477"}],"wp:attachment":[{"href":"https:\/\/fundacionquimica.org.ar\/cursos\/wp-json\/wp\/v2\/media?parent=474"}],"wp:term":[{"taxonomy":"product_brand","embeddable":true,"href":"https:\/\/fundacionquimica.org.ar\/cursos\/wp-json\/wp\/v2\/product_brand?post=474"},{"taxonomy":"product_cat","embeddable":true,"href":"https:\/\/fundacionquimica.org.ar\/cursos\/wp-json\/wp\/v2\/product_cat?post=474"},{"taxonomy":"product_tag","embeddable":true,"href":"https:\/\/fundacionquimica.org.ar\/cursos\/wp-json\/wp\/v2\/product_tag?post=474"}],"curies":[{"name":"wp","href":"https:\/\/api.w.org\/{rel}","templated":true}]}}