{"id":458,"date":"2024-04-09T14:58:27","date_gmt":"2024-04-09T14:58:27","guid":{"rendered":"https:\/\/fundacionquimica.org.ar\/cursos-nuevo\/?post_type=product&#038;p=458"},"modified":"2026-01-13T19:05:41","modified_gmt":"2026-01-13T19:05:41","slug":"analisis-de-casos-ambientales","status":"publish","type":"product","link":"https:\/\/fundacionquimica.org.ar\/cursos\/cursos\/analisis-de-casos-ambientales\/","title":{"rendered":"An\u00e1lisis y resoluci\u00f3n de casos ambientales \u2013 Su relaci\u00f3n con la teor\u00eda"},"content":{"rendered":"<div class=\"col-lg-8 col-md-12 contents-sticky\">\n<div class=\"theiaStickySidebar\">\n<div id=\"learn-press-course\" class=\"course-summary learn-press\">\n<div class=\"course-summary\">\n<div class=\"course-landing-summary\">\n<div id=\"learn-press-course-tabs\" class=\"course-tabs\">\n<div id=\"tab-overview\" class=\"course-tab-panel-overview course-tab-panel active\">\n<div id=\"learn-press-course-description\" class=\"course-description\">\n<div id=\"learn-press-course-tabs\" class=\"course-tabs\">\n<div id=\"tab-overview\" class=\"course-tab-panel-overview course-tab-panel active\">\n<div id=\"learn-press-course-description\" class=\"course-description\">\n<div id=\"learn-press-course-tabs\" class=\"course-tabs\">\n<div id=\"tab-overview\" class=\"course-tab-panel-overview course-tab-panel active\">\n<div id=\"learn-press-course-description\" class=\"course-description\">\n<div id=\"learn-press-course-tabs\" class=\"course-tabs\">\n<div id=\"tab-overview\" class=\"course-tab-panel-overview course-tab-panel active\">\n<div id=\"learn-press-course-description\" class=\"course-description\">\n<h2><strong>Curso An\u00e1lisis de Casos Ambientales<\/strong><\/h2>\n<p><strong>Organizado por:<\/strong><a href=\"http:\/\/www.fundacionquimica.org.ar\/\">\u00a0Fundaci\u00f3n Qu\u00edmica Argentina<\/a><br \/>\n<strong>Auspiciado por:<\/strong>\u00a0<a href=\"http:\/\/www.quimica.org.ar\/\">Consejo Profesional de Qu\u00edmica<\/a><\/p>\n<p><strong>Desarrollo:<\/strong>\u00a0Se dar\u00e1 acceso al\u00a0<a href=\"http:\/\/www.cursosfqa.org.ar\/\">campus virtual<\/a>\u00a0una vez formalizada la inscripci\u00f3n.\u00a0 La cursada es con m\u00f3dulos semanales con posibilidad de consultas y trato con el\u00a0docente\u00a0a trav\u00e9s del foro y servicio de mensajer\u00eda interno. La\u00a0Modalidad de evaluaci\u00f3n es a trav\u00e9s de cuestionario integrador.<\/p>\n<p><strong>Car\u00e1cter del curso:\u00a0<\/strong>Te\u00f3rico\/ \u00a0Nivel\u00a0Introductorio<\/p>\n<p><strong>Capacidades que otorga:<\/strong><\/p>\n<ul>\n<li>Introducir a los conceptos te\u00f3ricos ambientales.<br \/>\nAnalizar casos con aplicaci\u00f3n de la teor\u00eda y correlacionarlos a la causa \u2013 efecto.<\/li>\n<li>Reconocer los riesgos ocasionados en el medio ambiente asociados a la presencia de sustancias qu\u00edmicas en el mismo.<\/li>\n<li>Adquirir los conocimientos m\u00ednimos para entender la problem\u00e1tica ambiental y su\u00a0 relaci\u00f3n a la resoluci\u00f3n de casos de contaminaci\u00f3n.<\/li>\n<li>Ser multiplicador de los conocimientos\u00a0 adquiridos.<\/li>\n<\/ul>\n<p><strong>Certificaci\u00f3n:<\/strong> Se otorga certificado de aprobaci\u00f3n en formato digital, emitido por la Fundaci\u00f3n Qu\u00edmica Argentina.<\/p>\n<p>Contamos con otros cursos que pueden interesarte en la categor\u00eda ambiente.<\/p>\n<\/div>\n<\/div>\n<\/div>\n<\/div>\n<\/div>\n<\/div>\n<\/div>\n<\/div>\n<\/div>\n<\/div>\n<\/div>\n<\/div>\n<\/div>\n<\/div>\n<\/div>\n<\/div>\n<\/div>\n","protected":false},"excerpt":{"rendered":"<p>Cursos ambiente: An\u00e1lisis y Resoluci\u00f3n de casos ambientales. Modalidad virtual. Certificado por la Fundaci\u00f3n Qu\u00edmica Argentina.<\/p>\n","protected":false},"featured_media":461,"comment_status":"open","ping_status":"closed","template":"","meta":{"_acf_changed":false},"product_brand":[],"product_cat":[18],"product_tag":[26],"class_list":{"0":"post-458","1":"product","2":"type-product","3":"status-publish","4":"has-post-thumbnail","6":"product_cat-ambiente","7":"product_tag-tipo-3","9":"first","10":"instock","11":"shipping-taxable","12":"purchasable","13":"product-type-variable"},"acf":[],"yoast_head":"<!-- This site is optimized with the Yoast SEO Premium plugin v24.7 (Yoast SEO v26.3) - https:\/\/yoast.com\/wordpress\/plugins\/seo\/ -->\n<title>Curso Ambiente - Cursos Fundaci\u00f3n Qu\u00edmica Argentina<\/title>\n<meta name=\"description\" content=\"Cursos ambiente: An\u00e1lisis y Resoluci\u00f3n de casos ambientales. Modalidad virtual. Certificado por la Fundaci\u00f3n Qu\u00edmica Argentina.\" \/>\n<meta name=\"robots\" content=\"index, follow, max-snippet:-1, max-image-preview:large, max-video-preview:-1\" \/>\n<link rel=\"canonical\" href=\"https:\/\/fundacionquimica.org.ar\/cursos\/cursos\/analisis-de-casos-ambientales\/\" \/>\n<meta property=\"og:locale\" content=\"es_ES\" \/>\n<meta property=\"og:type\" content=\"article\" \/>\n<meta property=\"og:title\" content=\"An\u00e1lisis y resoluci\u00f3n de casos ambientales \u2013 Su relaci\u00f3n con la teor\u00eda\" \/>\n<meta property=\"og:description\" content=\"Cursos ambiente: An\u00e1lisis y Resoluci\u00f3n de casos ambientales. Modalidad virtual. Certificado por la Fundaci\u00f3n Qu\u00edmica Argentina.\" \/>\n<meta property=\"og:url\" content=\"https:\/\/fundacionquimica.org.ar\/cursos\/cursos\/analisis-de-casos-ambientales\/\" \/>\n<meta property=\"og:site_name\" content=\"Cursos Fundaci\u00f3n Qu\u00edmica Argentina\" \/>\n<meta property=\"article:publisher\" content=\"https:\/\/www.facebook.com\/FundacionQuimicaArgentina\" \/>\n<meta property=\"article:modified_time\" content=\"2026-01-13T19:05:41+00:00\" \/>\n<meta property=\"og:image\" content=\"https:\/\/fundacionquimica.org.ar\/cursos\/wp-content\/uploads\/2024\/04\/amb4.jpg\" \/>\n\t<meta property=\"og:image:width\" content=\"400\" \/>\n\t<meta property=\"og:image:height\" content=\"250\" \/>\n\t<meta property=\"og:image:type\" content=\"image\/jpeg\" \/>\n<meta name=\"twitter:card\" content=\"summary_large_image\" \/>\n<meta name=\"twitter:label1\" content=\"Disponibilidad\" \/>\n\t<meta name=\"twitter:data1\" content=\"Disponible\" \/>\n<script type=\"application\/ld+json\" class=\"yoast-schema-graph\">{\"@context\":\"https:\/\/schema.org\",\"@graph\":[{\"@type\":\"WebPage\",\"@id\":\"https:\/\/fundacionquimica.org.ar\/cursos\/cursos\/analisis-de-casos-ambientales\/\",\"url\":\"https:\/\/fundacionquimica.org.ar\/cursos\/cursos\/analisis-de-casos-ambientales\/\",\"name\":\"Curso Ambiente - Cursos Fundaci\u00f3n Qu\u00edmica Argentina\",\"isPartOf\":{\"@id\":\"https:\/\/fundacionquimica.org.ar\/cursos\/#website\"},\"primaryImageOfPage\":{\"@id\":\"https:\/\/fundacionquimica.org.ar\/cursos\/cursos\/analisis-de-casos-ambientales\/#primaryimage\"},\"image\":{\"@id\":\"https:\/\/fundacionquimica.org.ar\/cursos\/cursos\/analisis-de-casos-ambientales\/#primaryimage\"},\"thumbnailUrl\":\"https:\/\/fundacionquimica.org.ar\/cursos\/wp-content\/uploads\/2024\/04\/amb4.jpg\",\"datePublished\":\"2024-04-09T14:58:27+00:00\",\"dateModified\":\"2026-01-13T19:05:41+00:00\",\"description\":\"Cursos ambiente: An\u00e1lisis y Resoluci\u00f3n de casos ambientales. Modalidad virtual. Certificado por la Fundaci\u00f3n Qu\u00edmica Argentina.\",\"breadcrumb\":{\"@id\":\"https:\/\/fundacionquimica.org.ar\/cursos\/cursos\/analisis-de-casos-ambientales\/#breadcrumb\"},\"inLanguage\":\"es\",\"potentialAction\":[{\"@type\":\"ReadAction\",\"target\":[\"https:\/\/fundacionquimica.org.ar\/cursos\/cursos\/analisis-de-casos-ambientales\/\"]}]},{\"@type\":\"ImageObject\",\"inLanguage\":\"es\",\"@id\":\"https:\/\/fundacionquimica.org.ar\/cursos\/cursos\/analisis-de-casos-ambientales\/#primaryimage\",\"url\":\"https:\/\/fundacionquimica.org.ar\/cursos\/wp-content\/uploads\/2024\/04\/amb4.jpg\",\"contentUrl\":\"https:\/\/fundacionquimica.org.ar\/cursos\/wp-content\/uploads\/2024\/04\/amb4.jpg\",\"width\":400,\"height\":250,\"caption\":\"curso sobre ambiente\"},{\"@type\":\"BreadcrumbList\",\"@id\":\"https:\/\/fundacionquimica.org.ar\/cursos\/cursos\/analisis-de-casos-ambientales\/#breadcrumb\",\"itemListElement\":[{\"@type\":\"ListItem\",\"position\":1,\"name\":\"Home\",\"item\":\"https:\/\/fundacionquimica.org.ar\/cursos\/\"},{\"@type\":\"ListItem\",\"position\":2,\"name\":\"Todos los Cursos\",\"item\":\"https:\/\/fundacionquimica.org.ar\/cursos\/cursos\/\"},{\"@type\":\"ListItem\",\"position\":3,\"name\":\"An\u00e1lisis y resoluci\u00f3n de casos ambientales \u2013 Su relaci\u00f3n con la teor\u00eda\"}]},{\"@type\":\"WebSite\",\"@id\":\"https:\/\/fundacionquimica.org.ar\/cursos\/#website\",\"url\":\"https:\/\/fundacionquimica.org.ar\/cursos\/\",\"name\":\"Cursos Fundaci\u00f3n Qu\u00edmica Argentina\",\"description\":\"\",\"publisher\":{\"@id\":\"https:\/\/fundacionquimica.org.ar\/cursos\/#organization\"},\"potentialAction\":[{\"@type\":\"SearchAction\",\"target\":{\"@type\":\"EntryPoint\",\"urlTemplate\":\"https:\/\/fundacionquimica.org.ar\/cursos\/?s={search_term_string}\"},\"query-input\":{\"@type\":\"PropertyValueSpecification\",\"valueRequired\":true,\"valueName\":\"search_term_string\"}}],\"inLanguage\":\"es\"},{\"@type\":\"Organization\",\"@id\":\"https:\/\/fundacionquimica.org.ar\/cursos\/#organization\",\"name\":\"Fundaci\u00f3n Qu\u00edmica Argentina\",\"url\":\"https:\/\/fundacionquimica.org.ar\/cursos\/\",\"logo\":{\"@type\":\"ImageObject\",\"inLanguage\":\"es\",\"@id\":\"https:\/\/fundacionquimica.org.ar\/cursos\/#\/schema\/logo\/image\/\",\"url\":\"https:\/\/fundacionquimica.org.ar\/cursos-nuevo\/wp-content\/uploads\/2024\/06\/cropped-f-1-32x32-1.jpg\",\"contentUrl\":\"https:\/\/fundacionquimica.org.ar\/cursos-nuevo\/wp-content\/uploads\/2024\/06\/cropped-f-1-32x32-1.jpg\",\"width\":32,\"height\":32,\"caption\":\"Fundaci\u00f3n Qu\u00edmica Argentina\"},\"image\":{\"@id\":\"https:\/\/fundacionquimica.org.ar\/cursos\/#\/schema\/logo\/image\/\"},\"sameAs\":[\"https:\/\/www.facebook.com\/FundacionQuimicaArgentina\",\"https:\/\/www.linkedin.com\/company\/cursosfqa\"]}]}<\/script>\n<meta property=\"og:availability\" content=\"instock\" \/>\n<meta property=\"product:availability\" content=\"instock\" \/>\n<meta property=\"product:condition\" content=\"new\" \/>\n<!-- \/ Yoast SEO Premium plugin. -->","yoast_head_json":{"title":"Curso Ambiente - Cursos Fundaci\u00f3n Qu\u00edmica Argentina","description":"Cursos ambiente: An\u00e1lisis y Resoluci\u00f3n de casos ambientales. Modalidad virtual. Certificado por la Fundaci\u00f3n Qu\u00edmica Argentina.","robots":{"index":"index","follow":"follow","max-snippet":"max-snippet:-1","max-image-preview":"max-image-preview:large","max-video-preview":"max-video-preview:-1"},"canonical":"https:\/\/fundacionquimica.org.ar\/cursos\/cursos\/analisis-de-casos-ambientales\/","og_locale":"es_ES","og_type":"article","og_title":"An\u00e1lisis y resoluci\u00f3n de casos ambientales \u2013 Su relaci\u00f3n con la teor\u00eda","og_description":"Cursos ambiente: An\u00e1lisis y Resoluci\u00f3n de casos ambientales. Modalidad virtual. Certificado por la Fundaci\u00f3n Qu\u00edmica Argentina.","og_url":"https:\/\/fundacionquimica.org.ar\/cursos\/cursos\/analisis-de-casos-ambientales\/","og_site_name":"Cursos Fundaci\u00f3n Qu\u00edmica Argentina","article_publisher":"https:\/\/www.facebook.com\/FundacionQuimicaArgentina","article_modified_time":"2026-01-13T19:05:41+00:00","og_image":[{"width":400,"height":250,"url":"https:\/\/fundacionquimica.org.ar\/cursos\/wp-content\/uploads\/2024\/04\/amb4.jpg","type":"image\/jpeg"}],"twitter_card":"summary_large_image","twitter_misc":{"Disponibilidad":"Disponible"},"schema":{"@context":"https:\/\/schema.org","@graph":[{"@type":"WebPage","@id":"https:\/\/fundacionquimica.org.ar\/cursos\/cursos\/analisis-de-casos-ambientales\/","url":"https:\/\/fundacionquimica.org.ar\/cursos\/cursos\/analisis-de-casos-ambientales\/","name":"Curso Ambiente - Cursos Fundaci\u00f3n Qu\u00edmica Argentina","isPartOf":{"@id":"https:\/\/fundacionquimica.org.ar\/cursos\/#website"},"primaryImageOfPage":{"@id":"https:\/\/fundacionquimica.org.ar\/cursos\/cursos\/analisis-de-casos-ambientales\/#primaryimage"},"image":{"@id":"https:\/\/fundacionquimica.org.ar\/cursos\/cursos\/analisis-de-casos-ambientales\/#primaryimage"},"thumbnailUrl":"https:\/\/fundacionquimica.org.ar\/cursos\/wp-content\/uploads\/2024\/04\/amb4.jpg","datePublished":"2024-04-09T14:58:27+00:00","dateModified":"2026-01-13T19:05:41+00:00","description":"Cursos ambiente: An\u00e1lisis y Resoluci\u00f3n de casos ambientales. Modalidad virtual. Certificado por la Fundaci\u00f3n Qu\u00edmica Argentina.","breadcrumb":{"@id":"https:\/\/fundacionquimica.org.ar\/cursos\/cursos\/analisis-de-casos-ambientales\/#breadcrumb"},"inLanguage":"es","potentialAction":[{"@type":"ReadAction","target":["https:\/\/fundacionquimica.org.ar\/cursos\/cursos\/analisis-de-casos-ambientales\/"]}]},{"@type":"ImageObject","inLanguage":"es","@id":"https:\/\/fundacionquimica.org.ar\/cursos\/cursos\/analisis-de-casos-ambientales\/#primaryimage","url":"https:\/\/fundacionquimica.org.ar\/cursos\/wp-content\/uploads\/2024\/04\/amb4.jpg","contentUrl":"https:\/\/fundacionquimica.org.ar\/cursos\/wp-content\/uploads\/2024\/04\/amb4.jpg","width":400,"height":250,"caption":"curso sobre ambiente"},{"@type":"BreadcrumbList","@id":"https:\/\/fundacionquimica.org.ar\/cursos\/cursos\/analisis-de-casos-ambientales\/#breadcrumb","itemListElement":[{"@type":"ListItem","position":1,"name":"Home","item":"https:\/\/fundacionquimica.org.ar\/cursos\/"},{"@type":"ListItem","position":2,"name":"Todos los Cursos","item":"https:\/\/fundacionquimica.org.ar\/cursos\/cursos\/"},{"@type":"ListItem","position":3,"name":"An\u00e1lisis y resoluci\u00f3n de casos ambientales \u2013 Su relaci\u00f3n con la teor\u00eda"}]},{"@type":"WebSite","@id":"https:\/\/fundacionquimica.org.ar\/cursos\/#website","url":"https:\/\/fundacionquimica.org.ar\/cursos\/","name":"Cursos Fundaci\u00f3n Qu\u00edmica Argentina","description":"","publisher":{"@id":"https:\/\/fundacionquimica.org.ar\/cursos\/#organization"},"potentialAction":[{"@type":"SearchAction","target":{"@type":"EntryPoint","urlTemplate":"https:\/\/fundacionquimica.org.ar\/cursos\/?s={search_term_string}"},"query-input":{"@type":"PropertyValueSpecification","valueRequired":true,"valueName":"search_term_string"}}],"inLanguage":"es"},{"@type":"Organization","@id":"https:\/\/fundacionquimica.org.ar\/cursos\/#organization","name":"Fundaci\u00f3n Qu\u00edmica Argentina","url":"https:\/\/fundacionquimica.org.ar\/cursos\/","logo":{"@type":"ImageObject","inLanguage":"es","@id":"https:\/\/fundacionquimica.org.ar\/cursos\/#\/schema\/logo\/image\/","url":"https:\/\/fundacionquimica.org.ar\/cursos-nuevo\/wp-content\/uploads\/2024\/06\/cropped-f-1-32x32-1.jpg","contentUrl":"https:\/\/fundacionquimica.org.ar\/cursos-nuevo\/wp-content\/uploads\/2024\/06\/cropped-f-1-32x32-1.jpg","width":32,"height":32,"caption":"Fundaci\u00f3n Qu\u00edmica Argentina"},"image":{"@id":"https:\/\/fundacionquimica.org.ar\/cursos\/#\/schema\/logo\/image\/"},"sameAs":["https:\/\/www.facebook.com\/FundacionQuimicaArgentina","https:\/\/www.linkedin.com\/company\/cursosfqa"]}]},"og_availability":"instock","product_availability":"instock","product_condition":"new"},"_links":{"self":[{"href":"https:\/\/fundacionquimica.org.ar\/cursos\/wp-json\/wp\/v2\/product\/458","targetHints":{"allow":["GET"]}}],"collection":[{"href":"https:\/\/fundacionquimica.org.ar\/cursos\/wp-json\/wp\/v2\/product"}],"about":[{"href":"https:\/\/fundacionquimica.org.ar\/cursos\/wp-json\/wp\/v2\/types\/product"}],"replies":[{"embeddable":true,"href":"https:\/\/fundacionquimica.org.ar\/cursos\/wp-json\/wp\/v2\/comments?post=458"}],"wp:featuredmedia":[{"embeddable":true,"href":"https:\/\/fundacionquimica.org.ar\/cursos\/wp-json\/wp\/v2\/media\/461"}],"wp:attachment":[{"href":"https:\/\/fundacionquimica.org.ar\/cursos\/wp-json\/wp\/v2\/media?parent=458"}],"wp:term":[{"taxonomy":"product_brand","embeddable":true,"href":"https:\/\/fundacionquimica.org.ar\/cursos\/wp-json\/wp\/v2\/product_brand?post=458"},{"taxonomy":"product_cat","embeddable":true,"href":"https:\/\/fundacionquimica.org.ar\/cursos\/wp-json\/wp\/v2\/product_cat?post=458"},{"taxonomy":"product_tag","embeddable":true,"href":"https:\/\/fundacionquimica.org.ar\/cursos\/wp-json\/wp\/v2\/product_tag?post=458"}],"curies":[{"name":"wp","href":"https:\/\/api.w.org\/{rel}","templated":true}]}}