{"id":428,"date":"2024-04-08T19:43:30","date_gmt":"2024-04-08T19:43:30","guid":{"rendered":"https:\/\/fundacionquimica.org.ar\/cursos-nuevo\/?post_type=product&#038;p=428"},"modified":"2026-01-13T19:29:08","modified_gmt":"2026-01-13T19:29:08","slug":"nociones-de-pcr-y-diagnostico-del-sars-cov-2","status":"publish","type":"product","link":"https:\/\/fundacionquimica.org.ar\/cursos\/cursos\/nociones-de-pcr-y-diagnostico-del-sars-cov-2\/","title":{"rendered":"Nociones de PCR y diagn\u00f3stico del SARS-COV-2"},"content":{"rendered":"<div id=\"learn-press-course-tabs\" class=\"course-tabs\">\n<div id=\"tab-overview\" class=\"course-tab-panel-overview course-tab-panel active\">\n<div id=\"learn-press-course-description\" class=\"course-description\">\n<h2 class=\"et_pb_module_header\">Curso Nociones de PCR y diagn\u00f3stico del\u00a0 SARS-COV-2<\/h2>\n<div class=\"et_pb_blurb_description\">\n<p><strong>Organizado por:<\/strong>\u00a0<a href=\"http:\/\/www.fundacionquimica.org.ar\/\">Fundaci\u00f3n Qu\u00edmica Argentina<\/a><br \/>\n<strong>Auspiciado por:<\/strong>\u00a0<a href=\"http:\/\/www.quimica.org.ar\/\">Consejo Profesional de Qu\u00edmica<\/a><\/p>\n<p><strong>Modalidad:<\/strong>\u00a0A distancia<\/p>\n<p><strong>Inicio:<\/strong>\u00a0Todas las semanas.<\/p>\n<p><strong>Desarrollo:<\/strong><\/p>\n<p>Se dar\u00e1 acceso al\u00a0<a href=\"http:\/\/www.cursosfqa.org.ar\/cursos\">campus virtual<\/a> al curso de b\u00e1sico de PCR, una vez formalizada la inscripci\u00f3n, en la siguiente fecha de inicio disponible.<\/p>\n<p>El curso cuenta con dos clases virtuales asincr\u00f3nicas, la posibilidad de descargar material de lectura y de consultas y trato con el docente a trav\u00e9s del foro y\/o servicio de mensajer\u00eda interno del campus. La aprobaci\u00f3n es a trav\u00e9s de un cuestionario final.<\/p>\n<\/div>\n<p><strong>Nociones de PCR (Reacci\u00f3n en cadena de la polimerasa) y al diagn\u00f3stico del SARS-COV-2<\/strong><\/p>\n<ul>\n<li>Si bien el presente es un curso b\u00e1sico, es accesible al iniciado y permitir\u00e1 al conocedor del tema, encontrar actualizaciones y datos muy recientes, guiar\u00e1 en la interpretaci\u00f3n del uso de la herramienta de biolog\u00eda molecular m\u00e1s utilizada y con m\u00e1s versatilidad en la actualidad. Siendo aplicable al \u00e1rea de la salud humana, el \u00e1mbito veterinario, la investigaci\u00f3n b\u00e1sica y aplicada, el control epidemiol\u00f3gico, t\u00e9cnicas forenses, entre otras.<\/li>\n<li>Se brindan los fundamentos de la t\u00e9cnica, lo cual permitir\u00e1, al reci\u00e9n iniciado una comprensi\u00f3n m\u00e1s integral del tema y al profesional del \u00e1rea, refrescar los conocimientos y estar al tanto tambi\u00e9n de la vanguardia.<\/li>\n<li>Se trata de un curso de nivelaci\u00f3n, nos pone a punto para luego seguir avanzando -si lo deseamos- en esta t\u00e9cnica de m\u00faltiples aplicaciones. Ver Curso <a href=\"https:\/\/fundacionquimica.org.ar\/cursos\/cursos\/curso-intensivo-de-pcr\/\">Intensivo de PCR<\/a> Curso de <a href=\"https:\/\/fundacionquimica.org.ar\/cursos\/cursos\/curso-biologia-molecular\/\">Biolog\u00eda Molecular\u00a0\u00a0<\/a><\/li>\n<\/ul>\n<div style=\"padding: 10px; margin: 10px; width: 100%; background-color: #b7edf7;\"><strong>BECA<\/strong><br \/>\nMatriculados al CPQ con cuota al d\u00eda.<br \/>\nPueden solicitar beca al momento de la inscripci\u00f3n.<\/div>\n<div>\n<div id=\"learn-press-course-tabs\" class=\"course-tabs\">\n<div id=\"tab-overview\" class=\"course-tab-panel-overview course-tab-panel active\">\n<div id=\"learn-press-course-description\" class=\"course-description\"><\/div>\n<\/div>\n<\/div>\n<div class=\"elementor elementor-13095\" data-elementor-type=\"wp-post\" data-elementor-id=\"13095\">\n<section class=\"elementor-section elementor-top-section elementor-element elementor-element-8a78692 elementor-section-boxed elementor-section-height-default elementor-section-height-default\" data-id=\"8a78692\" data-element_type=\"section\">\n<div class=\"elementor-container elementor-column-gap-default\">\n<div class=\"elementor-column elementor-col-100 elementor-top-column elementor-element elementor-element-fab5c85\" data-id=\"fab5c85\" data-element_type=\"column\">\n<div class=\"elementor-widget-wrap elementor-element-populated\">\n<div class=\"elementor-element elementor-element-094950f elementor-widget elementor-widget-heading\" data-id=\"094950f\" data-element_type=\"widget\" data-widget_type=\"heading.default\">\n<div class=\"elementor-widget-container\"><\/div>\n<\/div>\n<\/div>\n<\/div>\n<\/div>\n<\/section>\n<\/div>\n<\/div>\n<\/div>\n<\/div>\n<\/div>\n","protected":false},"excerpt":{"rendered":"<p>Curso Nociones de PCR y diagn\u00f3sitico de SarsCov2. Beca p\/matriculados al Consejo Profesional de Quimica de Bs. As. Certificado por Fundaci\u00f3n Quimica Argentina.<\/p>\n","protected":false},"featured_media":431,"comment_status":"open","ping_status":"closed","template":"","meta":{"_acf_changed":false},"product_brand":[],"product_cat":[19],"product_tag":[27],"class_list":{"0":"post-428","1":"product","2":"type-product","3":"status-publish","4":"has-post-thumbnail","6":"product_cat-biologia-molecular","7":"product_tag-tipo-irregular","9":"first","10":"instock","11":"shipping-taxable","12":"purchasable","13":"product-type-variable"},"acf":[],"yoast_head":"<!-- This site is optimized with the Yoast SEO Premium plugin v24.7 (Yoast SEO v26.3) - https:\/\/yoast.com\/wordpress\/plugins\/seo\/ -->\n<title>Nociones de PCR y diagn\u00f3stico del SARS-COV-2 - Cursos Fundaci\u00f3n Qu\u00edmica Argentina<\/title>\n<meta name=\"description\" content=\"Curso Nociones de PCR y diagn\u00f3sitico de SarsCov2. Beca p\/matriculados al Consejo Profesional de Quimica de Bs. As. Certificado por Fundaci\u00f3n Quimica Arg.\" \/>\n<meta name=\"robots\" content=\"index, follow, max-snippet:-1, max-image-preview:large, max-video-preview:-1\" \/>\n<link rel=\"canonical\" href=\"https:\/\/fundacionquimica.org.ar\/cursos\/cursos\/nociones-de-pcr-y-diagnostico-del-sars-cov-2\/\" \/>\n<meta property=\"og:locale\" content=\"es_ES\" \/>\n<meta property=\"og:type\" content=\"article\" \/>\n<meta property=\"og:title\" content=\"Nociones de PCR y diagn\u00f3stico del SARS-COV-2\" \/>\n<meta property=\"og:description\" content=\"Curso Nociones de PCR y diagn\u00f3sitico de SarsCov2. Beca p\/matriculados al Consejo Profesional de Quimica de Bs. As. Certificado por Fundaci\u00f3n Quimica Arg.\" \/>\n<meta property=\"og:url\" content=\"https:\/\/fundacionquimica.org.ar\/cursos\/cursos\/nociones-de-pcr-y-diagnostico-del-sars-cov-2\/\" \/>\n<meta property=\"og:site_name\" content=\"Cursos Fundaci\u00f3n Qu\u00edmica Argentina\" \/>\n<meta property=\"article:publisher\" content=\"https:\/\/www.facebook.com\/FundacionQuimicaArgentina\" \/>\n<meta property=\"article:modified_time\" content=\"2026-01-13T19:29:08+00:00\" \/>\n<meta property=\"og:image\" content=\"https:\/\/fundacionquimica.org.ar\/cursos\/wp-content\/uploads\/2024\/04\/NocionesPCR.png\" \/>\n\t<meta property=\"og:image:width\" content=\"400\" \/>\n\t<meta property=\"og:image:height\" content=\"250\" \/>\n\t<meta property=\"og:image:type\" content=\"image\/png\" \/>\n<meta name=\"twitter:card\" content=\"summary_large_image\" \/>\n<meta name=\"twitter:label1\" content=\"Disponibilidad\" \/>\n\t<meta name=\"twitter:data1\" content=\"Disponible\" \/>\n<script type=\"application\/ld+json\" class=\"yoast-schema-graph\">{\"@context\":\"https:\/\/schema.org\",\"@graph\":[{\"@type\":\"WebPage\",\"@id\":\"https:\/\/fundacionquimica.org.ar\/cursos\/cursos\/nociones-de-pcr-y-diagnostico-del-sars-cov-2\/\",\"url\":\"https:\/\/fundacionquimica.org.ar\/cursos\/cursos\/nociones-de-pcr-y-diagnostico-del-sars-cov-2\/\",\"name\":\"Nociones de PCR y diagn\u00f3stico del SARS-COV-2 - Cursos Fundaci\u00f3n Qu\u00edmica Argentina\",\"isPartOf\":{\"@id\":\"https:\/\/fundacionquimica.org.ar\/cursos\/#website\"},\"primaryImageOfPage\":{\"@id\":\"https:\/\/fundacionquimica.org.ar\/cursos\/cursos\/nociones-de-pcr-y-diagnostico-del-sars-cov-2\/#primaryimage\"},\"image\":{\"@id\":\"https:\/\/fundacionquimica.org.ar\/cursos\/cursos\/nociones-de-pcr-y-diagnostico-del-sars-cov-2\/#primaryimage\"},\"thumbnailUrl\":\"https:\/\/fundacionquimica.org.ar\/cursos\/wp-content\/uploads\/2024\/04\/NocionesPCR.png\",\"datePublished\":\"2024-04-08T19:43:30+00:00\",\"dateModified\":\"2026-01-13T19:29:08+00:00\",\"description\":\"Curso Nociones de PCR y diagn\u00f3sitico de SarsCov2. Beca p\/matriculados al Consejo Profesional de Quimica de Bs. As. Certificado por Fundaci\u00f3n Quimica Arg.\",\"breadcrumb\":{\"@id\":\"https:\/\/fundacionquimica.org.ar\/cursos\/cursos\/nociones-de-pcr-y-diagnostico-del-sars-cov-2\/#breadcrumb\"},\"inLanguage\":\"es\",\"potentialAction\":[{\"@type\":\"ReadAction\",\"target\":[\"https:\/\/fundacionquimica.org.ar\/cursos\/cursos\/nociones-de-pcr-y-diagnostico-del-sars-cov-2\/\"]}]},{\"@type\":\"ImageObject\",\"inLanguage\":\"es\",\"@id\":\"https:\/\/fundacionquimica.org.ar\/cursos\/cursos\/nociones-de-pcr-y-diagnostico-del-sars-cov-2\/#primaryimage\",\"url\":\"https:\/\/fundacionquimica.org.ar\/cursos\/wp-content\/uploads\/2024\/04\/NocionesPCR.png\",\"contentUrl\":\"https:\/\/fundacionquimica.org.ar\/cursos\/wp-content\/uploads\/2024\/04\/NocionesPCR.png\",\"width\":400,\"height\":250,\"caption\":\"curso b\u00e1sico PCR\"},{\"@type\":\"BreadcrumbList\",\"@id\":\"https:\/\/fundacionquimica.org.ar\/cursos\/cursos\/nociones-de-pcr-y-diagnostico-del-sars-cov-2\/#breadcrumb\",\"itemListElement\":[{\"@type\":\"ListItem\",\"position\":1,\"name\":\"Home\",\"item\":\"https:\/\/fundacionquimica.org.ar\/cursos\/\"},{\"@type\":\"ListItem\",\"position\":2,\"name\":\"Todos los Cursos\",\"item\":\"https:\/\/fundacionquimica.org.ar\/cursos\/cursos\/\"},{\"@type\":\"ListItem\",\"position\":3,\"name\":\"Nociones de PCR y diagn\u00f3stico del SARS-COV-2\"}]},{\"@type\":\"WebSite\",\"@id\":\"https:\/\/fundacionquimica.org.ar\/cursos\/#website\",\"url\":\"https:\/\/fundacionquimica.org.ar\/cursos\/\",\"name\":\"Cursos Fundaci\u00f3n Qu\u00edmica Argentina\",\"description\":\"\",\"publisher\":{\"@id\":\"https:\/\/fundacionquimica.org.ar\/cursos\/#organization\"},\"potentialAction\":[{\"@type\":\"SearchAction\",\"target\":{\"@type\":\"EntryPoint\",\"urlTemplate\":\"https:\/\/fundacionquimica.org.ar\/cursos\/?s={search_term_string}\"},\"query-input\":{\"@type\":\"PropertyValueSpecification\",\"valueRequired\":true,\"valueName\":\"search_term_string\"}}],\"inLanguage\":\"es\"},{\"@type\":\"Organization\",\"@id\":\"https:\/\/fundacionquimica.org.ar\/cursos\/#organization\",\"name\":\"Fundaci\u00f3n Qu\u00edmica Argentina\",\"url\":\"https:\/\/fundacionquimica.org.ar\/cursos\/\",\"logo\":{\"@type\":\"ImageObject\",\"inLanguage\":\"es\",\"@id\":\"https:\/\/fundacionquimica.org.ar\/cursos\/#\/schema\/logo\/image\/\",\"url\":\"https:\/\/fundacionquimica.org.ar\/cursos-nuevo\/wp-content\/uploads\/2024\/06\/cropped-f-1-32x32-1.jpg\",\"contentUrl\":\"https:\/\/fundacionquimica.org.ar\/cursos-nuevo\/wp-content\/uploads\/2024\/06\/cropped-f-1-32x32-1.jpg\",\"width\":32,\"height\":32,\"caption\":\"Fundaci\u00f3n Qu\u00edmica Argentina\"},\"image\":{\"@id\":\"https:\/\/fundacionquimica.org.ar\/cursos\/#\/schema\/logo\/image\/\"},\"sameAs\":[\"https:\/\/www.facebook.com\/FundacionQuimicaArgentina\",\"https:\/\/www.linkedin.com\/company\/cursosfqa\"]}]}<\/script>\n<meta property=\"og:availability\" content=\"instock\" \/>\n<meta property=\"product:availability\" content=\"instock\" \/>\n<meta property=\"product:condition\" content=\"new\" \/>\n<!-- \/ Yoast SEO Premium plugin. -->","yoast_head_json":{"title":"Nociones de PCR y diagn\u00f3stico del SARS-COV-2 - Cursos Fundaci\u00f3n Qu\u00edmica Argentina","description":"Curso Nociones de PCR y diagn\u00f3sitico de SarsCov2. Beca p\/matriculados al Consejo Profesional de Quimica de Bs. As. Certificado por Fundaci\u00f3n Quimica Arg.","robots":{"index":"index","follow":"follow","max-snippet":"max-snippet:-1","max-image-preview":"max-image-preview:large","max-video-preview":"max-video-preview:-1"},"canonical":"https:\/\/fundacionquimica.org.ar\/cursos\/cursos\/nociones-de-pcr-y-diagnostico-del-sars-cov-2\/","og_locale":"es_ES","og_type":"article","og_title":"Nociones de PCR y diagn\u00f3stico del SARS-COV-2","og_description":"Curso Nociones de PCR y diagn\u00f3sitico de SarsCov2. Beca p\/matriculados al Consejo Profesional de Quimica de Bs. As. Certificado por Fundaci\u00f3n Quimica Arg.","og_url":"https:\/\/fundacionquimica.org.ar\/cursos\/cursos\/nociones-de-pcr-y-diagnostico-del-sars-cov-2\/","og_site_name":"Cursos Fundaci\u00f3n Qu\u00edmica Argentina","article_publisher":"https:\/\/www.facebook.com\/FundacionQuimicaArgentina","article_modified_time":"2026-01-13T19:29:08+00:00","og_image":[{"width":400,"height":250,"url":"https:\/\/fundacionquimica.org.ar\/cursos\/wp-content\/uploads\/2024\/04\/NocionesPCR.png","type":"image\/png"}],"twitter_card":"summary_large_image","twitter_misc":{"Disponibilidad":"Disponible"},"schema":{"@context":"https:\/\/schema.org","@graph":[{"@type":"WebPage","@id":"https:\/\/fundacionquimica.org.ar\/cursos\/cursos\/nociones-de-pcr-y-diagnostico-del-sars-cov-2\/","url":"https:\/\/fundacionquimica.org.ar\/cursos\/cursos\/nociones-de-pcr-y-diagnostico-del-sars-cov-2\/","name":"Nociones de PCR y diagn\u00f3stico del SARS-COV-2 - Cursos Fundaci\u00f3n Qu\u00edmica Argentina","isPartOf":{"@id":"https:\/\/fundacionquimica.org.ar\/cursos\/#website"},"primaryImageOfPage":{"@id":"https:\/\/fundacionquimica.org.ar\/cursos\/cursos\/nociones-de-pcr-y-diagnostico-del-sars-cov-2\/#primaryimage"},"image":{"@id":"https:\/\/fundacionquimica.org.ar\/cursos\/cursos\/nociones-de-pcr-y-diagnostico-del-sars-cov-2\/#primaryimage"},"thumbnailUrl":"https:\/\/fundacionquimica.org.ar\/cursos\/wp-content\/uploads\/2024\/04\/NocionesPCR.png","datePublished":"2024-04-08T19:43:30+00:00","dateModified":"2026-01-13T19:29:08+00:00","description":"Curso Nociones de PCR y diagn\u00f3sitico de SarsCov2. Beca p\/matriculados al Consejo Profesional de Quimica de Bs. As. Certificado por Fundaci\u00f3n Quimica Arg.","breadcrumb":{"@id":"https:\/\/fundacionquimica.org.ar\/cursos\/cursos\/nociones-de-pcr-y-diagnostico-del-sars-cov-2\/#breadcrumb"},"inLanguage":"es","potentialAction":[{"@type":"ReadAction","target":["https:\/\/fundacionquimica.org.ar\/cursos\/cursos\/nociones-de-pcr-y-diagnostico-del-sars-cov-2\/"]}]},{"@type":"ImageObject","inLanguage":"es","@id":"https:\/\/fundacionquimica.org.ar\/cursos\/cursos\/nociones-de-pcr-y-diagnostico-del-sars-cov-2\/#primaryimage","url":"https:\/\/fundacionquimica.org.ar\/cursos\/wp-content\/uploads\/2024\/04\/NocionesPCR.png","contentUrl":"https:\/\/fundacionquimica.org.ar\/cursos\/wp-content\/uploads\/2024\/04\/NocionesPCR.png","width":400,"height":250,"caption":"curso b\u00e1sico PCR"},{"@type":"BreadcrumbList","@id":"https:\/\/fundacionquimica.org.ar\/cursos\/cursos\/nociones-de-pcr-y-diagnostico-del-sars-cov-2\/#breadcrumb","itemListElement":[{"@type":"ListItem","position":1,"name":"Home","item":"https:\/\/fundacionquimica.org.ar\/cursos\/"},{"@type":"ListItem","position":2,"name":"Todos los Cursos","item":"https:\/\/fundacionquimica.org.ar\/cursos\/cursos\/"},{"@type":"ListItem","position":3,"name":"Nociones de PCR y diagn\u00f3stico del SARS-COV-2"}]},{"@type":"WebSite","@id":"https:\/\/fundacionquimica.org.ar\/cursos\/#website","url":"https:\/\/fundacionquimica.org.ar\/cursos\/","name":"Cursos Fundaci\u00f3n Qu\u00edmica Argentina","description":"","publisher":{"@id":"https:\/\/fundacionquimica.org.ar\/cursos\/#organization"},"potentialAction":[{"@type":"SearchAction","target":{"@type":"EntryPoint","urlTemplate":"https:\/\/fundacionquimica.org.ar\/cursos\/?s={search_term_string}"},"query-input":{"@type":"PropertyValueSpecification","valueRequired":true,"valueName":"search_term_string"}}],"inLanguage":"es"},{"@type":"Organization","@id":"https:\/\/fundacionquimica.org.ar\/cursos\/#organization","name":"Fundaci\u00f3n Qu\u00edmica Argentina","url":"https:\/\/fundacionquimica.org.ar\/cursos\/","logo":{"@type":"ImageObject","inLanguage":"es","@id":"https:\/\/fundacionquimica.org.ar\/cursos\/#\/schema\/logo\/image\/","url":"https:\/\/fundacionquimica.org.ar\/cursos-nuevo\/wp-content\/uploads\/2024\/06\/cropped-f-1-32x32-1.jpg","contentUrl":"https:\/\/fundacionquimica.org.ar\/cursos-nuevo\/wp-content\/uploads\/2024\/06\/cropped-f-1-32x32-1.jpg","width":32,"height":32,"caption":"Fundaci\u00f3n Qu\u00edmica Argentina"},"image":{"@id":"https:\/\/fundacionquimica.org.ar\/cursos\/#\/schema\/logo\/image\/"},"sameAs":["https:\/\/www.facebook.com\/FundacionQuimicaArgentina","https:\/\/www.linkedin.com\/company\/cursosfqa"]}]},"og_availability":"instock","product_availability":"instock","product_condition":"new"},"_links":{"self":[{"href":"https:\/\/fundacionquimica.org.ar\/cursos\/wp-json\/wp\/v2\/product\/428","targetHints":{"allow":["GET"]}}],"collection":[{"href":"https:\/\/fundacionquimica.org.ar\/cursos\/wp-json\/wp\/v2\/product"}],"about":[{"href":"https:\/\/fundacionquimica.org.ar\/cursos\/wp-json\/wp\/v2\/types\/product"}],"replies":[{"embeddable":true,"href":"https:\/\/fundacionquimica.org.ar\/cursos\/wp-json\/wp\/v2\/comments?post=428"}],"wp:featuredmedia":[{"embeddable":true,"href":"https:\/\/fundacionquimica.org.ar\/cursos\/wp-json\/wp\/v2\/media\/431"}],"wp:attachment":[{"href":"https:\/\/fundacionquimica.org.ar\/cursos\/wp-json\/wp\/v2\/media?parent=428"}],"wp:term":[{"taxonomy":"product_brand","embeddable":true,"href":"https:\/\/fundacionquimica.org.ar\/cursos\/wp-json\/wp\/v2\/product_brand?post=428"},{"taxonomy":"product_cat","embeddable":true,"href":"https:\/\/fundacionquimica.org.ar\/cursos\/wp-json\/wp\/v2\/product_cat?post=428"},{"taxonomy":"product_tag","embeddable":true,"href":"https:\/\/fundacionquimica.org.ar\/cursos\/wp-json\/wp\/v2\/product_tag?post=428"}],"curies":[{"name":"wp","href":"https:\/\/api.w.org\/{rel}","templated":true}]}}