{"id":399,"date":"2026-04-08T18:58:56","date_gmt":"2026-04-08T18:58:56","guid":{"rendered":"https:\/\/fundacionquimica.org.ar\/cursos-nuevo\/?post_type=product&#038;p=399"},"modified":"2026-04-14T14:55:20","modified_gmt":"2026-04-14T14:55:20","slug":"curso-tomadores-de-muestras","status":"publish","type":"product","link":"https:\/\/fundacionquimica.org.ar\/cursos\/cursos\/curso-tomadores-de-muestras\/","title":{"rendered":"Capacitaci\u00f3n y actualizaci\u00f3n en t\u00e9cnicas de muestreo"},"content":{"rendered":"<div class=\"col-lg-8 col-md-12 contents-sticky\">\n<div class=\"theiaStickySidebar\">\n<div id=\"learn-press-course\" class=\"course-summary learn-press\">\n<div class=\"course-summary\">\n<div class=\"course-landing-summary\">\n<div id=\"learn-press-course-tabs\" class=\"course-tabs\">\n<div id=\"tab-overview\" class=\"course-tab-panel-overview course-tab-panel active\">\n<div id=\"learn-press-course-description\" class=\"course-description\">\n<div id=\"learn-press-course-tabs\" class=\"course-tabs\">\n<div id=\"tab-overview\" class=\"course-tab-panel-overview course-tab-panel active\">\n<div id=\"learn-press-course-description\" class=\"course-description\">\n<div class=\"col-lg-8 col-md-12 contents-sticky\">\n<div class=\"theiaStickySidebar\">\n<div id=\"learn-press-course\" class=\"course-summary learn-press\">\n<div class=\"course-summary\">\n<div class=\"course-landing-summary\">\n<div id=\"learn-press-course-tabs\" class=\"course-tabs\">\n<div id=\"tab-overview\" class=\"course-tab-panel-overview course-tab-panel active\">\n<div id=\"learn-press-course-description\" class=\"course-description\">\n<div id=\"learn-press-course-tabs\" class=\"course-tabs\">\n<div id=\"tab-overview\" class=\"course-tab-panel-overview course-tab-panel active\">\n<div id=\"learn-press-course-description\" class=\"course-description\">\n<div id=\"learn-press-course-tabs\" class=\"course-tabs\">\n<div id=\"tab-overview\" class=\"course-tab-panel-overview course-tab-panel active\">\n<div id=\"learn-press-course-description\" class=\"course-description\">\n<h2><strong>Curso para Tomadores de Muestras<\/strong><\/h2>\n<p><strong>Organizado por:<\/strong>\u00a0<a href=\"http:\/\/www.fundacionquimica.org.ar\/\">Fundaci\u00f3n Qu\u00edmica Argentina<\/a><br \/>\n<strong>Auspiciado por:<\/strong>\u00a0<a href=\"http:\/\/www.quimica.org.ar\/\">Consejo Profesional de Qu\u00edmica<\/a><\/p>\n<p><strong>Inicio:\u00a0<\/strong>Semanalmente.<\/p>\n<p><strong>Modalidad:\u00a0<\/strong>A distancia<\/p>\n<p><strong>Desarrollo:<\/strong>\u00a0Se dar\u00e1 acceso al\u00a0<a href=\"https:\/\/www.fundacionquimica.org.ar\/\">campus virtual<\/a> una vez formalizada la inscripci\u00f3n, al curso de tomadores de muestras,\u00a0 para la pr\u00f3xima fecha de inicio disponible.\u00a0 La cursada es con m\u00f3dulos semanales con posibilidad de consultas y trato con el docente a trav\u00e9s del foro y servicio de mensajer\u00eda interno. Cada m\u00f3dulo cuenta con un trabajo pr\u00e1ctico o cuestionario para su aprobaci\u00f3n.<\/p>\n<p><strong>Objetivos:<\/strong><\/p>\n<ul>\n<li>Concientizar acerca de la importancia de la toma de muestra como etapa primordial del procedimiento anal\u00edtico, reforzando el concepto de representatividad de la muestra.<\/li>\n<li>Conceptuar los errores que se cometen en la toma de muestras y utilizar los recursos disponibles para minimizar los mismos.<\/li>\n<li>Revisar las normas existentes referentes al muestreo y su aplicabilidad.<\/li>\n<li>Proveer ejemplos pr\u00e1cticos que conduzcan a adoptar criterios l\u00f3gicos para la elaboraci\u00f3n de planes de muestreo adecuados para sistemas de alta complejidad o carentes de normalizaci\u00f3n.<\/li>\n<li>Conocer las medidas de higiene y seguridad a aplicar, as\u00ed como los aspectos legales que deben considerarse para que la muestra obtenida se corresponda con el prop\u00f3sito del an\u00e1lisis.<\/li>\n<\/ul>\n<p><strong>Dirigido a:<\/strong>\u00a0Profesionales universitarios, t\u00e9cnicos y carreras afines, personal en general que se desempe\u00f1a en laboratorios de an\u00e1lisis qu\u00edmico, f\u00edsico, fisicoqu\u00edmico, biol\u00f3gico, microbiol\u00f3gico, ambientales, periciales y toxicol\u00f3gicos, involucrados directa o indirectamente como tomadores de muestra.<\/p>\n<p>Extensivo al personal de reparticiones oficiales, poder judicial, fuerzas armadas, gendarmer\u00eda, prefectura, polic\u00eda cient\u00edfica y otras que realicen tareas de toma de muestras y\/o desarrollo de planes de muestreo con fines anal\u00edticos.<\/p>\n<p><strong>Certificaci\u00f3n:<\/strong> Se expedir\u00e1 certificado de aprobaci\u00f3n del curso para tomadores de muestra a quienes hayan superado satisfactoriamente las evaluaciones correspondientes a cada m\u00f3dulo. Emitido por la Fundaci\u00f3n Qu\u00edmica Argentina en formato digital.<\/p>\n<p><strong>Con la realizaci\u00f3n de este curso est\u00e1 bonificada la\u00a0<a href=\"https:\/\/quimica.org.ar\/registros\/registro-renatom\/#registro\" target=\"_blank\" rel=\"noopener\">Inscripci\u00f3n a Renatom.\u00a0 Registro nominal argentino para tomadores de muestra<\/a> \u00a0 <\/strong>Luego del primer a\u00f1o, se abona la actualizaci\u00f3n anual.<\/p>\n<\/div>\n<\/div>\n<\/div>\n<div class=\"elementor elementor-11976\" data-elementor-type=\"wp-post\" data-elementor-id=\"11976\">\n<section class=\"elementor-section elementor-top-section elementor-element elementor-element-8a78692 elementor-section-boxed elementor-section-height-default elementor-section-height-default\" data-id=\"8a78692\" data-element_type=\"section\">\n<div class=\"elementor-container elementor-column-gap-default\">\n<div class=\"elementor-column elementor-col-100 elementor-top-column elementor-element elementor-element-fab5c85\" data-id=\"fab5c85\" data-element_type=\"column\">\n<div class=\"elementor-widget-wrap elementor-element-populated\">\n<div class=\"elementor-element elementor-element-094950f elementor-widget elementor-widget-heading\" data-id=\"094950f\" data-element_type=\"widget\" data-widget_type=\"heading.default\">\n<div class=\"elementor-widget-container\"><\/div>\n<\/div>\n<\/div>\n<\/div>\n<\/div>\n<\/section>\n<\/div>\n<\/div>\n<\/div>\n<\/div>\n<\/div>\n<\/div>\n<\/div>\n<\/div>\n<\/div>\n<\/div>\n<\/div>\n<\/div>\n<\/div>\n<\/div>\n<\/div>\n<\/div>\n<\/div>\n<\/div>\n<\/div>\n<\/div>\n<\/div>\n<\/div>\n<\/div>\n","protected":false},"excerpt":{"rendered":"<p>Curso para Tomadores de Muestras Organizado por:\u00a0Fundaci\u00f3n Qu\u00edmica Argentina Auspiciado por:\u00a0Consejo Profesional de Qu\u00edmica Inicio:\u00a0Semanalmente. Modalidad:\u00a0A distancia Desarrollo:\u00a0Se dar\u00e1 acceso al\u00a0campus virtual una vez formalizada la inscripci\u00f3n, al curso de tomadores de muestras,\u00a0 para la pr\u00f3xima fecha de inicio disponible.\u00a0 La cursada es con m\u00f3dulos semanales con posibilidad de consultas y trato con el docente [&hellip;]<\/p>\n","protected":false},"featured_media":408,"comment_status":"open","ping_status":"closed","template":"","meta":{"_acf_changed":false},"product_brand":[],"product_cat":[22],"product_tag":[23],"class_list":{"0":"post-399","1":"product","2":"type-product","3":"status-publish","4":"has-post-thumbnail","6":"product_cat-quimica-general","7":"product_tag-tipo-1","9":"first","10":"instock","11":"shipping-taxable","12":"purchasable","13":"product-type-variable"},"acf":[],"yoast_head":"<!-- This site is optimized with the Yoast SEO Premium plugin v24.7 (Yoast SEO v26.3) - https:\/\/yoast.com\/wordpress\/plugins\/seo\/ -->\n<title>Curso tomadores de muestras - Cursos Fundaci\u00f3n Qu\u00edmica Argentina<\/title>\n<meta name=\"description\" content=\"Curso para Tomadores de Muestras. Inscripci\u00f3n bonificada al ReNAToM. Certificado por la Fundaci\u00f3n Qu\u00edmica Argentina y el Consejo Profesional de Qu\u00edmica.\" \/>\n<meta name=\"robots\" content=\"index, follow, max-snippet:-1, max-image-preview:large, max-video-preview:-1\" \/>\n<link rel=\"canonical\" href=\"https:\/\/fundacionquimica.org.ar\/cursos\/cursos\/curso-tomadores-de-muestras\/\" \/>\n<meta property=\"og:locale\" content=\"es_ES\" \/>\n<meta property=\"og:type\" content=\"article\" \/>\n<meta property=\"og:title\" content=\"Capacitaci\u00f3n y actualizaci\u00f3n en t\u00e9cnicas de muestreo\" \/>\n<meta property=\"og:description\" content=\"Curso para Tomadores de Muestras. Inscripci\u00f3n bonificada al ReNAToM. Certificado por la Fundaci\u00f3n Qu\u00edmica Argentina y el Consejo Profesional de Qu\u00edmica.\" \/>\n<meta property=\"og:url\" content=\"https:\/\/fundacionquimica.org.ar\/cursos\/cursos\/curso-tomadores-de-muestras\/\" \/>\n<meta property=\"og:site_name\" content=\"Cursos Fundaci\u00f3n Qu\u00edmica Argentina\" \/>\n<meta property=\"article:publisher\" content=\"https:\/\/www.facebook.com\/FundacionQuimicaArgentina\" \/>\n<meta property=\"article:modified_time\" content=\"2026-04-14T14:55:20+00:00\" \/>\n<meta property=\"og:image\" content=\"https:\/\/fundacionquimica.org.ar\/cursos\/wp-content\/uploads\/2024\/04\/CursoTecnicasMuestreo.png\" \/>\n\t<meta property=\"og:image:width\" content=\"450\" \/>\n\t<meta property=\"og:image:height\" content=\"250\" \/>\n\t<meta property=\"og:image:type\" content=\"image\/png\" \/>\n<meta name=\"twitter:card\" content=\"summary_large_image\" \/>\n<meta name=\"twitter:label1\" content=\"Disponibilidad\" \/>\n\t<meta name=\"twitter:data1\" content=\"Disponible\" \/>\n<script type=\"application\/ld+json\" class=\"yoast-schema-graph\">{\"@context\":\"https:\/\/schema.org\",\"@graph\":[{\"@type\":\"WebPage\",\"@id\":\"https:\/\/fundacionquimica.org.ar\/cursos\/cursos\/curso-tomadores-de-muestras\/\",\"url\":\"https:\/\/fundacionquimica.org.ar\/cursos\/cursos\/curso-tomadores-de-muestras\/\",\"name\":\"Curso tomadores de muestras - Cursos Fundaci\u00f3n Qu\u00edmica Argentina\",\"isPartOf\":{\"@id\":\"https:\/\/fundacionquimica.org.ar\/cursos\/#website\"},\"primaryImageOfPage\":{\"@id\":\"https:\/\/fundacionquimica.org.ar\/cursos\/cursos\/curso-tomadores-de-muestras\/#primaryimage\"},\"image\":{\"@id\":\"https:\/\/fundacionquimica.org.ar\/cursos\/cursos\/curso-tomadores-de-muestras\/#primaryimage\"},\"thumbnailUrl\":\"https:\/\/fundacionquimica.org.ar\/cursos\/wp-content\/uploads\/2024\/04\/CursoTecnicasMuestreo.png\",\"datePublished\":\"2026-04-08T18:58:56+00:00\",\"dateModified\":\"2026-04-14T14:55:20+00:00\",\"description\":\"Curso para Tomadores de Muestras. Inscripci\u00f3n bonificada al ReNAToM. Certificado por la Fundaci\u00f3n Qu\u00edmica Argentina y el Consejo Profesional de Qu\u00edmica.\",\"breadcrumb\":{\"@id\":\"https:\/\/fundacionquimica.org.ar\/cursos\/cursos\/curso-tomadores-de-muestras\/#breadcrumb\"},\"inLanguage\":\"es\",\"potentialAction\":[{\"@type\":\"ReadAction\",\"target\":[\"https:\/\/fundacionquimica.org.ar\/cursos\/cursos\/curso-tomadores-de-muestras\/\"]}]},{\"@type\":\"ImageObject\",\"inLanguage\":\"es\",\"@id\":\"https:\/\/fundacionquimica.org.ar\/cursos\/cursos\/curso-tomadores-de-muestras\/#primaryimage\",\"url\":\"https:\/\/fundacionquimica.org.ar\/cursos\/wp-content\/uploads\/2024\/04\/CursoTecnicasMuestreo.png\",\"contentUrl\":\"https:\/\/fundacionquimica.org.ar\/cursos\/wp-content\/uploads\/2024\/04\/CursoTecnicasMuestreo.png\",\"width\":450,\"height\":250,\"caption\":\"Curso tomadores de muestras\"},{\"@type\":\"BreadcrumbList\",\"@id\":\"https:\/\/fundacionquimica.org.ar\/cursos\/cursos\/curso-tomadores-de-muestras\/#breadcrumb\",\"itemListElement\":[{\"@type\":\"ListItem\",\"position\":1,\"name\":\"Home\",\"item\":\"https:\/\/fundacionquimica.org.ar\/cursos\/\"},{\"@type\":\"ListItem\",\"position\":2,\"name\":\"Todos los Cursos\",\"item\":\"https:\/\/fundacionquimica.org.ar\/cursos\/cursos\/\"},{\"@type\":\"ListItem\",\"position\":3,\"name\":\"Capacitaci\u00f3n y actualizaci\u00f3n en t\u00e9cnicas de muestreo\"}]},{\"@type\":\"WebSite\",\"@id\":\"https:\/\/fundacionquimica.org.ar\/cursos\/#website\",\"url\":\"https:\/\/fundacionquimica.org.ar\/cursos\/\",\"name\":\"Cursos Fundaci\u00f3n Qu\u00edmica Argentina\",\"description\":\"\",\"publisher\":{\"@id\":\"https:\/\/fundacionquimica.org.ar\/cursos\/#organization\"},\"potentialAction\":[{\"@type\":\"SearchAction\",\"target\":{\"@type\":\"EntryPoint\",\"urlTemplate\":\"https:\/\/fundacionquimica.org.ar\/cursos\/?s={search_term_string}\"},\"query-input\":{\"@type\":\"PropertyValueSpecification\",\"valueRequired\":true,\"valueName\":\"search_term_string\"}}],\"inLanguage\":\"es\"},{\"@type\":\"Organization\",\"@id\":\"https:\/\/fundacionquimica.org.ar\/cursos\/#organization\",\"name\":\"Fundaci\u00f3n Qu\u00edmica Argentina\",\"url\":\"https:\/\/fundacionquimica.org.ar\/cursos\/\",\"logo\":{\"@type\":\"ImageObject\",\"inLanguage\":\"es\",\"@id\":\"https:\/\/fundacionquimica.org.ar\/cursos\/#\/schema\/logo\/image\/\",\"url\":\"https:\/\/fundacionquimica.org.ar\/cursos-nuevo\/wp-content\/uploads\/2024\/06\/cropped-f-1-32x32-1.jpg\",\"contentUrl\":\"https:\/\/fundacionquimica.org.ar\/cursos-nuevo\/wp-content\/uploads\/2024\/06\/cropped-f-1-32x32-1.jpg\",\"width\":32,\"height\":32,\"caption\":\"Fundaci\u00f3n Qu\u00edmica Argentina\"},\"image\":{\"@id\":\"https:\/\/fundacionquimica.org.ar\/cursos\/#\/schema\/logo\/image\/\"},\"sameAs\":[\"https:\/\/www.facebook.com\/FundacionQuimicaArgentina\",\"https:\/\/www.linkedin.com\/company\/cursosfqa\"]}]}<\/script>\n<meta property=\"og:availability\" content=\"instock\" \/>\n<meta property=\"product:availability\" content=\"instock\" \/>\n<meta property=\"product:condition\" content=\"new\" \/>\n<!-- \/ Yoast SEO Premium plugin. -->","yoast_head_json":{"title":"Curso tomadores de muestras - Cursos Fundaci\u00f3n Qu\u00edmica Argentina","description":"Curso para Tomadores de Muestras. Inscripci\u00f3n bonificada al ReNAToM. Certificado por la Fundaci\u00f3n Qu\u00edmica Argentina y el Consejo Profesional de Qu\u00edmica.","robots":{"index":"index","follow":"follow","max-snippet":"max-snippet:-1","max-image-preview":"max-image-preview:large","max-video-preview":"max-video-preview:-1"},"canonical":"https:\/\/fundacionquimica.org.ar\/cursos\/cursos\/curso-tomadores-de-muestras\/","og_locale":"es_ES","og_type":"article","og_title":"Capacitaci\u00f3n y actualizaci\u00f3n en t\u00e9cnicas de muestreo","og_description":"Curso para Tomadores de Muestras. Inscripci\u00f3n bonificada al ReNAToM. Certificado por la Fundaci\u00f3n Qu\u00edmica Argentina y el Consejo Profesional de Qu\u00edmica.","og_url":"https:\/\/fundacionquimica.org.ar\/cursos\/cursos\/curso-tomadores-de-muestras\/","og_site_name":"Cursos Fundaci\u00f3n Qu\u00edmica Argentina","article_publisher":"https:\/\/www.facebook.com\/FundacionQuimicaArgentina","article_modified_time":"2026-04-14T14:55:20+00:00","og_image":[{"width":450,"height":250,"url":"https:\/\/fundacionquimica.org.ar\/cursos\/wp-content\/uploads\/2024\/04\/CursoTecnicasMuestreo.png","type":"image\/png"}],"twitter_card":"summary_large_image","twitter_misc":{"Disponibilidad":"Disponible"},"schema":{"@context":"https:\/\/schema.org","@graph":[{"@type":"WebPage","@id":"https:\/\/fundacionquimica.org.ar\/cursos\/cursos\/curso-tomadores-de-muestras\/","url":"https:\/\/fundacionquimica.org.ar\/cursos\/cursos\/curso-tomadores-de-muestras\/","name":"Curso tomadores de muestras - Cursos Fundaci\u00f3n Qu\u00edmica Argentina","isPartOf":{"@id":"https:\/\/fundacionquimica.org.ar\/cursos\/#website"},"primaryImageOfPage":{"@id":"https:\/\/fundacionquimica.org.ar\/cursos\/cursos\/curso-tomadores-de-muestras\/#primaryimage"},"image":{"@id":"https:\/\/fundacionquimica.org.ar\/cursos\/cursos\/curso-tomadores-de-muestras\/#primaryimage"},"thumbnailUrl":"https:\/\/fundacionquimica.org.ar\/cursos\/wp-content\/uploads\/2024\/04\/CursoTecnicasMuestreo.png","datePublished":"2026-04-08T18:58:56+00:00","dateModified":"2026-04-14T14:55:20+00:00","description":"Curso para Tomadores de Muestras. Inscripci\u00f3n bonificada al ReNAToM. Certificado por la Fundaci\u00f3n Qu\u00edmica Argentina y el Consejo Profesional de Qu\u00edmica.","breadcrumb":{"@id":"https:\/\/fundacionquimica.org.ar\/cursos\/cursos\/curso-tomadores-de-muestras\/#breadcrumb"},"inLanguage":"es","potentialAction":[{"@type":"ReadAction","target":["https:\/\/fundacionquimica.org.ar\/cursos\/cursos\/curso-tomadores-de-muestras\/"]}]},{"@type":"ImageObject","inLanguage":"es","@id":"https:\/\/fundacionquimica.org.ar\/cursos\/cursos\/curso-tomadores-de-muestras\/#primaryimage","url":"https:\/\/fundacionquimica.org.ar\/cursos\/wp-content\/uploads\/2024\/04\/CursoTecnicasMuestreo.png","contentUrl":"https:\/\/fundacionquimica.org.ar\/cursos\/wp-content\/uploads\/2024\/04\/CursoTecnicasMuestreo.png","width":450,"height":250,"caption":"Curso tomadores de muestras"},{"@type":"BreadcrumbList","@id":"https:\/\/fundacionquimica.org.ar\/cursos\/cursos\/curso-tomadores-de-muestras\/#breadcrumb","itemListElement":[{"@type":"ListItem","position":1,"name":"Home","item":"https:\/\/fundacionquimica.org.ar\/cursos\/"},{"@type":"ListItem","position":2,"name":"Todos los Cursos","item":"https:\/\/fundacionquimica.org.ar\/cursos\/cursos\/"},{"@type":"ListItem","position":3,"name":"Capacitaci\u00f3n y actualizaci\u00f3n en t\u00e9cnicas de muestreo"}]},{"@type":"WebSite","@id":"https:\/\/fundacionquimica.org.ar\/cursos\/#website","url":"https:\/\/fundacionquimica.org.ar\/cursos\/","name":"Cursos Fundaci\u00f3n Qu\u00edmica Argentina","description":"","publisher":{"@id":"https:\/\/fundacionquimica.org.ar\/cursos\/#organization"},"potentialAction":[{"@type":"SearchAction","target":{"@type":"EntryPoint","urlTemplate":"https:\/\/fundacionquimica.org.ar\/cursos\/?s={search_term_string}"},"query-input":{"@type":"PropertyValueSpecification","valueRequired":true,"valueName":"search_term_string"}}],"inLanguage":"es"},{"@type":"Organization","@id":"https:\/\/fundacionquimica.org.ar\/cursos\/#organization","name":"Fundaci\u00f3n Qu\u00edmica Argentina","url":"https:\/\/fundacionquimica.org.ar\/cursos\/","logo":{"@type":"ImageObject","inLanguage":"es","@id":"https:\/\/fundacionquimica.org.ar\/cursos\/#\/schema\/logo\/image\/","url":"https:\/\/fundacionquimica.org.ar\/cursos-nuevo\/wp-content\/uploads\/2024\/06\/cropped-f-1-32x32-1.jpg","contentUrl":"https:\/\/fundacionquimica.org.ar\/cursos-nuevo\/wp-content\/uploads\/2024\/06\/cropped-f-1-32x32-1.jpg","width":32,"height":32,"caption":"Fundaci\u00f3n Qu\u00edmica Argentina"},"image":{"@id":"https:\/\/fundacionquimica.org.ar\/cursos\/#\/schema\/logo\/image\/"},"sameAs":["https:\/\/www.facebook.com\/FundacionQuimicaArgentina","https:\/\/www.linkedin.com\/company\/cursosfqa"]}]},"og_availability":"instock","product_availability":"instock","product_condition":"new"},"_links":{"self":[{"href":"https:\/\/fundacionquimica.org.ar\/cursos\/wp-json\/wp\/v2\/product\/399","targetHints":{"allow":["GET"]}}],"collection":[{"href":"https:\/\/fundacionquimica.org.ar\/cursos\/wp-json\/wp\/v2\/product"}],"about":[{"href":"https:\/\/fundacionquimica.org.ar\/cursos\/wp-json\/wp\/v2\/types\/product"}],"replies":[{"embeddable":true,"href":"https:\/\/fundacionquimica.org.ar\/cursos\/wp-json\/wp\/v2\/comments?post=399"}],"wp:featuredmedia":[{"embeddable":true,"href":"https:\/\/fundacionquimica.org.ar\/cursos\/wp-json\/wp\/v2\/media\/408"}],"wp:attachment":[{"href":"https:\/\/fundacionquimica.org.ar\/cursos\/wp-json\/wp\/v2\/media?parent=399"}],"wp:term":[{"taxonomy":"product_brand","embeddable":true,"href":"https:\/\/fundacionquimica.org.ar\/cursos\/wp-json\/wp\/v2\/product_brand?post=399"},{"taxonomy":"product_cat","embeddable":true,"href":"https:\/\/fundacionquimica.org.ar\/cursos\/wp-json\/wp\/v2\/product_cat?post=399"},{"taxonomy":"product_tag","embeddable":true,"href":"https:\/\/fundacionquimica.org.ar\/cursos\/wp-json\/wp\/v2\/product_tag?post=399"}],"curies":[{"name":"wp","href":"https:\/\/api.w.org\/{rel}","templated":true}]}}