{"id":393,"date":"2024-04-08T18:48:15","date_gmt":"2024-04-08T18:48:15","guid":{"rendered":"https:\/\/fundacionquimica.org.ar\/cursos-nuevo\/?post_type=product&#038;p=393"},"modified":"2026-01-13T18:40:09","modified_gmt":"2026-01-13T18:40:09","slug":"curso-para-manipuladores-de-productos-quimicos","status":"publish","type":"product","link":"https:\/\/fundacionquimica.org.ar\/cursos\/cursos\/curso-para-manipuladores-de-productos-quimicos\/","title":{"rendered":"Curso para manipuladores de productos qu\u00edmicos"},"content":{"rendered":"<div class=\"col-lg-8 col-md-12 contents-sticky\">\n<div class=\"theiaStickySidebar\">\n<div id=\"learn-press-course\" class=\"course-summary learn-press\">\n<div class=\"course-summary\">\n<div class=\"course-landing-summary\">\n<div id=\"learn-press-course-tabs\" class=\"course-tabs\">\n<div id=\"tab-overview\" class=\"course-tab-panel-overview course-tab-panel active\">\n<div id=\"learn-press-course-description\" class=\"course-description\">\n<div id=\"learn-press-course-tabs\" class=\"course-tabs\">\n<div id=\"tab-overview\" class=\"course-tab-panel-overview course-tab-panel active\">\n<div id=\"learn-press-course-description\" class=\"course-description\">\n<div class=\"col-lg-8 col-md-12 contents-sticky\">\n<div class=\"theiaStickySidebar\">\n<div id=\"learn-press-course\" class=\"course-summary learn-press\">\n<div class=\"course-summary\">\n<div class=\"course-landing-summary\">\n<div id=\"learn-press-course-tabs\" class=\"course-tabs\">\n<div id=\"tab-overview\" class=\"course-tab-panel-overview course-tab-panel active\">\n<div id=\"learn-press-course-description\" class=\"course-description\">\n<div id=\"learn-press-course-tabs\" class=\"course-tabs\">\n<div id=\"tab-overview\" class=\"course-tab-panel-overview course-tab-panel active\">\n<div id=\"learn-press-course-description\" class=\"course-description\">\n<h2 class=\"et_pb_module_header\">Curso para manipuladores de productos qu\u00edmicos<\/h2>\n<div class=\"et_pb_blurb_description\">\n<p><strong>Organizado por:<\/strong>\u00a0<a href=\"http:\/\/www.fundacionquimica.org.ar\">Fundaci\u00f3n Qu\u00edmica Argentina<\/a><br \/>\n<strong>Auspiciado por:<\/strong>\u00a0<a href=\"http:\/\/www.quimica.org.ar\">Consejo Profesional de Qu\u00edmica<\/a><\/p>\n<p><strong>Inicio:\u00a0<\/strong>Todas las semanas.<br \/>\n<strong>Modalidad:<\/strong>\u00a0A distancia<\/p>\n<p><strong>Desarrollo:<\/strong><br \/>\nSe dar\u00e1 acceso al campus virtual una vez formalizada la inscripci\u00f3n.\u00a0 La cursada es con m\u00f3dulos semanales con posibilidad de consultas y trato con el docente a trav\u00e9s del foro y servicio de mensajer\u00eda interno.<\/p>\n<div class=\"et_pb_module et_pb_blurb et_pb_blurb_2 et_pb_text_align_left et_pb_blurb_position_top et_pb_bg_layout_light et_had_animation\">\n<div class=\"et_pb_blurb_content\">\n<div class=\"et_pb_blurb_container\">\n<div class=\"et_pb_blurb_description\">\n<p><strong>Certificaci\u00f3n:<br \/>\n<\/strong>Quienes aprueben el curso\u00a0 Manipuladores de productos qu\u00edmicos, obtendran:<\/p>\n<ul>\n<li>Certificado de \u201cAUXILIAR DIPLOMADO\u201d en el Manejo de Productos Qu\u00edmicos Peligrosos, avalado por el Consejo Profesional de Qu\u00edmica de la Pcia de Buenos Aires y la Fundaci\u00f3n Qu\u00edmica Argentina.<\/li>\n<li>\u00a0Inscripci\u00f3n bonificada en el MaProQui (Registro de Manipuladores de Productos Qu\u00edmicos del CPQ).<\/li>\n<\/ul>\n<\/div>\n<\/div>\n<\/div>\n<\/div>\n<p><strong>Orientado a:<\/strong><\/p>\n<ul>\n<li>Personal de empresas que fabrican, fraccionan, depositan o venden productos qu\u00edmicos, propietarios, empleados y encargados.<\/li>\n<li>Funcionarios p\u00fablicos nacionales, provinciales y municipales, encargados del control de establecimientos que manipulan productos qu\u00edmicos.<\/li>\n<li>Socorristas, personal de Defensa Civil y Bomberos voluntarios y provinciales.<\/li>\n<li>Profesionales y t\u00e9cnicos colaboradores con empresas que manipulan productos qu\u00edmicos.<\/li>\n<li>Personas involucradas o interesadas en el tema.<\/li>\n<\/ul>\n<p><strong>Herramientas:<\/strong><\/p>\n<p>Creemos que el conocimiento a trav\u00e9s de la capacitaci\u00f3n es un arma muy eficaz para evitar accidentes, enfermedades de los trabajadores y muertes de personas.<\/p>\n<p>Este curso ha sido pensado, para otorgar las herramientas necesarias, a cada uno de los actores involucrados en la manipulaci\u00f3n de productos qu\u00edmicos, para que la seguridad personal y p\u00fablica quede asegurada.<\/p>\n<\/div>\n<\/div>\n<\/div>\n<\/div>\n<div class=\"elementor elementor-11976\" data-elementor-type=\"wp-post\" data-elementor-id=\"11976\">\n<section class=\"elementor-section elementor-top-section elementor-element elementor-element-8a78692 elementor-section-boxed elementor-section-height-default elementor-section-height-default\" data-id=\"8a78692\" data-element_type=\"section\">\n<div class=\"elementor-container elementor-column-gap-default\">\n<div class=\"elementor-column elementor-col-100 elementor-top-column elementor-element elementor-element-fab5c85\" data-id=\"fab5c85\" data-element_type=\"column\">\n<div class=\"elementor-widget-wrap elementor-element-populated\">\n<div class=\"elementor-element elementor-element-094950f elementor-widget elementor-widget-heading\" data-id=\"094950f\" data-element_type=\"widget\" data-widget_type=\"heading.default\">\n<div class=\"elementor-widget-container\"><\/div>\n<\/div>\n<\/div>\n<\/div>\n<\/div>\n<\/section>\n<\/div>\n<\/div>\n<\/div>\n<\/div>\n<\/div>\n<\/div>\n<\/div>\n<\/div>\n<\/div>\n<\/div>\n<\/div>\n<\/div>\n<\/div>\n<\/div>\n<\/div>\n<\/div>\n<\/div>\n<\/div>\n<\/div>\n<\/div>\n","protected":false},"excerpt":{"rendered":"<p>Curso para manipuladores de productos qu\u00edmicos. Certificado \u201cAUXILIAR DIPLOMADO\u201d en el Manejo de Productos Qu\u00edmicos e inscipci\u00f3n bonificada al ReMPQui<\/p>\n","protected":false},"featured_media":396,"comment_status":"open","ping_status":"closed","template":"","meta":{"_acf_changed":false},"product_brand":[],"product_cat":[22],"product_tag":[23],"class_list":{"0":"post-393","1":"product","2":"type-product","3":"status-publish","4":"has-post-thumbnail","6":"product_cat-quimica-general","7":"product_tag-tipo-1","9":"first","10":"instock","11":"shipping-taxable","12":"purchasable","13":"product-type-variable"},"acf":[],"yoast_head":"<!-- This site is optimized with the Yoast SEO Premium plugin v24.7 (Yoast SEO v26.3) - https:\/\/yoast.com\/wordpress\/plugins\/seo\/ -->\n<title>manipuladores de productos qu\u00edmicos - Cursos Fundaci\u00f3n Qu\u00edmica Argentina<\/title>\n<meta name=\"description\" content=\"Curso para manipuladores de productos qu\u00edmicos. Certificado \u201cAUXILIAR DIPLOMADO\u201d en el Manejo de Productos Qu\u00edmicos e inscipci\u00f3n bonificada al ReMPQui\" \/>\n<meta name=\"robots\" content=\"index, follow, max-snippet:-1, max-image-preview:large, max-video-preview:-1\" \/>\n<link rel=\"canonical\" href=\"https:\/\/fundacionquimica.org.ar\/cursos\/cursos\/curso-para-manipuladores-de-productos-quimicos\/\" \/>\n<meta property=\"og:locale\" content=\"es_ES\" \/>\n<meta property=\"og:type\" content=\"article\" \/>\n<meta property=\"og:title\" content=\"Curso para manipuladores de productos qu\u00edmicos\" \/>\n<meta property=\"og:description\" content=\"Curso para manipuladores de productos qu\u00edmicos. Certificado \u201cAUXILIAR DIPLOMADO\u201d en el Manejo de Productos Qu\u00edmicos e inscipci\u00f3n bonificada al ReMPQui\" \/>\n<meta property=\"og:url\" content=\"https:\/\/fundacionquimica.org.ar\/cursos\/cursos\/curso-para-manipuladores-de-productos-quimicos\/\" \/>\n<meta property=\"og:site_name\" content=\"Cursos Fundaci\u00f3n Qu\u00edmica Argentina\" \/>\n<meta property=\"article:publisher\" content=\"https:\/\/www.facebook.com\/FundacionQuimicaArgentina\" \/>\n<meta property=\"article:modified_time\" content=\"2026-01-13T18:40:09+00:00\" \/>\n<meta property=\"og:image\" content=\"https:\/\/fundacionquimica.org.ar\/cursos\/wp-content\/uploads\/2024\/04\/biocidas-quimicos800-2-450x300-1.jpg\" \/>\n\t<meta property=\"og:image:width\" content=\"450\" \/>\n\t<meta property=\"og:image:height\" content=\"300\" \/>\n\t<meta property=\"og:image:type\" content=\"image\/jpeg\" \/>\n<meta name=\"twitter:card\" content=\"summary_large_image\" \/>\n<meta name=\"twitter:label1\" content=\"Disponibilidad\" \/>\n\t<meta name=\"twitter:data1\" content=\"Disponible\" \/>\n<script type=\"application\/ld+json\" class=\"yoast-schema-graph\">{\"@context\":\"https:\/\/schema.org\",\"@graph\":[{\"@type\":\"WebPage\",\"@id\":\"https:\/\/fundacionquimica.org.ar\/cursos\/cursos\/curso-para-manipuladores-de-productos-quimicos\/\",\"url\":\"https:\/\/fundacionquimica.org.ar\/cursos\/cursos\/curso-para-manipuladores-de-productos-quimicos\/\",\"name\":\"manipuladores de productos qu\u00edmicos - Cursos Fundaci\u00f3n Qu\u00edmica Argentina\",\"isPartOf\":{\"@id\":\"https:\/\/fundacionquimica.org.ar\/cursos\/#website\"},\"primaryImageOfPage\":{\"@id\":\"https:\/\/fundacionquimica.org.ar\/cursos\/cursos\/curso-para-manipuladores-de-productos-quimicos\/#primaryimage\"},\"image\":{\"@id\":\"https:\/\/fundacionquimica.org.ar\/cursos\/cursos\/curso-para-manipuladores-de-productos-quimicos\/#primaryimage\"},\"thumbnailUrl\":\"https:\/\/fundacionquimica.org.ar\/cursos\/wp-content\/uploads\/2024\/04\/biocidas-quimicos800-2-450x300-1.jpg\",\"datePublished\":\"2024-04-08T18:48:15+00:00\",\"dateModified\":\"2026-01-13T18:40:09+00:00\",\"description\":\"Curso para manipuladores de productos qu\u00edmicos. Certificado \u201cAUXILIAR DIPLOMADO\u201d en el Manejo de Productos Qu\u00edmicos e inscipci\u00f3n bonificada al ReMPQui\",\"breadcrumb\":{\"@id\":\"https:\/\/fundacionquimica.org.ar\/cursos\/cursos\/curso-para-manipuladores-de-productos-quimicos\/#breadcrumb\"},\"inLanguage\":\"es\",\"potentialAction\":[{\"@type\":\"ReadAction\",\"target\":[\"https:\/\/fundacionquimica.org.ar\/cursos\/cursos\/curso-para-manipuladores-de-productos-quimicos\/\"]}]},{\"@type\":\"ImageObject\",\"inLanguage\":\"es\",\"@id\":\"https:\/\/fundacionquimica.org.ar\/cursos\/cursos\/curso-para-manipuladores-de-productos-quimicos\/#primaryimage\",\"url\":\"https:\/\/fundacionquimica.org.ar\/cursos\/wp-content\/uploads\/2024\/04\/biocidas-quimicos800-2-450x300-1.jpg\",\"contentUrl\":\"https:\/\/fundacionquimica.org.ar\/cursos\/wp-content\/uploads\/2024\/04\/biocidas-quimicos800-2-450x300-1.jpg\",\"width\":450,\"height\":300,\"caption\":\"Manipuladores de productos qu\u00edmicos\"},{\"@type\":\"BreadcrumbList\",\"@id\":\"https:\/\/fundacionquimica.org.ar\/cursos\/cursos\/curso-para-manipuladores-de-productos-quimicos\/#breadcrumb\",\"itemListElement\":[{\"@type\":\"ListItem\",\"position\":1,\"name\":\"Home\",\"item\":\"https:\/\/fundacionquimica.org.ar\/cursos\/\"},{\"@type\":\"ListItem\",\"position\":2,\"name\":\"Todos los Cursos\",\"item\":\"https:\/\/fundacionquimica.org.ar\/cursos\/cursos\/\"},{\"@type\":\"ListItem\",\"position\":3,\"name\":\"Curso para manipuladores de productos qu\u00edmicos\"}]},{\"@type\":\"WebSite\",\"@id\":\"https:\/\/fundacionquimica.org.ar\/cursos\/#website\",\"url\":\"https:\/\/fundacionquimica.org.ar\/cursos\/\",\"name\":\"Cursos Fundaci\u00f3n Qu\u00edmica Argentina\",\"description\":\"\",\"publisher\":{\"@id\":\"https:\/\/fundacionquimica.org.ar\/cursos\/#organization\"},\"potentialAction\":[{\"@type\":\"SearchAction\",\"target\":{\"@type\":\"EntryPoint\",\"urlTemplate\":\"https:\/\/fundacionquimica.org.ar\/cursos\/?s={search_term_string}\"},\"query-input\":{\"@type\":\"PropertyValueSpecification\",\"valueRequired\":true,\"valueName\":\"search_term_string\"}}],\"inLanguage\":\"es\"},{\"@type\":\"Organization\",\"@id\":\"https:\/\/fundacionquimica.org.ar\/cursos\/#organization\",\"name\":\"Fundaci\u00f3n Qu\u00edmica Argentina\",\"url\":\"https:\/\/fundacionquimica.org.ar\/cursos\/\",\"logo\":{\"@type\":\"ImageObject\",\"inLanguage\":\"es\",\"@id\":\"https:\/\/fundacionquimica.org.ar\/cursos\/#\/schema\/logo\/image\/\",\"url\":\"https:\/\/fundacionquimica.org.ar\/cursos-nuevo\/wp-content\/uploads\/2024\/06\/cropped-f-1-32x32-1.jpg\",\"contentUrl\":\"https:\/\/fundacionquimica.org.ar\/cursos-nuevo\/wp-content\/uploads\/2024\/06\/cropped-f-1-32x32-1.jpg\",\"width\":32,\"height\":32,\"caption\":\"Fundaci\u00f3n Qu\u00edmica Argentina\"},\"image\":{\"@id\":\"https:\/\/fundacionquimica.org.ar\/cursos\/#\/schema\/logo\/image\/\"},\"sameAs\":[\"https:\/\/www.facebook.com\/FundacionQuimicaArgentina\",\"https:\/\/www.linkedin.com\/company\/cursosfqa\"]}]}<\/script>\n<meta property=\"og:availability\" content=\"instock\" \/>\n<meta property=\"product:availability\" content=\"instock\" \/>\n<meta property=\"product:condition\" content=\"new\" \/>\n<!-- \/ Yoast SEO Premium plugin. -->","yoast_head_json":{"title":"manipuladores de productos qu\u00edmicos - Cursos Fundaci\u00f3n Qu\u00edmica Argentina","description":"Curso para manipuladores de productos qu\u00edmicos. Certificado \u201cAUXILIAR DIPLOMADO\u201d en el Manejo de Productos Qu\u00edmicos e inscipci\u00f3n bonificada al ReMPQui","robots":{"index":"index","follow":"follow","max-snippet":"max-snippet:-1","max-image-preview":"max-image-preview:large","max-video-preview":"max-video-preview:-1"},"canonical":"https:\/\/fundacionquimica.org.ar\/cursos\/cursos\/curso-para-manipuladores-de-productos-quimicos\/","og_locale":"es_ES","og_type":"article","og_title":"Curso para manipuladores de productos qu\u00edmicos","og_description":"Curso para manipuladores de productos qu\u00edmicos. Certificado \u201cAUXILIAR DIPLOMADO\u201d en el Manejo de Productos Qu\u00edmicos e inscipci\u00f3n bonificada al ReMPQui","og_url":"https:\/\/fundacionquimica.org.ar\/cursos\/cursos\/curso-para-manipuladores-de-productos-quimicos\/","og_site_name":"Cursos Fundaci\u00f3n Qu\u00edmica Argentina","article_publisher":"https:\/\/www.facebook.com\/FundacionQuimicaArgentina","article_modified_time":"2026-01-13T18:40:09+00:00","og_image":[{"width":450,"height":300,"url":"https:\/\/fundacionquimica.org.ar\/cursos\/wp-content\/uploads\/2024\/04\/biocidas-quimicos800-2-450x300-1.jpg","type":"image\/jpeg"}],"twitter_card":"summary_large_image","twitter_misc":{"Disponibilidad":"Disponible"},"schema":{"@context":"https:\/\/schema.org","@graph":[{"@type":"WebPage","@id":"https:\/\/fundacionquimica.org.ar\/cursos\/cursos\/curso-para-manipuladores-de-productos-quimicos\/","url":"https:\/\/fundacionquimica.org.ar\/cursos\/cursos\/curso-para-manipuladores-de-productos-quimicos\/","name":"manipuladores de productos qu\u00edmicos - Cursos Fundaci\u00f3n Qu\u00edmica Argentina","isPartOf":{"@id":"https:\/\/fundacionquimica.org.ar\/cursos\/#website"},"primaryImageOfPage":{"@id":"https:\/\/fundacionquimica.org.ar\/cursos\/cursos\/curso-para-manipuladores-de-productos-quimicos\/#primaryimage"},"image":{"@id":"https:\/\/fundacionquimica.org.ar\/cursos\/cursos\/curso-para-manipuladores-de-productos-quimicos\/#primaryimage"},"thumbnailUrl":"https:\/\/fundacionquimica.org.ar\/cursos\/wp-content\/uploads\/2024\/04\/biocidas-quimicos800-2-450x300-1.jpg","datePublished":"2024-04-08T18:48:15+00:00","dateModified":"2026-01-13T18:40:09+00:00","description":"Curso para manipuladores de productos qu\u00edmicos. Certificado \u201cAUXILIAR DIPLOMADO\u201d en el Manejo de Productos Qu\u00edmicos e inscipci\u00f3n bonificada al ReMPQui","breadcrumb":{"@id":"https:\/\/fundacionquimica.org.ar\/cursos\/cursos\/curso-para-manipuladores-de-productos-quimicos\/#breadcrumb"},"inLanguage":"es","potentialAction":[{"@type":"ReadAction","target":["https:\/\/fundacionquimica.org.ar\/cursos\/cursos\/curso-para-manipuladores-de-productos-quimicos\/"]}]},{"@type":"ImageObject","inLanguage":"es","@id":"https:\/\/fundacionquimica.org.ar\/cursos\/cursos\/curso-para-manipuladores-de-productos-quimicos\/#primaryimage","url":"https:\/\/fundacionquimica.org.ar\/cursos\/wp-content\/uploads\/2024\/04\/biocidas-quimicos800-2-450x300-1.jpg","contentUrl":"https:\/\/fundacionquimica.org.ar\/cursos\/wp-content\/uploads\/2024\/04\/biocidas-quimicos800-2-450x300-1.jpg","width":450,"height":300,"caption":"Manipuladores de productos qu\u00edmicos"},{"@type":"BreadcrumbList","@id":"https:\/\/fundacionquimica.org.ar\/cursos\/cursos\/curso-para-manipuladores-de-productos-quimicos\/#breadcrumb","itemListElement":[{"@type":"ListItem","position":1,"name":"Home","item":"https:\/\/fundacionquimica.org.ar\/cursos\/"},{"@type":"ListItem","position":2,"name":"Todos los Cursos","item":"https:\/\/fundacionquimica.org.ar\/cursos\/cursos\/"},{"@type":"ListItem","position":3,"name":"Curso para manipuladores de productos qu\u00edmicos"}]},{"@type":"WebSite","@id":"https:\/\/fundacionquimica.org.ar\/cursos\/#website","url":"https:\/\/fundacionquimica.org.ar\/cursos\/","name":"Cursos Fundaci\u00f3n Qu\u00edmica Argentina","description":"","publisher":{"@id":"https:\/\/fundacionquimica.org.ar\/cursos\/#organization"},"potentialAction":[{"@type":"SearchAction","target":{"@type":"EntryPoint","urlTemplate":"https:\/\/fundacionquimica.org.ar\/cursos\/?s={search_term_string}"},"query-input":{"@type":"PropertyValueSpecification","valueRequired":true,"valueName":"search_term_string"}}],"inLanguage":"es"},{"@type":"Organization","@id":"https:\/\/fundacionquimica.org.ar\/cursos\/#organization","name":"Fundaci\u00f3n Qu\u00edmica Argentina","url":"https:\/\/fundacionquimica.org.ar\/cursos\/","logo":{"@type":"ImageObject","inLanguage":"es","@id":"https:\/\/fundacionquimica.org.ar\/cursos\/#\/schema\/logo\/image\/","url":"https:\/\/fundacionquimica.org.ar\/cursos-nuevo\/wp-content\/uploads\/2024\/06\/cropped-f-1-32x32-1.jpg","contentUrl":"https:\/\/fundacionquimica.org.ar\/cursos-nuevo\/wp-content\/uploads\/2024\/06\/cropped-f-1-32x32-1.jpg","width":32,"height":32,"caption":"Fundaci\u00f3n Qu\u00edmica Argentina"},"image":{"@id":"https:\/\/fundacionquimica.org.ar\/cursos\/#\/schema\/logo\/image\/"},"sameAs":["https:\/\/www.facebook.com\/FundacionQuimicaArgentina","https:\/\/www.linkedin.com\/company\/cursosfqa"]}]},"og_availability":"instock","product_availability":"instock","product_condition":"new"},"_links":{"self":[{"href":"https:\/\/fundacionquimica.org.ar\/cursos\/wp-json\/wp\/v2\/product\/393","targetHints":{"allow":["GET"]}}],"collection":[{"href":"https:\/\/fundacionquimica.org.ar\/cursos\/wp-json\/wp\/v2\/product"}],"about":[{"href":"https:\/\/fundacionquimica.org.ar\/cursos\/wp-json\/wp\/v2\/types\/product"}],"replies":[{"embeddable":true,"href":"https:\/\/fundacionquimica.org.ar\/cursos\/wp-json\/wp\/v2\/comments?post=393"}],"wp:featuredmedia":[{"embeddable":true,"href":"https:\/\/fundacionquimica.org.ar\/cursos\/wp-json\/wp\/v2\/media\/396"}],"wp:attachment":[{"href":"https:\/\/fundacionquimica.org.ar\/cursos\/wp-json\/wp\/v2\/media?parent=393"}],"wp:term":[{"taxonomy":"product_brand","embeddable":true,"href":"https:\/\/fundacionquimica.org.ar\/cursos\/wp-json\/wp\/v2\/product_brand?post=393"},{"taxonomy":"product_cat","embeddable":true,"href":"https:\/\/fundacionquimica.org.ar\/cursos\/wp-json\/wp\/v2\/product_cat?post=393"},{"taxonomy":"product_tag","embeddable":true,"href":"https:\/\/fundacionquimica.org.ar\/cursos\/wp-json\/wp\/v2\/product_tag?post=393"}],"curies":[{"name":"wp","href":"https:\/\/api.w.org\/{rel}","templated":true}]}}