{"id":287,"date":"2024-03-28T16:33:19","date_gmt":"2024-03-28T16:33:19","guid":{"rendered":"https:\/\/fundacionquimica.org.ar\/cursos-nuevo\/?page_id=287"},"modified":"2024-07-02T17:18:57","modified_gmt":"2024-07-02T17:18:57","slug":"institucional","status":"publish","type":"page","link":"https:\/\/fundacionquimica.org.ar\/cursos\/institucional\/","title":{"rendered":"Institucionales"},"content":{"rendered":"<div class='breakdance'><section class=\"bde-section-287-123 bde-section\">\n  \n  \n\t\n\n\n\n<div class=\"section-container\"><div class=\"bde-columns-287-124 bde-columns\"><div class=\"bde-column-287-125 bde-column\">\n  \n  \n\t\n\n\n\n<h1 class=\"bde-heading-287-165 bde-heading\">\nNuestra Misi\u00f3n\n<\/h1><div class=\"bde-text-287-114 bde-text\">\nEs nuestro m\u00e1ximo deseo poder ser \u00fatil a toda la comunidad de profesionales y t\u00e9cnicos que se desempe\u00f1an en las distintas \u00e1reas de la qu\u00edmica y de otras, que en estrecha vinculaci\u00f3n, trabajan con nosotros.\n<\/div>\n<\/div><div class=\"bde-column-287-130 bde-column\">\n  \n  \n\t\n\n\n\n<div class=\"bde-image-287-131 bde-image\">\n<figure class=\"breakdance-image breakdance-image--167\">\n\t<div class=\"breakdance-image-container\">\n\t\t<div class=\"breakdance-image-clip\"><img decoding=\"async\" class=\"breakdance-image-object\" src=\"https:\/\/breakdancedemos.com\/supa\/wp-content\/uploads\/sites\/9\/2023\/01\/circle-stroke.svg\" width=\"1024\" height=\"1024\" sizes=\"(max-width: 1024px) 100vw, 1024px\"><\/div>\n\t<\/div><\/figure>\n\n<\/div><div class=\"bde-masker-287-132 bde-masker\"><div class=\"bde-image-hover-card-287-133 bde-image-hover-card\">\n<figure class=\"ee-imagehover c4-izmir  c4-image-pan-down\">\n    <img decoding=\"async\" class=\"breakdance-image-object\" src=\"https:\/\/fundacionquimica.org.ar\/cursos\/wp-content\/uploads\/2024\/03\/molecular.jpg\" width=\"768\" height=\"768\" srcset=\"https:\/\/fundacionquimica.org.ar\/cursos\/wp-content\/uploads\/2024\/03\/molecular.jpg 768w, https:\/\/fundacionquimica.org.ar\/cursos\/wp-content\/uploads\/2024\/03\/molecular-300x300.jpg 300w, https:\/\/fundacionquimica.org.ar\/cursos\/wp-content\/uploads\/2024\/03\/molecular-150x150.jpg 150w, https:\/\/fundacionquimica.org.ar\/cursos\/wp-content\/uploads\/2024\/03\/molecular-600x600.jpg 600w, https:\/\/fundacionquimica.org.ar\/cursos\/wp-content\/uploads\/2024\/03\/molecular-100x100.jpg 100w\" sizes=\"(max-width: 768px) 100vw, 768px\">\n  <figcaption >\n      <\/figcaption>\n<\/figure>\n<\/div>\r\n<\/div><div class=\"bde-image-287-134 bde-image\">\n<figure class=\"breakdance-image breakdance-image--435\">\n\t<div class=\"breakdance-image-container\">\n\t\t<div class=\"breakdance-image-clip\"><img decoding=\"async\" class=\"breakdance-image-object\" src=\"https:\/\/fundacionquimica.org.ar\/cursos\/wp-content\/uploads\/2024\/04\/tox-300x188.jpg\" width=\"300\" height=\"188\" srcset=\"https:\/\/fundacionquimica.org.ar\/cursos\/wp-content\/uploads\/2024\/04\/tox.jpg 400w, https:\/\/fundacionquimica.org.ar\/cursos\/wp-content\/uploads\/2024\/04\/tox-300x188.jpg 300w\" sizes=\"(max-width: 400px) 100vw, 400px\"><\/div>\n\t<\/div><\/figure>\n\n<\/div><div class=\"bde-image-287-135 bde-image\">\n<figure class=\"breakdance-image breakdance-image--76\">\n\t<div class=\"breakdance-image-container\">\n\t\t<div class=\"breakdance-image-clip\"><img decoding=\"async\" class=\"breakdance-image-object\" src=\"https:\/\/fundacionquimica.org.ar\/cursos\/wp-content\/uploads\/2024\/03\/pres-400x252-1-300x189.jpg\" width=\"300\" height=\"189\" srcset=\"https:\/\/fundacionquimica.org.ar\/cursos\/wp-content\/uploads\/2024\/03\/pres-400x252-1.jpg 400w, https:\/\/fundacionquimica.org.ar\/cursos\/wp-content\/uploads\/2024\/03\/pres-400x252-1-300x189.jpg 300w\" sizes=\"(max-width: 400px) 100vw, 400px\"><\/div>\n\t<\/div><\/figure>\n\n<\/div>\n<\/div><\/div><\/div>\n<\/section><section class=\"bde-section-287-115 bde-section\">\n  \n  \n\t\n\n\n\n<div class=\"section-container\"><div class=\"bde-columns-287-116 bde-columns\"><div class=\"bde-column-287-117 bde-column\">\n  \n  \n\t\n\n\n\n\n<\/div><div class=\"bde-column-287-118 bde-column\">\n  \n  \n\t\n\n\n\n<div class=\"bde-rich-text-287-137 bde-rich-text breakdance-rich-text-styles\">\n<p>Como Coordinador General de los cursos de <strong>Fundaci\u00f3n Qu\u00edmica Argentina<\/strong>, les doy la bienvenida a este nuevo ciclo de cursos organizados por nuestra instituci\u00f3n, con nuevos temas en oferta y con otros en preparaci\u00f3n que iremos difundiendo en breve.<br \/><br \/>Como siempre a vuestras \u00f3rdenes para responder a cualquier inquietud y resolver los inconvenientes que puedan presentarse en el trascurso de los cursos propuestos.<\/p>\n<\/div><div class=\"bde-text-287-121 bde-text\">\n\n<\/div><h5 class=\"bde-heading-287-119 bde-heading\">\nDr. Jos\u00e9 Garesi\n<\/h5><div class=\"bde-text-287-120 bde-text\">\nCOORDINADOR GENERAL\n<\/div>\n<\/div><\/div><\/div>\n<\/section><\/div>","protected":false},"excerpt":{"rendered":"<p>Nuestra Misi\u00f3n Es nuestro m\u00e1ximo deseo poder ser \u00fatil a toda la comunidad de profesionales y t\u00e9cnicos que se desempe\u00f1an en las distintas \u00e1reas de la qu\u00edmica y de otras, que en estrecha vinculaci\u00f3n, trabajan con nosotros. Como Coordinador General de los cursos de Fundaci\u00f3n Qu\u00edmica Argentina, les doy la bienvenida a este nuevo ciclo [&hellip;]<\/p>\n","protected":false},"author":1,"featured_media":0,"parent":0,"menu_order":0,"comment_status":"closed","ping_status":"closed","template":"","meta":{"_acf_changed":false,"_breakdance_hide_in_design_set":false,"_breakdance_tags":"","footnotes":""},"class_list":["post-287","page","type-page","status-publish","hentry"],"acf":[],"yoast_head":"<!-- This site is optimized with the Yoast SEO Premium plugin v24.7 (Yoast SEO v26.3) - https:\/\/yoast.com\/wordpress\/plugins\/seo\/ -->\n<title>Institucionales - Cursos Fundaci\u00f3n Qu\u00edmica Argentina<\/title>\n<meta name=\"robots\" content=\"index, follow, max-snippet:-1, max-image-preview:large, max-video-preview:-1\" \/>\n<link rel=\"canonical\" href=\"https:\/\/fundacionquimica.org.ar\/cursos\/institucional\/\" \/>\n<meta property=\"og:locale\" content=\"es_ES\" \/>\n<meta property=\"og:type\" content=\"article\" \/>\n<meta property=\"og:title\" content=\"Institucionales\" \/>\n<meta property=\"og:description\" content=\"Nuestra Misi\u00f3n Es nuestro m\u00e1ximo deseo poder ser \u00fatil a toda la comunidad de profesionales y t\u00e9cnicos que se desempe\u00f1an en las distintas \u00e1reas de la qu\u00edmica y de otras, que en estrecha vinculaci\u00f3n, trabajan con nosotros. Como Coordinador General de los cursos de Fundaci\u00f3n Qu\u00edmica Argentina, les doy la bienvenida a este nuevo ciclo [&hellip;]\" \/>\n<meta property=\"og:url\" content=\"https:\/\/fundacionquimica.org.ar\/cursos\/institucional\/\" \/>\n<meta property=\"og:site_name\" content=\"Cursos Fundaci\u00f3n Qu\u00edmica Argentina\" \/>\n<meta property=\"article:publisher\" content=\"https:\/\/www.facebook.com\/FundacionQuimicaArgentina\" \/>\n<meta property=\"article:modified_time\" content=\"2024-07-02T17:18:57+00:00\" \/>\n<meta name=\"twitter:card\" content=\"summary_large_image\" \/>\n<script type=\"application\/ld+json\" class=\"yoast-schema-graph\">{\"@context\":\"https:\/\/schema.org\",\"@graph\":[{\"@type\":\"WebPage\",\"@id\":\"https:\/\/fundacionquimica.org.ar\/cursos\/institucional\/\",\"url\":\"https:\/\/fundacionquimica.org.ar\/cursos\/institucional\/\",\"name\":\"Institucionales - Cursos Fundaci\u00f3n Qu\u00edmica Argentina\",\"isPartOf\":{\"@id\":\"https:\/\/fundacionquimica.org.ar\/cursos\/#website\"},\"datePublished\":\"2024-03-28T16:33:19+00:00\",\"dateModified\":\"2024-07-02T17:18:57+00:00\",\"breadcrumb\":{\"@id\":\"https:\/\/fundacionquimica.org.ar\/cursos\/institucional\/#breadcrumb\"},\"inLanguage\":\"es\",\"potentialAction\":[{\"@type\":\"ReadAction\",\"target\":[\"https:\/\/fundacionquimica.org.ar\/cursos\/institucional\/\"]}]},{\"@type\":\"BreadcrumbList\",\"@id\":\"https:\/\/fundacionquimica.org.ar\/cursos\/institucional\/#breadcrumb\",\"itemListElement\":[{\"@type\":\"ListItem\",\"position\":1,\"name\":\"Home\",\"item\":\"https:\/\/fundacionquimica.org.ar\/cursos\/\"},{\"@type\":\"ListItem\",\"position\":2,\"name\":\"Institucionales\"}]},{\"@type\":\"WebSite\",\"@id\":\"https:\/\/fundacionquimica.org.ar\/cursos\/#website\",\"url\":\"https:\/\/fundacionquimica.org.ar\/cursos\/\",\"name\":\"Cursos Fundaci\u00f3n Qu\u00edmica Argentina\",\"description\":\"\",\"publisher\":{\"@id\":\"https:\/\/fundacionquimica.org.ar\/cursos\/#organization\"},\"potentialAction\":[{\"@type\":\"SearchAction\",\"target\":{\"@type\":\"EntryPoint\",\"urlTemplate\":\"https:\/\/fundacionquimica.org.ar\/cursos\/?s={search_term_string}\"},\"query-input\":{\"@type\":\"PropertyValueSpecification\",\"valueRequired\":true,\"valueName\":\"search_term_string\"}}],\"inLanguage\":\"es\"},{\"@type\":\"Organization\",\"@id\":\"https:\/\/fundacionquimica.org.ar\/cursos\/#organization\",\"name\":\"Fundaci\u00f3n Qu\u00edmica Argentina\",\"url\":\"https:\/\/fundacionquimica.org.ar\/cursos\/\",\"logo\":{\"@type\":\"ImageObject\",\"inLanguage\":\"es\",\"@id\":\"https:\/\/fundacionquimica.org.ar\/cursos\/#\/schema\/logo\/image\/\",\"url\":\"https:\/\/fundacionquimica.org.ar\/cursos-nuevo\/wp-content\/uploads\/2024\/06\/cropped-f-1-32x32-1.jpg\",\"contentUrl\":\"https:\/\/fundacionquimica.org.ar\/cursos-nuevo\/wp-content\/uploads\/2024\/06\/cropped-f-1-32x32-1.jpg\",\"width\":32,\"height\":32,\"caption\":\"Fundaci\u00f3n Qu\u00edmica Argentina\"},\"image\":{\"@id\":\"https:\/\/fundacionquimica.org.ar\/cursos\/#\/schema\/logo\/image\/\"},\"sameAs\":[\"https:\/\/www.facebook.com\/FundacionQuimicaArgentina\",\"https:\/\/www.linkedin.com\/company\/cursosfqa\"]}]}<\/script>\n<!-- \/ Yoast SEO Premium plugin. -->","yoast_head_json":{"title":"Institucionales - Cursos Fundaci\u00f3n Qu\u00edmica Argentina","robots":{"index":"index","follow":"follow","max-snippet":"max-snippet:-1","max-image-preview":"max-image-preview:large","max-video-preview":"max-video-preview:-1"},"canonical":"https:\/\/fundacionquimica.org.ar\/cursos\/institucional\/","og_locale":"es_ES","og_type":"article","og_title":"Institucionales","og_description":"Nuestra Misi\u00f3n Es nuestro m\u00e1ximo deseo poder ser \u00fatil a toda la comunidad de profesionales y t\u00e9cnicos que se desempe\u00f1an en las distintas \u00e1reas de la qu\u00edmica y de otras, que en estrecha vinculaci\u00f3n, trabajan con nosotros. Como Coordinador General de los cursos de Fundaci\u00f3n Qu\u00edmica Argentina, les doy la bienvenida a este nuevo ciclo [&hellip;]","og_url":"https:\/\/fundacionquimica.org.ar\/cursos\/institucional\/","og_site_name":"Cursos Fundaci\u00f3n Qu\u00edmica Argentina","article_publisher":"https:\/\/www.facebook.com\/FundacionQuimicaArgentina","article_modified_time":"2024-07-02T17:18:57+00:00","twitter_card":"summary_large_image","schema":{"@context":"https:\/\/schema.org","@graph":[{"@type":"WebPage","@id":"https:\/\/fundacionquimica.org.ar\/cursos\/institucional\/","url":"https:\/\/fundacionquimica.org.ar\/cursos\/institucional\/","name":"Institucionales - Cursos Fundaci\u00f3n Qu\u00edmica Argentina","isPartOf":{"@id":"https:\/\/fundacionquimica.org.ar\/cursos\/#website"},"datePublished":"2024-03-28T16:33:19+00:00","dateModified":"2024-07-02T17:18:57+00:00","breadcrumb":{"@id":"https:\/\/fundacionquimica.org.ar\/cursos\/institucional\/#breadcrumb"},"inLanguage":"es","potentialAction":[{"@type":"ReadAction","target":["https:\/\/fundacionquimica.org.ar\/cursos\/institucional\/"]}]},{"@type":"BreadcrumbList","@id":"https:\/\/fundacionquimica.org.ar\/cursos\/institucional\/#breadcrumb","itemListElement":[{"@type":"ListItem","position":1,"name":"Home","item":"https:\/\/fundacionquimica.org.ar\/cursos\/"},{"@type":"ListItem","position":2,"name":"Institucionales"}]},{"@type":"WebSite","@id":"https:\/\/fundacionquimica.org.ar\/cursos\/#website","url":"https:\/\/fundacionquimica.org.ar\/cursos\/","name":"Cursos Fundaci\u00f3n Qu\u00edmica Argentina","description":"","publisher":{"@id":"https:\/\/fundacionquimica.org.ar\/cursos\/#organization"},"potentialAction":[{"@type":"SearchAction","target":{"@type":"EntryPoint","urlTemplate":"https:\/\/fundacionquimica.org.ar\/cursos\/?s={search_term_string}"},"query-input":{"@type":"PropertyValueSpecification","valueRequired":true,"valueName":"search_term_string"}}],"inLanguage":"es"},{"@type":"Organization","@id":"https:\/\/fundacionquimica.org.ar\/cursos\/#organization","name":"Fundaci\u00f3n Qu\u00edmica Argentina","url":"https:\/\/fundacionquimica.org.ar\/cursos\/","logo":{"@type":"ImageObject","inLanguage":"es","@id":"https:\/\/fundacionquimica.org.ar\/cursos\/#\/schema\/logo\/image\/","url":"https:\/\/fundacionquimica.org.ar\/cursos-nuevo\/wp-content\/uploads\/2024\/06\/cropped-f-1-32x32-1.jpg","contentUrl":"https:\/\/fundacionquimica.org.ar\/cursos-nuevo\/wp-content\/uploads\/2024\/06\/cropped-f-1-32x32-1.jpg","width":32,"height":32,"caption":"Fundaci\u00f3n Qu\u00edmica Argentina"},"image":{"@id":"https:\/\/fundacionquimica.org.ar\/cursos\/#\/schema\/logo\/image\/"},"sameAs":["https:\/\/www.facebook.com\/FundacionQuimicaArgentina","https:\/\/www.linkedin.com\/company\/cursosfqa"]}]}},"_links":{"self":[{"href":"https:\/\/fundacionquimica.org.ar\/cursos\/wp-json\/wp\/v2\/pages\/287","targetHints":{"allow":["GET"]}}],"collection":[{"href":"https:\/\/fundacionquimica.org.ar\/cursos\/wp-json\/wp\/v2\/pages"}],"about":[{"href":"https:\/\/fundacionquimica.org.ar\/cursos\/wp-json\/wp\/v2\/types\/page"}],"author":[{"embeddable":true,"href":"https:\/\/fundacionquimica.org.ar\/cursos\/wp-json\/wp\/v2\/users\/1"}],"replies":[{"embeddable":true,"href":"https:\/\/fundacionquimica.org.ar\/cursos\/wp-json\/wp\/v2\/comments?post=287"}],"version-history":[{"count":20,"href":"https:\/\/fundacionquimica.org.ar\/cursos\/wp-json\/wp\/v2\/pages\/287\/revisions"}],"predecessor-version":[{"id":591,"href":"https:\/\/fundacionquimica.org.ar\/cursos\/wp-json\/wp\/v2\/pages\/287\/revisions\/591"}],"wp:attachment":[{"href":"https:\/\/fundacionquimica.org.ar\/cursos\/wp-json\/wp\/v2\/media?parent=287"}],"curies":[{"name":"wp","href":"https:\/\/api.w.org\/{rel}","templated":true}]}}