{"id":41,"date":"2018-04-10T11:39:47","date_gmt":"2018-04-10T11:39:47","guid":{"rendered":"http:\/\/grupomagma.com.ar\/cofilab\/?page_id=41"},"modified":"2018-04-10T11:39:47","modified_gmt":"2018-04-10T11:39:47","slug":"ambito-de-aplicacion","status":"publish","type":"page","link":"https:\/\/fundacionquimica.org.ar\/cofilab\/ambito-de-aplicacion\/","title":{"rendered":"\u00c1mbito de Aplicaci\u00f3n"},"content":{"rendered":"<p>[et_pb_section fb_built=\u00bb1&#8243; fullwidth=\u00bbon\u00bb admin_label=\u00bbsection\u00bb custom_padding_last_edited=\u00bbon|desktop\u00bb _builder_version=\u00bb3.0.100&#8243; use_background_color_gradient=\u00bbon\u00bb background_color_gradient_start_position=\u00bb36%\u00bb background_color_gradient_overlays_image=\u00bbon\u00bb custom_padding=\u00bb0px|0px|0px|0px\u00bb custom_padding_tablet=\u00bb50px|0|50px|0&#8243; box_shadow_style=\u00bbpreset3&#8243; transparent_background=\u00bboff\u00bb][et_pb_fullwidth_header title=\u00bbCOFILAB\u00bb subhead=\u00bbConsejo de Fiscalizaci\u00f3n de Laboratorios.\u00bb background_layout=\u00bbdark\u00bb admin_label=\u00bbFullwidth Header\u00bb _builder_version=\u00bb3.0.100&#8243; title_font=\u00bbPoppins|600|||||||\u00bb content_font=\u00bb||||||||\u00bb content_font_size=\u00bb15px\u00bb subhead_font=\u00bbOswald|300|||||||\u00bb subhead_font_size=\u00bb21px\u00bb background_image=\u00bbhttp:\/\/fundacionquimica.org.ar\/cofilab\/wp-content\/uploads\/2018\/04\/chemical_lab_banner.jpg\u00bb background_url=\u00bbhttp:\/\/fundacionquimica.org.ar\/cofilab\/wp-content\/uploads\/2018\/04\/CASAMIENTOS.jpg\u00bb][\/et_pb_fullwidth_header][\/et_pb_section][et_pb_section fb_built=\u00bb1&#8243; admin_label=\u00bbsection\u00bb custom_padding_last_edited=\u00bbon|desktop\u00bb _builder_version=\u00bb3.0.47&#8243; custom_padding=\u00bb26px|0px|41px|0px\u00bb custom_padding_tablet=\u00bb50px|0|50px|0&#8243; transparent_background=\u00bboff\u00bb][et_pb_row padding_mobile=\u00bboff\u00bb column_padding_mobile=\u00bbon\u00bb _builder_version=\u00bb3.0.47&#8243; background_size=\u00bbinitial\u00bb background_position=\u00bbtop_left\u00bb background_repeat=\u00bbrepeat\u00bb][et_pb_column type=\u00bb1_2&#8243; _builder_version=\u00bb3.0.47&#8243; column_padding_mobile=\u00bbon\u00bb parallax=\u00bboff\u00bb parallax_method=\u00bbon\u00bb][et_pb_text _builder_version=\u00bb3.0.100&#8243; background_size=\u00bbinitial\u00bb background_position=\u00bbtop_left\u00bb background_repeat=\u00bbrepeat\u00bb use_border_color=\u00bboff\u00bb border_style=\u00bbsolid\u00bb]<\/p>\n<h1 style=\"text-align: justify;\"><span style=\"color: #009d53;\"><strong>Ambito de Aplicaci\u00f3n<\/strong><\/span><\/h1>\n<p style=\"text-align: justify;\">El <strong><span style=\"color: #009d53;\">COFILAB<\/span><\/strong> extender\u00e1 su accionar y funcionamiento a todo el territorio nacional en virtud de la necesidad de cumplir con la misi\u00f3n para la que fuera creado.<\/p>\n<p style=\"text-align: justify;\">Para los laboratorios o establecimientos ubicados fuera del \u00e1mbito de la Ciudad de Buenos Aires o Conurbano Bonaerense y que soliciten su incorporaci\u00f3n al Plan Nacional de Fiscalizaci\u00f3n de Laboratorios, las distintas delegaciones del interior en sus zonas de influencia ser\u00e1n los \u00f3rganos de apoyo operativo recepcionando la documentaci\u00f3n presentada, efectuando los cobros, y funcionando como nexo entre el <strong><span style=\"color: #009d53;\">COFILAB <\/span><\/strong>y los laboratorios.<\/p>\n<p>[\/et_pb_text][\/et_pb_column][et_pb_column type=\u00bb1_2&#8243; _builder_version=\u00bb3.0.47&#8243; column_padding_mobile=\u00bbon\u00bb parallax=\u00bboff\u00bb parallax_method=\u00bbon\u00bb][et_pb_image src=\u00bbhttp:\/\/fundacionquimica.org.ar\/cofilab\/wp-content\/uploads\/2018\/04\/ambiti.jpg\u00bb _builder_version=\u00bb3.0.100&#8243; animation_style=\u00bbslide\u00bb animation_direction=\u00bbleft\u00bb animation_duration=\u00bb500ms\u00bb animation_intensity_slide=\u00bb10%\u00bb use_border_color=\u00bboff\u00bb border_color=\u00bb#ffffff\u00bb border_width=\u00bb1px\u00bb border_style=\u00bbsolid\u00bb sticky=\u00bboff\u00bb][\/et_pb_image][\/et_pb_column][\/et_pb_row][et_pb_row _builder_version=\u00bb3.0.100&#8243;][et_pb_column type=\u00bb4_4&#8243; _builder_version=\u00bb3.0.100&#8243; parallax=\u00bboff\u00bb parallax_method=\u00bbon\u00bb][et_pb_contact_form email=\u00bbinfo@cofilab.org.ar\u00bb title=\u00bbPara obtener mayor informaci\u00f3n \u00bb module_id=\u00bbet_pb_contact_form_0&#8243; _builder_version=\u00bb3.0.100&#8243; success_message=\u00bbGracias por contactarte con Cofilab en breve responderemos su consulta.\u00bb][et_pb_contact_field field_id=\u00bbName\u00bb field_title=\u00bbNombre y Apellido\u00bb fullwidth_field=\u00bbon\u00bb _builder_version=\u00bb3.0.100&#8243; border_radii=\u00bbon||||\u00bb][\/et_pb_contact_field][et_pb_contact_field field_id=\u00bbEmail\u00bb field_title=\u00bbDirecci\u00f3n de correo electr\u00f3nico\u00bb field_type=\u00bbemail\u00bb _builder_version=\u00bb3.0.47&#8243; border_radii=\u00bbon||||\u00bb][\/et_pb_contact_field][et_pb_contact_field field_id=\u00bbtel\u00bb field_title=\u00bbTel\/Cel\u00bb _builder_version=\u00bb3.0.100&#8243; border_radii=\u00bbon||||\u00bb][\/et_pb_contact_field][et_pb_contact_field field_id=\u00bbMessage\u00bb field_title=\u00bbMensaje\u00bb field_type=\u00bbtext\u00bb fullwidth_field=\u00bbon\u00bb _builder_version=\u00bb3.0.47&#8243; border_radii=\u00bbon||||\u00bb][\/et_pb_contact_field][\/et_pb_contact_form][\/et_pb_column][\/et_pb_row][\/et_pb_section]<\/p>\n","protected":false},"excerpt":{"rendered":"<p>Ambito de Aplicaci\u00f3n El COFILAB extender\u00e1 su accionar y funcionamiento a todo el territorio nacional en virtud de la necesidad de cumplir con la misi\u00f3n para la que fuera creado. Para los laboratorios o establecimientos ubicados fuera del \u00e1mbito de la Ciudad de Buenos Aires o Conurbano Bonaerense y que soliciten su incorporaci\u00f3n al Plan [&hellip;]<\/p>\n","protected":false},"author":1,"featured_media":0,"parent":0,"menu_order":0,"comment_status":"closed","ping_status":"closed","template":"","meta":{"_et_pb_use_builder":"on","_et_pb_old_content":"","_et_gb_content_width":"","footnotes":""},"class_list":["post-41","page","type-page","status-publish","hentry"],"_links":{"self":[{"href":"https:\/\/fundacionquimica.org.ar\/cofilab\/wp-json\/wp\/v2\/pages\/41","targetHints":{"allow":["GET"]}}],"collection":[{"href":"https:\/\/fundacionquimica.org.ar\/cofilab\/wp-json\/wp\/v2\/pages"}],"about":[{"href":"https:\/\/fundacionquimica.org.ar\/cofilab\/wp-json\/wp\/v2\/types\/page"}],"author":[{"embeddable":true,"href":"https:\/\/fundacionquimica.org.ar\/cofilab\/wp-json\/wp\/v2\/users\/1"}],"replies":[{"embeddable":true,"href":"https:\/\/fundacionquimica.org.ar\/cofilab\/wp-json\/wp\/v2\/comments?post=41"}],"version-history":[{"count":0,"href":"https:\/\/fundacionquimica.org.ar\/cofilab\/wp-json\/wp\/v2\/pages\/41\/revisions"}],"wp:attachment":[{"href":"https:\/\/fundacionquimica.org.ar\/cofilab\/wp-json\/wp\/v2\/media?parent=41"}],"curies":[{"name":"wp","href":"https:\/\/api.w.org\/{rel}","templated":true}]}}