{"id":37,"date":"2018-04-10T11:39:20","date_gmt":"2018-04-10T11:39:20","guid":{"rendered":"http:\/\/grupomagma.com.ar\/cofilab\/?page_id=37"},"modified":"2018-04-10T11:39:20","modified_gmt":"2018-04-10T11:39:20","slug":"funciones","status":"publish","type":"page","link":"https:\/\/fundacionquimica.org.ar\/cofilab\/funciones\/","title":{"rendered":"Funciones"},"content":{"rendered":"<p>[et_pb_section fb_built=\u00bb1&#8243; fullwidth=\u00bbon\u00bb admin_label=\u00bbsection\u00bb custom_padding_last_edited=\u00bbon|desktop\u00bb _builder_version=\u00bb3.0.100&#8243; custom_padding_tablet=\u00bb50px|0|50px|0&#8243; box_shadow_style=\u00bbpreset3&#8243; transparent_background=\u00bboff\u00bb padding_mobile=\u00bboff\u00bb][et_pb_fullwidth_header title=\u00bbCOFILAB\u00bb subhead=\u00bbConsejo de Fiscalizaci\u00f3n de Laboratorios.\u00bb background_layout=\u00bbdark\u00bb admin_label=\u00bbFullwidth Header\u00bb _builder_version=\u00bb3.0.100&#8243; title_font=\u00bbPoppins|600|||||||\u00bb content_font=\u00bb||||||||\u00bb content_font_size=\u00bb15px\u00bb subhead_font=\u00bbOswald|300|||||||\u00bb subhead_font_size=\u00bb21px\u00bb background_image=\u00bbhttp:\/\/fundacionquimica.org.ar\/cofilab\/wp-content\/uploads\/2018\/04\/chemical_lab_banner.jpg\u00bb background_url=\u00bbhttp:\/\/fundacionquimica.org.ar\/cofilab\/wp-content\/uploads\/2018\/04\/CASAMIENTOS.jpg\u00bb][\/et_pb_fullwidth_header][\/et_pb_section][et_pb_section fb_built=\u00bb1&#8243; admin_label=\u00bbsection\u00bb custom_padding_last_edited=\u00bbon|desktop\u00bb _builder_version=\u00bb3.0.47&#8243; custom_padding=\u00bb32px|0px|48px|0px\u00bb custom_padding_tablet=\u00bb50px|0|50px|0&#8243; transparent_background=\u00bboff\u00bb][et_pb_row custom_padding=\u00bb0px|0px|0px|0px\u00bb column_padding_mobile=\u00bbon\u00bb _builder_version=\u00bb3.0.47&#8243; background_size=\u00bbinitial\u00bb background_position=\u00bbtop_left\u00bb background_repeat=\u00bbrepeat\u00bb][et_pb_column type=\u00bb4_4&#8243; _builder_version=\u00bb3.0.47&#8243; column_padding_mobile=\u00bbon\u00bb parallax=\u00bboff\u00bb parallax_method=\u00bbon\u00bb][et_pb_text _builder_version=\u00bb3.0.100&#8243; background_size=\u00bbinitial\u00bb background_position=\u00bbtop_left\u00bb background_repeat=\u00bbrepeat\u00bb use_border_color=\u00bboff\u00bb border_style=\u00bbsolid\u00bb]<\/p>\n<h1 style=\"text-align: justify;\"><strong><span style=\"color: #009d53;\">Funciones<\/span><\/strong><\/h1>\n<p style=\"text-align: justify;\"><span style=\"font-size: large;\"><strong><span style=\"color: #009d53;\">Consejo Superior<\/span><\/strong><\/span><br \/>\n<span style=\"color: #009d53;\">Ser el nexo entre el COFILAB y el C.P.Q.<\/span><br \/>\nEstablecer las pol\u00edticas a seguir, con el prop\u00f3sito de lograr los objetivos.<\/p>\n<p style=\"text-align: justify;\">Ordenar y hacer ejecutar todas las tareas necesarias para el funcionamiento arm\u00f3nico de la instituci\u00f3n.<br \/>\nProporcionar los recursos necesarios a los distintos integrantes del <strong>COFILAB<\/strong> para que los mismos puedan cumplir eficazmente sus misiones.<br \/>\nConvocar a los distintos comit\u00e9s de consulta en los casos en que fuere necesario.<\/p>\n<p style=\"text-align: justify;\">Convocar al Consejo Auditor en todos los casos en que sea necesario y en los momentos en que se requiera realizar las auditor\u00edas predeterminadas en el <strong>Plan Nacional de Fiscalizaci\u00f3n de Laboratorios.<\/strong><\/p>\n<p style=\"text-align: justify;\"><span style=\"font-size: large;\"><strong><span style=\"color: #009d53;\">Consejo Auditor<\/span><\/strong><\/span><br \/>\nRealizar a pedido del Consejo Superior las auditor\u00edas internas del <strong>COFILAB<\/strong>, elevar informe por escrito de los resultados de las mismas y proponer las correcciones que considere pertinentes en cada caso.<\/p>\n<p style=\"text-align: justify;\"><span style=\"font-size: large;\"><strong><span style=\"color: #009d53;\">Comit\u00e9s de consulta<\/span><\/strong><\/span><br \/>\nEmitir opini\u00f3n respecto de los temas que son de su conocimiento a requerimiento del Consejo Superior por medio de informes, orientar y aconsejar respecto de las \u00e1reas de su competencia, debi\u00e9ndose reunir a solicitud del Consejo Superior dentro de los cinco d\u00edas de su convocatoria en los lugares previamente convenidos.<\/p>\n<p style=\"text-align: justify;\"><span style=\"font-size: large;\"><strong><span style=\"color: #009d53;\">Coordinador general<\/span><\/strong><\/span><br \/>\nSer el nexo entre el Consejo Superior, el evaluador y los laboratorios.<br \/>\nMantener las comunicaciones con los representantes de los laboratorios certificados, en v\u00edas de certificaci\u00f3n y los laboratorios interesados en adherir al <strong>COFILAB<\/strong>. Coordinar las tareas de evaluaci\u00f3n, verificaci\u00f3n e inspecci\u00f3n.<br \/>\nCoordinar los ensayos interlaboratorios. Ser el representante natural del <strong>COFILAB<\/strong> en las relaciones inter-institucionales.<\/p>\n<p style=\"text-align: justify;\"><span style=\"font-size: large;\"><strong><span style=\"color: #009d53;\">Evaluador<\/span><\/strong><\/span><br \/>\nEvaluar la documentaci\u00f3n presentada, aprob\u00e1ndola o requiriendo a los representantes de los laboratorios las aclaraciones necesarias, controlar los informes de los verificadores y confeccionar el informe final a ser tenido en cuenta por el Consejo Superior para la emisi\u00f3n de los certificados que correspondan.<\/p>\n<p style=\"text-align: justify;\"><span style=\"font-size: large;\"><strong><span style=\"color: #009d53;\">Verificadores e inspectores<\/span><\/strong><\/span><br \/>\nTienen por misi\u00f3n realizar los trabajos de campo, inspeccionando los laboratorios de an\u00e1lisis y ensayos a requerimiento del evaluador o del Consejo Superior; son tambi\u00e9n de su competencia las inspecciones por denuncias o detecci\u00f3n de protocolos ap\u00f3crifos.<\/p>\n<p style=\"text-align: justify;\"><span style=\"font-size: large;\"><strong><span style=\"color: #009d53;\">Secretario administrativo<\/span><\/strong><\/span><br \/>\nRealizar las tareas administrativas necesarias y colaborar con el Consejo Superior, el coordinador general y el evaluador.<\/p>\n<p>[\/et_pb_text][\/et_pb_column][\/et_pb_row][\/et_pb_section]<\/p>\n","protected":false},"excerpt":{"rendered":"<p>Funciones Consejo Superior Ser el nexo entre el COFILAB y el C.P.Q. Establecer las pol\u00edticas a seguir, con el prop\u00f3sito de lograr los objetivos. Ordenar y hacer ejecutar todas las tareas necesarias para el funcionamiento arm\u00f3nico de la instituci\u00f3n. Proporcionar los recursos necesarios a los distintos integrantes del COFILAB para que los mismos puedan cumplir [&hellip;]<\/p>\n","protected":false},"author":1,"featured_media":0,"parent":0,"menu_order":0,"comment_status":"closed","ping_status":"closed","template":"","meta":{"_et_pb_use_builder":"on","_et_pb_old_content":"","_et_gb_content_width":"","footnotes":""},"class_list":["post-37","page","type-page","status-publish","hentry"],"_links":{"self":[{"href":"https:\/\/fundacionquimica.org.ar\/cofilab\/wp-json\/wp\/v2\/pages\/37","targetHints":{"allow":["GET"]}}],"collection":[{"href":"https:\/\/fundacionquimica.org.ar\/cofilab\/wp-json\/wp\/v2\/pages"}],"about":[{"href":"https:\/\/fundacionquimica.org.ar\/cofilab\/wp-json\/wp\/v2\/types\/page"}],"author":[{"embeddable":true,"href":"https:\/\/fundacionquimica.org.ar\/cofilab\/wp-json\/wp\/v2\/users\/1"}],"replies":[{"embeddable":true,"href":"https:\/\/fundacionquimica.org.ar\/cofilab\/wp-json\/wp\/v2\/comments?post=37"}],"version-history":[{"count":0,"href":"https:\/\/fundacionquimica.org.ar\/cofilab\/wp-json\/wp\/v2\/pages\/37\/revisions"}],"wp:attachment":[{"href":"https:\/\/fundacionquimica.org.ar\/cofilab\/wp-json\/wp\/v2\/media?parent=37"}],"curies":[{"name":"wp","href":"https:\/\/api.w.org\/{rel}","templated":true}]}}