{"id":31,"date":"2018-04-10T11:38:32","date_gmt":"2018-04-10T11:38:32","guid":{"rendered":"http:\/\/grupomagma.com.ar\/cofilab\/?page_id=31"},"modified":"2018-04-10T11:38:32","modified_gmt":"2018-04-10T11:38:32","slug":"objetivos-y-alcances","status":"publish","type":"page","link":"https:\/\/fundacionquimica.org.ar\/cofilab\/objetivos-y-alcances\/","title":{"rendered":"Objetivos y Alcances"},"content":{"rendered":"<p>[et_pb_section fb_built=\u00bb1&#8243; fullwidth=\u00bbon\u00bb admin_label=\u00bbsection\u00bb custom_padding_last_edited=\u00bbon|desktop\u00bb _builder_version=\u00bb3.0.100&#8243; custom_padding_tablet=\u00bb50px|0|50px|0&#8243; box_shadow_style=\u00bbpreset3&#8243; transparent_background=\u00bboff\u00bb padding_mobile=\u00bboff\u00bb][et_pb_fullwidth_header title=\u00bbCOFILAB\u00bb subhead=\u00bbConsejo de Fiscalizaci\u00f3n de Laboratorios.\u00bb background_layout=\u00bbdark\u00bb admin_label=\u00bbFullwidth Header\u00bb _builder_version=\u00bb3.0.100&#8243; title_font=\u00bbPoppins|600|||||||\u00bb content_font=\u00bb||||||||\u00bb content_font_size=\u00bb15px\u00bb subhead_font=\u00bbOswald|300|||||||\u00bb subhead_font_size=\u00bb21px\u00bb background_image=\u00bbhttp:\/\/fundacionquimica.org.ar\/cofilab\/wp-content\/uploads\/2018\/04\/chemical_lab_banner.jpg\u00bb background_url=\u00bbhttp:\/\/fundacionquimica.org.ar\/cofilab\/wp-content\/uploads\/2018\/04\/CASAMIENTOS.jpg\u00bb][\/et_pb_fullwidth_header][\/et_pb_section][et_pb_section fb_built=\u00bb1&#8243; admin_label=\u00bbsection\u00bb custom_padding_last_edited=\u00bbon|desktop\u00bb _builder_version=\u00bb3.0.47&#8243; custom_padding=\u00bb34px|0px|12px|0px\u00bb custom_padding_tablet=\u00bb50px|0|50px|0&#8243; transparent_background=\u00bboff\u00bb][et_pb_row custom_padding=\u00bb13px|0px|7px|0px\u00bb column_padding_mobile=\u00bbon\u00bb _builder_version=\u00bb3.0.100&#8243; background_size=\u00bbinitial\u00bb background_position=\u00bbtop_left\u00bb background_repeat=\u00bbrepeat\u00bb][et_pb_column type=\u00bb4_4&#8243; _builder_version=\u00bb3.0.47&#8243; column_padding_mobile=\u00bbon\u00bb parallax=\u00bboff\u00bb parallax_method=\u00bbon\u00bb][et_pb_text _builder_version=\u00bb3.0.100&#8243; background_size=\u00bbinitial\u00bb background_position=\u00bbtop_left\u00bb background_repeat=\u00bbrepeat\u00bb use_border_color=\u00bboff\u00bb border_style=\u00bbsolid\u00bb]<\/p>\n<h1 style=\"text-align: justify;\"><strong><span style=\"color: #009d53;\">Objetivos y Alcances<\/span><\/strong><\/h1>\n<p>[\/et_pb_text][\/et_pb_column][\/et_pb_row][et_pb_row custom_padding=\u00bb0px|0px|26px|0px\u00bb _builder_version=\u00bb3.0.100&#8243;][et_pb_column type=\u00bb4_4&#8243; _builder_version=\u00bb3.0.100&#8243; parallax=\u00bboff\u00bb parallax_method=\u00bbon\u00bb][et_pb_text _builder_version=\u00bb3.0.100&#8243;]<\/p>\n<p style=\"text-align: justify;\"><span style=\"color: #e02b20;\"><strong>a)<\/strong><\/span> Establecer criterios referidos al funcionamiento de los laboratorios de an\u00e1lisis y ensayos y de las actividades qu\u00edmicas relacionadas con \u00e9stos, donde se realicen ensayos f\u00edsicos, qu\u00edmicos, microbiol\u00f3gicos y complementarios con fines biol\u00f3gicos, bacteriol\u00f3gicos, toxicol\u00f3gicos, industriales, de residuos, medio ambiente y afines.<\/p>\n<p style=\"text-align: justify;\"><span style=\"color: #e02b20;\"><strong>b)<\/strong> <\/span>Elaborar un listado de exigencias m\u00ednimas a cumplir en cada caso, para los distintos laboratorios, en funci\u00f3n de los an\u00e1lisis y ensayos que en los mismos se realizan.<\/p>\n<p style=\"text-align: justify;\"><strong><span style=\"color: #e02b20;\">c)<\/span><\/strong> Elaborar normas referidas a las tomas de muestras, realizaci\u00f3n de an\u00e1lisis y ensayos, protocolizaci\u00f3n, archivo y funcionamiento de los laboratorios, estableciendo la uniformidad de criterios necesaria para garantizar la comparaci\u00f3n de resultados.<\/p>\n<p style=\"text-align: justify;\"><span style=\"color: #e02b20;\"><strong>d)<\/strong><\/span> Colaborar con los organismos de estado o entidades p\u00fablicas y privadas, proponiendo anteproyectos de leyes, decretos, reglamentos y resoluciones, referidas a temas espec\u00edficos de la actividad de los laboratorios de an\u00e1lisis y ensayos, como aporte para dar soluciones a problemas existentes o en previsi\u00f3n de los que pudieran suscitarse en el futuro.<\/p>\n<p style=\"text-align: justify;\"><strong><span style=\"color: #e02b20;\">e)<\/span><\/strong> Confeccionar un c\u00f3digo de \u00e9tica que garantice el funcionamiento arm\u00f3nico del COFILAB y preserve el respeto entre sus miembros, lograr su colaboraci\u00f3n en los temas que son de mutua conveniencia, con el prop\u00f3sito de obtener el m\u00e1ximo beneficio para los mismos y la sociedad toda.<\/p>\n<p style=\"text-align: justify;\"><span style=\"color: #e02b20;\"><strong>f)<\/strong><\/span> Velar por el aseguramiento de la calidad en la ejecuci\u00f3n de an\u00e1lisis y ensayos, garantizando uniformidad en la realizaci\u00f3n de los mismos, en las mejores condiciones t\u00e9cnicas y bajo el amparo de un c\u00f3digo de \u00e9tica.<\/p>\n<p style=\"text-align: justify;\"><strong><span style=\"color: #e02b20;\">g) <\/span><\/strong>Difundir -por todos los medios a su alcance- el listado de miembros activos del programa y de los laboratorios relevados, consignando todos los datos que fueran de inter\u00e9s para los establecimientos participantes, como para los distintos miembros de la sociedad.<\/p>\n<p style=\"text-align: justify;\"><strong><span style=\"color: #e02b20;\">h)<\/span><\/strong> Integrar las comisiones oficiales espec\u00edficas que traten temas relacionados a la creaci\u00f3n, modificaci\u00f3n, estudio, etc. de leyes, decretos, reglamentos y normas, para el funcionamiento de los laboratorios, ya sea por invitaci\u00f3n o por presentaci\u00f3n espont\u00e1nea.<\/p>\n<p style=\"text-align: justify;\"><span style=\"color: #e02b20;\"><strong>i)<\/strong><\/span> Representar en el car\u00e1cter que corresponda a los miembros del Plan Nacional de Fiscalizaci\u00f3n de Laboratorios, en eventos nacionales e internacionales, referidos a los temas espec\u00edficos de la actividad.<\/p>\n<p style=\"text-align: justify;\"><span style=\"color: #e02b20;\"><strong>j)<\/strong> <\/span>Establecer un plan de trabajo para fijar est\u00e1ndares de calidad comparables entre los distintos laboratorios para los an\u00e1lisis y ensayos que se realizan en los mismos.<\/p>\n<p style=\"text-align: justify;\"><span style=\"color: #e02b20;\"><strong>k)<\/strong><\/span> Establecer el listado de especialidades, que proporcione una gu\u00eda de consulta para todos los usuarios y funcionarios p\u00fablicos, respecto de las distintas actividades que se desarrollan en los laboratorios de an\u00e1lisis y ensayos.<\/p>\n<p style=\"text-align: justify;\"><strong><span style=\"color: #e02b20;\">l)<\/span><\/strong> Establecer un listado de laboratorios de referencia en las distintas especialidades, para ser difundido y remitido a las autoridades nacionales, provinciales y municipales y a los distintos sectores del quehacer privado, que puedan requerir de sus servicios o asesoramiento.<\/p>\n<p style=\"text-align: justify;\"><strong><span style=\"color: #e02b20;\">m)<\/span><\/strong> Tender a la instauraci\u00f3n y cumplimiento en todos los laboratorios de an\u00e1lisis y ensayos que funcionen en el territorio nacional, de las normas ISO de aseguramiento de la calidad, de la ISO 17.025 para el funcionamiento de laboratorios de an\u00e1lisis y ensayos y de toda otra que se emita en el futuro, tendientes a garantizar confiabilidad en la realizaci\u00f3n de tareas de an\u00e1lisis y ensayos.<\/p>\n<p style=\"text-align: justify;\"><span style=\"color: #e02b20;\"><strong>n)<\/strong><\/span> Celebrar convenios con entidades similares, con el prop\u00f3sito de establecer la aceptaci\u00f3n de los listados de laboratorios fiscalizados, fijar pautas en com\u00fan con las mismas, para garantizar la calidad de los trabajos realizados en los laboratorios de an\u00e1lisis y ensayos.<\/p>\n<p style=\"text-align: justify;\"><strong><span style=\"color: #e02b20;\">\u00f1)<\/span><\/strong> Solicitar a los pa\u00edses miembros del MERCOSUR se exija el cumplimiento de normas de calidad internacionales en la realizaci\u00f3n de an\u00e1lisis y ensayos y la fiscalizaci\u00f3n de los laboratorios que emitan protocolos de an\u00e1lisis y ensayos.<\/p>\n<p style=\"text-align: justify;\"><strong><span style=\"color: #e02b20;\">o)<\/span><\/strong> Establecer contactos con instituciones nacionales e internacionales de estandarizaci\u00f3n en distintas \u00e1reas del quehacer de los laboratorios de an\u00e1lisis y ensayos con el prop\u00f3sito de obtener el reconocimiento por parte de \u00e9stas y la acreditaci\u00f3n que las mismas otorgan en las categor\u00edas que correspondan para los miembros del Plan llevado adelante por el COFILAB.<\/p>\n<p>[\/et_pb_text][\/et_pb_column][\/et_pb_row][\/et_pb_section]<\/p>\n","protected":false},"excerpt":{"rendered":"<p>Objetivos y Alcances a) Establecer criterios referidos al funcionamiento de los laboratorios de an\u00e1lisis y ensayos y de las actividades qu\u00edmicas relacionadas con \u00e9stos, donde se realicen ensayos f\u00edsicos, qu\u00edmicos, microbiol\u00f3gicos y complementarios con fines biol\u00f3gicos, bacteriol\u00f3gicos, toxicol\u00f3gicos, industriales, de residuos, medio ambiente y afines. b) Elaborar un listado de exigencias m\u00ednimas a cumplir en [&hellip;]<\/p>\n","protected":false},"author":1,"featured_media":0,"parent":0,"menu_order":0,"comment_status":"closed","ping_status":"closed","template":"","meta":{"_et_pb_use_builder":"on","_et_pb_old_content":"","_et_gb_content_width":"","footnotes":""},"class_list":["post-31","page","type-page","status-publish","hentry"],"_links":{"self":[{"href":"https:\/\/fundacionquimica.org.ar\/cofilab\/wp-json\/wp\/v2\/pages\/31","targetHints":{"allow":["GET"]}}],"collection":[{"href":"https:\/\/fundacionquimica.org.ar\/cofilab\/wp-json\/wp\/v2\/pages"}],"about":[{"href":"https:\/\/fundacionquimica.org.ar\/cofilab\/wp-json\/wp\/v2\/types\/page"}],"author":[{"embeddable":true,"href":"https:\/\/fundacionquimica.org.ar\/cofilab\/wp-json\/wp\/v2\/users\/1"}],"replies":[{"embeddable":true,"href":"https:\/\/fundacionquimica.org.ar\/cofilab\/wp-json\/wp\/v2\/comments?post=31"}],"version-history":[{"count":0,"href":"https:\/\/fundacionquimica.org.ar\/cofilab\/wp-json\/wp\/v2\/pages\/31\/revisions"}],"wp:attachment":[{"href":"https:\/\/fundacionquimica.org.ar\/cofilab\/wp-json\/wp\/v2\/media?parent=31"}],"curies":[{"name":"wp","href":"https:\/\/api.w.org\/{rel}","templated":true}]}}