{"id":28,"date":"2018-04-09T23:03:35","date_gmt":"2018-04-09T23:03:35","guid":{"rendered":"http:\/\/grupomagma.com.ar\/cofilab\/?page_id=28"},"modified":"2018-04-09T23:03:35","modified_gmt":"2018-04-09T23:03:35","slug":"antecedentes","status":"publish","type":"page","link":"https:\/\/fundacionquimica.org.ar\/cofilab\/antecedentes\/","title":{"rendered":"Antecedentes"},"content":{"rendered":"<p>[et_pb_section fb_built=\u00bb1&#8243; fullwidth=\u00bbon\u00bb admin_label=\u00bbsection\u00bb custom_padding_last_edited=\u00bbon|desktop\u00bb _builder_version=\u00bb3.0.100&#8243; custom_padding_tablet=\u00bb50px|0|50px|0&#8243; box_shadow_style=\u00bbpreset3&#8243; transparent_background=\u00bboff\u00bb padding_mobile=\u00bboff\u00bb][et_pb_fullwidth_header title=\u00bbCOFILAB\u00bb subhead=\u00bbConsejo de Fiscalizaci\u00f3n de Laboratorios.\u00bb background_layout=\u00bbdark\u00bb admin_label=\u00bbFullwidth Header\u00bb _builder_version=\u00bb3.0.100&#8243; title_font=\u00bbPoppins|600|||||||\u00bb content_font=\u00bb||||||||\u00bb content_font_size=\u00bb15px\u00bb subhead_font=\u00bbOswald|300|||||||\u00bb subhead_font_size=\u00bb21px\u00bb background_image=\u00bbhttp:\/\/fundacionquimica.org.ar\/cofilab\/wp-content\/uploads\/2018\/04\/chemical_lab_banner.jpg\u00bb background_url=\u00bbhttp:\/\/fundacionquimica.org.ar\/cofilab\/wp-content\/uploads\/2018\/04\/CASAMIENTOS.jpg\u00bb][\/et_pb_fullwidth_header][\/et_pb_section][et_pb_section fb_built=\u00bb1&#8243; admin_label=\u00bbsection\u00bb custom_padding_last_edited=\u00bbon|desktop\u00bb _builder_version=\u00bb3.0.47&#8243; custom_padding=\u00bb29px|0px|26px|0px\u00bb custom_padding_tablet=\u00bb50px|0|50px|0&#8243; transparent_background=\u00bboff\u00bb][et_pb_row column_padding_mobile=\u00bbon\u00bb _builder_version=\u00bb3.0.47&#8243; background_size=\u00bbinitial\u00bb background_position=\u00bbtop_left\u00bb background_repeat=\u00bbrepeat\u00bb custom_padding=\u00bb27px|0px|0px|0px\u00bb][et_pb_column type=\u00bb1_2&#8243; _builder_version=\u00bb3.0.47&#8243; column_padding_mobile=\u00bbon\u00bb parallax=\u00bboff\u00bb parallax_method=\u00bbon\u00bb][et_pb_text _builder_version=\u00bb3.0.100&#8243; background_size=\u00bbinitial\u00bb background_position=\u00bbtop_left\u00bb background_repeat=\u00bbrepeat\u00bb use_border_color=\u00bboff\u00bb border_style=\u00bbsolid\u00bb]<\/p>\n<h1 style=\"text-align: justify;\"><strong><span style=\"color: #009d53;\">Antecedentes<\/span><\/strong><\/h1>\n<p style=\"text-align: justify;\"><span style=\"color: #009d53;\"><strong>Palabras del Dr. Eduardo Jaruf &#8211; Presidente del COFILAB.<\/strong> <\/span><br \/>\n<strong>El CONSEJO PROFESIONAL DE QU\u00cdMICA,<\/strong> en cumplimiento de una de sus funciones m\u00e1s importantes -la de regular el ejercicio de la actividad qu\u00edmica-, ha iniciado en el a\u00f1o 1997 una tarea imprescindible para garantizar a la sociedad la seriedad en la realizaci\u00f3n de an\u00e1lisis qu\u00edmicos, tarea que implica establecer las diferencias existentes entre los profesionales que trabajan correctamente y aquellos que no lo hacen en esta forma.<\/p>\n<p>El prop\u00f3sito apuntaba a contribuir con la jerarquizaci\u00f3n de las actividades relacionadas con nuestra profesi\u00f3n, para ello fue necesario -debido a la falta de controles reinante en ese momento.<\/p>\n<p>[\/et_pb_text][\/et_pb_column][et_pb_column type=\u00bb1_2&#8243; _builder_version=\u00bb3.0.47&#8243; column_padding_mobile=\u00bbon\u00bb parallax=\u00bboff\u00bb parallax_method=\u00bbon\u00bb][et_pb_image src=\u00bbhttp:\/\/fundacionquimica.org.ar\/cofilab\/wp-content\/uploads\/2018\/04\/ant.jpg\u00bb _builder_version=\u00bb3.0.100&#8243; animation_style=\u00bbslide\u00bb animation_direction=\u00bbleft\u00bb animation_duration=\u00bb500ms\u00bb animation_intensity_slide=\u00bb10%\u00bb use_border_color=\u00bboff\u00bb border_color=\u00bb#ffffff\u00bb border_width=\u00bb1px\u00bb border_style=\u00bbsolid\u00bb sticky=\u00bboff\u00bb][\/et_pb_image][\/et_pb_column][\/et_pb_row][et_pb_row _builder_version=\u00bb3.0.100&#8243; custom_padding=\u00bb0px|0px|27px|0px\u00bb][et_pb_column type=\u00bb4_4&#8243; _builder_version=\u00bb3.0.100&#8243; parallax=\u00bboff\u00bb parallax_method=\u00bbon\u00bb][et_pb_text _builder_version=\u00bb3.0.100&#8243;]<\/p>\n<p style=\"text-align: justify;\">Realizar un relevamiento previo de los laboratorios que se desempe\u00f1aban en el mercado, para tener certeza de la existencia de los mismos.<\/p>\n<p style=\"text-align: justify;\">La tarea se inici\u00f3 sabiendo que exist\u00edan personas que lucraban gracias al descontrol existente, emitiendo protocolos sin poseer laboratorio, ni t\u00edtulo habilitante, sum\u00e1ndose a ellas algunos profesionales de la qu\u00edmica y propietarios de laboratorios, que han contribuido a esta situaci\u00f3n ya sea por acci\u00f3n o por omisi\u00f3n.<\/p>\n<p style=\"text-align: justify;\">Se pretend\u00eda garantizar a los funcionarios p\u00fablicos de las distintas \u00e1reas del quehacer nacional, como tambi\u00e9n a los profesionales de otras ramas, que detr\u00e1s de un resultado de an\u00e1lisis existe un responsable, que adem\u00e1s de contar con los instrumentos que se requieren para desarrollar las tareas, posee la idoneidad para hacerlo y que, en caso de no cumplir con su labor como corresponde, ser\u00e1 detectado y sancionado de acuerdo a la gravedad de su accionar.<\/p>\n<p style=\"text-align: justify;\">El emprendimiento, que se denomin\u00f3 <strong>COFILAB<\/strong> (Consejo de Fiscalizaci\u00f3n de Laboratorios), es hoy una realidad conocida en todo el pa\u00eds, con m\u00e1s de treinta laboratorios certificados y con la implementaci\u00f3n de la estampilla de seguridad, la cual fue creada para garantizar -con su uso en los protocolos de an\u00e1lisis- el trabajo realizado en lugares capacitados operativamente para actuar como laboratorios de an\u00e1lisis qu\u00edmicos.<\/p>\n<p style=\"text-align: justify;\">En este momento existen a\u00fan laboratorios que no cuentan con las instalaciones ni con los profesionales id\u00f3neos para realizar an\u00e1lisis y sin embargo dicen que trabajan correctamente. Existen laboratorios que emiten protocolos de an\u00e1lisis sin tener la capacidad operativa necesaria para realizar correctamente los ensayos que dicen hacer.<\/p>\n<p style=\"text-align: justify;\">El laboratorio certificado por el <strong>COFILAB<\/strong> tiene el aval del <strong>Consejo Profesional de Qu\u00edmica<\/strong> respecto de su capacidad operativa, cuenta con la garant\u00eda de la estampilla de seguridad que compromete al director t\u00e9cnico actuante con su trabajo, eliminando dudas y brindando la seguridad necesaria en un tema que hasta hoy era incierto.<\/p>\n<p>[\/et_pb_text][\/et_pb_column][\/et_pb_row][\/et_pb_section]<\/p>\n","protected":false},"excerpt":{"rendered":"<p>Antecedentes Palabras del Dr. Eduardo Jaruf &#8211; Presidente del COFILAB. El CONSEJO PROFESIONAL DE QU\u00cdMICA, en cumplimiento de una de sus funciones m\u00e1s importantes -la de regular el ejercicio de la actividad qu\u00edmica-, ha iniciado en el a\u00f1o 1997 una tarea imprescindible para garantizar a la sociedad la seriedad en la realizaci\u00f3n de an\u00e1lisis qu\u00edmicos, [&hellip;]<\/p>\n","protected":false},"author":1,"featured_media":0,"parent":0,"menu_order":0,"comment_status":"closed","ping_status":"closed","template":"","meta":{"_et_pb_use_builder":"on","_et_pb_old_content":"","_et_gb_content_width":"","footnotes":""},"class_list":["post-28","page","type-page","status-publish","hentry"],"_links":{"self":[{"href":"https:\/\/fundacionquimica.org.ar\/cofilab\/wp-json\/wp\/v2\/pages\/28","targetHints":{"allow":["GET"]}}],"collection":[{"href":"https:\/\/fundacionquimica.org.ar\/cofilab\/wp-json\/wp\/v2\/pages"}],"about":[{"href":"https:\/\/fundacionquimica.org.ar\/cofilab\/wp-json\/wp\/v2\/types\/page"}],"author":[{"embeddable":true,"href":"https:\/\/fundacionquimica.org.ar\/cofilab\/wp-json\/wp\/v2\/users\/1"}],"replies":[{"embeddable":true,"href":"https:\/\/fundacionquimica.org.ar\/cofilab\/wp-json\/wp\/v2\/comments?post=28"}],"version-history":[{"count":0,"href":"https:\/\/fundacionquimica.org.ar\/cofilab\/wp-json\/wp\/v2\/pages\/28\/revisions"}],"wp:attachment":[{"href":"https:\/\/fundacionquimica.org.ar\/cofilab\/wp-json\/wp\/v2\/media?parent=28"}],"curies":[{"name":"wp","href":"https:\/\/api.w.org\/{rel}","templated":true}]}}