{"id":26,"date":"2018-04-09T23:03:14","date_gmt":"2018-04-09T23:03:14","guid":{"rendered":"http:\/\/grupomagma.com.ar\/cofilab\/?page_id=26"},"modified":"2018-04-09T23:03:14","modified_gmt":"2018-04-09T23:03:14","slug":"que-es-cofilab","status":"publish","type":"page","link":"https:\/\/fundacionquimica.org.ar\/cofilab\/que-es-cofilab\/","title":{"rendered":"Qu\u00e9 es COFILAB?"},"content":{"rendered":"<p>[et_pb_section fb_built=\u00bb1&#8243; fullwidth=\u00bbon\u00bb admin_label=\u00bbsection\u00bb custom_padding_last_edited=\u00bbon|desktop\u00bb _builder_version=\u00bb3.0.100&#8243; custom_padding_tablet=\u00bb50px|0|50px|0&#8243; box_shadow_style=\u00bbpreset3&#8243; transparent_background=\u00bboff\u00bb padding_mobile=\u00bboff\u00bb][et_pb_fullwidth_header title=\u00bbCOFILAB\u00bb subhead=\u00bbConsejo de Fiscalizaci\u00f3n de Laboratorios.\u00bb background_layout=\u00bbdark\u00bb admin_label=\u00bbFullwidth Header\u00bb _builder_version=\u00bb3.0.100&#8243; title_font=\u00bbPoppins|600|||||||\u00bb content_font=\u00bb||||||||\u00bb content_font_size=\u00bb15px\u00bb subhead_font=\u00bbOswald|300|||||||\u00bb subhead_font_size=\u00bb21px\u00bb background_image=\u00bbhttp:\/\/fundacionquimica.org.ar\/cofilab\/wp-content\/uploads\/2018\/04\/chemical_lab_banner.jpg\u00bb background_url=\u00bbhttp:\/\/fundacionquimica.org.ar\/cofilab\/wp-content\/uploads\/2018\/04\/CASAMIENTOS.jpg\u00bb][\/et_pb_fullwidth_header][\/et_pb_section][et_pb_section fb_built=\u00bb1&#8243; admin_label=\u00bbsection\u00bb custom_padding_last_edited=\u00bbon|desktop\u00bb _builder_version=\u00bb3.0.47&#8243; custom_padding_tablet=\u00bb50px|0|50px|0&#8243; transparent_background=\u00bboff\u00bb padding_mobile=\u00bboff\u00bb][et_pb_row padding_mobile=\u00bboff\u00bb column_padding_mobile=\u00bbon\u00bb _builder_version=\u00bb3.0.47&#8243; background_size=\u00bbinitial\u00bb background_position=\u00bbtop_left\u00bb background_repeat=\u00bbrepeat\u00bb][et_pb_column type=\u00bb1_2&#8243; _builder_version=\u00bb3.0.47&#8243; column_padding_mobile=\u00bbon\u00bb parallax=\u00bboff\u00bb parallax_method=\u00bbon\u00bb][et_pb_text _builder_version=\u00bb3.0.100&#8243; background_size=\u00bbinitial\u00bb background_position=\u00bbtop_left\u00bb background_repeat=\u00bbrepeat\u00bb use_border_color=\u00bboff\u00bb border_style=\u00bbsolid\u00bb]<\/p>\n<h1 style=\"text-align: justify;\"><strong><span style=\"color: #009d53;\">Que es COFILAB?<\/span><\/strong><\/h1>\n<p style=\"text-align: justify;\"><span style=\"color: #009d53;\"><strong>El COFILAB,<\/strong> <\/span>\u00abConsejo de Fiscalizaci\u00f3n de Laboratorios\u00bb, fue creado en el a\u00f1o 1997 a instancias y bajo los auspicios del <span style=\"color: #009d53;\">CPQ, \u201cConsejo Profesional de Qu\u00edmica\u201d<\/span>, con el prop\u00f3sito y la misi\u00f3n fundamental de establecer un sistema de control uniforme para los distintos laboratorios de an\u00e1lisis y ensayos, tanto de aquellos que hacen trabajos para terceros como de los que controlan sus procesos de fabricaci\u00f3n, materias primas o productos elaborados, tratamiento y\/o eliminaci\u00f3n de contaminantes, etc., instalados dentro de f\u00e1bricas o establecimientos industriales, o pertenecientes a organismos oficiales.<\/p>\n<p style=\"text-align: justify;\">En la actualidad la <span style=\"color: #009d53;\">FQA, \u201cFundaci\u00f3n Qu\u00edmica Argentina\u201d<\/span>, es la entidad que dirige, administra y coordina las tareas para llevar a buen t\u00e9rmino las acciones necesarias en cumplimiento de los objetivos establecidos.<\/p>\n<p>[\/et_pb_text][\/et_pb_column][et_pb_column type=\u00bb1_2&#8243; _builder_version=\u00bb3.0.47&#8243; column_padding_mobile=\u00bbon\u00bb parallax=\u00bboff\u00bb parallax_method=\u00bbon\u00bb][et_pb_image src=\u00bbhttp:\/\/fundacionquimica.org.ar\/cofilab\/wp-content\/uploads\/2018\/04\/ch1.jpg\u00bb _builder_version=\u00bb3.0.100&#8243; animation_style=\u00bbslide\u00bb animation_direction=\u00bbleft\u00bb animation_duration=\u00bb500ms\u00bb animation_intensity_slide=\u00bb10%\u00bb use_border_color=\u00bboff\u00bb border_color=\u00bb#ffffff\u00bb border_width=\u00bb1px\u00bb border_style=\u00bbsolid\u00bb sticky=\u00bboff\u00bb][\/et_pb_image][\/et_pb_column][\/et_pb_row][\/et_pb_section]<\/p>\n","protected":false},"excerpt":{"rendered":"<p>Que es COFILAB? El COFILAB, \u00abConsejo de Fiscalizaci\u00f3n de Laboratorios\u00bb, fue creado en el a\u00f1o 1997 a instancias y bajo los auspicios del CPQ, \u201cConsejo Profesional de Qu\u00edmica\u201d, con el prop\u00f3sito y la misi\u00f3n fundamental de establecer un sistema de control uniforme para los distintos laboratorios de an\u00e1lisis y ensayos, tanto de aquellos que hacen [&hellip;]<\/p>\n","protected":false},"author":1,"featured_media":0,"parent":0,"menu_order":0,"comment_status":"closed","ping_status":"closed","template":"","meta":{"_et_pb_use_builder":"on","_et_pb_old_content":"","_et_gb_content_width":"","footnotes":""},"class_list":["post-26","page","type-page","status-publish","hentry"],"_links":{"self":[{"href":"https:\/\/fundacionquimica.org.ar\/cofilab\/wp-json\/wp\/v2\/pages\/26","targetHints":{"allow":["GET"]}}],"collection":[{"href":"https:\/\/fundacionquimica.org.ar\/cofilab\/wp-json\/wp\/v2\/pages"}],"about":[{"href":"https:\/\/fundacionquimica.org.ar\/cofilab\/wp-json\/wp\/v2\/types\/page"}],"author":[{"embeddable":true,"href":"https:\/\/fundacionquimica.org.ar\/cofilab\/wp-json\/wp\/v2\/users\/1"}],"replies":[{"embeddable":true,"href":"https:\/\/fundacionquimica.org.ar\/cofilab\/wp-json\/wp\/v2\/comments?post=26"}],"version-history":[{"count":0,"href":"https:\/\/fundacionquimica.org.ar\/cofilab\/wp-json\/wp\/v2\/pages\/26\/revisions"}],"wp:attachment":[{"href":"https:\/\/fundacionquimica.org.ar\/cofilab\/wp-json\/wp\/v2\/media?parent=26"}],"curies":[{"name":"wp","href":"https:\/\/api.w.org\/{rel}","templated":true}]}}