{"id":24,"date":"2018-04-09T23:02:38","date_gmt":"2018-04-09T23:02:38","guid":{"rendered":"http:\/\/grupomagma.com.ar\/cofilab\/?page_id=24"},"modified":"2018-07-02T17:58:22","modified_gmt":"2018-07-02T17:58:22","slug":"plan-nacional-de-fiscalizacion-de-laboratorios","status":"publish","type":"page","link":"https:\/\/fundacionquimica.org.ar\/cofilab\/plan-nacional-de-fiscalizacion-de-laboratorios\/","title":{"rendered":"PLAN NACIONAL DE FISCALIZACI\u00d3N DE LABORATORIOS"},"content":{"rendered":"<p>[et_pb_section fb_built=\u00bb1&#8243; fullwidth=\u00bbon\u00bb admin_label=\u00bbsection\u00bb custom_padding_last_edited=\u00bbon|desktop\u00bb _builder_version=\u00bb3.0.100&#8243; custom_padding_tablet=\u00bb50px|0|50px|0&#8243; box_shadow_style=\u00bbpreset3&#8243; transparent_background=\u00bboff\u00bb padding_mobile=\u00bboff\u00bb][et_pb_fullwidth_header title=\u00bbNUESTROS SERVICIOS\u00bb subhead=\u00bbCOFILAB &#8211; Consejo de Fiscalizaci\u00f3n de Laboratorios.\u00bb background_layout=\u00bbdark\u00bb admin_label=\u00bbFullwidth Header\u00bb _builder_version=\u00bb3.0.100&#8243; title_font=\u00bbPoppins|600|||||||\u00bb content_font=\u00bb||||||||\u00bb content_font_size=\u00bb15px\u00bb subhead_font=\u00bbOswald|300|||||||\u00bb subhead_font_size=\u00bb21px\u00bb background_image=\u00bbhttp:\/\/fundacionquimica.org.ar\/cofilab\/wp-content\/uploads\/2018\/04\/banner-lab.jpg\u00bb background_url=\u00bbhttp:\/\/fundacionquimica.org.ar\/cofilab\/wp-content\/uploads\/2018\/04\/CASAMIENTOS.jpg\u00bb][\/et_pb_fullwidth_header][\/et_pb_section][et_pb_section fb_built=\u00bb1&#8243; admin_label=\u00bbsection\u00bb custom_padding_last_edited=\u00bbon|desktop\u00bb _builder_version=\u00bb3.0.47&#8243; custom_padding=\u00bb29px|0px|26px|0px\u00bb custom_padding_tablet=\u00bb50px|0|50px|0&#8243; transparent_background=\u00bboff\u00bb][et_pb_row padding_mobile=\u00bboff\u00bb column_padding_mobile=\u00bbon\u00bb _builder_version=\u00bb3.0.47&#8243; background_size=\u00bbinitial\u00bb background_position=\u00bbtop_left\u00bb background_repeat=\u00bbrepeat\u00bb][et_pb_column type=\u00bb4_4&#8243; _builder_version=\u00bb3.0.47&#8243; column_padding_mobile=\u00bbon\u00bb parallax=\u00bboff\u00bb parallax_method=\u00bbon\u00bb][et_pb_text _builder_version=\u00bb3.0.100&#8243; background_size=\u00bbinitial\u00bb background_position=\u00bbtop_left\u00bb background_repeat=\u00bbrepeat\u00bb use_border_color=\u00bboff\u00bb border_style=\u00bbsolid\u00bb]<\/p>\n<h1 style=\"text-align: justify;\"><strong><span style=\"color: #009d53;\">Plan Nacional de Fiscalizaci\u00f3n de Laboratorios<\/span><\/strong><\/h1>\n<p style=\"text-align: justify;\">El Plan est\u00e1 constituido por una serie de normas, requisitos, derechos y obligaciones a cumplir por los participantes.Se describe brevemente a continuaci\u00f3n la metodolog\u00eda de trabajo y el conjunto de programas y subprogramas que forman parte del Plan Nacional de Fiscalizaci\u00f3n de Laboratorios. El Plan est\u00e1 constituido por una serie de normas, requisitos, derechos y obligaciones a cumplir por los participantes.Se describe brevemente a continuaci\u00f3n la metodolog\u00eda de trabajo y el conjunto de programas y subprogramas que forman parte del Plan Nacional de Fiscalizaci\u00f3n de Laboratorios.<\/p>\n<p style=\"text-align: justify;\"><strong><span style=\"color: #009d53;\">METODOLOG\u00cdA DE TRABAJO<\/span><\/strong><br \/>\nLa participaci\u00f3n de los laboratorios en este emprendimiento es voluntaria y por ello, a su solicitud, el <strong>COFILAB<\/strong>, por intermedio del personal administrativo correspondiente, recepcionar\u00e1 las solicitudes de inscripci\u00f3n, realizar\u00e1 los cobros de derechos y evaluar\u00e1 la documentaci\u00f3n presentada. Con posterioridad y seg\u00fan las exigencias de los distintos programas se realizar\u00e1n las evaluaciones necesarias con intervenci\u00f3n del personal t\u00e9cnico, as\u00ed como todo otro diligenciamiento necesario; con la documentaci\u00f3n y los informes requeridos se proceder\u00e1 a evaluar los resultados, otorgando si correspondiera un reconocimiento acorde al programa en el cual el laboratorio ha participado; esto se har\u00e1 efectivo con la entrega de un diploma. Es tambi\u00e9n parte del Plan proceder a la publicaci\u00f3n de los resultados de los diferentes programas.<\/p>\n<p style=\"text-align: justify;\"><strong><span style=\"color: #009d53;\">PROGRAMA DE RELEVAMIENTO DE LABORATORIOS<\/span><\/strong><br \/>\nEste programa tiene como finalidad primordial establecer los primeros contactos con los laboratorios de an\u00e1lisis y ensayos, contempla el suministro de informaci\u00f3n por parte del laboratorio y una inspecci\u00f3n por parte del personal t\u00e9cnico del <strong>COFILAB<\/strong> conformando de esta manera un catastro de los mismos. (para obtener mayor informaci\u00f3n solicitarla a info@cofilab.com.ar).<\/p>\n<p style=\"text-align: justify;\"><strong><span style=\"color: #009d53;\">PROGRAMA DE CERTIFICACI\u00d3N DE CAPACIDADES DE LOS LABORATORIOS<\/span><\/strong><br \/>\nEste programa est\u00e1 orientado a establecer la competencia t\u00e9cnica de los laboratorios de an\u00e1lisis y ensayos. Cuando \u00e9sta resulte aceptable, el <strong>COFILAB<\/strong> otorgar\u00e1 una certificaci\u00f3n de su competencia; dicho reconocimiento implica que el laboratorio ha demostrado un nivel aceptable de competencia t\u00e9cnica en la provisi\u00f3n de los servicios de an\u00e1lisis y ensayos. La participaci\u00f3n por parte de los laboratorios es voluntaria y para mantener el car\u00e1cter del reconocimiento ser\u00e1 necesario que los mismos cumplan en todo momento las obligaciones a las cuales se han comprometido con la participaci\u00f3n en el Plan Nacional de Fiscalizaci\u00f3n de Laboratorios, debiendo superar satisfactoriamente las evaluaciones del programa pertinente. . (para obtener mayor informaci\u00f3n solicitarla a info@cofilab.org.ar).<\/p>\n<p style=\"text-align: justify;\">&#8211; SUBPROGRAMA DE AUTOCONTROL DE T\u00c9CNICAS.<br \/>\n&#8211; SUBPROGRAMA DE CONTROL DE CALIDAD DE SERVICIOS.<br \/>\n&#8211; PROGRAMA DE CERTIFICACI\u00d3N DE CALIDAD DE SERVICIOS DE LOS LABORATORIOS<br \/>\n(para obtener mayor informaci\u00f3n solicitarla a info@cofilab.org.ar).<\/p>\n<p style=\"text-align: justify;\"><strong><span style=\"color: #009d53;\">PROGRAMA DE AUDITOR\u00cdAS INTERNAS DEL COFILAB <\/span><\/strong><br \/>\nA trav\u00e9s del Consejo Auditor que forma parte del <strong>COFILAB<\/strong> se realizar\u00e1n -con una periodicidad m\u00ednima anual- controles internos, con el prop\u00f3sito de detectar desviaciones en el funcionamiento de todo el sistema e imponer las correcciones necesarias para elevar el nivel de calidad, tendiendo a la excelencia.<\/p>\n<p style=\"text-align: justify;\"><strong><span style=\"color: #009d53;\">PROGRAMA DE VERIFICACIONES E INSPECCIONES DE LABORATORIOS Y SEGUIMIENTO DE INFORMES DE RESULTADOS DE AN\u00c1LISIS<\/span><\/strong><br \/>\nA partir de la obtenci\u00f3n de la Certificaci\u00f3n de Capacidades por parte del laboratorio, el COFILAB realizar\u00e1 dos verificaciones al establecimiento en el transcurso del a\u00f1o, concretando la segunda dentro de los 30 d\u00edas anteriores al vencimiento del a\u00f1o calendario de la fecha de certificaci\u00f3n o de la \u00faltima evaluaci\u00f3n anual. En ambos casos se labrar\u00e1 acta de lo actuado, procediendo a su r\u00fabrica por parte del verificador y del responsable del laboratorio (quedando una copia para el laboratorio). Con estas actuaciones y la documentaci\u00f3n aportada por el laboratorio (declaraci\u00f3n de modificaciones) el evaluador redactar\u00e1 un informe final que ser\u00e1 elevado a la Coordinaci\u00f3n General. Superadas satisfactoriamente ambas evaluaciones, el Consejo Superior del COFILAB emitir\u00e1 una constancia de tal circunstancia para ser entregada al responsable del laboratorio.<\/p>\n<p style=\"text-align: justify;\">En forma trienal se realizar\u00e1 una evaluaci\u00f3n dentro de los 60 d\u00edas anteriores al cumplimiento del vencimiento del tercer a\u00f1o calendario de la certificaci\u00f3n -o \u00faltima revalidaci\u00f3n-. Este acto implicar\u00e1 la revisi\u00f3n de toda la documentaci\u00f3n pertinente y tendr\u00e1 el car\u00e1cter de evaluaci\u00f3n integral del laboratorio, en forma similar a la realizada para la obtenci\u00f3n de la certificaci\u00f3n de su capacidad, incluyendo todas las actualizaciones que pudieran haberse producido en el Plan Nacional de Fiscalizaci\u00f3n de Laboratorios con motivo de mejoras o actualizaciones del sistema. Se labrar\u00e1 acta de todo lo actuado, siendo rubricada por los representantes del <strong>COFILAB<\/strong> y del laboratorio en cuesti\u00f3n (quedando una copia par el laboratorio); esta evaluaci\u00f3n -de ser superada- conllevar\u00e1 la entrega de un Certificado de Revalidaci\u00f3n del reconocimiento otorgado al laboratorio en su oportunidad.<\/p>\n<p style=\"text-align: justify;\">Independientemente de las verificaciones y evaluaciones establecidas en el presente Programa, el <strong>COFILAB<\/strong> realizar\u00e1 verificaciones y evaluaciones extraordinarias no programadas a los laboratorios certificados, labrando acta de dichos actos, las cuales ser\u00e1n refrendadas por los verificadores y responsables de los laboratorios (quedando una copia para el laboratorio) y pasar\u00e1n a formar parte del legajo que posee el <strong>COFILAB<\/strong> de cada laboratorio.<\/p>\n<p style=\"text-align: justify;\">En caso de detectarse -en cualquier circunstancia- el incumplimiento por parte de un laboratorio -ya sea producto de evaluaciones o verificaciones ordinarias o extraordinarias- de las pautas establecidas en el Programa de Certificaci\u00f3n o en el caso de no superar satisfactoriamente el Programa de Verificaciones e Inspecciones de Laboratorios y Seguimiento de Informes de Resultados de An\u00e1lisis, el <strong>COFILAB<\/strong> podr\u00e1 otorgar un plazo para la adecuaci\u00f3n o correcci\u00f3n de las desviaciones encontradas, suspender en el uso de los atributos que otorga la certificaci\u00f3n o cancelar provisoria o definitivamente la certificaci\u00f3n del laboratorio, dependiendo la medida de la gravedad de la circunstancia.<\/p>\n<p style=\"text-align: justify;\">As\u00ed mismo se realizar\u00e1n inspecciones y verificaciones de establecimientos que -ya sea por detecci\u00f3n, denuncia o por pedido de entidades p\u00fablicas o privadas- se sospeche que realizan indebidamente emisiones de protocolos de an\u00e1lisis.<\/p>\n<p style=\"text-align: justify;\">En caso de detectar o recibir denuncias respecto de informes de an\u00e1lisis ap\u00f3crifos, el <strong>COFILAB<\/strong> intervendr\u00e1 por medio de su cuerpo de inspectores o verificadores, en forma similar a lo anteriormente mencionado, teniendo esto por objeto salvaguardar la seguridad y la salubridad p\u00fablicas.<\/p>\n<p style=\"text-align: justify;\">En todos los casos en que se detectaran situaciones irregulares, an\u00f3malas o delictivas que pudieran afectar y\/o poner en riesgo la seguridad o la salud p\u00fablica, el <strong>COFILAB<\/strong>\u00a0a trav\u00e9s de los mecanismos pertinentes, realizar\u00e1 las denuncias que pudieran corresponder ante los organismos legales.<\/p>\n<p>[\/et_pb_text][\/et_pb_column][\/et_pb_row][et_pb_row _builder_version=\u00bb3.0.100&#8243;][et_pb_column type=\u00bb4_4&#8243; _builder_version=\u00bb3.0.100&#8243; parallax=\u00bboff\u00bb parallax_method=\u00bbon\u00bb][et_pb_contact_form email=\u00bbinfo@cofilab.org.ar\u00bb title=\u00bbPara obtener mayor informaci\u00f3n\u00bb success_message=\u00bbGracias por contactarte con Cofilab en breve responderemos su consulta.\u00bb module_id=\u00bbet_pb_contact_form_0&#8243; _builder_version=\u00bb3.0.100&#8243;][et_pb_contact_field field_id=\u00bbName_2&#8243; field_title=\u00bbNombre\u00bb fullwidth_field=\u00bbon\u00bb _builder_version=\u00bb3.0.100&#8243; form_field_font=\u00bb||||||||\u00bb border_radii=\u00bbon||||\u00bb][\/et_pb_contact_field][et_pb_contact_field field_id=\u00bbtel\u00bb field_title=\u00bbTel\/Cel\u00bb _builder_version=\u00bb3.0.100&#8243; border_radii=\u00bbon||||\u00bb][\/et_pb_contact_field][et_pb_contact_field field_id=\u00bbEmail\u00bb field_title=\u00bbDirecci\u00f3n de correo electr\u00f3nico\u00bb field_type=\u00bbemail\u00bb _builder_version=\u00bb3.0.47&#8243; border_radii=\u00bbon||||\u00bb][\/et_pb_contact_field][et_pb_contact_field field_id=\u00bbMessage\u00bb field_title=\u00bbConsulta\u00bb field_type=\u00bbtext\u00bb fullwidth_field=\u00bbon\u00bb _builder_version=\u00bb3.0.100&#8243; border_radii=\u00bbon||||\u00bb][\/et_pb_contact_field][\/et_pb_contact_form][\/et_pb_column][\/et_pb_row][\/et_pb_section]<\/p>\n","protected":false},"excerpt":{"rendered":"<p>Plan Nacional de Fiscalizaci\u00f3n de Laboratorios El Plan est\u00e1 constituido por una serie de normas, requisitos, derechos y obligaciones a cumplir por los participantes.Se describe brevemente a continuaci\u00f3n la metodolog\u00eda de trabajo y el conjunto de programas y subprogramas que forman parte del Plan Nacional de Fiscalizaci\u00f3n de Laboratorios. El Plan est\u00e1 constituido por una [&hellip;]<\/p>\n","protected":false},"author":1,"featured_media":0,"parent":0,"menu_order":0,"comment_status":"closed","ping_status":"closed","template":"","meta":{"_et_pb_use_builder":"on","_et_pb_old_content":"","_et_gb_content_width":"","footnotes":""},"class_list":["post-24","page","type-page","status-publish","hentry"],"_links":{"self":[{"href":"https:\/\/fundacionquimica.org.ar\/cofilab\/wp-json\/wp\/v2\/pages\/24","targetHints":{"allow":["GET"]}}],"collection":[{"href":"https:\/\/fundacionquimica.org.ar\/cofilab\/wp-json\/wp\/v2\/pages"}],"about":[{"href":"https:\/\/fundacionquimica.org.ar\/cofilab\/wp-json\/wp\/v2\/types\/page"}],"author":[{"embeddable":true,"href":"https:\/\/fundacionquimica.org.ar\/cofilab\/wp-json\/wp\/v2\/users\/1"}],"replies":[{"embeddable":true,"href":"https:\/\/fundacionquimica.org.ar\/cofilab\/wp-json\/wp\/v2\/comments?post=24"}],"version-history":[{"count":0,"href":"https:\/\/fundacionquimica.org.ar\/cofilab\/wp-json\/wp\/v2\/pages\/24\/revisions"}],"wp:attachment":[{"href":"https:\/\/fundacionquimica.org.ar\/cofilab\/wp-json\/wp\/v2\/media?parent=24"}],"curies":[{"name":"wp","href":"https:\/\/api.w.org\/{rel}","templated":true}]}}