{"id":3586,"date":"2021-09-08T21:44:50","date_gmt":"2021-09-08T21:44:50","guid":{"rendered":"https:\/\/fundacionquimica.org.ar\/bkcursos\/?page_id=3586"},"modified":"2024-02-28T14:47:43","modified_gmt":"2024-02-28T14:47:43","slug":"j-g-c-p-r","status":"publish","type":"page","link":"https:\/\/fundacionquimica.org.ar\/bkcursos\/j-g-c-p-r\/","title":{"rendered":"Dr. Eduardo Jaruf, Dr Jos\u00e9 L. Garesi, Dr. Carlos H\u00e9ctor Colangelo, Lic.Antonio Perez, Lic. Sergio Rofi"},"content":{"rendered":"<p>[et_pb_section fb_built=\u00bb1&#8243; _builder_version=\u00bb4.16&#8243; _module_preset=\u00bbdefault\u00bb custom_padding=\u00bb3px||0px||false|false\u00bb da_disable_devices=\u00bboff|off|off\u00bb global_colors_info=\u00bb{}\u00bb da_is_popup=\u00bboff\u00bb da_exit_intent=\u00bboff\u00bb da_has_close=\u00bbon\u00bb da_alt_close=\u00bboff\u00bb da_dark_close=\u00bboff\u00bb da_not_modal=\u00bbon\u00bb da_is_singular=\u00bboff\u00bb da_with_loader=\u00bboff\u00bb da_has_shadow=\u00bbon\u00bb][et_pb_row _builder_version=\u00bb4.16&#8243; _module_preset=\u00bbdefault\u00bb width=\u00bb100%\u00bb custom_padding=\u00bb0px|||||\u00bb global_colors_info=\u00bb{}\u00bb][et_pb_column type=\u00bb4_4&#8243; _builder_version=\u00bb4.16&#8243; _module_preset=\u00bbdefault\u00bb global_colors_info=\u00bb{}\u00bb][et_pb_testimonial portrait_url=\u00bbhttps:\/\/fundacionquimica.org.ar\/bkcursos\/wp-content\/uploads\/2018\/06\/img_170302b-1.jpg\u00bb quote_icon_color=\u00bbRGBA(0,0,0,0)\u00bb quote_icon_background_color=\u00bbRGBA(0,0,0,0)\u00bb _builder_version=\u00bb4.16&#8243; _module_preset=\u00bbdefault\u00bb width=\u00bb100%\u00bb inline_fonts=\u00bbRoboto\u00bb global_colors_info=\u00bb{}\u00bb]<\/p>\n<h2 class=\"title-bg-gray\"><strong><span style=\"font-family: Roboto;\">Dr. Jose Leopoldo Garesi<\/span><\/strong><\/h2>\n<div class=\"designation-info\"><span style=\"color: #0c71c3;\"><span>Coordinador General Cursos CPQ<\/span><\/span><\/div>\n<div class=\"short-desc\"><span style=\"font-family: Roboto; font-weight: normal; font-size: medium;\"><span>Coordinador General de los Cursos de Ateneo de Capacitaci\u00f3n Superior Dem\u00f3crito<\/span><\/span><\/div>\n<div class=\"project-desc\">\n<h3 class=\"title-bg-gray padding-top\"><span style=\"font-size: large;\"><strong><span style=\"font-family: Roboto;\"><br \/>Experiencia y actividades<\/span><\/strong><\/span><\/h3>\n<p><span style=\"color: #0c71c3;\"><strong>ESTUDIO UNIVERSITARIO\u00a0<\/strong><strong>Universidad Nacional de La Plata<\/strong><\/span><br \/>T\u00edtulo:\u00a0<em>M\u00e9dico Veterinario<\/em>\u00a0\u2013\u00a0<em>1979 (UNLA)<br \/><\/em>Ayudante alumno\u00a0\u00a0<em>C\u00e1tedra de Parasitolog\u00eda,\u00a0 Facultad de Ciencias Veterinarias<\/em>.<\/p>\n<p>&#8211; Agr\u00f3nomo Nacional <span style=\"color: #0c71c3;\">(Casilda 1973).<\/span><br \/>&#8211; M\u00e9dico Veterinario<span style=\"color: #0c71c3;\"> (Universidad de La Plata 1978).<\/span><br \/>&#8211; Bacteri\u00f3logo Cl\u00ednico e Industrial <span style=\"color: #0c71c3;\">(Universidad de La Plata 1981).<\/span><br \/>&#8211; Becario Petr\u00f3qu\u00edmica General Mosconi <span style=\"color: #0c71c3;\">(1982. Ensenada \u2013 Berisso).<\/span><br \/>&#8211; Bacteri\u00f3logo Clinico Hospital Larrain de Berisso<strong>. <\/strong><span style=\"color: #0c71c3;\">(1983).<\/span><br \/>&#8211; Sub Jefe de Servicio de Laboratorio Hospital Larrain <span style=\"color: #0c71c3;\">(1986).<\/span><br \/>&#8211; Administrador de Servicios de Salud (1988) Ministerio de Salud Pcia de Bs As.<br \/>&#8211; Jefe de Servicio Laboratorio Hospital Larrain <span style=\"color: #0c71c3;\">(1992 Interino).<\/span><br \/>&#8211; Jefe de Servicio Laboratorio por Concurso <span style=\"color: #0c71c3;\">(1999).<\/span><br \/>&#8211; Consejero Titular del Consejo Profesional de Qu\u00edmica de la Pcia de Bs As. <span style=\"color: #0c71c3;\">(1987).<\/span><br \/>&#8211; Especialista en Microbiolog\u00eda Cl\u00ednica. <span style=\"color: #0c71c3;\">(2001).<\/span><br \/>&#8211; Especialista Consultor en Microbiolog\u00eda.<span style=\"color: #0c71c3;\"> (2006).<\/span><br \/>&#8211; Especialista Consultor Permanente en Microbiolog\u00eda. <span style=\"color: #0c71c3;\">(2011).<\/span><br \/>&#8211; Miembro fundador de la Fundaci\u00f3n Qu\u00edmica Argentina.<br \/>&#8211; Comisi\u00f3n Permanente de Carrera Profesional Hospitalaria ley &#8211; 10471. <span style=\"color: #0c71c3;\">(Miembro titular 1987 -2021).<\/span><br \/>&#8211; Secretario Ejecutivo C.P.C.P.H. art 54 Ley 10471 <span style=\"color: #0c71c3;\">(2007-2021).<\/span><br \/>&#8211; Coordinador General de cursos Fundaci\u00f3n Qu\u00edmica Argentina. <span style=\"color: #0c71c3;\">(2009-2021).<\/span><br \/>&#8211; Representante del CPQ en Federaci\u00f3n de Entidades Profesionales de la Pcia de Bs As. <span style=\"color: #0c71c3;\">(2016 \u2013 2021).<\/span><br \/>&#8211; Comit\u00e9 Ol\u00edmpico Olimp\u00edadas Interprofesionales Pcia de Bs As. <span style=\"color: #0c71c3;\">(2006 -2021).<\/span><br \/>&#8211; Consejero Titular Electo. Consejo Profesional de Qu\u00edmica Pcia Bs As <span style=\"color: #0c71c3;\">(2019).<\/span><\/p>\n<p><a class=\"et_pb_promo_button et_pb_button\" href=\"https:\/\/fundacionquimica.org.ar\/cursos\/teams\/dr-jose-leopoldo-garesi\/\" target=\"_blank\" rel=\"noopener\">VER CURRICULUM COMPLETO<\/a><span style=\"font-size: 14px;\"><\/span><span style=\"font-size: 14px;\"><\/span><\/p>\n<\/div>\n<p>[\/et_pb_testimonial][\/et_pb_column][\/et_pb_row][\/et_pb_section][et_pb_section fb_built=\u00bb1&#8243; _builder_version=\u00bb4.16&#8243; _module_preset=\u00bbdefault\u00bb custom_padding=\u00bb3px||0px||false|false\u00bb da_disable_devices=\u00bboff|off|off\u00bb global_colors_info=\u00bb{}\u00bb da_is_popup=\u00bboff\u00bb da_exit_intent=\u00bboff\u00bb da_has_close=\u00bbon\u00bb da_alt_close=\u00bboff\u00bb da_dark_close=\u00bboff\u00bb da_not_modal=\u00bbon\u00bb da_is_singular=\u00bboff\u00bb da_with_loader=\u00bboff\u00bb da_has_shadow=\u00bbon\u00bb][et_pb_row _builder_version=\u00bb4.16&#8243; _module_preset=\u00bbdefault\u00bb width=\u00bb100%\u00bb custom_padding=\u00bb16px|||||\u00bb global_colors_info=\u00bb{}\u00bb][et_pb_column type=\u00bb4_4&#8243; _builder_version=\u00bb4.16&#8243; _module_preset=\u00bbdefault\u00bb global_colors_info=\u00bb{}\u00bb][et_pb_testimonial portrait_url=\u00bbhttps:\/\/fundacionquimica.org.ar\/bkcursos\/wp-content\/uploads\/2021\/05\/colangelo.jpg\u00bb quote_icon_color=\u00bbRGBA(0,0,0,0)\u00bb quote_icon_background_color=\u00bbRGBA(0,0,0,0)\u00bb _builder_version=\u00bb4.16&#8243; _module_preset=\u00bbdefault\u00bb width=\u00bb100%\u00bb inline_fonts=\u00bbRoboto\u00bb global_colors_info=\u00bb{}\u00bb]<\/p>\n<h2 class=\"title-bg-gray\"><strong><span style=\"font-family: Roboto;\">Dr. Carlos Hector Colangelo<\/span><\/strong><\/h2>\n<div class=\"designation-info\"><span style=\"color: #0c71c3;\">VICE PRESIDENTE CPQ &#8211; DOCENTE<\/span><\/div>\n<div class=\"short-desc\"><span style=\"font-family: Roboto; font-weight: normal; font-size: medium;\">Vice Presidente del Consejo Profesional de Qu\u00edmica de la Provincia de Buenos Aires.<\/span><\/div>\n<div class=\"project-desc\">\n<h3 class=\"title-bg-gray padding-top\"><span style=\"font-size: large;\"><strong><span style=\"font-family: Roboto;\"><br \/>Experiencia y actividades<\/span><\/strong><\/span><\/h3>\n<p>\u2013 <span style=\"font-family: Roboto; font-weight: normal;\">Universidad de Mor\u00f3n- UM<\/span><br \/><span style=\"font-family: Roboto; font-weight: normal;\">\u2013 Licenciado en Qu\u00edmica (UM)<\/span><br \/><span style=\"font-family: Roboto; font-weight: normal;\">\u2013 Qu\u00edmico Forense (UM)<\/span><br \/><span style=\"font-family: Roboto; font-weight: normal;\">\u2013 Especialista en Higiene y Seguridad en el Trabajo (UM)<\/span><br \/><span style=\"font-family: Roboto; font-weight: normal;\">\u2013 Especialista Consultor Permanente en Toxicolog\u00eda (CPQ)<\/span><br \/><span style=\"font-family: Roboto; font-weight: normal;\">\u2013 Experto Universitario en Toxicolog\u00eda\u00a0(Universidad de Sevilla- US).<\/span><br \/><span style=\"font-family: Roboto; font-weight: normal;\">\u2013 M\u00e1ster en Toxicolog\u00eda (US).<\/span><\/p>\n<p><a class=\"et_pb_promo_button et_pb_button\" href=\"https:\/\/fundacionquimica.org.ar\/cursos\/teams\/dr-carlos-colangelo\/\" target=\"_blank\" rel=\"noopener\">VER CURRICULUM COMPLETO<\/a><span style=\"font-size: 14px;\"><\/span><span style=\"font-size: 14px;\"><\/span><\/p>\n<\/div>\n<p>[\/et_pb_testimonial][\/et_pb_column][\/et_pb_row][\/et_pb_section][et_pb_section fb_built=\u00bb1&#8243; _builder_version=\u00bb4.16&#8243; _module_preset=\u00bbdefault\u00bb custom_padding=\u00bb3px||0px||false|false\u00bb da_disable_devices=\u00bboff|off|off\u00bb global_colors_info=\u00bb{}\u00bb da_is_popup=\u00bboff\u00bb da_exit_intent=\u00bboff\u00bb da_has_close=\u00bbon\u00bb da_alt_close=\u00bboff\u00bb da_dark_close=\u00bboff\u00bb da_not_modal=\u00bbon\u00bb da_is_singular=\u00bboff\u00bb da_with_loader=\u00bboff\u00bb da_has_shadow=\u00bbon\u00bb][et_pb_row _builder_version=\u00bb4.16&#8243; _module_preset=\u00bbdefault\u00bb width=\u00bb100%\u00bb custom_padding=\u00bb16px|||||\u00bb global_colors_info=\u00bb{}\u00bb][et_pb_column type=\u00bb4_4&#8243; _builder_version=\u00bb4.16&#8243; _module_preset=\u00bbdefault\u00bb global_colors_info=\u00bb{}\u00bb][et_pb_testimonial portrait_url=\u00bbhttps:\/\/fundacionquimica.org.ar\/bkcursos\/wp-content\/uploads\/2018\/06\/antonio-1.jpg\u00bb quote_icon_color=\u00bbRGBA(0,0,0,0)\u00bb quote_icon_background_color=\u00bbRGBA(0,0,0,0)\u00bb _builder_version=\u00bb4.16&#8243; _module_preset=\u00bbdefault\u00bb width=\u00bb100%\u00bb custom_margin=\u00bb-18px|||||\u00bb inline_fonts=\u00bbRoboto\u00bb global_colors_info=\u00bb{}\u00bb]<\/p>\n<h2 class=\"title-bg-gray\"><strong><span style=\"font-family: Roboto;\">Dr. Antonio Perez<\/span><\/strong><\/h2>\n<div class=\"designation-info\"><span style=\"color: #0c71c3;\"><span>Licenciado en Ciencias Qu\u00edmicas<\/span><\/span><\/div>\n<div class=\"short-desc\"><span style=\"font-family: Roboto; font-weight: normal; font-size: medium;\"><span>Licenciado en Ciencias Qu\u00edmicas (orientaci\u00f3n Tecnol\u00f3gica)\u201d egresado de la Universidad Nacional de La Plata.<\/span><\/span><\/div>\n<div class=\"project-desc\">\n<h3 class=\"title-bg-gray padding-top\"><span style=\"font-size: large;\"><strong><span style=\"font-family: Roboto;\"><br \/>Experiencia y actividades<\/span><\/strong><\/span><\/h3>\n<p><span style=\"color: #0c71c3;\"><strong>ANTECEDENTES PERSONALES<\/strong><\/span><span><span style=\"color: #0c71c3;\">:<\/span> Es Licenciado en Ciencias Qu\u00edmicas (Orientaci\u00f3n Tecnol\u00f3gica, T\u00edtulo otorgado en 1964 por la Facultad de Qu\u00edmica de la Universidad Nacional de La Plata.<br \/><\/span><\/p>\n<hr \/>\n<p><span style=\"color: #0c71c3;\"><strong>ANTECEDENTES DOCENTES:<\/strong><\/span>\u00a0Acredita haber realizado docencia en asignaturasde Qu\u00edmica en Escuelas de Ense\u00f1anza Media desde 196 a 1975. Fue profesor<br \/>Adjunto de la Facultad de Ciencias Exactas y Naturales de la Universidad Nacionalde Mar del Plata desde 1979 a 1991 estando siempre a cargo de distintasC\u00e1tedras. Esas C\u00e1tedras fueron Qu\u00edmica General e Inorg\u00e1nica, Qu\u00edmica y F\u00edsicaBiol\u00f3gica, Qu\u00edmica Marina II, Qu\u00edmica Anal\u00edtica II, en esta \u00faltima se desempe\u00f1\u00f3 como profesor Adjunto Ordinario a partir de 1985 y como PROFESOR ASOCIADO desde 1988.<\/p>\n<hr \/>\n<p><span style=\"color: #0c71c3;\"><strong>ANTECEDENTES PROFESIONALES:<\/strong><\/span><span>\u00a0Desde 1964 a 1975 ha sido Jefe de Laboratorio Qu\u00edmico, Jefe del Departamento de Procesos y Subdirector T\u00e9cnico de F\u00e1brica en Industrias Petroqu\u00edmicas. De 1975 a 1979 ha ocupado cargos de conducci\u00f3n en importante Petroqu\u00edmica de M\u00e9xico, como Superintendente de Procesos y Gerente de Control de Calidad. De 1991 a 2003 ha ocupado el cargo de Jefe de Laboratorios en importante Petroqu\u00edmica Multinacional.<br \/><\/span><\/p>\n<hr \/>\n<p><span style=\"color: #0c71c3;\"><strong>ANTECEDENTES DE INVESTIGACI\u00d3N:<\/strong><\/span><span>\u00a0<\/span>Desde 1979 a 1990 ha realizado tareas de investigaci\u00f3n dentro de proyectos del I.N.I.D.E.P. registrando la realizaci\u00f3n de doce (12) publicaciones, en revistas internacionales, relacionadas con el An\u00e1lisis Microcuantitativo de Elementos Pesados en organismos marinos. Adem\u00e1s de comunicaciones a congresos sobre dicho tema.<\/p>\n<hr \/>\n<p><span style=\"color: #0c71c3;\"><strong>OTROS ANTECEDENTES:<\/strong><\/span><span>\u00a0<\/span>Ha realizado numerosos cursos, seminarios y tareas de capacitaci\u00f3n relacionadas con temas de la asignatura Qu\u00edmica Anal\u00edtica II. Adem\u00e1s, el Lic. Antonio P\u00e9rez se ha desempe\u00f1ado como Coordinador del Departamento de Qu\u00edmica de la Facultad de Cs. Ex. y Nat. de la UNdeMDP desde 1986 hasta 1988. Deay como Evaluador Estad\u00edstico en la provisi\u00f3n de Ensayos de Aptitud que viene realizando el COFILAB desde 2003 a la fecha.<\/p>\n<p><a class=\"et_pb_promo_button et_pb_button\" href=\"https:\/\/fundacionquimica.org.ar\/cursos\/teams\/dr-antonio-perez\/\" target=\"_blank\" rel=\"noopener\">VER CURRICULUM COMPLETO<\/a><span style=\"font-size: 14px;\"><\/span><span style=\"font-size: 14px;\"><\/span><\/p>\n<\/div>\n<p>[\/et_pb_testimonial][\/et_pb_column][\/et_pb_row][\/et_pb_section][et_pb_section fb_built=\u00bb1&#8243; _builder_version=\u00bb4.16&#8243; _module_preset=\u00bbdefault\u00bb custom_padding=\u00bb3px||0px||false|false\u00bb da_disable_devices=\u00bboff|off|off\u00bb global_colors_info=\u00bb{}\u00bb da_is_popup=\u00bboff\u00bb da_exit_intent=\u00bboff\u00bb da_has_close=\u00bbon\u00bb da_alt_close=\u00bboff\u00bb da_dark_close=\u00bboff\u00bb da_not_modal=\u00bbon\u00bb da_is_singular=\u00bboff\u00bb da_with_loader=\u00bboff\u00bb da_has_shadow=\u00bbon\u00bb][et_pb_row _builder_version=\u00bb4.16&#8243; _module_preset=\u00bbdefault\u00bb width=\u00bb100%\u00bb custom_padding=\u00bb16px|||||\u00bb global_colors_info=\u00bb{}\u00bb][et_pb_column type=\u00bb4_4&#8243; _builder_version=\u00bb4.16&#8243; _module_preset=\u00bbdefault\u00bb global_colors_info=\u00bb{}\u00bb][et_pb_testimonial portrait_url=\u00bbhttps:\/\/fundacionquimica.org.ar\/bkcursos\/wp-content\/uploads\/2021\/05\/rofi.jpg\u00bb quote_icon_color=\u00bbRGBA(0,0,0,0)\u00bb quote_icon_background_color=\u00bbRGBA(0,0,0,0)\u00bb _builder_version=\u00bb4.16&#8243; _module_preset=\u00bbdefault\u00bb width=\u00bb100%\u00bb inline_fonts=\u00bbRoboto\u00bb global_colors_info=\u00bb{}\u00bb]<\/p>\n<h2 class=\"title-bg-gray\"><strong><span style=\"font-family: Roboto;\">T\u00e9c. Sergio Rofi<\/span><\/strong><\/h2>\n<div class=\"designation-info\"><span style=\"color: #0c71c3;\"><span>Especialista en muestreos ambientales<\/span><\/span><\/div>\n<div class=\"short-desc\"><span style=\"font-family: Roboto; font-weight: normal; font-size: medium;\"><span>Especialista en muestreos ambientales, Director de Laboratorio, Especialista en modelos de dispersi\u00f3n.<\/span><\/span><\/div>\n<div class=\"project-desc\">\n<h3 class=\"title-bg-gray padding-top\"><span style=\"font-size: large;\"><strong><span style=\"font-family: Roboto;\"><br \/>Experiencia y actividades<\/span><\/strong><\/span><\/h3>\n<p><span>\u2022 ESPECIALISTA EN MUESTREOS<\/span><br \/><span>\u2022 MODELOS DE DISPERSI\u00d3N (INCLU\u00cdDO ETAPA III)<\/span><br \/><span>\u2022 AVANZADOS CONOCIMIENTOS DE LENGUAJES DE PROGRAMACI\u00d3N<\/span><br \/><span>\u2022 CAPACIDAD DE LIDERAZGO<\/span>.<\/p>\n<p><a class=\"et_pb_promo_button et_pb_button\" href=\"https:\/\/fundacionquimica.org.ar\/cursos\/teams\/sergio-rofi\/\" target=\"_blank\" rel=\"noopener\">VER CURRICULUM COMPLETO<\/a><span style=\"font-size: 14px;\"><\/span><span style=\"font-size: 14px;\"><\/span><\/p>\n<\/div>\n<p>[\/et_pb_testimonial][\/et_pb_column][\/et_pb_row][\/et_pb_section]<\/p>\n","protected":false},"excerpt":{"rendered":"<p>Dr. Jose Leopoldo Garesi Coordinador General Cursos CPQ Coordinador General de los Cursos de Ateneo de Capacitaci\u00f3n Superior Dem\u00f3crito Experiencia y actividades ESTUDIO UNIVERSITARIO\u00a0Universidad Nacional de La PlataT\u00edtulo:\u00a0M\u00e9dico Veterinario\u00a0\u2013\u00a01979 (UNLA)Ayudante alumno\u00a0\u00a0C\u00e1tedra de Parasitolog\u00eda,\u00a0 Facultad de Ciencias Veterinarias. &#8211; Agr\u00f3nomo Nacional (Casilda 1973).- M\u00e9dico Veterinario (Universidad de La Plata 1978).- Bacteri\u00f3logo Cl\u00ednico e Industrial (Universidad de [&hellip;]<\/p>\n","protected":false},"author":1,"featured_media":0,"parent":0,"menu_order":0,"comment_status":"closed","ping_status":"closed","template":"","meta":{"_et_pb_use_builder":"on","_et_pb_old_content":"","_et_gb_content_width":"","footnotes":""},"class_list":["post-3586","page","type-page","status-publish","hentry"],"_links":{"self":[{"href":"https:\/\/fundacionquimica.org.ar\/bkcursos\/wp-json\/wp\/v2\/pages\/3586","targetHints":{"allow":["GET"]}}],"collection":[{"href":"https:\/\/fundacionquimica.org.ar\/bkcursos\/wp-json\/wp\/v2\/pages"}],"about":[{"href":"https:\/\/fundacionquimica.org.ar\/bkcursos\/wp-json\/wp\/v2\/types\/page"}],"author":[{"embeddable":true,"href":"https:\/\/fundacionquimica.org.ar\/bkcursos\/wp-json\/wp\/v2\/users\/1"}],"replies":[{"embeddable":true,"href":"https:\/\/fundacionquimica.org.ar\/bkcursos\/wp-json\/wp\/v2\/comments?post=3586"}],"version-history":[{"count":5,"href":"https:\/\/fundacionquimica.org.ar\/bkcursos\/wp-json\/wp\/v2\/pages\/3586\/revisions"}],"predecessor-version":[{"id":3714,"href":"https:\/\/fundacionquimica.org.ar\/bkcursos\/wp-json\/wp\/v2\/pages\/3586\/revisions\/3714"}],"wp:attachment":[{"href":"https:\/\/fundacionquimica.org.ar\/bkcursos\/wp-json\/wp\/v2\/media?parent=3586"}],"curies":[{"name":"wp","href":"https:\/\/api.w.org\/{rel}","templated":true}]}}