{"id":12248,"date":"2021-02-08T20:46:26","date_gmt":"2021-02-08T20:46:26","guid":{"rendered":"https:\/\/fundacionquimica.org.ar\/ateneo\/?post_type=product&#038;p=12248"},"modified":"2021-06-12T15:54:06","modified_gmt":"2021-06-12T15:54:06","slug":"capacitacion-y-actualizacion-en-tecnicas-de-muestreo","status":"publish","type":"product","link":"https:\/\/fundacionquimica.org.ar\/ateneo\/product\/capacitacion-y-actualizacion-en-tecnicas-de-muestreo\/","title":{"rendered":"CAPACITACI\u00d3N Y ACTUALIZACI\u00d3N EN T\u00c9CNICAS DE MUESTREO"},"content":{"rendered":"","protected":false},"excerpt":{"rendered":"","protected":false},"featured_media":12636,"comment_status":"open","ping_status":"closed","template":"","meta":{"_acf_changed":false},"product_cat":[91],"product_tag":[],"class_list":{"0":"post-12248","1":"product","2":"type-product","3":"status-publish","4":"has-post-thumbnail","6":"product_cat-quimica-general","8":"first","9":"instock","10":"shipping-taxable","11":"purchasable","12":"product-type-variable"},"acf":[],"yoast_head":"<!-- This site is optimized with the Yoast SEO plugin v24.2 - https:\/\/yoast.com\/wordpress\/plugins\/seo\/ -->\n<title>CAPACITACI\u00d3N Y ACTUALIZACI\u00d3N EN T\u00c9CNICAS DE MUESTREO - ATENEO Dr. EDUARDO ABEL JARUF<\/title>\n<meta name=\"robots\" content=\"index, follow, max-snippet:-1, max-image-preview:large, max-video-preview:-1\" \/>\n<link rel=\"canonical\" href=\"https:\/\/fundacionquimica.org.ar\/ateneo\/product\/capacitacion-y-actualizacion-en-tecnicas-de-muestreo\/\" \/>\n<meta property=\"og:locale\" content=\"es_ES\" \/>\n<meta property=\"og:type\" content=\"article\" \/>\n<meta property=\"og:title\" content=\"CAPACITACI\u00d3N Y ACTUALIZACI\u00d3N EN T\u00c9CNICAS DE MUESTREO - ATENEO Dr. EDUARDO ABEL JARUF\" \/>\n<meta property=\"og:url\" content=\"https:\/\/fundacionquimica.org.ar\/ateneo\/product\/capacitacion-y-actualizacion-en-tecnicas-de-muestreo\/\" \/>\n<meta property=\"og:site_name\" content=\"ATENEO Dr. EDUARDO ABEL JARUF\" \/>\n<meta property=\"article:modified_time\" content=\"2021-06-12T15:54:06+00:00\" \/>\n<meta property=\"og:image\" content=\"https:\/\/fundacionquimica.org.ar\/ateneo\/wp-content\/uploads\/2021\/02\/abonar.png\" \/>\n\t<meta property=\"og:image:width\" content=\"670\" \/>\n\t<meta property=\"og:image:height\" content=\"420\" \/>\n\t<meta property=\"og:image:type\" content=\"image\/png\" \/>\n<meta name=\"twitter:card\" content=\"summary_large_image\" \/>\n<script type=\"application\/ld+json\" class=\"yoast-schema-graph\">{\"@context\":\"https:\/\/schema.org\",\"@graph\":[{\"@type\":\"WebPage\",\"@id\":\"https:\/\/fundacionquimica.org.ar\/ateneo\/product\/capacitacion-y-actualizacion-en-tecnicas-de-muestreo\/\",\"url\":\"https:\/\/fundacionquimica.org.ar\/ateneo\/product\/capacitacion-y-actualizacion-en-tecnicas-de-muestreo\/\",\"name\":\"CAPACITACI\u00d3N Y ACTUALIZACI\u00d3N EN T\u00c9CNICAS DE MUESTREO - ATENEO Dr. EDUARDO ABEL JARUF\",\"isPartOf\":{\"@id\":\"https:\/\/fundacionquimica.org.ar\/ateneo\/#website\"},\"primaryImageOfPage\":{\"@id\":\"https:\/\/fundacionquimica.org.ar\/ateneo\/product\/capacitacion-y-actualizacion-en-tecnicas-de-muestreo\/#primaryimage\"},\"image\":{\"@id\":\"https:\/\/fundacionquimica.org.ar\/ateneo\/product\/capacitacion-y-actualizacion-en-tecnicas-de-muestreo\/#primaryimage\"},\"thumbnailUrl\":\"https:\/\/fundacionquimica.org.ar\/ateneo\/wp-content\/uploads\/2021\/02\/abonar.png\",\"datePublished\":\"2021-02-08T20:46:26+00:00\",\"dateModified\":\"2021-06-12T15:54:06+00:00\",\"breadcrumb\":{\"@id\":\"https:\/\/fundacionquimica.org.ar\/ateneo\/product\/capacitacion-y-actualizacion-en-tecnicas-de-muestreo\/#breadcrumb\"},\"inLanguage\":\"es\",\"potentialAction\":[{\"@type\":\"ReadAction\",\"target\":[\"https:\/\/fundacionquimica.org.ar\/ateneo\/product\/capacitacion-y-actualizacion-en-tecnicas-de-muestreo\/\"]}]},{\"@type\":\"ImageObject\",\"inLanguage\":\"es\",\"@id\":\"https:\/\/fundacionquimica.org.ar\/ateneo\/product\/capacitacion-y-actualizacion-en-tecnicas-de-muestreo\/#primaryimage\",\"url\":\"https:\/\/fundacionquimica.org.ar\/ateneo\/wp-content\/uploads\/2021\/02\/abonar.png\",\"contentUrl\":\"https:\/\/fundacionquimica.org.ar\/ateneo\/wp-content\/uploads\/2021\/02\/abonar.png\",\"width\":670,\"height\":420},{\"@type\":\"BreadcrumbList\",\"@id\":\"https:\/\/fundacionquimica.org.ar\/ateneo\/product\/capacitacion-y-actualizacion-en-tecnicas-de-muestreo\/#breadcrumb\",\"itemListElement\":[{\"@type\":\"ListItem\",\"position\":1,\"name\":\"Home\",\"item\":\"https:\/\/fundacionquimica.org.ar\/ateneo\/\"},{\"@type\":\"ListItem\",\"position\":2,\"name\":\"Inscripci\u00f3n y Pagos\",\"item\":\"https:\/\/fundacionquimica.org.ar\/ateneo\/shop\/\"},{\"@type\":\"ListItem\",\"position\":3,\"name\":\"CAPACITACI\u00d3N Y ACTUALIZACI\u00d3N EN T\u00c9CNICAS DE MUESTREO\"}]},{\"@type\":\"WebSite\",\"@id\":\"https:\/\/fundacionquimica.org.ar\/ateneo\/#website\",\"url\":\"https:\/\/fundacionquimica.org.ar\/ateneo\/\",\"name\":\"ATENEO Dr. EDUARDO ABEL JARUF\",\"description\":\"ATENEO DE CAPACITACI\u00d3N SUPERIOR\",\"potentialAction\":[{\"@type\":\"SearchAction\",\"target\":{\"@type\":\"EntryPoint\",\"urlTemplate\":\"https:\/\/fundacionquimica.org.ar\/ateneo\/?s={search_term_string}\"},\"query-input\":{\"@type\":\"PropertyValueSpecification\",\"valueRequired\":true,\"valueName\":\"search_term_string\"}}],\"inLanguage\":\"es\"}]}<\/script>\n<!-- \/ Yoast SEO plugin. -->","yoast_head_json":{"title":"CAPACITACI\u00d3N Y ACTUALIZACI\u00d3N EN T\u00c9CNICAS DE MUESTREO - ATENEO Dr. EDUARDO ABEL JARUF","robots":{"index":"index","follow":"follow","max-snippet":"max-snippet:-1","max-image-preview":"max-image-preview:large","max-video-preview":"max-video-preview:-1"},"canonical":"https:\/\/fundacionquimica.org.ar\/ateneo\/product\/capacitacion-y-actualizacion-en-tecnicas-de-muestreo\/","og_locale":"es_ES","og_type":"article","og_title":"CAPACITACI\u00d3N Y ACTUALIZACI\u00d3N EN T\u00c9CNICAS DE MUESTREO - ATENEO Dr. EDUARDO ABEL JARUF","og_url":"https:\/\/fundacionquimica.org.ar\/ateneo\/product\/capacitacion-y-actualizacion-en-tecnicas-de-muestreo\/","og_site_name":"ATENEO Dr. EDUARDO ABEL JARUF","article_modified_time":"2021-06-12T15:54:06+00:00","og_image":[{"width":670,"height":420,"url":"https:\/\/fundacionquimica.org.ar\/ateneo\/wp-content\/uploads\/2021\/02\/abonar.png","type":"image\/png"}],"twitter_card":"summary_large_image","schema":{"@context":"https:\/\/schema.org","@graph":[{"@type":"WebPage","@id":"https:\/\/fundacionquimica.org.ar\/ateneo\/product\/capacitacion-y-actualizacion-en-tecnicas-de-muestreo\/","url":"https:\/\/fundacionquimica.org.ar\/ateneo\/product\/capacitacion-y-actualizacion-en-tecnicas-de-muestreo\/","name":"CAPACITACI\u00d3N Y ACTUALIZACI\u00d3N EN T\u00c9CNICAS DE MUESTREO - ATENEO Dr. EDUARDO ABEL JARUF","isPartOf":{"@id":"https:\/\/fundacionquimica.org.ar\/ateneo\/#website"},"primaryImageOfPage":{"@id":"https:\/\/fundacionquimica.org.ar\/ateneo\/product\/capacitacion-y-actualizacion-en-tecnicas-de-muestreo\/#primaryimage"},"image":{"@id":"https:\/\/fundacionquimica.org.ar\/ateneo\/product\/capacitacion-y-actualizacion-en-tecnicas-de-muestreo\/#primaryimage"},"thumbnailUrl":"https:\/\/fundacionquimica.org.ar\/ateneo\/wp-content\/uploads\/2021\/02\/abonar.png","datePublished":"2021-02-08T20:46:26+00:00","dateModified":"2021-06-12T15:54:06+00:00","breadcrumb":{"@id":"https:\/\/fundacionquimica.org.ar\/ateneo\/product\/capacitacion-y-actualizacion-en-tecnicas-de-muestreo\/#breadcrumb"},"inLanguage":"es","potentialAction":[{"@type":"ReadAction","target":["https:\/\/fundacionquimica.org.ar\/ateneo\/product\/capacitacion-y-actualizacion-en-tecnicas-de-muestreo\/"]}]},{"@type":"ImageObject","inLanguage":"es","@id":"https:\/\/fundacionquimica.org.ar\/ateneo\/product\/capacitacion-y-actualizacion-en-tecnicas-de-muestreo\/#primaryimage","url":"https:\/\/fundacionquimica.org.ar\/ateneo\/wp-content\/uploads\/2021\/02\/abonar.png","contentUrl":"https:\/\/fundacionquimica.org.ar\/ateneo\/wp-content\/uploads\/2021\/02\/abonar.png","width":670,"height":420},{"@type":"BreadcrumbList","@id":"https:\/\/fundacionquimica.org.ar\/ateneo\/product\/capacitacion-y-actualizacion-en-tecnicas-de-muestreo\/#breadcrumb","itemListElement":[{"@type":"ListItem","position":1,"name":"Home","item":"https:\/\/fundacionquimica.org.ar\/ateneo\/"},{"@type":"ListItem","position":2,"name":"Inscripci\u00f3n y Pagos","item":"https:\/\/fundacionquimica.org.ar\/ateneo\/shop\/"},{"@type":"ListItem","position":3,"name":"CAPACITACI\u00d3N Y ACTUALIZACI\u00d3N EN T\u00c9CNICAS DE MUESTREO"}]},{"@type":"WebSite","@id":"https:\/\/fundacionquimica.org.ar\/ateneo\/#website","url":"https:\/\/fundacionquimica.org.ar\/ateneo\/","name":"ATENEO Dr. EDUARDO ABEL JARUF","description":"ATENEO DE CAPACITACI\u00d3N SUPERIOR","potentialAction":[{"@type":"SearchAction","target":{"@type":"EntryPoint","urlTemplate":"https:\/\/fundacionquimica.org.ar\/ateneo\/?s={search_term_string}"},"query-input":{"@type":"PropertyValueSpecification","valueRequired":true,"valueName":"search_term_string"}}],"inLanguage":"es"}]}},"_links":{"self":[{"href":"https:\/\/fundacionquimica.org.ar\/ateneo\/wp-json\/wp\/v2\/product\/12248","targetHints":{"allow":["GET"]}}],"collection":[{"href":"https:\/\/fundacionquimica.org.ar\/ateneo\/wp-json\/wp\/v2\/product"}],"about":[{"href":"https:\/\/fundacionquimica.org.ar\/ateneo\/wp-json\/wp\/v2\/types\/product"}],"replies":[{"embeddable":true,"href":"https:\/\/fundacionquimica.org.ar\/ateneo\/wp-json\/wp\/v2\/comments?post=12248"}],"wp:featuredmedia":[{"embeddable":true,"href":"https:\/\/fundacionquimica.org.ar\/ateneo\/wp-json\/wp\/v2\/media\/12636"}],"wp:attachment":[{"href":"https:\/\/fundacionquimica.org.ar\/ateneo\/wp-json\/wp\/v2\/media?parent=12248"}],"wp:term":[{"taxonomy":"product_cat","embeddable":true,"href":"https:\/\/fundacionquimica.org.ar\/ateneo\/wp-json\/wp\/v2\/product_cat?post=12248"},{"taxonomy":"product_tag","embeddable":true,"href":"https:\/\/fundacionquimica.org.ar\/ateneo\/wp-json\/wp\/v2\/product_tag?post=12248"}],"curies":[{"name":"wp","href":"https:\/\/api.w.org\/{rel}","templated":true}]}}