{"id":2513,"date":"2020-09-09T10:30:31","date_gmt":"2020-09-09T10:30:31","guid":{"rendered":"http:\/\/192.168.0.110\/educavo\/?page_id=2513"},"modified":"2021-04-26T13:11:55","modified_gmt":"2021-04-26T13:11:55","slug":"contactenos","status":"publish","type":"page","link":"https:\/\/fundacionquimica.org.ar\/ateneo\/contactenos\/","title":{"rendered":"FORMAS DE CONTACTO"},"content":{"rendered":"\t\t<div data-elementor-type=\"wp-page\" data-elementor-id=\"2513\" class=\"elementor elementor-2513\">\n\t\t\t\t\t\t<section class=\"elementor-section elementor-top-section elementor-element elementor-element-be26376 elementor-section-content-top elementor-section-boxed elementor-section-height-default elementor-section-height-default\" data-id=\"be26376\" data-element_type=\"section\">\n\t\t\t\t\t\t<div class=\"elementor-container elementor-column-gap-default\">\n\t\t\t\t\t<div class=\"elementor-column elementor-col-33 elementor-top-column elementor-element elementor-element-18d4678 animate-me\" data-id=\"18d4678\" data-element_type=\"column\" data-settings=\"{&quot;background_background&quot;:&quot;classic&quot;}\">\n\t\t\t<div class=\"elementor-widget-wrap elementor-element-populated\">\n\t\t\t\t\t\t<div class=\"elementor-element elementor-element-6747ecb elementor-widget elementor-widget-rs-contact-box\" data-id=\"6747ecb\" data-element_type=\"widget\" data-widget_type=\"rs-contact-box.default\">\n\t\t\t\t<div class=\"elementor-widget-container\">\n\t\t\t\t\t\r\n\r\n\t\t<!-- Style 1 Start -->\r\n\t\t<div class=\"rs-contact-box\">\r\n\r\n\t\t\t\t\t\t<div class=\"address-item vertical\">\r\n\r\n\t\t\t\t\t\t\t            <div class=\"address-icon\">\r\n\t\t            \t\t\t            \t\t<i class=\"fa fa-map-o\"><\/i>\r\n\t\t            \t\t\t            <\/div>\r\n\t\t            \r\n\t\t            <div class=\"address-text\">\r\n\r\n\t\t            \t\t\t            \t<div class=\"text\">\r\n\t\t            \t\t\t\t            \t\t <span class=\"label\">Direcci\u00f3n<\/span>\r\n\t\t            \t\t\t\t            \t\t\t\t            \t\t<span class=\"des\">\r\n\t\t\t\t                Mendoza 457 , Mor\u00f3n, Buenos Aires\t\t\t\t            <\/span>\r\n\t\t\t\t            \t\t\t            <\/div>\r\n\t\t\t       \t\t\r\n\r\n\t\t            \t\r\n\r\n\t\t            \t\r\n\t\t            <\/div>\r\n\t\t        <\/div>\r\n\r\n\t\t\t\t\t    <\/div>\r\n\r\n\t\t<!-- Style 1 End -->\t\r\n\t\t\r\n\t\t\t<\/div>\n\t\t\t\t<\/div>\n\t\t\t\t\t<\/div>\n\t\t<\/div>\n\t\t\t\t<div class=\"elementor-column elementor-col-33 elementor-top-column elementor-element elementor-element-9910eb3 animate-me\" data-id=\"9910eb3\" data-element_type=\"column\" data-settings=\"{&quot;background_background&quot;:&quot;classic&quot;}\">\n\t\t\t<div class=\"elementor-widget-wrap elementor-element-populated\">\n\t\t\t\t\t\t<div class=\"elementor-element elementor-element-8fb21ca elementor-widget elementor-widget-rs-contact-box\" data-id=\"8fb21ca\" data-element_type=\"widget\" data-widget_type=\"rs-contact-box.default\">\n\t\t\t\t<div class=\"elementor-widget-container\">\n\t\t\t\t\t\r\n\r\n\t\t<!-- Style 1 Start -->\r\n\t\t<div class=\"rs-contact-box\">\r\n\r\n\t\t\t\t\t\t<div class=\"address-item vertical\">\r\n\r\n\t\t\t\t\t\t\t            <div class=\"address-icon\">\r\n\t\t            \t\t\t            \t\t<i class=\"fa fa-envelope-open-o\"><\/i>\r\n\t\t            \t\t\t            <\/div>\r\n\t\t            \r\n\t\t            <div class=\"address-text\">\r\n\r\n\t\t            \t\r\n\r\n\t\t            \t\r\n\r\n\t\t            \t\r\n\t\t            <\/div>\r\n\t\t        <\/div>\r\n\r\n\t\t\t\t\t    <\/div>\r\n\r\n\t\t<!-- Style 1 End -->\t\r\n\t\t\r\n\t\t\t<\/div>\n\t\t\t\t<\/div>\n\t\t\t\t<div class=\"elementor-element elementor-element-940041a elementor-widget elementor-widget-text-editor\" data-id=\"940041a\" data-element_type=\"widget\" data-widget_type=\"text-editor.default\">\n\t\t\t\t<div class=\"elementor-widget-container\">\n\t\t\t\t\t\t\t<p style=\"text-align: center;\"><strong>Email:<\/strong><br \/><span style=\"color: #000000; font-size: 14pt;\">info@fundacionquimica.org.ar<\/span><\/p>\t\t\t\t\t\t<\/div>\n\t\t\t\t<\/div>\n\t\t\t\t\t<\/div>\n\t\t<\/div>\n\t\t\t\t<div class=\"elementor-column elementor-col-33 elementor-top-column elementor-element elementor-element-3c18c12 animate-me\" data-id=\"3c18c12\" data-element_type=\"column\" data-settings=\"{&quot;background_background&quot;:&quot;classic&quot;}\">\n\t\t\t<div class=\"elementor-widget-wrap elementor-element-populated\">\n\t\t\t\t\t\t<div class=\"elementor-element elementor-element-d5946eb elementor-widget elementor-widget-rs-contact-box\" data-id=\"d5946eb\" data-element_type=\"widget\" data-widget_type=\"rs-contact-box.default\">\n\t\t\t\t<div class=\"elementor-widget-container\">\n\t\t\t\t\t\r\n\r\n\t\t<!-- Style 1 Start -->\r\n\t\t<div class=\"rs-contact-box\">\r\n\r\n\t\t\t\t\t\t<div class=\"address-item vertical\">\r\n\r\n\t\t\t\t\t\t\t            <div class=\"address-icon\">\r\n\t\t            \t\t\t            \t\t<i class=\"fa fa-headphones\"><\/i>\r\n\t\t            \t\t\t            <\/div>\r\n\t\t            \r\n\t\t            <div class=\"address-text\">\r\n\r\n\t\t            \t\r\n\r\n\t\t            \t\t\t\t            \t<div class=\"phone\">\r\n\t\t\t            \t\t\t\t\t            \t\t<span class=\"label\">Tel:<\/span>\r\n\t\t\t            \t\t\t\t\t\t                <a href=\"tel: 011.4627.8543 \"><span class=\"des\"> 011.4627.8543 <\/span><\/a>\r\n\t\t\t\t            <\/div>\r\n\t\t\t       \t\t\r\n\r\n\t\t            \t\r\n\t\t            <\/div>\r\n\t\t        <\/div>\r\n\r\n\t\t\t\t\t    <\/div>\r\n\r\n\t\t<!-- Style 1 End -->\t\r\n\t\t\r\n\t\t\t<\/div>\n\t\t\t\t<\/div>\n\t\t\t\t\t<\/div>\n\t\t<\/div>\n\t\t\t\t\t<\/div>\n\t\t<\/section>\n\t\t\t\t<section class=\"elementor-section elementor-top-section elementor-element elementor-element-7d6af8d elementor-section-content-middle elementor-section-boxed elementor-section-height-default elementor-section-height-default\" data-id=\"7d6af8d\" data-element_type=\"section\">\n\t\t\t\t\t\t<div class=\"elementor-container elementor-column-gap-default\">\n\t\t\t\t\t<div class=\"elementor-column elementor-col-50 elementor-top-column elementor-element elementor-element-a64a2a7\" data-id=\"a64a2a7\" data-element_type=\"column\">\n\t\t\t<div class=\"elementor-widget-wrap elementor-element-populated\">\n\t\t\t\t\t\t<div class=\"elementor-element elementor-element-b864213 gray-map elementor-widget elementor-widget-html\" data-id=\"b864213\" data-element_type=\"widget\" data-widget_type=\"html.default\">\n\t\t\t\t<div class=\"elementor-widget-container\">\n\t\t\t<iframe src=\"https:\/\/www.google.com\/maps\/embed?pb=!1m18!1m12!1m3!1d3282.422170050971!2d-58.6246034846558!3d-34.64403976713993!2m3!1f0!2f0!3f0!3m2!1i1024!2i768!4f13.1!3m3!1m2!1s0x95bcb89f78ae52c9%3A0x3e645b5c4ddc6fca!2sMendoza%20457%2C%20B1708JNJ%20Mor%C3%B3n%2C%20Provincia%20de%20Buenos%20Aires!5e0!3m2!1ses!2sar!4v1613167478863!5m2!1ses!2sar\" width=\"600\" height=\"695\" frameborder=\"0\" style=\"border:0;\" allowfullscreen=\"\" aria-hidden=\"false\" tabindex=\"0\"><\/iframe>\t\t<\/div>\n\t\t\t\t<\/div>\n\t\t\t\t\t<\/div>\n\t\t<\/div>\n\t\t\t\t<div class=\"elementor-column elementor-col-50 elementor-top-column elementor-element elementor-element-4e534aa\" data-id=\"4e534aa\" data-element_type=\"column\" data-settings=\"{&quot;background_background&quot;:&quot;classic&quot;}\">\n\t\t\t<div class=\"elementor-widget-wrap elementor-element-populated\">\n\t\t\t\t\t\t<div class=\"elementor-element elementor-element-0343910 elementor-widget elementor-widget-rs-heading\" data-id=\"0343910\" data-element_type=\"widget\" data-widget_type=\"rs-heading.default\">\n\t\t\t\t<div class=\"elementor-widget-container\">\n\t\t\t        <div class=\"rs-heading default \">\r\n        \t<div class=\"title-inner\">\r\n        \t\t      \t\t\r\n\t            <h2 class=\"title\"><span class=\"watermark\"><\/span>Cont\u00e1ctenos<\/h2>\t        <\/div>\r\n\t                <\/div>\r\n        \t\t<\/div>\n\t\t\t\t<\/div>\n\t\t\t\t<div class=\"elementor-element elementor-element-5e94a5d elementor-widget elementor-widget-rs-cf7\" data-id=\"5e94a5d\" data-element_type=\"widget\" data-widget_type=\"rs-cf7.default\">\n\t\t\t\t<div class=\"elementor-widget-container\">\n\t\t\t<div class=\"form_btn_left\">\n<div class=\"wpcf7 no-js\" id=\"wpcf7-f2320-o1\" lang=\"en-US\" dir=\"ltr\" data-wpcf7-id=\"2320\">\n<div class=\"screen-reader-response\"><p role=\"status\" aria-live=\"polite\" aria-atomic=\"true\"><\/p> <ul><\/ul><\/div>\n<form action=\"\/ateneo\/wp-json\/wp\/v2\/pages\/2513#wpcf7-f2320-o1\" method=\"post\" class=\"wpcf7-form init\" aria-label=\"Contact form\" novalidate=\"novalidate\" data-status=\"init\">\n<fieldset class=\"hidden-fields-container\"><input type=\"hidden\" name=\"_wpcf7\" value=\"2320\" \/><input type=\"hidden\" name=\"_wpcf7_version\" value=\"6.1.5\" \/><input type=\"hidden\" name=\"_wpcf7_locale\" value=\"en_US\" \/><input type=\"hidden\" name=\"_wpcf7_unit_tag\" value=\"wpcf7-f2320-o1\" \/><input type=\"hidden\" name=\"_wpcf7_container_post\" value=\"0\" \/><input type=\"hidden\" name=\"_wpcf7_posted_data_hash\" value=\"\" \/>\n<\/fieldset>\n<div class=\"rs-free-course-contact\">\n\t<div class=\"row\">\n\t\t<div class=\"col-lg-6\">\n\t\t\t<div class=\"form-field\">\n\t\t\t\t<p><span class=\"wpcf7-form-control-wrap\" data-name=\"full-name\"><input size=\"40\" maxlength=\"400\" class=\"wpcf7-form-control wpcf7-text wpcf7-validates-as-required\" aria-required=\"true\" aria-invalid=\"false\" placeholder=\"Nombre y Apellido\" value=\"\" type=\"text\" name=\"full-name\" \/><\/span>\n\t\t\t\t<\/p>\n\t\t\t<\/div>\n\t\t<\/div>\n\t\t<div class=\"col-lg-6\">\n\t\t\t<div class=\"form-field\">\n\t\t\t\t<p><span class=\"wpcf7-form-control-wrap\" data-name=\"your-email\"><input size=\"40\" maxlength=\"400\" class=\"wpcf7-form-control wpcf7-email wpcf7-validates-as-required wpcf7-text wpcf7-validates-as-email\" aria-required=\"true\" aria-invalid=\"false\" placeholder=\"Email\" value=\"\" type=\"email\" name=\"your-email\" \/><\/span>\n\t\t\t\t<\/p>\n\t\t\t<\/div>\n\t\t<\/div>\n\t<\/div>\n\t<div class=\"row\">\n\t\t<div class=\"col-lg-6\">\n\t\t\t<div class=\"form-field\">\n\t\t\t\t<p><span class=\"wpcf7-form-control-wrap\" data-name=\"phone\"><input size=\"40\" maxlength=\"400\" class=\"wpcf7-form-control wpcf7-text wpcf7-validates-as-required\" aria-required=\"true\" aria-invalid=\"false\" placeholder=\"Tel\/cel\" value=\"\" type=\"text\" name=\"phone\" \/><\/span>\n\t\t\t\t<\/p>\n\t\t\t<\/div>\n\t\t<\/div>\n\t<\/div>\n\t<div class=\"row\">\n\t\t<div class=\"col-md-12\">\n\t\t\t<div class=\"form-field\">\n\t\t\t\t<p><span class=\"wpcf7-form-control-wrap\" data-name=\"message\"><textarea cols=\"40\" rows=\"10\" maxlength=\"2000\" class=\"wpcf7-form-control wpcf7-textarea\" aria-invalid=\"false\" placeholder=\"Completar descripci\u00f3n y Categor\u00eda de descuentos o beneficios.\" name=\"message\"><\/textarea><\/span>\n\t\t\t\t<\/p>\n\t\t\t<\/div>\n\t\t<\/div>\n\t<\/div>\n\t<div class=\"form-btn submit-btn\">\n\t\t<p><button class=\"wpcf7-form-control wpcf7-submit has-spinner et_pb_button et_pb_bg_layout_light readon2 upper\" type=\"submit\" value=\"Enviar\">Enviar<\/button>\n\t\t<\/p>\n\t<\/div>\n<\/div><input type='hidden' class='wpcf7-pum' value='{\"closepopup\":false,\"closedelay\":0,\"openpopup\":false,\"openpopup_id\":0}' \/><div class=\"wpcf7-response-output\" aria-hidden=\"true\"><\/div>\n<\/form>\n<\/div>\n<\/div>\t\t<\/div>\n\t\t\t\t<\/div>\n\t\t\t\t\t<\/div>\n\t\t<\/div>\n\t\t\t\t\t<\/div>\n\t\t<\/section>\n\t\t\t\t<\/div>\n\t\t","protected":false},"excerpt":{"rendered":"<p>Direcci\u00f3n Mendoza 457 , Mor\u00f3n, Buenos Aires Email:info@fundacionquimica.org.ar Tel: 011.4627.8543 Cont\u00e1ctenos<\/p>\n","protected":false},"author":1,"featured_media":0,"parent":0,"menu_order":0,"comment_status":"closed","ping_status":"closed","template":"","meta":{"_acf_changed":false,"footnotes":""},"class_list":["post-2513","page","type-page","status-publish","hentry"],"acf":[],"yoast_head":"<!-- This site is optimized with the Yoast SEO plugin v24.2 - https:\/\/yoast.com\/wordpress\/plugins\/seo\/ -->\n<title>FORMAS DE CONTACTO - ATENEO Dr. EDUARDO ABEL JARUF<\/title>\n<meta name=\"robots\" content=\"index, follow, max-snippet:-1, max-image-preview:large, max-video-preview:-1\" \/>\n<link rel=\"canonical\" href=\"https:\/\/fundacionquimica.org.ar\/ateneo\/contactenos\/\" \/>\n<meta property=\"og:locale\" content=\"es_ES\" \/>\n<meta property=\"og:type\" content=\"article\" \/>\n<meta property=\"og:title\" content=\"FORMAS DE CONTACTO - ATENEO Dr. EDUARDO ABEL JARUF\" \/>\n<meta property=\"og:description\" content=\"Direcci\u00f3n Mendoza 457 , Mor\u00f3n, Buenos Aires Email:info@fundacionquimica.org.ar Tel: 011.4627.8543 Cont\u00e1ctenos\" \/>\n<meta property=\"og:url\" content=\"https:\/\/fundacionquimica.org.ar\/ateneo\/contactenos\/\" \/>\n<meta property=\"og:site_name\" content=\"ATENEO Dr. EDUARDO ABEL JARUF\" \/>\n<meta property=\"article:modified_time\" content=\"2021-04-26T13:11:55+00:00\" \/>\n<meta name=\"twitter:card\" content=\"summary_large_image\" \/>\n<meta name=\"twitter:label1\" content=\"Tiempo de lectura\" \/>\n\t<meta name=\"twitter:data1\" content=\"1 minuto\" \/>\n<script type=\"application\/ld+json\" class=\"yoast-schema-graph\">{\"@context\":\"https:\/\/schema.org\",\"@graph\":[{\"@type\":\"WebPage\",\"@id\":\"https:\/\/fundacionquimica.org.ar\/ateneo\/contactenos\/\",\"url\":\"https:\/\/fundacionquimica.org.ar\/ateneo\/contactenos\/\",\"name\":\"FORMAS DE CONTACTO - ATENEO Dr. EDUARDO ABEL JARUF\",\"isPartOf\":{\"@id\":\"https:\/\/fundacionquimica.org.ar\/ateneo\/#website\"},\"datePublished\":\"2020-09-09T10:30:31+00:00\",\"dateModified\":\"2021-04-26T13:11:55+00:00\",\"breadcrumb\":{\"@id\":\"https:\/\/fundacionquimica.org.ar\/ateneo\/contactenos\/#breadcrumb\"},\"inLanguage\":\"es\",\"potentialAction\":[{\"@type\":\"ReadAction\",\"target\":[\"https:\/\/fundacionquimica.org.ar\/ateneo\/contactenos\/\"]}]},{\"@type\":\"BreadcrumbList\",\"@id\":\"https:\/\/fundacionquimica.org.ar\/ateneo\/contactenos\/#breadcrumb\",\"itemListElement\":[{\"@type\":\"ListItem\",\"position\":1,\"name\":\"Home\",\"item\":\"https:\/\/fundacionquimica.org.ar\/ateneo\/\"},{\"@type\":\"ListItem\",\"position\":2,\"name\":\"FORMAS DE CONTACTO\"}]},{\"@type\":\"WebSite\",\"@id\":\"https:\/\/fundacionquimica.org.ar\/ateneo\/#website\",\"url\":\"https:\/\/fundacionquimica.org.ar\/ateneo\/\",\"name\":\"ATENEO Dr. EDUARDO ABEL JARUF\",\"description\":\"ATENEO DE CAPACITACI\u00d3N SUPERIOR\",\"potentialAction\":[{\"@type\":\"SearchAction\",\"target\":{\"@type\":\"EntryPoint\",\"urlTemplate\":\"https:\/\/fundacionquimica.org.ar\/ateneo\/?s={search_term_string}\"},\"query-input\":{\"@type\":\"PropertyValueSpecification\",\"valueRequired\":true,\"valueName\":\"search_term_string\"}}],\"inLanguage\":\"es\"}]}<\/script>\n<!-- \/ Yoast SEO plugin. -->","yoast_head_json":{"title":"FORMAS DE CONTACTO - ATENEO Dr. EDUARDO ABEL JARUF","robots":{"index":"index","follow":"follow","max-snippet":"max-snippet:-1","max-image-preview":"max-image-preview:large","max-video-preview":"max-video-preview:-1"},"canonical":"https:\/\/fundacionquimica.org.ar\/ateneo\/contactenos\/","og_locale":"es_ES","og_type":"article","og_title":"FORMAS DE CONTACTO - ATENEO Dr. EDUARDO ABEL JARUF","og_description":"Direcci\u00f3n Mendoza 457 , Mor\u00f3n, Buenos Aires Email:info@fundacionquimica.org.ar Tel: 011.4627.8543 Cont\u00e1ctenos","og_url":"https:\/\/fundacionquimica.org.ar\/ateneo\/contactenos\/","og_site_name":"ATENEO Dr. EDUARDO ABEL JARUF","article_modified_time":"2021-04-26T13:11:55+00:00","twitter_card":"summary_large_image","twitter_misc":{"Tiempo de lectura":"1 minuto"},"schema":{"@context":"https:\/\/schema.org","@graph":[{"@type":"WebPage","@id":"https:\/\/fundacionquimica.org.ar\/ateneo\/contactenos\/","url":"https:\/\/fundacionquimica.org.ar\/ateneo\/contactenos\/","name":"FORMAS DE CONTACTO - ATENEO Dr. EDUARDO ABEL JARUF","isPartOf":{"@id":"https:\/\/fundacionquimica.org.ar\/ateneo\/#website"},"datePublished":"2020-09-09T10:30:31+00:00","dateModified":"2021-04-26T13:11:55+00:00","breadcrumb":{"@id":"https:\/\/fundacionquimica.org.ar\/ateneo\/contactenos\/#breadcrumb"},"inLanguage":"es","potentialAction":[{"@type":"ReadAction","target":["https:\/\/fundacionquimica.org.ar\/ateneo\/contactenos\/"]}]},{"@type":"BreadcrumbList","@id":"https:\/\/fundacionquimica.org.ar\/ateneo\/contactenos\/#breadcrumb","itemListElement":[{"@type":"ListItem","position":1,"name":"Home","item":"https:\/\/fundacionquimica.org.ar\/ateneo\/"},{"@type":"ListItem","position":2,"name":"FORMAS DE CONTACTO"}]},{"@type":"WebSite","@id":"https:\/\/fundacionquimica.org.ar\/ateneo\/#website","url":"https:\/\/fundacionquimica.org.ar\/ateneo\/","name":"ATENEO Dr. EDUARDO ABEL JARUF","description":"ATENEO DE CAPACITACI\u00d3N SUPERIOR","potentialAction":[{"@type":"SearchAction","target":{"@type":"EntryPoint","urlTemplate":"https:\/\/fundacionquimica.org.ar\/ateneo\/?s={search_term_string}"},"query-input":{"@type":"PropertyValueSpecification","valueRequired":true,"valueName":"search_term_string"}}],"inLanguage":"es"}]}},"_links":{"self":[{"href":"https:\/\/fundacionquimica.org.ar\/ateneo\/wp-json\/wp\/v2\/pages\/2513","targetHints":{"allow":["GET"]}}],"collection":[{"href":"https:\/\/fundacionquimica.org.ar\/ateneo\/wp-json\/wp\/v2\/pages"}],"about":[{"href":"https:\/\/fundacionquimica.org.ar\/ateneo\/wp-json\/wp\/v2\/types\/page"}],"author":[{"embeddable":true,"href":"https:\/\/fundacionquimica.org.ar\/ateneo\/wp-json\/wp\/v2\/users\/1"}],"replies":[{"embeddable":true,"href":"https:\/\/fundacionquimica.org.ar\/ateneo\/wp-json\/wp\/v2\/comments?post=2513"}],"version-history":[{"count":14,"href":"https:\/\/fundacionquimica.org.ar\/ateneo\/wp-json\/wp\/v2\/pages\/2513\/revisions"}],"predecessor-version":[{"id":13260,"href":"https:\/\/fundacionquimica.org.ar\/ateneo\/wp-json\/wp\/v2\/pages\/2513\/revisions\/13260"}],"wp:attachment":[{"href":"https:\/\/fundacionquimica.org.ar\/ateneo\/wp-json\/wp\/v2\/media?parent=2513"}],"curies":[{"name":"wp","href":"https:\/\/api.w.org\/{rel}","templated":true}]}}