{"id":13066,"date":"2021-12-13T15:09:18","date_gmt":"2021-12-13T15:09:18","guid":{"rendered":"https:\/\/fundacionquimica.org.ar\/ateneo\/?page_id=13066"},"modified":"2024-05-27T20:57:42","modified_gmt":"2024-05-27T20:57:42","slug":"eventos","status":"publish","type":"page","link":"https:\/\/fundacionquimica.org.ar\/ateneo\/eventos\/","title":{"rendered":"EVENTOS DEL ATENEO"},"content":{"rendered":"Esta p\u00e1gina solo est\u00e1 disponible para miembros del Ateneo Dem\u00f3crito. Puede solicitar ser miembro desde el siguiente link: <a href=\"https:\/\/fundacionquimica.org.ar\/ateneo\/membresia\/\">Solicitar la membres\u00eda<\/a>","protected":false},"excerpt":{"rendered":"<p>Esta p\u00e1gina solo est\u00e1 disponible para miembros del Ateneo Dem\u00f3crito. Puede solicitar ser miembro desde el siguiente link: Solicitar la membres\u00eda<\/p>\n","protected":false},"author":1,"featured_media":0,"parent":0,"menu_order":0,"comment_status":"closed","ping_status":"closed","template":"","meta":{"_acf_changed":false,"footnotes":""},"class_list":["post-13066","page","type-page","status-publish","hentry"],"acf":[],"yoast_head":"<!-- This site is optimized with the Yoast SEO plugin v24.2 - https:\/\/yoast.com\/wordpress\/plugins\/seo\/ -->\n<title>EVENTOS DEL ATENEO - ATENEO Dr. EDUARDO ABEL JARUF<\/title>\n<meta name=\"robots\" content=\"index, follow, max-snippet:-1, max-image-preview:large, max-video-preview:-1\" \/>\n<link rel=\"canonical\" href=\"https:\/\/fundacionquimica.org.ar\/ateneo\/eventos\/\" \/>\n<meta property=\"og:locale\" content=\"es_ES\" \/>\n<meta property=\"og:type\" content=\"article\" \/>\n<meta property=\"og:title\" content=\"EVENTOS DEL ATENEO - ATENEO Dr. EDUARDO ABEL JARUF\" \/>\n<meta property=\"og:description\" content=\"Esta p\u00e1gina solo est\u00e1 disponible para miembros del Ateneo Dem\u00f3crito. Puede solicitar ser miembro desde el siguiente link: Solicitar la membres\u00eda\" \/>\n<meta property=\"og:url\" content=\"https:\/\/fundacionquimica.org.ar\/ateneo\/eventos\/\" \/>\n<meta property=\"og:site_name\" content=\"ATENEO Dr. EDUARDO ABEL JARUF\" \/>\n<meta property=\"article:modified_time\" content=\"2024-05-27T20:57:42+00:00\" \/>\n<meta property=\"og:image\" content=\"https:\/\/fundacionquimica.org.ar\/ateneo\/wp-content\/uploads\/2021\/11\/cambio-520x550.png\" \/>\n<meta name=\"twitter:card\" content=\"summary_large_image\" \/>\n<meta name=\"twitter:label1\" content=\"Tiempo de lectura\" \/>\n\t<meta name=\"twitter:data1\" content=\"3 minutos\" \/>\n<script type=\"application\/ld+json\" class=\"yoast-schema-graph\">{\"@context\":\"https:\/\/schema.org\",\"@graph\":[{\"@type\":\"WebPage\",\"@id\":\"https:\/\/fundacionquimica.org.ar\/ateneo\/eventos\/\",\"url\":\"https:\/\/fundacionquimica.org.ar\/ateneo\/eventos\/\",\"name\":\"EVENTOS DEL ATENEO - ATENEO Dr. EDUARDO ABEL JARUF\",\"isPartOf\":{\"@id\":\"https:\/\/fundacionquimica.org.ar\/ateneo\/#website\"},\"primaryImageOfPage\":{\"@id\":\"https:\/\/fundacionquimica.org.ar\/ateneo\/eventos\/#primaryimage\"},\"image\":{\"@id\":\"https:\/\/fundacionquimica.org.ar\/ateneo\/eventos\/#primaryimage\"},\"thumbnailUrl\":\"https:\/\/fundacionquimica.org.ar\/ateneo\/wp-content\/uploads\/2021\/11\/cambio-520x550.png\",\"datePublished\":\"2021-12-13T15:09:18+00:00\",\"dateModified\":\"2024-05-27T20:57:42+00:00\",\"breadcrumb\":{\"@id\":\"https:\/\/fundacionquimica.org.ar\/ateneo\/eventos\/#breadcrumb\"},\"inLanguage\":\"es\",\"potentialAction\":[{\"@type\":\"ReadAction\",\"target\":[\"https:\/\/fundacionquimica.org.ar\/ateneo\/eventos\/\"]}]},{\"@type\":\"ImageObject\",\"inLanguage\":\"es\",\"@id\":\"https:\/\/fundacionquimica.org.ar\/ateneo\/eventos\/#primaryimage\",\"url\":\"https:\/\/fundacionquimica.org.ar\/ateneo\/wp-content\/uploads\/2021\/11\/cambio.png\",\"contentUrl\":\"https:\/\/fundacionquimica.org.ar\/ateneo\/wp-content\/uploads\/2021\/11\/cambio.png\",\"width\":1080,\"height\":550},{\"@type\":\"BreadcrumbList\",\"@id\":\"https:\/\/fundacionquimica.org.ar\/ateneo\/eventos\/#breadcrumb\",\"itemListElement\":[{\"@type\":\"ListItem\",\"position\":1,\"name\":\"Home\",\"item\":\"https:\/\/fundacionquimica.org.ar\/ateneo\/\"},{\"@type\":\"ListItem\",\"position\":2,\"name\":\"EVENTOS DEL ATENEO\"}]},{\"@type\":\"WebSite\",\"@id\":\"https:\/\/fundacionquimica.org.ar\/ateneo\/#website\",\"url\":\"https:\/\/fundacionquimica.org.ar\/ateneo\/\",\"name\":\"ATENEO Dr. EDUARDO ABEL JARUF\",\"description\":\"ATENEO DE CAPACITACI\u00d3N SUPERIOR\",\"potentialAction\":[{\"@type\":\"SearchAction\",\"target\":{\"@type\":\"EntryPoint\",\"urlTemplate\":\"https:\/\/fundacionquimica.org.ar\/ateneo\/?s={search_term_string}\"},\"query-input\":{\"@type\":\"PropertyValueSpecification\",\"valueRequired\":true,\"valueName\":\"search_term_string\"}}],\"inLanguage\":\"es\"}]}<\/script>\n<!-- \/ Yoast SEO plugin. -->","yoast_head_json":{"title":"EVENTOS DEL ATENEO - ATENEO Dr. EDUARDO ABEL JARUF","robots":{"index":"index","follow":"follow","max-snippet":"max-snippet:-1","max-image-preview":"max-image-preview:large","max-video-preview":"max-video-preview:-1"},"canonical":"https:\/\/fundacionquimica.org.ar\/ateneo\/eventos\/","og_locale":"es_ES","og_type":"article","og_title":"EVENTOS DEL ATENEO - ATENEO Dr. EDUARDO ABEL JARUF","og_description":"Esta p\u00e1gina solo est\u00e1 disponible para miembros del Ateneo Dem\u00f3crito. Puede solicitar ser miembro desde el siguiente link: Solicitar la membres\u00eda","og_url":"https:\/\/fundacionquimica.org.ar\/ateneo\/eventos\/","og_site_name":"ATENEO Dr. EDUARDO ABEL JARUF","article_modified_time":"2024-05-27T20:57:42+00:00","og_image":[{"url":"https:\/\/fundacionquimica.org.ar\/ateneo\/wp-content\/uploads\/2021\/11\/cambio-520x550.png","type":"","width":"","height":""}],"twitter_card":"summary_large_image","twitter_misc":{"Tiempo de lectura":"3 minutos"},"schema":{"@context":"https:\/\/schema.org","@graph":[{"@type":"WebPage","@id":"https:\/\/fundacionquimica.org.ar\/ateneo\/eventos\/","url":"https:\/\/fundacionquimica.org.ar\/ateneo\/eventos\/","name":"EVENTOS DEL ATENEO - ATENEO Dr. EDUARDO ABEL JARUF","isPartOf":{"@id":"https:\/\/fundacionquimica.org.ar\/ateneo\/#website"},"primaryImageOfPage":{"@id":"https:\/\/fundacionquimica.org.ar\/ateneo\/eventos\/#primaryimage"},"image":{"@id":"https:\/\/fundacionquimica.org.ar\/ateneo\/eventos\/#primaryimage"},"thumbnailUrl":"https:\/\/fundacionquimica.org.ar\/ateneo\/wp-content\/uploads\/2021\/11\/cambio-520x550.png","datePublished":"2021-12-13T15:09:18+00:00","dateModified":"2024-05-27T20:57:42+00:00","breadcrumb":{"@id":"https:\/\/fundacionquimica.org.ar\/ateneo\/eventos\/#breadcrumb"},"inLanguage":"es","potentialAction":[{"@type":"ReadAction","target":["https:\/\/fundacionquimica.org.ar\/ateneo\/eventos\/"]}]},{"@type":"ImageObject","inLanguage":"es","@id":"https:\/\/fundacionquimica.org.ar\/ateneo\/eventos\/#primaryimage","url":"https:\/\/fundacionquimica.org.ar\/ateneo\/wp-content\/uploads\/2021\/11\/cambio.png","contentUrl":"https:\/\/fundacionquimica.org.ar\/ateneo\/wp-content\/uploads\/2021\/11\/cambio.png","width":1080,"height":550},{"@type":"BreadcrumbList","@id":"https:\/\/fundacionquimica.org.ar\/ateneo\/eventos\/#breadcrumb","itemListElement":[{"@type":"ListItem","position":1,"name":"Home","item":"https:\/\/fundacionquimica.org.ar\/ateneo\/"},{"@type":"ListItem","position":2,"name":"EVENTOS DEL ATENEO"}]},{"@type":"WebSite","@id":"https:\/\/fundacionquimica.org.ar\/ateneo\/#website","url":"https:\/\/fundacionquimica.org.ar\/ateneo\/","name":"ATENEO Dr. EDUARDO ABEL JARUF","description":"ATENEO DE CAPACITACI\u00d3N SUPERIOR","potentialAction":[{"@type":"SearchAction","target":{"@type":"EntryPoint","urlTemplate":"https:\/\/fundacionquimica.org.ar\/ateneo\/?s={search_term_string}"},"query-input":{"@type":"PropertyValueSpecification","valueRequired":true,"valueName":"search_term_string"}}],"inLanguage":"es"}]}},"_links":{"self":[{"href":"https:\/\/fundacionquimica.org.ar\/ateneo\/wp-json\/wp\/v2\/pages\/13066","targetHints":{"allow":["GET"]}}],"collection":[{"href":"https:\/\/fundacionquimica.org.ar\/ateneo\/wp-json\/wp\/v2\/pages"}],"about":[{"href":"https:\/\/fundacionquimica.org.ar\/ateneo\/wp-json\/wp\/v2\/types\/page"}],"author":[{"embeddable":true,"href":"https:\/\/fundacionquimica.org.ar\/ateneo\/wp-json\/wp\/v2\/users\/1"}],"replies":[{"embeddable":true,"href":"https:\/\/fundacionquimica.org.ar\/ateneo\/wp-json\/wp\/v2\/comments?post=13066"}],"version-history":[{"count":33,"href":"https:\/\/fundacionquimica.org.ar\/ateneo\/wp-json\/wp\/v2\/pages\/13066\/revisions"}],"predecessor-version":[{"id":14755,"href":"https:\/\/fundacionquimica.org.ar\/ateneo\/wp-json\/wp\/v2\/pages\/13066\/revisions\/14755"}],"wp:attachment":[{"href":"https:\/\/fundacionquimica.org.ar\/ateneo\/wp-json\/wp\/v2\/media?parent=13066"}],"curies":[{"name":"wp","href":"https:\/\/api.w.org\/{rel}","templated":true}]}}