{"id":12892,"date":"2021-02-20T20:26:26","date_gmt":"2021-02-20T20:26:26","guid":{"rendered":"https:\/\/fundacionquimica.org.ar\/ateneo\/?page_id=12892"},"modified":"2021-02-20T20:38:30","modified_gmt":"2021-02-20T20:38:30","slug":"porque-de-educacion","status":"publish","type":"page","link":"https:\/\/fundacionquimica.org.ar\/ateneo\/porque-de-educacion\/","title":{"rendered":"\u00bfPORQU\u00c9 DE EDUCACI\u00d3N?"},"content":{"rendered":"\t\t<div data-elementor-type=\"wp-page\" data-elementor-id=\"12892\" class=\"elementor elementor-12892\">\n\t\t\t\t\t\t<section class=\"elementor-section elementor-top-section elementor-element elementor-element-bd31d33 elementor-section-stretched elementor-section-boxed elementor-section-height-default elementor-section-height-default\" data-id=\"bd31d33\" data-element_type=\"section\" data-settings=\"{&quot;stretch_section&quot;:&quot;section-stretched&quot;}\">\n\t\t\t\t\t\t<div class=\"elementor-container elementor-column-gap-default\">\n\t\t\t\t\t<div class=\"elementor-column elementor-col-100 elementor-top-column elementor-element elementor-element-5f05cb2\" data-id=\"5f05cb2\" data-element_type=\"column\">\n\t\t\t<div class=\"elementor-widget-wrap elementor-element-populated\">\n\t\t\t\t\t\t<section class=\"elementor-section elementor-inner-section elementor-element elementor-element-244f318 elementor-section-content-middle elementor-section-boxed elementor-section-height-default elementor-section-height-default\" data-id=\"244f318\" data-element_type=\"section\">\n\t\t\t\t\t\t<div class=\"elementor-container elementor-column-gap-default\">\n\t\t\t\t\t<div class=\"elementor-column elementor-col-50 elementor-inner-column elementor-element elementor-element-cdde336\" data-id=\"cdde336\" data-element_type=\"column\">\n\t\t\t<div class=\"elementor-widget-wrap elementor-element-populated\">\n\t\t\t\t\t\t<div class=\"elementor-element elementor-element-ee519a0 elementor-widget elementor-widget-rs-heading\" data-id=\"ee519a0\" data-element_type=\"widget\" data-widget_type=\"rs-heading.default\">\n\t\t\t\t<div class=\"elementor-widget-container\">\n\t\t\t        <div class=\"rs-heading default \">\r\n        \t<div class=\"title-inner\">\r\n        \t\t      \t\t\r\n\t            <h2 class=\"title\"><span class=\"watermark\"><\/span>\u00bfPorqu\u00e9 de Educaci\u00f3n?<\/h2>\t        <\/div>\r\n\t                <\/div>\r\n        \t\t<\/div>\n\t\t\t\t<\/div>\n\t\t\t\t<div class=\"elementor-element elementor-element-737a0e3 elementor-widget elementor-widget-rs-heading\" data-id=\"737a0e3\" data-element_type=\"widget\" data-widget_type=\"rs-heading.default\">\n\t\t\t\t<div class=\"elementor-widget-container\">\n\t\t\t        <div class=\"rs-heading default \">\r\n        \t<div class=\"title-inner\">\r\n        \t\t      \t\t\r\n\t            \t        <\/div>\r\n\t                    \t<div class=\"description\">\r\n            \t\t<blockquote class=\"style1\"><p>La instrucci\u00f3n capacita, la educaci\u00f3n, como concepto hol\u00edstico, moldea al individuo intelectual moral y espiritualmente.<\/p><p>Por encima del conocimiento, est\u00e1 la sabidur\u00eda y el hombre debe tender a ella, siempre.<\/p><\/blockquote>            \t\t\r\n            \t<\/div>\r\n        \t        <\/div>\r\n        \t\t<\/div>\n\t\t\t\t<\/div>\n\t\t\t\t\t<\/div>\n\t\t<\/div>\n\t\t\t\t<div class=\"elementor-column elementor-col-50 elementor-inner-column elementor-element elementor-element-941beaa\" data-id=\"941beaa\" data-element_type=\"column\">\n\t\t\t<div class=\"elementor-widget-wrap elementor-element-populated\">\n\t\t\t\t\t\t<div class=\"elementor-element elementor-element-31c66f1 elementor-widget elementor-widget-rs-multi-image-hover\" data-id=\"31c66f1\" data-element_type=\"widget\" data-widget_type=\"rs-multi-image-hover.default\">\n\t\t\t\t<div class=\"elementor-widget-container\">\n\t\t\t\t\n\t\t<div class=\"rs-multi-rallax elementor-image\">\n\t\t\t                <img decoding=\"async\" class=\"rs-multi-image animated rotate infinite\" src=\"https:\/\/keenitsolutions.com\/products\/wordpress\/educavo-tutor\/wp-content\/uploads\/2020\/10\/dotss.png\" alt=\"image\"\/>\n            \t\t\t<div class=\"image titlt\" data-tilt data-tilt-max=\"3\">\t\t\t\t\n\t\t\t\t<a>\n\t\t\t\t\n\t\t\t\t\t<img fetchpriority=\"high\" decoding=\"async\" width=\"910\" height=\"455\" src=\"https:\/\/fundacionquimica.org.ar\/ateneo\/wp-content\/uploads\/2021\/02\/elearning.jpg\" class=\"attachment-full size-full wp-image-12756\" alt=\"\" srcset=\"https:\/\/fundacionquimica.org.ar\/ateneo\/wp-content\/uploads\/2021\/02\/elearning.jpg 910w, https:\/\/fundacionquimica.org.ar\/ateneo\/wp-content\/uploads\/2021\/02\/elearning-300x150.jpg 300w, https:\/\/fundacionquimica.org.ar\/ateneo\/wp-content\/uploads\/2021\/02\/elearning-768x384.jpg 768w, https:\/\/fundacionquimica.org.ar\/ateneo\/wp-content\/uploads\/2021\/02\/elearning-600x300.jpg 600w\" sizes=\"(max-width: 910px) 100vw, 910px\" \/>\t\t\t\t\n\t\t\t\t<\/a>\t\t\t\n\t\t\t\t\t\t\t\t\n\t\t\t<\/div>\n\t\t<\/div>\n\t\t<script>\n\t\t\tjQuery(function(){ \/\/ after DOM has loaded\n\t\t\t\tjQuery('.js-tilt').tilt({}) \n\t\t\t})\n\t\t<\/script>\n\t\t  \n\t\t\t\t<\/div>\n\t\t\t\t<\/div>\n\t\t\t\t\t<\/div>\n\t\t<\/div>\n\t\t\t\t\t<\/div>\n\t\t<\/section>\n\t\t\t\t<div class=\"elementor-element elementor-element-bedc141 elementor-widget elementor-widget-rs-number-grid\" data-id=\"bedc141\" data-element_type=\"widget\" data-widget_type=\"rs-number-grid.default\">\n\t\t\t\t<div class=\"elementor-widget-container\">\n\t\t\t\t\t\t\r\n\t\t<div class=\"rs-addon-number number\">\r\n\t\t    <div class=\"number-part\">\t    \t\t       \r\n\t\t\t    <div class=\"number-text\">\r\n\t\t\t    \t\r\n\t\t\t    \t\t\t\t\t    \t<div class=\"number-title\">\r\n\t\t\t\t    \t\t\t\t\t\t    \t\t\t<h3 class=\"title\"> Seg\u00fan los griegos la educaci\u00f3n es: <\/h3>\r\n\t\t\t\t    \t\t\t\t\t\t    \t\t\r\n\t\t\t\t    \t<\/div>\r\n\t\t\t    \t\t\r\n\r\n\t\t\t    \t\t\t\t    \t\t<p class=\"number-txt\">  El proceso que consiste en fomentar el desarrollo de todas las disposiciones del hombre: intelectuales, morales, \u00e9ticos que en cierto modo son innatas.<p>\n\n\nHabituaci\u00f3n mediante la recta raz\u00f3n al ejercicio de la virtud que conduce al hombre la felicidad o bien supremo.<p>\n\n\nLa educaci\u00f3n facilita la creaci\u00f3n de h\u00e1bitos intelectuales, a las que corresponden dirigir el conjunto de toda actividad humano Educar es fomentarla personalidad total y En primer t\u00e9rmino modelar el car\u00e1cter.\n<\/p>\t\r\n\t\t\t    \t\t\r\n\r\n\t    \t    \t\t\t\t    <\/div>\r\n\t\t\t<\/div>\r\n\t\t<\/div>\t\t\t\t\r\n\t\t\t<\/div>\n\t\t\t\t<\/div>\n\t\t\t\t\t<\/div>\n\t\t<\/div>\n\t\t\t\t\t<\/div>\n\t\t<\/section>\n\t\t\t\t<\/div>\n\t\t","protected":false},"excerpt":{"rendered":"<p>\u00bfPorqu\u00e9 de Educaci\u00f3n? La instrucci\u00f3n capacita, la educaci\u00f3n, como concepto hol\u00edstico, moldea al individuo intelectual moral y espiritualmente. Por encima del conocimiento, est\u00e1 la sabidur\u00eda y el hombre debe tender a ella, siempre. Seg\u00fan los griegos la educaci\u00f3n es: El proceso que consiste en fomentar el desarrollo de todas las disposiciones del hombre: intelectuales, morales,&#8230;<\/p>\n","protected":false},"author":1,"featured_media":0,"parent":0,"menu_order":0,"comment_status":"closed","ping_status":"closed","template":"","meta":{"_acf_changed":false,"footnotes":""},"class_list":["post-12892","page","type-page","status-publish","hentry"],"acf":[],"yoast_head":"<!-- This site is optimized with the Yoast SEO plugin v24.2 - https:\/\/yoast.com\/wordpress\/plugins\/seo\/ -->\n<title>\u00bfPORQU\u00c9 DE EDUCACI\u00d3N? - ATENEO Dr. EDUARDO ABEL JARUF<\/title>\n<meta name=\"robots\" content=\"index, follow, max-snippet:-1, max-image-preview:large, max-video-preview:-1\" \/>\n<link rel=\"canonical\" href=\"https:\/\/fundacionquimica.org.ar\/ateneo\/porque-de-educacion\/\" \/>\n<meta property=\"og:locale\" content=\"es_ES\" \/>\n<meta property=\"og:type\" content=\"article\" \/>\n<meta property=\"og:title\" content=\"\u00bfPORQU\u00c9 DE EDUCACI\u00d3N? - ATENEO Dr. EDUARDO ABEL JARUF\" \/>\n<meta property=\"og:description\" content=\"\u00bfPorqu\u00e9 de Educaci\u00f3n? La instrucci\u00f3n capacita, la educaci\u00f3n, como concepto hol\u00edstico, moldea al individuo intelectual moral y espiritualmente. Por encima del conocimiento, est\u00e1 la sabidur\u00eda y el hombre debe tender a ella, siempre. Seg\u00fan los griegos la educaci\u00f3n es: El proceso que consiste en fomentar el desarrollo de todas las disposiciones del hombre: intelectuales, morales,...\" \/>\n<meta property=\"og:url\" content=\"https:\/\/fundacionquimica.org.ar\/ateneo\/porque-de-educacion\/\" \/>\n<meta property=\"og:site_name\" content=\"ATENEO Dr. EDUARDO ABEL JARUF\" \/>\n<meta property=\"article:modified_time\" content=\"2021-02-20T20:38:30+00:00\" \/>\n<meta property=\"og:image\" content=\"https:\/\/keenitsolutions.com\/products\/wordpress\/educavo-tutor\/wp-content\/uploads\/2020\/10\/dotss.png\" \/>\n<meta name=\"twitter:card\" content=\"summary_large_image\" \/>\n<meta name=\"twitter:label1\" content=\"Tiempo de lectura\" \/>\n\t<meta name=\"twitter:data1\" content=\"1 minuto\" \/>\n<script type=\"application\/ld+json\" class=\"yoast-schema-graph\">{\"@context\":\"https:\/\/schema.org\",\"@graph\":[{\"@type\":\"WebPage\",\"@id\":\"https:\/\/fundacionquimica.org.ar\/ateneo\/porque-de-educacion\/\",\"url\":\"https:\/\/fundacionquimica.org.ar\/ateneo\/porque-de-educacion\/\",\"name\":\"\u00bfPORQU\u00c9 DE EDUCACI\u00d3N? - ATENEO Dr. EDUARDO ABEL JARUF\",\"isPartOf\":{\"@id\":\"https:\/\/fundacionquimica.org.ar\/ateneo\/#website\"},\"primaryImageOfPage\":{\"@id\":\"https:\/\/fundacionquimica.org.ar\/ateneo\/porque-de-educacion\/#primaryimage\"},\"image\":{\"@id\":\"https:\/\/fundacionquimica.org.ar\/ateneo\/porque-de-educacion\/#primaryimage\"},\"thumbnailUrl\":\"https:\/\/keenitsolutions.com\/products\/wordpress\/educavo-tutor\/wp-content\/uploads\/2020\/10\/dotss.png\",\"datePublished\":\"2021-02-20T20:26:26+00:00\",\"dateModified\":\"2021-02-20T20:38:30+00:00\",\"breadcrumb\":{\"@id\":\"https:\/\/fundacionquimica.org.ar\/ateneo\/porque-de-educacion\/#breadcrumb\"},\"inLanguage\":\"es\",\"potentialAction\":[{\"@type\":\"ReadAction\",\"target\":[\"https:\/\/fundacionquimica.org.ar\/ateneo\/porque-de-educacion\/\"]}]},{\"@type\":\"ImageObject\",\"inLanguage\":\"es\",\"@id\":\"https:\/\/fundacionquimica.org.ar\/ateneo\/porque-de-educacion\/#primaryimage\",\"url\":\"https:\/\/keenitsolutions.com\/products\/wordpress\/educavo-tutor\/wp-content\/uploads\/2020\/10\/dotss.png\",\"contentUrl\":\"https:\/\/keenitsolutions.com\/products\/wordpress\/educavo-tutor\/wp-content\/uploads\/2020\/10\/dotss.png\"},{\"@type\":\"BreadcrumbList\",\"@id\":\"https:\/\/fundacionquimica.org.ar\/ateneo\/porque-de-educacion\/#breadcrumb\",\"itemListElement\":[{\"@type\":\"ListItem\",\"position\":1,\"name\":\"Home\",\"item\":\"https:\/\/fundacionquimica.org.ar\/ateneo\/\"},{\"@type\":\"ListItem\",\"position\":2,\"name\":\"\u00bfPORQU\u00c9 DE EDUCACI\u00d3N?\"}]},{\"@type\":\"WebSite\",\"@id\":\"https:\/\/fundacionquimica.org.ar\/ateneo\/#website\",\"url\":\"https:\/\/fundacionquimica.org.ar\/ateneo\/\",\"name\":\"ATENEO Dr. EDUARDO ABEL JARUF\",\"description\":\"ATENEO DE CAPACITACI\u00d3N SUPERIOR\",\"potentialAction\":[{\"@type\":\"SearchAction\",\"target\":{\"@type\":\"EntryPoint\",\"urlTemplate\":\"https:\/\/fundacionquimica.org.ar\/ateneo\/?s={search_term_string}\"},\"query-input\":{\"@type\":\"PropertyValueSpecification\",\"valueRequired\":true,\"valueName\":\"search_term_string\"}}],\"inLanguage\":\"es\"}]}<\/script>\n<!-- \/ Yoast SEO plugin. -->","yoast_head_json":{"title":"\u00bfPORQU\u00c9 DE EDUCACI\u00d3N? - ATENEO Dr. EDUARDO ABEL JARUF","robots":{"index":"index","follow":"follow","max-snippet":"max-snippet:-1","max-image-preview":"max-image-preview:large","max-video-preview":"max-video-preview:-1"},"canonical":"https:\/\/fundacionquimica.org.ar\/ateneo\/porque-de-educacion\/","og_locale":"es_ES","og_type":"article","og_title":"\u00bfPORQU\u00c9 DE EDUCACI\u00d3N? - ATENEO Dr. EDUARDO ABEL JARUF","og_description":"\u00bfPorqu\u00e9 de Educaci\u00f3n? La instrucci\u00f3n capacita, la educaci\u00f3n, como concepto hol\u00edstico, moldea al individuo intelectual moral y espiritualmente. Por encima del conocimiento, est\u00e1 la sabidur\u00eda y el hombre debe tender a ella, siempre. Seg\u00fan los griegos la educaci\u00f3n es: El proceso que consiste en fomentar el desarrollo de todas las disposiciones del hombre: intelectuales, morales,...","og_url":"https:\/\/fundacionquimica.org.ar\/ateneo\/porque-de-educacion\/","og_site_name":"ATENEO Dr. EDUARDO ABEL JARUF","article_modified_time":"2021-02-20T20:38:30+00:00","og_image":[{"url":"https:\/\/keenitsolutions.com\/products\/wordpress\/educavo-tutor\/wp-content\/uploads\/2020\/10\/dotss.png","type":"","width":"","height":""}],"twitter_card":"summary_large_image","twitter_misc":{"Tiempo de lectura":"1 minuto"},"schema":{"@context":"https:\/\/schema.org","@graph":[{"@type":"WebPage","@id":"https:\/\/fundacionquimica.org.ar\/ateneo\/porque-de-educacion\/","url":"https:\/\/fundacionquimica.org.ar\/ateneo\/porque-de-educacion\/","name":"\u00bfPORQU\u00c9 DE EDUCACI\u00d3N? - ATENEO Dr. EDUARDO ABEL JARUF","isPartOf":{"@id":"https:\/\/fundacionquimica.org.ar\/ateneo\/#website"},"primaryImageOfPage":{"@id":"https:\/\/fundacionquimica.org.ar\/ateneo\/porque-de-educacion\/#primaryimage"},"image":{"@id":"https:\/\/fundacionquimica.org.ar\/ateneo\/porque-de-educacion\/#primaryimage"},"thumbnailUrl":"https:\/\/keenitsolutions.com\/products\/wordpress\/educavo-tutor\/wp-content\/uploads\/2020\/10\/dotss.png","datePublished":"2021-02-20T20:26:26+00:00","dateModified":"2021-02-20T20:38:30+00:00","breadcrumb":{"@id":"https:\/\/fundacionquimica.org.ar\/ateneo\/porque-de-educacion\/#breadcrumb"},"inLanguage":"es","potentialAction":[{"@type":"ReadAction","target":["https:\/\/fundacionquimica.org.ar\/ateneo\/porque-de-educacion\/"]}]},{"@type":"ImageObject","inLanguage":"es","@id":"https:\/\/fundacionquimica.org.ar\/ateneo\/porque-de-educacion\/#primaryimage","url":"https:\/\/keenitsolutions.com\/products\/wordpress\/educavo-tutor\/wp-content\/uploads\/2020\/10\/dotss.png","contentUrl":"https:\/\/keenitsolutions.com\/products\/wordpress\/educavo-tutor\/wp-content\/uploads\/2020\/10\/dotss.png"},{"@type":"BreadcrumbList","@id":"https:\/\/fundacionquimica.org.ar\/ateneo\/porque-de-educacion\/#breadcrumb","itemListElement":[{"@type":"ListItem","position":1,"name":"Home","item":"https:\/\/fundacionquimica.org.ar\/ateneo\/"},{"@type":"ListItem","position":2,"name":"\u00bfPORQU\u00c9 DE EDUCACI\u00d3N?"}]},{"@type":"WebSite","@id":"https:\/\/fundacionquimica.org.ar\/ateneo\/#website","url":"https:\/\/fundacionquimica.org.ar\/ateneo\/","name":"ATENEO Dr. EDUARDO ABEL JARUF","description":"ATENEO DE CAPACITACI\u00d3N SUPERIOR","potentialAction":[{"@type":"SearchAction","target":{"@type":"EntryPoint","urlTemplate":"https:\/\/fundacionquimica.org.ar\/ateneo\/?s={search_term_string}"},"query-input":{"@type":"PropertyValueSpecification","valueRequired":true,"valueName":"search_term_string"}}],"inLanguage":"es"}]}},"_links":{"self":[{"href":"https:\/\/fundacionquimica.org.ar\/ateneo\/wp-json\/wp\/v2\/pages\/12892","targetHints":{"allow":["GET"]}}],"collection":[{"href":"https:\/\/fundacionquimica.org.ar\/ateneo\/wp-json\/wp\/v2\/pages"}],"about":[{"href":"https:\/\/fundacionquimica.org.ar\/ateneo\/wp-json\/wp\/v2\/types\/page"}],"author":[{"embeddable":true,"href":"https:\/\/fundacionquimica.org.ar\/ateneo\/wp-json\/wp\/v2\/users\/1"}],"replies":[{"embeddable":true,"href":"https:\/\/fundacionquimica.org.ar\/ateneo\/wp-json\/wp\/v2\/comments?post=12892"}],"version-history":[{"count":10,"href":"https:\/\/fundacionquimica.org.ar\/ateneo\/wp-json\/wp\/v2\/pages\/12892\/revisions"}],"predecessor-version":[{"id":12904,"href":"https:\/\/fundacionquimica.org.ar\/ateneo\/wp-json\/wp\/v2\/pages\/12892\/revisions\/12904"}],"wp:attachment":[{"href":"https:\/\/fundacionquimica.org.ar\/ateneo\/wp-json\/wp\/v2\/media?parent=12892"}],"curies":[{"name":"wp","href":"https:\/\/api.w.org\/{rel}","templated":true}]}}