{"id":12881,"date":"2021-02-20T19:22:16","date_gmt":"2021-02-20T19:22:16","guid":{"rendered":"https:\/\/fundacionquimica.org.ar\/ateneo\/?page_id=12881"},"modified":"2021-02-20T20:05:10","modified_gmt":"2021-02-20T20:05:10","slug":"porque-un-ateneo","status":"publish","type":"page","link":"https:\/\/fundacionquimica.org.ar\/ateneo\/porque-un-ateneo\/","title":{"rendered":"\u00bfPORQU\u00c9 UN ATENEO?"},"content":{"rendered":"\t\t<div data-elementor-type=\"wp-page\" data-elementor-id=\"12881\" class=\"elementor elementor-12881\">\n\t\t\t\t\t\t<section class=\"elementor-section elementor-top-section elementor-element elementor-element-bd31d33 elementor-section-stretched elementor-section-boxed elementor-section-height-default elementor-section-height-default\" data-id=\"bd31d33\" data-element_type=\"section\" data-settings=\"{&quot;stretch_section&quot;:&quot;section-stretched&quot;}\">\n\t\t\t\t\t\t<div class=\"elementor-container elementor-column-gap-default\">\n\t\t\t\t\t<div class=\"elementor-column elementor-col-100 elementor-top-column elementor-element elementor-element-5f05cb2\" data-id=\"5f05cb2\" data-element_type=\"column\">\n\t\t\t<div class=\"elementor-widget-wrap elementor-element-populated\">\n\t\t\t\t\t\t<section class=\"elementor-section elementor-inner-section elementor-element elementor-element-244f318 elementor-section-content-middle elementor-section-boxed elementor-section-height-default elementor-section-height-default\" data-id=\"244f318\" data-element_type=\"section\">\n\t\t\t\t\t\t<div class=\"elementor-container elementor-column-gap-default\">\n\t\t\t\t\t<div class=\"elementor-column elementor-col-50 elementor-inner-column elementor-element elementor-element-cdde336\" data-id=\"cdde336\" data-element_type=\"column\">\n\t\t\t<div class=\"elementor-widget-wrap elementor-element-populated\">\n\t\t\t\t\t\t<div class=\"elementor-element elementor-element-ee519a0 elementor-widget elementor-widget-rs-heading\" data-id=\"ee519a0\" data-element_type=\"widget\" data-widget_type=\"rs-heading.default\">\n\t\t\t\t<div class=\"elementor-widget-container\">\n\t\t\t        <div class=\"rs-heading default \">\r\n        \t<div class=\"title-inner\">\r\n        \t\t      \t\t\r\n\t            <h2 class=\"title\"><span class=\"watermark\"><\/span>\u00bfPorqu\u00e9 un Ateneo?<\/h2>\t        <\/div>\r\n\t                <\/div>\r\n        \t\t<\/div>\n\t\t\t\t<\/div>\n\t\t\t\t<div class=\"elementor-element elementor-element-737a0e3 elementor-widget elementor-widget-rs-heading\" data-id=\"737a0e3\" data-element_type=\"widget\" data-widget_type=\"rs-heading.default\">\n\t\t\t\t<div class=\"elementor-widget-container\">\n\t\t\t        <div class=\"rs-heading default \">\r\n        \t<div class=\"title-inner\">\r\n        \t\t      \t\t\r\n\t            \t        <\/div>\r\n\t                    \t<div class=\"description\">\r\n            \t\t<blockquote class=\"style1\"><p>El t\u00e9rmino ATENEO est\u00e1 referido: \u201cuna Asociaci\u00f3n Cultural que fomenta la adquisici\u00f3n de conocimiento cient\u00edficos, literarios y art\u00edsticos en todas sus expresiones, entre las personas que pertenecen a \u00e9l.<\/p><\/blockquote>            \t\t\r\n            \t<\/div>\r\n        \t        <\/div>\r\n        \t\t<\/div>\n\t\t\t\t<\/div>\n\t\t\t\t\t<\/div>\n\t\t<\/div>\n\t\t\t\t<div class=\"elementor-column elementor-col-50 elementor-inner-column elementor-element elementor-element-941beaa\" data-id=\"941beaa\" data-element_type=\"column\">\n\t\t\t<div class=\"elementor-widget-wrap elementor-element-populated\">\n\t\t\t\t\t\t<div class=\"elementor-element elementor-element-31c66f1 elementor-widget elementor-widget-rs-multi-image-hover\" data-id=\"31c66f1\" data-element_type=\"widget\" data-widget_type=\"rs-multi-image-hover.default\">\n\t\t\t\t<div class=\"elementor-widget-container\">\n\t\t\t\t\n\t\t<div class=\"rs-multi-rallax elementor-image\">\n\t\t\t                <img decoding=\"async\" class=\"rs-multi-image animated rotate infinite\" src=\"https:\/\/keenitsolutions.com\/products\/wordpress\/educavo-tutor\/wp-content\/uploads\/2020\/10\/dotss.png\" alt=\"image\"\/>\n            \t\t\t<div class=\"image titlt\" data-tilt data-tilt-max=\"3\">\t\t\t\t\n\t\t\t\t<a>\n\t\t\t\t\n\t\t\t\t\t<img fetchpriority=\"high\" decoding=\"async\" width=\"1200\" height=\"675\" src=\"https:\/\/fundacionquimica.org.ar\/ateneo\/wp-content\/uploads\/2021\/02\/ateneo-covidpng.jpg\" class=\"attachment-full size-full wp-image-12752\" alt=\"\" srcset=\"https:\/\/fundacionquimica.org.ar\/ateneo\/wp-content\/uploads\/2021\/02\/ateneo-covidpng.jpg 1200w, https:\/\/fundacionquimica.org.ar\/ateneo\/wp-content\/uploads\/2021\/02\/ateneo-covidpng-300x169.jpg 300w, https:\/\/fundacionquimica.org.ar\/ateneo\/wp-content\/uploads\/2021\/02\/ateneo-covidpng-1024x576.jpg 1024w, https:\/\/fundacionquimica.org.ar\/ateneo\/wp-content\/uploads\/2021\/02\/ateneo-covidpng-768x432.jpg 768w, https:\/\/fundacionquimica.org.ar\/ateneo\/wp-content\/uploads\/2021\/02\/ateneo-covidpng-600x338.jpg 600w\" sizes=\"(max-width: 1200px) 100vw, 1200px\" \/>\t\t\t\t\n\t\t\t\t<\/a>\t\t\t\n\t\t\t\t\t\t\t\t\n\t\t\t<\/div>\n\t\t<\/div>\n\t\t<script>\n\t\t\tjQuery(function(){ \/\/ after DOM has loaded\n\t\t\t\tjQuery('.js-tilt').tilt({}) \n\t\t\t})\n\t\t<\/script>\n\t\t  \n\t\t\t\t<\/div>\n\t\t\t\t<\/div>\n\t\t\t\t\t<\/div>\n\t\t<\/div>\n\t\t\t\t\t<\/div>\n\t\t<\/section>\n\t\t\t\t<div class=\"elementor-element elementor-element-bedc141 elementor-widget elementor-widget-rs-number-grid\" data-id=\"bedc141\" data-element_type=\"widget\" data-widget_type=\"rs-number-grid.default\">\n\t\t\t\t<div class=\"elementor-widget-container\">\n\t\t\t\t\t\t\r\n\t\t<div class=\"rs-addon-number number\">\r\n\t\t    <div class=\"number-part\">\t    \t\t       \r\n\t\t\t    <div class=\"number-text\">\r\n\t\t\t    \t\r\n\t\t\t    \t\t\t\t\t    \t<div class=\"number-title\">\r\n\t\t\t\t    \t\t\t\t\t\t    \t\t\t<h3 class=\"title\"> De donde surge el nombre ATENEO:<\/h3>\r\n\t\t\t\t    \t\t\t\t\t\t    \t\t\r\n\t\t\t\t    \t<\/div>\r\n\t\t\t    \t\t\r\n\r\n\t\t\t    \t\t\t\t    \t\t<p class=\"number-txt\">  En la antigua Roma la diosa del saber y el arte era conocida como <b>ATENEA<\/b> mientras que en Grecia se la conoc\u00eda como <b>MINERVA<\/b>, los primeros erigieron un templo en su honor en la ciudad de Atenas Grecia al que llamado <b>ATENEO<\/b>, en honor y tributo a partir de este origen el concepto de <b>ATENEO<\/b> se da a aquellos lugares agrupaciones o instituciones en los cuales se rinde culto al saber, su transmisi\u00f3n y al crecimiento de los hombres y mujeres que a ella asisten.     <\/p>\t\r\n\t\t\t    \t\t\r\n\r\n\t    \t    \t\t\t\t    <\/div>\r\n\t\t\t<\/div>\r\n\t\t<\/div>\t\t\t\t\r\n\t\t\t<\/div>\n\t\t\t\t<\/div>\n\t\t\t\t\t<\/div>\n\t\t<\/div>\n\t\t\t\t\t<\/div>\n\t\t<\/section>\n\t\t\t\t<\/div>\n\t\t","protected":false},"excerpt":{"rendered":"<p>\u00bfPorqu\u00e9 un Ateneo? El t\u00e9rmino ATENEO est\u00e1 referido: \u201cuna Asociaci\u00f3n Cultural que fomenta la adquisici\u00f3n de conocimiento cient\u00edficos, literarios y art\u00edsticos en todas sus expresiones, entre las personas que pertenecen a \u00e9l. De donde surge el nombre ATENEO: En la antigua Roma la diosa del saber y el arte era conocida como ATENEA mientras que&#8230;<\/p>\n","protected":false},"author":1,"featured_media":0,"parent":0,"menu_order":0,"comment_status":"closed","ping_status":"closed","template":"","meta":{"_acf_changed":false,"footnotes":""},"class_list":["post-12881","page","type-page","status-publish","hentry"],"acf":[],"yoast_head":"<!-- This site is optimized with the Yoast SEO plugin v24.2 - https:\/\/yoast.com\/wordpress\/plugins\/seo\/ -->\n<title>\u00bfPORQU\u00c9 UN ATENEO? - ATENEO Dr. EDUARDO ABEL JARUF<\/title>\n<meta name=\"robots\" content=\"index, follow, max-snippet:-1, max-image-preview:large, max-video-preview:-1\" \/>\n<link rel=\"canonical\" href=\"https:\/\/fundacionquimica.org.ar\/ateneo\/porque-un-ateneo\/\" \/>\n<meta property=\"og:locale\" content=\"es_ES\" \/>\n<meta property=\"og:type\" content=\"article\" \/>\n<meta property=\"og:title\" content=\"\u00bfPORQU\u00c9 UN ATENEO? - ATENEO Dr. EDUARDO ABEL JARUF\" \/>\n<meta property=\"og:description\" content=\"\u00bfPorqu\u00e9 un Ateneo? El t\u00e9rmino ATENEO est\u00e1 referido: \u201cuna Asociaci\u00f3n Cultural que fomenta la adquisici\u00f3n de conocimiento cient\u00edficos, literarios y art\u00edsticos en todas sus expresiones, entre las personas que pertenecen a \u00e9l. De donde surge el nombre ATENEO: En la antigua Roma la diosa del saber y el arte era conocida como ATENEA mientras que...\" \/>\n<meta property=\"og:url\" content=\"https:\/\/fundacionquimica.org.ar\/ateneo\/porque-un-ateneo\/\" \/>\n<meta property=\"og:site_name\" content=\"ATENEO Dr. EDUARDO ABEL JARUF\" \/>\n<meta property=\"article:modified_time\" content=\"2021-02-20T20:05:10+00:00\" \/>\n<meta property=\"og:image\" content=\"https:\/\/keenitsolutions.com\/products\/wordpress\/educavo-tutor\/wp-content\/uploads\/2020\/10\/dotss.png\" \/>\n<meta name=\"twitter:card\" content=\"summary_large_image\" \/>\n<meta name=\"twitter:label1\" content=\"Tiempo de lectura\" \/>\n\t<meta name=\"twitter:data1\" content=\"1 minuto\" \/>\n<script type=\"application\/ld+json\" class=\"yoast-schema-graph\">{\"@context\":\"https:\/\/schema.org\",\"@graph\":[{\"@type\":\"WebPage\",\"@id\":\"https:\/\/fundacionquimica.org.ar\/ateneo\/porque-un-ateneo\/\",\"url\":\"https:\/\/fundacionquimica.org.ar\/ateneo\/porque-un-ateneo\/\",\"name\":\"\u00bfPORQU\u00c9 UN ATENEO? - ATENEO Dr. EDUARDO ABEL JARUF\",\"isPartOf\":{\"@id\":\"https:\/\/fundacionquimica.org.ar\/ateneo\/#website\"},\"primaryImageOfPage\":{\"@id\":\"https:\/\/fundacionquimica.org.ar\/ateneo\/porque-un-ateneo\/#primaryimage\"},\"image\":{\"@id\":\"https:\/\/fundacionquimica.org.ar\/ateneo\/porque-un-ateneo\/#primaryimage\"},\"thumbnailUrl\":\"https:\/\/keenitsolutions.com\/products\/wordpress\/educavo-tutor\/wp-content\/uploads\/2020\/10\/dotss.png\",\"datePublished\":\"2021-02-20T19:22:16+00:00\",\"dateModified\":\"2021-02-20T20:05:10+00:00\",\"breadcrumb\":{\"@id\":\"https:\/\/fundacionquimica.org.ar\/ateneo\/porque-un-ateneo\/#breadcrumb\"},\"inLanguage\":\"es\",\"potentialAction\":[{\"@type\":\"ReadAction\",\"target\":[\"https:\/\/fundacionquimica.org.ar\/ateneo\/porque-un-ateneo\/\"]}]},{\"@type\":\"ImageObject\",\"inLanguage\":\"es\",\"@id\":\"https:\/\/fundacionquimica.org.ar\/ateneo\/porque-un-ateneo\/#primaryimage\",\"url\":\"https:\/\/keenitsolutions.com\/products\/wordpress\/educavo-tutor\/wp-content\/uploads\/2020\/10\/dotss.png\",\"contentUrl\":\"https:\/\/keenitsolutions.com\/products\/wordpress\/educavo-tutor\/wp-content\/uploads\/2020\/10\/dotss.png\"},{\"@type\":\"BreadcrumbList\",\"@id\":\"https:\/\/fundacionquimica.org.ar\/ateneo\/porque-un-ateneo\/#breadcrumb\",\"itemListElement\":[{\"@type\":\"ListItem\",\"position\":1,\"name\":\"Home\",\"item\":\"https:\/\/fundacionquimica.org.ar\/ateneo\/\"},{\"@type\":\"ListItem\",\"position\":2,\"name\":\"\u00bfPORQU\u00c9 UN ATENEO?\"}]},{\"@type\":\"WebSite\",\"@id\":\"https:\/\/fundacionquimica.org.ar\/ateneo\/#website\",\"url\":\"https:\/\/fundacionquimica.org.ar\/ateneo\/\",\"name\":\"ATENEO Dr. EDUARDO ABEL JARUF\",\"description\":\"ATENEO DE CAPACITACI\u00d3N SUPERIOR\",\"potentialAction\":[{\"@type\":\"SearchAction\",\"target\":{\"@type\":\"EntryPoint\",\"urlTemplate\":\"https:\/\/fundacionquimica.org.ar\/ateneo\/?s={search_term_string}\"},\"query-input\":{\"@type\":\"PropertyValueSpecification\",\"valueRequired\":true,\"valueName\":\"search_term_string\"}}],\"inLanguage\":\"es\"}]}<\/script>\n<!-- \/ Yoast SEO plugin. -->","yoast_head_json":{"title":"\u00bfPORQU\u00c9 UN ATENEO? - ATENEO Dr. EDUARDO ABEL JARUF","robots":{"index":"index","follow":"follow","max-snippet":"max-snippet:-1","max-image-preview":"max-image-preview:large","max-video-preview":"max-video-preview:-1"},"canonical":"https:\/\/fundacionquimica.org.ar\/ateneo\/porque-un-ateneo\/","og_locale":"es_ES","og_type":"article","og_title":"\u00bfPORQU\u00c9 UN ATENEO? - ATENEO Dr. EDUARDO ABEL JARUF","og_description":"\u00bfPorqu\u00e9 un Ateneo? El t\u00e9rmino ATENEO est\u00e1 referido: \u201cuna Asociaci\u00f3n Cultural que fomenta la adquisici\u00f3n de conocimiento cient\u00edficos, literarios y art\u00edsticos en todas sus expresiones, entre las personas que pertenecen a \u00e9l. De donde surge el nombre ATENEO: En la antigua Roma la diosa del saber y el arte era conocida como ATENEA mientras que...","og_url":"https:\/\/fundacionquimica.org.ar\/ateneo\/porque-un-ateneo\/","og_site_name":"ATENEO Dr. EDUARDO ABEL JARUF","article_modified_time":"2021-02-20T20:05:10+00:00","og_image":[{"url":"https:\/\/keenitsolutions.com\/products\/wordpress\/educavo-tutor\/wp-content\/uploads\/2020\/10\/dotss.png","type":"","width":"","height":""}],"twitter_card":"summary_large_image","twitter_misc":{"Tiempo de lectura":"1 minuto"},"schema":{"@context":"https:\/\/schema.org","@graph":[{"@type":"WebPage","@id":"https:\/\/fundacionquimica.org.ar\/ateneo\/porque-un-ateneo\/","url":"https:\/\/fundacionquimica.org.ar\/ateneo\/porque-un-ateneo\/","name":"\u00bfPORQU\u00c9 UN ATENEO? - ATENEO Dr. EDUARDO ABEL JARUF","isPartOf":{"@id":"https:\/\/fundacionquimica.org.ar\/ateneo\/#website"},"primaryImageOfPage":{"@id":"https:\/\/fundacionquimica.org.ar\/ateneo\/porque-un-ateneo\/#primaryimage"},"image":{"@id":"https:\/\/fundacionquimica.org.ar\/ateneo\/porque-un-ateneo\/#primaryimage"},"thumbnailUrl":"https:\/\/keenitsolutions.com\/products\/wordpress\/educavo-tutor\/wp-content\/uploads\/2020\/10\/dotss.png","datePublished":"2021-02-20T19:22:16+00:00","dateModified":"2021-02-20T20:05:10+00:00","breadcrumb":{"@id":"https:\/\/fundacionquimica.org.ar\/ateneo\/porque-un-ateneo\/#breadcrumb"},"inLanguage":"es","potentialAction":[{"@type":"ReadAction","target":["https:\/\/fundacionquimica.org.ar\/ateneo\/porque-un-ateneo\/"]}]},{"@type":"ImageObject","inLanguage":"es","@id":"https:\/\/fundacionquimica.org.ar\/ateneo\/porque-un-ateneo\/#primaryimage","url":"https:\/\/keenitsolutions.com\/products\/wordpress\/educavo-tutor\/wp-content\/uploads\/2020\/10\/dotss.png","contentUrl":"https:\/\/keenitsolutions.com\/products\/wordpress\/educavo-tutor\/wp-content\/uploads\/2020\/10\/dotss.png"},{"@type":"BreadcrumbList","@id":"https:\/\/fundacionquimica.org.ar\/ateneo\/porque-un-ateneo\/#breadcrumb","itemListElement":[{"@type":"ListItem","position":1,"name":"Home","item":"https:\/\/fundacionquimica.org.ar\/ateneo\/"},{"@type":"ListItem","position":2,"name":"\u00bfPORQU\u00c9 UN ATENEO?"}]},{"@type":"WebSite","@id":"https:\/\/fundacionquimica.org.ar\/ateneo\/#website","url":"https:\/\/fundacionquimica.org.ar\/ateneo\/","name":"ATENEO Dr. EDUARDO ABEL JARUF","description":"ATENEO DE CAPACITACI\u00d3N SUPERIOR","potentialAction":[{"@type":"SearchAction","target":{"@type":"EntryPoint","urlTemplate":"https:\/\/fundacionquimica.org.ar\/ateneo\/?s={search_term_string}"},"query-input":{"@type":"PropertyValueSpecification","valueRequired":true,"valueName":"search_term_string"}}],"inLanguage":"es"}]}},"_links":{"self":[{"href":"https:\/\/fundacionquimica.org.ar\/ateneo\/wp-json\/wp\/v2\/pages\/12881","targetHints":{"allow":["GET"]}}],"collection":[{"href":"https:\/\/fundacionquimica.org.ar\/ateneo\/wp-json\/wp\/v2\/pages"}],"about":[{"href":"https:\/\/fundacionquimica.org.ar\/ateneo\/wp-json\/wp\/v2\/types\/page"}],"author":[{"embeddable":true,"href":"https:\/\/fundacionquimica.org.ar\/ateneo\/wp-json\/wp\/v2\/users\/1"}],"replies":[{"embeddable":true,"href":"https:\/\/fundacionquimica.org.ar\/ateneo\/wp-json\/wp\/v2\/comments?post=12881"}],"version-history":[{"count":7,"href":"https:\/\/fundacionquimica.org.ar\/ateneo\/wp-json\/wp\/v2\/pages\/12881\/revisions"}],"predecessor-version":[{"id":12891,"href":"https:\/\/fundacionquimica.org.ar\/ateneo\/wp-json\/wp\/v2\/pages\/12881\/revisions\/12891"}],"wp:attachment":[{"href":"https:\/\/fundacionquimica.org.ar\/ateneo\/wp-json\/wp\/v2\/media?parent=12881"}],"curies":[{"name":"wp","href":"https:\/\/api.w.org\/{rel}","templated":true}]}}